{"id":12,"date":"2015-02-05T17:46:58","date_gmt":"2015-02-05T17:46:58","guid":{"rendered":"http:\/\/www.amstelhouse.de\/es\/?page_id=12"},"modified":"2021-11-18T15:46:08","modified_gmt":"2021-11-18T15:46:08","slug":"ofertas-alojamiento","status":"publish","type":"page","link":"https:\/\/www.amstelhouse.de\/es\/ofertas-alojamiento\/","title":{"rendered":"Ofertas alojamiento"},"content":{"rendered":"<h1 style=\"text-align: center;\">Ofertas de alojamiento en Berl\u00edn<\/h1>\n<h2 style=\"text-align: center;\">NUESTRAS MEJORES OFERTAS DE VIAJE<\/h2>\n<p style=\"text-align: left;\">Estudiantes, viajeros solitarios, atletas, familias y parejas: cada uno tiene una raz\u00f3n especial para elegir Berl\u00edn como destino de viaje, as\u00ed como diferentes aspectos a tener en cuenta a la hora de buscar alojamiento. Pero hay un deseo que todos ellos tienen en com\u00fan: encontrar el mejor lugar para alojarse por el precio m\u00e1s bajo. Amplio y vers\u00e1til, el hostel Amstel House de Berl\u00edn ofrece una serie de ofertas de alojamiento en Berl\u00edn , cada una cuidadosamente dise\u00f1ada para un tipo \u00fanico de viajero. Estas ofertas especiales del hostel incluyen alojamiento y servicios a precios promocionales. Uno de ellos te queda perfecto. Compru\u00e9balo y elige el tuyo.<\/p>\n<p>&nbsp;<\/p>\n","protected":false},"excerpt":{"rendered":"<p>Ofertas de alojamiento en Berl\u00edn NUESTRAS MEJORES OFERTAS DE VIAJE Estudiantes, viajeros solitarios, atletas, familias y parejas: cada uno tiene una raz\u00f3n especial para elegir Berl\u00edn como destino de viaje, as\u00ed como diferentes aspectos a tener en cuenta a la hora de buscar alojamiento. Pero hay un deseo que todos ellos tienen en com\u00fan: encontrar [&hellip;]<\/p>\n","protected":false},"author":2,"featured_media":2965,"parent":0,"menu_order":11,"comment_status":"closed","ping_status":"closed","template":"page-offers.php","meta":{"footnotes":""},"class_list":["post-12","page","type-page","status-publish","has-post-thumbnail","hentry"],"acf":[],"yoast_head":"<!-- This site is optimized with the Yoast SEO plugin v20.8 - https:\/\/yoast.com\/wordpress\/plugins\/seo\/ -->\n<title>Ofertas de alojamiento en Berl\u00edn | Promociones en hostel<\/title>\n<meta name=\"description\" content=\"Desde habitaciones familiares hasta promociones de fin de semana, tenemos las mejores ofertas de alojamiento y los precios m\u00e1s bajos de hostel en Berl\u00edn.\" \/>\n<meta name=\"robots\" content=\"noindex, follow\" \/>\n<meta property=\"og:locale\" content=\"es_ES\" \/>\n<meta property=\"og:type\" content=\"article\" \/>\n<meta property=\"og:title\" content=\"Ofertas de alojamiento en Berl\u00edn | Promociones en hostel\" \/>\n<meta property=\"og:description\" content=\"Desde habitaciones familiares hasta promociones de fin de semana, tenemos las mejores ofertas de alojamiento y los precios m\u00e1s bajos de hostel en Berl\u00edn.\" \/>\n<meta property=\"og:url\" content=\"https:\/\/www.amstelhouse.de\/es\/ofertas-alojamiento\/\" \/>\n<meta property=\"og:site_name\" content=\"Amstel House (es)\" \/>\n<meta property=\"article:modified_time\" content=\"2021-11-18T15:46:08+00:00\" \/>\n<meta property=\"og:image\" content=\"https:\/\/www.amstelhouse.de\/es\/wp-content\/uploads\/sites\/37\/2019\/11\/amstel-hostel-berlin-barato-ofertas-de-viajes.jpg\" \/>\n\t<meta property=\"og:image:width\" content=\"1900\" \/>\n\t<meta property=\"og:image:height\" content=\"760\" \/>\n\t<meta property=\"og:image:type\" content=\"image\/jpeg\" \/>\n<meta name=\"twitter:label1\" content=\"Est. reading time\" \/>\n\t<meta name=\"twitter:data1\" content=\"1 minute\" \/>\n<script type=\"application\/ld+json\" class=\"yoast-schema-graph\">{\"@context\":\"https:\/\/schema.org\",\"@graph\":[{\"@type\":\"WebPage\",\"@id\":\"https:\/\/www.amstelhouse.de\/es\/ofertas-alojamiento\/\",\"url\":\"https:\/\/www.amstelhouse.de\/es\/ofertas-alojamiento\/\",\"name\":\"Ofertas de alojamiento en Berl\u00edn | Promociones en hostel\",\"isPartOf\":{\"@id\":\"https:\/\/www.amstelhouse.de\/es\/#website\"},\"datePublished\":\"2015-02-05T17:46:58+00:00\",\"dateModified\":\"2021-11-18T15:46:08+00:00\",\"description\":\"Desde habitaciones familiares hasta promociones de fin de semana, tenemos las mejores ofertas de alojamiento y los precios m\u00e1s bajos de hostel en Berl\u00edn.\",\"breadcrumb\":{\"@id\":\"https:\/\/www.amstelhouse.de\/es\/ofertas-alojamiento\/#breadcrumb\"},\"inLanguage\":\"es-ES\",\"potentialAction\":[{\"@type\":\"ReadAction\",\"target\":[\"https:\/\/www.amstelhouse.de\/es\/ofertas-alojamiento\/\"]}]},{\"@type\":\"BreadcrumbList\",\"@id\":\"https:\/\/www.amstelhouse.de\/es\/ofertas-alojamiento\/#breadcrumb\",\"itemListElement\":[{\"@type\":\"ListItem\",\"position\":1,\"name\":\"Home\",\"item\":\"https:\/\/www.amstelhouse.de\/es\/\"},{\"@type\":\"ListItem\",\"position\":2,\"name\":\"Ofertas alojamiento\"}]},{\"@type\":\"WebSite\",\"@id\":\"https:\/\/www.amstelhouse.de\/es\/#website\",\"url\":\"https:\/\/www.amstelhouse.de\/es\/\",\"name\":\"Amstel House (es)\",\"description\":\"Zentral - Gut - Preiswert\",\"potentialAction\":[{\"@type\":\"SearchAction\",\"target\":{\"@type\":\"EntryPoint\",\"urlTemplate\":\"https:\/\/www.amstelhouse.de\/es\/?s={search_term_string}\"},\"query-input\":\"required name=search_term_string\"}],\"inLanguage\":\"es-ES\"}]}<\/script>\n<!-- \/ Yoast SEO plugin. -->","yoast_head_json":{"title":"Ofertas de alojamiento en Berl\u00edn | Promociones en hostel","description":"Desde habitaciones familiares hasta promociones de fin de semana, tenemos las mejores ofertas de alojamiento y los precios m\u00e1s bajos de hostel en Berl\u00edn.","robots":{"index":"noindex","follow":"follow"},"og_locale":"es_ES","og_type":"article","og_title":"Ofertas de alojamiento en Berl\u00edn | Promociones en hostel","og_description":"Desde habitaciones familiares hasta promociones de fin de semana, tenemos las mejores ofertas de alojamiento y los precios m\u00e1s bajos de hostel en Berl\u00edn.","og_url":"https:\/\/www.amstelhouse.de\/es\/ofertas-alojamiento\/","og_site_name":"Amstel House (es)","article_modified_time":"2021-11-18T15:46:08+00:00","og_image":[{"width":1900,"height":760,"url":"https:\/\/www.amstelhouse.de\/es\/wp-content\/uploads\/sites\/37\/2019\/11\/amstel-hostel-berlin-barato-ofertas-de-viajes.jpg","type":"image\/jpeg"}],"twitter_misc":{"Est. reading time":"1 minute"},"schema":{"@context":"https:\/\/schema.org","@graph":[{"@type":"WebPage","@id":"https:\/\/www.amstelhouse.de\/es\/ofertas-alojamiento\/","url":"https:\/\/www.amstelhouse.de\/es\/ofertas-alojamiento\/","name":"Ofertas de alojamiento en Berl\u00edn | Promociones en hostel","isPartOf":{"@id":"https:\/\/www.amstelhouse.de\/es\/#website"},"datePublished":"2015-02-05T17:46:58+00:00","dateModified":"2021-11-18T15:46:08+00:00","description":"Desde habitaciones familiares hasta promociones de fin de semana, tenemos las mejores ofertas de alojamiento y los precios m\u00e1s bajos de hostel en Berl\u00edn.","breadcrumb":{"@id":"https:\/\/www.amstelhouse.de\/es\/ofertas-alojamiento\/#breadcrumb"},"inLanguage":"es-ES","potentialAction":[{"@type":"ReadAction","target":["https:\/\/www.amstelhouse.de\/es\/ofertas-alojamiento\/"]}]},{"@type":"BreadcrumbList","@id":"https:\/\/www.amstelhouse.de\/es\/ofertas-alojamiento\/#breadcrumb","itemListElement":[{"@type":"ListItem","position":1,"name":"Home","item":"https:\/\/www.amstelhouse.de\/es\/"},{"@type":"ListItem","position":2,"name":"Ofertas alojamiento"}]},{"@type":"WebSite","@id":"https:\/\/www.amstelhouse.de\/es\/#website","url":"https:\/\/www.amstelhouse.de\/es\/","name":"Amstel House (es)","description":"Zentral - Gut - Preiswert","potentialAction":[{"@type":"SearchAction","target":{"@type":"EntryPoint","urlTemplate":"https:\/\/www.amstelhouse.de\/es\/?s={search_term_string}"},"query-input":"required name=search_term_string"}],"inLanguage":"es-ES"}]}},"_links":{"self":[{"href":"https:\/\/www.amstelhouse.de\/es\/wp-json\/wp\/v2\/pages\/12"}],"collection":[{"href":"https:\/\/www.amstelhouse.de\/es\/wp-json\/wp\/v2\/pages"}],"about":[{"href":"https:\/\/www.amstelhouse.de\/es\/wp-json\/wp\/v2\/types\/page"}],"author":[{"embeddable":true,"href":"https:\/\/www.amstelhouse.de\/es\/wp-json\/wp\/v2\/users\/2"}],"replies":[{"embeddable":true,"href":"https:\/\/www.amstelhouse.de\/es\/wp-json\/wp\/v2\/comments?post=12"}],"version-history":[{"count":6,"href":"https:\/\/www.amstelhouse.de\/es\/wp-json\/wp\/v2\/pages\/12\/revisions"}],"predecessor-version":[{"id":3014,"href":"https:\/\/www.amstelhouse.de\/es\/wp-json\/wp\/v2\/pages\/12\/revisions\/3014"}],"wp:featuredmedia":[{"embeddable":true,"href":"https:\/\/www.amstelhouse.de\/es\/wp-json\/wp\/v2\/media\/2965"}],"wp:attachment":[{"href":"https:\/\/www.amstelhouse.de\/es\/wp-json\/wp\/v2\/media?parent=12"}],"curies":[{"name":"wp","href":"https:\/\/api.w.org\/{rel}","templated":true}]}}