{"id":14,"date":"2015-02-05T17:44:17","date_gmt":"2015-02-05T17:44:17","guid":{"rendered":"http:\/\/www.amstelhouse.de\/es\/?page_id=14"},"modified":"2022-02-25T16:30:41","modified_gmt":"2022-02-25T16:30:41","slug":"grupos","status":"publish","type":"page","link":"https:\/\/www.amstelhouse.de\/es\/grupos\/","title":{"rendered":"grupos"},"content":{"rendered":"<h1 style=\"text-align: center;\"><strong>Alojamiento para grupos<\/strong><\/h1>\n<h2 style=\"text-align: center;\">ESTADIA EM ALBERGUE PARA 12 PERSONAS O M\u00c1S<\/h2>\n<p style=\"text-align: left;\">El albergue Amstel House de Berl\u00edn cuenta con m\u00e1s de 10 a\u00f1os de experiencia en alojamiento para grupos. Ofrecemos una variada gama de habitaciones limpias, c\u00f3modas y econ\u00f3micas, incluyendo suites privadas para gu\u00edas y profesores. Nuestras instalaciones del albergue son modernas y est\u00e1n bien equipadas. La cafeter\u00eda tiene capacidad para 120 personas y ofrece servicio de media pensi\u00f3n o pensi\u00f3n completa, as\u00ed como paquetes de almuerzo y barbacoas de hamburguesas (no volver\u00e1 a estar disponible hasta 2023). Tambi\u00e9n tenemos muchas opciones de ocio. El ambiente perfecto para grupos escolares. Los conocimientos t\u00e9cnicos de nuestro equipo, combinados con socios altamente profesionales, le brindan apoyo en la planificaci\u00f3n de sus viajes, as\u00ed como una amplia gama de programas especiales, promocionales y creativos en Berl\u00edn.<\/p>\n<p>&nbsp;<\/p>\n<p style=\"text-align: center;\">\n","protected":false},"excerpt":{"rendered":"<p>Alojamiento para grupos ESTADIA EM ALBERGUE PARA 12 PERSONAS O M\u00c1S El albergue Amstel House de Berl\u00edn cuenta con m\u00e1s de 10 a\u00f1os de experiencia en alojamiento para grupos. Ofrecemos una variada gama de habitaciones limpias, c\u00f3modas y econ\u00f3micas, incluyendo suites privadas para gu\u00edas y profesores. Nuestras instalaciones del albergue son modernas y est\u00e1n bien [&hellip;]<\/p>\n","protected":false},"author":2,"featured_media":2539,"parent":0,"menu_order":10,"comment_status":"closed","ping_status":"closed","template":"page-offer-groups.php","meta":{"footnotes":""},"class_list":["post-14","page","type-page","status-publish","has-post-thumbnail","hentry"],"acf":[],"yoast_head":"<!-- This site is optimized with the Yoast SEO plugin v20.8 - https:\/\/yoast.com\/wordpress\/plugins\/seo\/ -->\n<title>Alojamiento para grupos en Berl\u00edn | Viajes escolares<\/title>\n<meta name=\"description\" content=\"Reserva el alojamiento para grupos perfecto en el mejor albergue de Berl\u00edn. Adem\u00e1s de tarifas econ\u00f3micas y excelentes instalaciones, organizamos tu viaje.\" \/>\n<meta name=\"robots\" content=\"index, follow, max-snippet:-1, max-image-preview:large, max-video-preview:-1\" \/>\n<link rel=\"canonical\" href=\"https:\/\/www.amstelhouse.de\/es\/grupos\/\" \/>\n<meta property=\"og:locale\" content=\"es_ES\" \/>\n<meta property=\"og:type\" content=\"article\" \/>\n<meta property=\"og:title\" content=\"Alojamiento para grupos en Berl\u00edn | Viajes escolares\" \/>\n<meta property=\"og:description\" content=\"Reserva el alojamiento para grupos perfecto en el mejor albergue de Berl\u00edn. Adem\u00e1s de tarifas econ\u00f3micas y excelentes instalaciones, organizamos tu viaje.\" \/>\n<meta property=\"og:url\" content=\"https:\/\/www.amstelhouse.de\/es\/grupos\/\" \/>\n<meta property=\"og:site_name\" content=\"Amstel House (es)\" \/>\n<meta property=\"article:modified_time\" content=\"2022-02-25T16:30:41+00:00\" \/>\n<meta property=\"og:image\" content=\"https:\/\/www.amstelhouse.de\/es\/wp-content\/uploads\/sites\/37\/2018\/07\/viaje-grupos-berlin.jpg\" \/>\n\t<meta property=\"og:image:width\" content=\"1800\" \/>\n\t<meta property=\"og:image:height\" content=\"720\" \/>\n\t<meta property=\"og:image:type\" content=\"image\/jpeg\" \/>\n<meta name=\"twitter:label1\" content=\"Est. reading time\" \/>\n\t<meta name=\"twitter:data1\" content=\"1 minute\" \/>\n<script type=\"application\/ld+json\" class=\"yoast-schema-graph\">{\"@context\":\"https:\/\/schema.org\",\"@graph\":[{\"@type\":\"WebPage\",\"@id\":\"https:\/\/www.amstelhouse.de\/es\/grupos\/\",\"url\":\"https:\/\/www.amstelhouse.de\/es\/grupos\/\",\"name\":\"Alojamiento para grupos en Berl\u00edn | Viajes escolares\",\"isPartOf\":{\"@id\":\"https:\/\/www.amstelhouse.de\/es\/#website\"},\"datePublished\":\"2015-02-05T17:44:17+00:00\",\"dateModified\":\"2022-02-25T16:30:41+00:00\",\"description\":\"Reserva el alojamiento para grupos perfecto en el mejor albergue de Berl\u00edn. Adem\u00e1s de tarifas econ\u00f3micas y excelentes instalaciones, organizamos tu viaje.\",\"breadcrumb\":{\"@id\":\"https:\/\/www.amstelhouse.de\/es\/grupos\/#breadcrumb\"},\"inLanguage\":\"es-ES\",\"potentialAction\":[{\"@type\":\"ReadAction\",\"target\":[\"https:\/\/www.amstelhouse.de\/es\/grupos\/\"]}]},{\"@type\":\"BreadcrumbList\",\"@id\":\"https:\/\/www.amstelhouse.de\/es\/grupos\/#breadcrumb\",\"itemListElement\":[{\"@type\":\"ListItem\",\"position\":1,\"name\":\"Home\",\"item\":\"https:\/\/www.amstelhouse.de\/es\/\"},{\"@type\":\"ListItem\",\"position\":2,\"name\":\"grupos\"}]},{\"@type\":\"WebSite\",\"@id\":\"https:\/\/www.amstelhouse.de\/es\/#website\",\"url\":\"https:\/\/www.amstelhouse.de\/es\/\",\"name\":\"Amstel House (es)\",\"description\":\"Zentral - Gut - Preiswert\",\"potentialAction\":[{\"@type\":\"SearchAction\",\"target\":{\"@type\":\"EntryPoint\",\"urlTemplate\":\"https:\/\/www.amstelhouse.de\/es\/?s={search_term_string}\"},\"query-input\":\"required name=search_term_string\"}],\"inLanguage\":\"es-ES\"}]}<\/script>\n<!-- \/ Yoast SEO plugin. -->","yoast_head_json":{"title":"Alojamiento para grupos en Berl\u00edn | Viajes escolares","description":"Reserva el alojamiento para grupos perfecto en el mejor albergue de Berl\u00edn. Adem\u00e1s de tarifas econ\u00f3micas y excelentes instalaciones, organizamos tu viaje.","robots":{"index":"index","follow":"follow","max-snippet":"max-snippet:-1","max-image-preview":"max-image-preview:large","max-video-preview":"max-video-preview:-1"},"canonical":"https:\/\/www.amstelhouse.de\/es\/grupos\/","og_locale":"es_ES","og_type":"article","og_title":"Alojamiento para grupos en Berl\u00edn | Viajes escolares","og_description":"Reserva el alojamiento para grupos perfecto en el mejor albergue de Berl\u00edn. Adem\u00e1s de tarifas econ\u00f3micas y excelentes instalaciones, organizamos tu viaje.","og_url":"https:\/\/www.amstelhouse.de\/es\/grupos\/","og_site_name":"Amstel House (es)","article_modified_time":"2022-02-25T16:30:41+00:00","og_image":[{"width":1800,"height":720,"url":"https:\/\/www.amstelhouse.de\/es\/wp-content\/uploads\/sites\/37\/2018\/07\/viaje-grupos-berlin.jpg","type":"image\/jpeg"}],"twitter_misc":{"Est. reading time":"1 minute"},"schema":{"@context":"https:\/\/schema.org","@graph":[{"@type":"WebPage","@id":"https:\/\/www.amstelhouse.de\/es\/grupos\/","url":"https:\/\/www.amstelhouse.de\/es\/grupos\/","name":"Alojamiento para grupos en Berl\u00edn | Viajes escolares","isPartOf":{"@id":"https:\/\/www.amstelhouse.de\/es\/#website"},"datePublished":"2015-02-05T17:44:17+00:00","dateModified":"2022-02-25T16:30:41+00:00","description":"Reserva el alojamiento para grupos perfecto en el mejor albergue de Berl\u00edn. Adem\u00e1s de tarifas econ\u00f3micas y excelentes instalaciones, organizamos tu viaje.","breadcrumb":{"@id":"https:\/\/www.amstelhouse.de\/es\/grupos\/#breadcrumb"},"inLanguage":"es-ES","potentialAction":[{"@type":"ReadAction","target":["https:\/\/www.amstelhouse.de\/es\/grupos\/"]}]},{"@type":"BreadcrumbList","@id":"https:\/\/www.amstelhouse.de\/es\/grupos\/#breadcrumb","itemListElement":[{"@type":"ListItem","position":1,"name":"Home","item":"https:\/\/www.amstelhouse.de\/es\/"},{"@type":"ListItem","position":2,"name":"grupos"}]},{"@type":"WebSite","@id":"https:\/\/www.amstelhouse.de\/es\/#website","url":"https:\/\/www.amstelhouse.de\/es\/","name":"Amstel House (es)","description":"Zentral - Gut - Preiswert","potentialAction":[{"@type":"SearchAction","target":{"@type":"EntryPoint","urlTemplate":"https:\/\/www.amstelhouse.de\/es\/?s={search_term_string}"},"query-input":"required name=search_term_string"}],"inLanguage":"es-ES"}]}},"_links":{"self":[{"href":"https:\/\/www.amstelhouse.de\/es\/wp-json\/wp\/v2\/pages\/14"}],"collection":[{"href":"https:\/\/www.amstelhouse.de\/es\/wp-json\/wp\/v2\/pages"}],"about":[{"href":"https:\/\/www.amstelhouse.de\/es\/wp-json\/wp\/v2\/types\/page"}],"author":[{"embeddable":true,"href":"https:\/\/www.amstelhouse.de\/es\/wp-json\/wp\/v2\/users\/2"}],"replies":[{"embeddable":true,"href":"https:\/\/www.amstelhouse.de\/es\/wp-json\/wp\/v2\/comments?post=14"}],"version-history":[{"count":5,"href":"https:\/\/www.amstelhouse.de\/es\/wp-json\/wp\/v2\/pages\/14\/revisions"}],"predecessor-version":[{"id":3329,"href":"https:\/\/www.amstelhouse.de\/es\/wp-json\/wp\/v2\/pages\/14\/revisions\/3329"}],"wp:featuredmedia":[{"embeddable":true,"href":"https:\/\/www.amstelhouse.de\/es\/wp-json\/wp\/v2\/media\/2539"}],"wp:attachment":[{"href":"https:\/\/www.amstelhouse.de\/es\/wp-json\/wp\/v2\/media?parent=14"}],"curies":[{"name":"wp","href":"https:\/\/api.w.org\/{rel}","templated":true}]}}