{"id":18,"date":"2015-02-07T08:37:08","date_gmt":"2015-02-07T08:37:08","guid":{"rendered":"http:\/\/www.amstelhouse.de\/es\/?page_id=18"},"modified":"2023-12-14T10:15:05","modified_gmt":"2023-12-14T10:15:05","slug":"ubicacion-central-berlin","status":"publish","type":"page","link":"https:\/\/www.amstelhouse.de\/es\/ubicacion-central-berlin\/","title":{"rendered":"Ubicaci\u00f3n"},"content":{"rendered":"<h1 style=\"text-align: center;\">Ubicaci\u00f3n Central en Berl\u00edn<\/h1>\n<h2 style=\"text-align: center;\">ESTANCIA ECON\u00d3MICA EN EL CORAZ\u00d3N DE LA CIUDAD<\/h2>\n<p>Estamos ubicados en Moabit, el barrio tranquilo del distrito central de Berlin Mitte. Por un lado, estamos rodeados de muchas de las principales atracciones tur\u00edsticas de la ciudad. Por otro lado, ofrecemos el encanto y la calidez de las zonas residenciales de Berl\u00edn. Un centro para j\u00f3venes, estudiantes y artistas independientes. Nuestro vecindario ofrece parques, impresionantes vistas al R\u00edo Spree y paseos a lo largo de sus orillas. Un mercado centenario, una vida gastron\u00f3mica multicultural y una buena conexi\u00f3n con cualquier parte de la ciudad contribuyen a hacer de \u00e9ste, un lugar tan especial.\u00a0Cinco paradas en nueve minutos del tranv\u00eda M10 nos separan de la estaci\u00f3n central de ferrocarril. Se tarda algo menos de 40 minutos en llegar del albergue Amstel House al aeropuerto BER de Berl\u00edn-Brandeburgo. Somos un albergue de dise\u00f1o con precios econ\u00f3micos y una ubicaci\u00f3n c\u00e9ntrica.<\/p>\n<p>&nbsp;<\/p>\n<h5 style=\"text-align: justify;\">Waldenserstra\u00dfe 31 | 10551 Berlin<\/h5>\n","protected":false},"excerpt":{"rendered":"<p>Ubicaci\u00f3n Central en Berl\u00edn ESTANCIA ECON\u00d3MICA EN EL CORAZ\u00d3N DE LA CIUDAD Estamos ubicados en Moabit, el barrio tranquilo del distrito central de Berlin Mitte. Por un lado, estamos rodeados de muchas de las principales atracciones tur\u00edsticas de la ciudad. Por otro lado, ofrecemos el encanto y la calidez de las zonas residenciales de Berl\u00edn. [&hellip;]<\/p>\n","protected":false},"author":2,"featured_media":2640,"parent":0,"menu_order":17,"comment_status":"closed","ping_status":"closed","template":"page-location.php","meta":{"footnotes":""},"class_list":["post-18","page","type-page","status-publish","has-post-thumbnail","hentry"],"acf":[],"yoast_head":"<!-- This site is optimized with the Yoast SEO plugin v20.8 - https:\/\/yoast.com\/wordpress\/plugins\/seo\/ -->\n<title>Hostel mejor ubicado en Berl\u00edn | Ubicaci\u00f3n central<\/title>\n<meta name=\"description\" content=\"Al\u00f3jate en un albergue que goza de una ubicaci\u00f3n central en Berl\u00edn. Ofrecemos habitaciones c\u00f3modas y asequibles cerca de las atracciones tur\u00edsticas.\" \/>\n<meta name=\"robots\" content=\"index, follow, max-snippet:-1, max-image-preview:large, max-video-preview:-1\" \/>\n<link rel=\"canonical\" href=\"https:\/\/www.amstelhouse.de\/es\/ubicacion-central-berlin\/\" \/>\n<meta property=\"og:locale\" content=\"es_ES\" \/>\n<meta property=\"og:type\" content=\"article\" \/>\n<meta property=\"og:title\" content=\"Hostel mejor ubicado en Berl\u00edn | Ubicaci\u00f3n central\" \/>\n<meta property=\"og:description\" content=\"Al\u00f3jate en un albergue que goza de una ubicaci\u00f3n central en Berl\u00edn. Ofrecemos habitaciones c\u00f3modas y asequibles cerca de las atracciones tur\u00edsticas.\" \/>\n<meta property=\"og:url\" content=\"https:\/\/www.amstelhouse.de\/es\/ubicacion-central-berlin\/\" \/>\n<meta property=\"og:site_name\" content=\"Amstel House (es)\" \/>\n<meta property=\"article:modified_time\" content=\"2023-12-14T10:15:05+00:00\" \/>\n<meta property=\"og:image\" content=\"https:\/\/www.amstelhouse.de\/es\/wp-content\/uploads\/sites\/37\/2018\/07\/hostal-centro-de-Berl\u00edn.jpg\" \/>\n\t<meta property=\"og:image:width\" content=\"2100\" \/>\n\t<meta property=\"og:image:height\" content=\"840\" \/>\n\t<meta property=\"og:image:type\" content=\"image\/jpeg\" \/>\n<meta name=\"twitter:label1\" content=\"Est. reading time\" \/>\n\t<meta name=\"twitter:data1\" content=\"1 minute\" \/>\n<script type=\"application\/ld+json\" class=\"yoast-schema-graph\">{\"@context\":\"https:\/\/schema.org\",\"@graph\":[{\"@type\":\"WebPage\",\"@id\":\"https:\/\/www.amstelhouse.de\/es\/ubicacion-central-berlin\/\",\"url\":\"https:\/\/www.amstelhouse.de\/es\/ubicacion-central-berlin\/\",\"name\":\"Hostel mejor ubicado en Berl\u00edn | Ubicaci\u00f3n central\",\"isPartOf\":{\"@id\":\"https:\/\/www.amstelhouse.de\/es\/#website\"},\"datePublished\":\"2015-02-07T08:37:08+00:00\",\"dateModified\":\"2023-12-14T10:15:05+00:00\",\"description\":\"Al\u00f3jate en un albergue que goza de una ubicaci\u00f3n central en Berl\u00edn. Ofrecemos habitaciones c\u00f3modas y asequibles cerca de las atracciones tur\u00edsticas.\",\"breadcrumb\":{\"@id\":\"https:\/\/www.amstelhouse.de\/es\/ubicacion-central-berlin\/#breadcrumb\"},\"inLanguage\":\"es-ES\",\"potentialAction\":[{\"@type\":\"ReadAction\",\"target\":[\"https:\/\/www.amstelhouse.de\/es\/ubicacion-central-berlin\/\"]}]},{\"@type\":\"BreadcrumbList\",\"@id\":\"https:\/\/www.amstelhouse.de\/es\/ubicacion-central-berlin\/#breadcrumb\",\"itemListElement\":[{\"@type\":\"ListItem\",\"position\":1,\"name\":\"Home\",\"item\":\"https:\/\/www.amstelhouse.de\/es\/\"},{\"@type\":\"ListItem\",\"position\":2,\"name\":\"Ubicaci\u00f3n\"}]},{\"@type\":\"WebSite\",\"@id\":\"https:\/\/www.amstelhouse.de\/es\/#website\",\"url\":\"https:\/\/www.amstelhouse.de\/es\/\",\"name\":\"Amstel House (es)\",\"description\":\"Zentral - Gut - Preiswert\",\"potentialAction\":[{\"@type\":\"SearchAction\",\"target\":{\"@type\":\"EntryPoint\",\"urlTemplate\":\"https:\/\/www.amstelhouse.de\/es\/?s={search_term_string}\"},\"query-input\":\"required name=search_term_string\"}],\"inLanguage\":\"es-ES\"}]}<\/script>\n<!-- \/ Yoast SEO plugin. -->","yoast_head_json":{"title":"Hostel mejor ubicado en Berl\u00edn | Ubicaci\u00f3n central","description":"Al\u00f3jate en un albergue que goza de una ubicaci\u00f3n central en Berl\u00edn. Ofrecemos habitaciones c\u00f3modas y asequibles cerca de las atracciones tur\u00edsticas.","robots":{"index":"index","follow":"follow","max-snippet":"max-snippet:-1","max-image-preview":"max-image-preview:large","max-video-preview":"max-video-preview:-1"},"canonical":"https:\/\/www.amstelhouse.de\/es\/ubicacion-central-berlin\/","og_locale":"es_ES","og_type":"article","og_title":"Hostel mejor ubicado en Berl\u00edn | Ubicaci\u00f3n central","og_description":"Al\u00f3jate en un albergue que goza de una ubicaci\u00f3n central en Berl\u00edn. Ofrecemos habitaciones c\u00f3modas y asequibles cerca de las atracciones tur\u00edsticas.","og_url":"https:\/\/www.amstelhouse.de\/es\/ubicacion-central-berlin\/","og_site_name":"Amstel House (es)","article_modified_time":"2023-12-14T10:15:05+00:00","og_image":[{"width":"2100","height":"840","url":"https:\/\/www.amstelhouse.de\/es\/wp-content\/uploads\/sites\/37\/2018\/07\/hostal-centro-de-Berl\u00edn.jpg","type":"image\/jpeg"}],"twitter_misc":{"Est. reading time":"1 minute"},"schema":{"@context":"https:\/\/schema.org","@graph":[{"@type":"WebPage","@id":"https:\/\/www.amstelhouse.de\/es\/ubicacion-central-berlin\/","url":"https:\/\/www.amstelhouse.de\/es\/ubicacion-central-berlin\/","name":"Hostel mejor ubicado en Berl\u00edn | Ubicaci\u00f3n central","isPartOf":{"@id":"https:\/\/www.amstelhouse.de\/es\/#website"},"datePublished":"2015-02-07T08:37:08+00:00","dateModified":"2023-12-14T10:15:05+00:00","description":"Al\u00f3jate en un albergue que goza de una ubicaci\u00f3n central en Berl\u00edn. Ofrecemos habitaciones c\u00f3modas y asequibles cerca de las atracciones tur\u00edsticas.","breadcrumb":{"@id":"https:\/\/www.amstelhouse.de\/es\/ubicacion-central-berlin\/#breadcrumb"},"inLanguage":"es-ES","potentialAction":[{"@type":"ReadAction","target":["https:\/\/www.amstelhouse.de\/es\/ubicacion-central-berlin\/"]}]},{"@type":"BreadcrumbList","@id":"https:\/\/www.amstelhouse.de\/es\/ubicacion-central-berlin\/#breadcrumb","itemListElement":[{"@type":"ListItem","position":1,"name":"Home","item":"https:\/\/www.amstelhouse.de\/es\/"},{"@type":"ListItem","position":2,"name":"Ubicaci\u00f3n"}]},{"@type":"WebSite","@id":"https:\/\/www.amstelhouse.de\/es\/#website","url":"https:\/\/www.amstelhouse.de\/es\/","name":"Amstel House (es)","description":"Zentral - Gut - Preiswert","potentialAction":[{"@type":"SearchAction","target":{"@type":"EntryPoint","urlTemplate":"https:\/\/www.amstelhouse.de\/es\/?s={search_term_string}"},"query-input":"required name=search_term_string"}],"inLanguage":"es-ES"}]}},"_links":{"self":[{"href":"https:\/\/www.amstelhouse.de\/es\/wp-json\/wp\/v2\/pages\/18"}],"collection":[{"href":"https:\/\/www.amstelhouse.de\/es\/wp-json\/wp\/v2\/pages"}],"about":[{"href":"https:\/\/www.amstelhouse.de\/es\/wp-json\/wp\/v2\/types\/page"}],"author":[{"embeddable":true,"href":"https:\/\/www.amstelhouse.de\/es\/wp-json\/wp\/v2\/users\/2"}],"replies":[{"embeddable":true,"href":"https:\/\/www.amstelhouse.de\/es\/wp-json\/wp\/v2\/comments?post=18"}],"version-history":[{"count":5,"href":"https:\/\/www.amstelhouse.de\/es\/wp-json\/wp\/v2\/pages\/18\/revisions"}],"predecessor-version":[{"id":3336,"href":"https:\/\/www.amstelhouse.de\/es\/wp-json\/wp\/v2\/pages\/18\/revisions\/3336"}],"wp:featuredmedia":[{"embeddable":true,"href":"https:\/\/www.amstelhouse.de\/es\/wp-json\/wp\/v2\/media\/2640"}],"wp:attachment":[{"href":"https:\/\/www.amstelhouse.de\/es\/wp-json\/wp\/v2\/media?parent=18"}],"curies":[{"name":"wp","href":"https:\/\/api.w.org\/{rel}","templated":true}]}}