{"id":1986,"date":"2017-12-18T16:05:49","date_gmt":"2017-12-18T16:05:49","guid":{"rendered":"http:\/\/www.amstelhouse.de\/staging-site\/?page_id=1986"},"modified":"2021-11-18T16:11:20","modified_gmt":"2021-11-18T16:11:20","slug":"sobre-nosotros","status":"publish","type":"page","link":"https:\/\/www.amstelhouse.de\/es\/sobre-nosotros\/","title":{"rendered":"SOBRE NOSOTROS"},"content":{"rendered":"<h1 style=\"text-align: center;\">SOBRE NOSOTROS<\/h1>\n<h2 style=\"text-align: center;\">LA FANT\u00c1STICA HISTORIA DE \u00a0AMSTEL\u00a0 HOUSE<\/h2>\n<p>El concepto de hospitalidad de Amstel House consiste en tres ideas que interact\u00faan: memoria, experiencia y accesibilidad. Guiados por la historia centenaria y la belleza de nuestro patrimonio cultural, lo que nos mueve es ser un lugar de encuentros y experiencias memorables. Ofrecer buenas noches de sue\u00f1o a precios econ\u00f3micos para los m\u00e1s variados estilos de viajeros, as\u00ed como una experiencia de servicio de 360\u00b0 puede ser nuestro principio. Pero nos vemos a nosotros mismos como un punto \u00f3ptimo donde la gente se re\u00fane. A trav\u00e9s de nuestro vibrante dise\u00f1o &#8211; por el galardonado arquitecto Harm Rensink -, nuestras numerosas y acogedoras \u00e1reas comunes y nuestra animada agenda de eventos. Todo &#8211; por supuesto &#8211; a precios asequibles. Ven, entra, hay mucho que saber sobre nosotros. Conoce la fant\u00e1stica historia de Amstel House, c\u00f3mo nos convertimos en el mejor hostel econ\u00f3mico de Berl\u00edn y hacia d\u00f3nde nos dirigimos.<\/p>\n","protected":false},"excerpt":{"rendered":"<p>SOBRE NOSOTROS LA FANT\u00c1STICA HISTORIA DE \u00a0AMSTEL\u00a0 HOUSE El concepto de hospitalidad de Amstel House consiste en tres ideas que interact\u00faan: memoria, experiencia y accesibilidad. Guiados por la historia centenaria y la belleza de nuestro patrimonio cultural, lo que nos mueve es ser un lugar de encuentros y experiencias memorables. Ofrecer buenas noches de sue\u00f1o [&hellip;]<\/p>\n","protected":false},"author":4,"featured_media":2964,"parent":0,"menu_order":1,"comment_status":"closed","ping_status":"closed","template":"page-offer-subpage-about.php","meta":{"footnotes":""},"class_list":["post-1986","page","type-page","status-publish","has-post-thumbnail","hentry"],"acf":[],"yoast_head":"<!-- This site is optimized with the Yoast SEO plugin v20.8 - https:\/\/yoast.com\/wordpress\/plugins\/seo\/ -->\n<title>Sobre nosotros | Concepto \u2022 Historia \u2022 Dise\u00f1o | Amstel House Hostel Berlin<\/title>\n<meta name=\"description\" content=\"Conoce m\u00e1s sobre nosotros \u00a1y nuestra fant\u00e1stica historia! Edificio en estilo art nouveau, dise\u00f1o interior original y habitaciones a precios econ\u00f3micos.\" \/>\n<meta name=\"robots\" content=\"index, follow, max-snippet:-1, max-image-preview:large, max-video-preview:-1\" \/>\n<link rel=\"canonical\" href=\"https:\/\/www.amstelhouse.de\/es\/sobre-nosotros\/\" \/>\n<meta property=\"og:locale\" content=\"es_ES\" \/>\n<meta property=\"og:type\" content=\"article\" \/>\n<meta property=\"og:title\" content=\"Sobre nosotros | Concepto \u2022 Historia \u2022 Dise\u00f1o | Amstel House Hostel Berlin\" \/>\n<meta property=\"og:description\" content=\"Conoce m\u00e1s sobre nosotros \u00a1y nuestra fant\u00e1stica historia! Edificio en estilo art nouveau, dise\u00f1o interior original y habitaciones a precios econ\u00f3micos.\" \/>\n<meta property=\"og:url\" content=\"https:\/\/www.amstelhouse.de\/es\/sobre-nosotros\/\" \/>\n<meta property=\"og:site_name\" content=\"Amstel House (es)\" \/>\n<meta property=\"article:modified_time\" content=\"2021-11-18T16:11:20+00:00\" \/>\n<meta property=\"og:image\" content=\"https:\/\/www.amstelhouse.de\/es\/wp-content\/uploads\/sites\/37\/2019\/11\/Amstel-fassade-art-nouveau-Estilo-sobre-nosotros.jpg\" \/>\n\t<meta property=\"og:image:width\" content=\"1800\" \/>\n\t<meta property=\"og:image:height\" content=\"720\" \/>\n\t<meta property=\"og:image:type\" content=\"image\/jpeg\" \/>\n<meta name=\"twitter:label1\" content=\"Est. reading time\" \/>\n\t<meta name=\"twitter:data1\" content=\"1 minute\" \/>\n<script type=\"application\/ld+json\" class=\"yoast-schema-graph\">{\"@context\":\"https:\/\/schema.org\",\"@graph\":[{\"@type\":\"WebPage\",\"@id\":\"https:\/\/www.amstelhouse.de\/es\/sobre-nosotros\/\",\"url\":\"https:\/\/www.amstelhouse.de\/es\/sobre-nosotros\/\",\"name\":\"Sobre nosotros | Concepto \u2022 Historia \u2022 Dise\u00f1o | Amstel House Hostel Berlin\",\"isPartOf\":{\"@id\":\"https:\/\/www.amstelhouse.de\/es\/#website\"},\"datePublished\":\"2017-12-18T16:05:49+00:00\",\"dateModified\":\"2021-11-18T16:11:20+00:00\",\"description\":\"Conoce m\u00e1s sobre nosotros \u00a1y nuestra fant\u00e1stica historia! Edificio en estilo art nouveau, dise\u00f1o interior original y habitaciones a precios econ\u00f3micos.\",\"breadcrumb\":{\"@id\":\"https:\/\/www.amstelhouse.de\/es\/sobre-nosotros\/#breadcrumb\"},\"inLanguage\":\"es-ES\",\"potentialAction\":[{\"@type\":\"ReadAction\",\"target\":[\"https:\/\/www.amstelhouse.de\/es\/sobre-nosotros\/\"]}]},{\"@type\":\"BreadcrumbList\",\"@id\":\"https:\/\/www.amstelhouse.de\/es\/sobre-nosotros\/#breadcrumb\",\"itemListElement\":[{\"@type\":\"ListItem\",\"position\":1,\"name\":\"Home\",\"item\":\"https:\/\/www.amstelhouse.de\/es\/\"},{\"@type\":\"ListItem\",\"position\":2,\"name\":\"SOBRE NOSOTROS\"}]},{\"@type\":\"WebSite\",\"@id\":\"https:\/\/www.amstelhouse.de\/es\/#website\",\"url\":\"https:\/\/www.amstelhouse.de\/es\/\",\"name\":\"Amstel House (es)\",\"description\":\"Zentral - Gut - Preiswert\",\"potentialAction\":[{\"@type\":\"SearchAction\",\"target\":{\"@type\":\"EntryPoint\",\"urlTemplate\":\"https:\/\/www.amstelhouse.de\/es\/?s={search_term_string}\"},\"query-input\":\"required name=search_term_string\"}],\"inLanguage\":\"es-ES\"}]}<\/script>\n<!-- \/ Yoast SEO plugin. -->","yoast_head_json":{"title":"Sobre nosotros | Concepto \u2022 Historia \u2022 Dise\u00f1o | Amstel House Hostel Berlin","description":"Conoce m\u00e1s sobre nosotros \u00a1y nuestra fant\u00e1stica historia! Edificio en estilo art nouveau, dise\u00f1o interior original y habitaciones a precios econ\u00f3micos.","robots":{"index":"index","follow":"follow","max-snippet":"max-snippet:-1","max-image-preview":"max-image-preview:large","max-video-preview":"max-video-preview:-1"},"canonical":"https:\/\/www.amstelhouse.de\/es\/sobre-nosotros\/","og_locale":"es_ES","og_type":"article","og_title":"Sobre nosotros | Concepto \u2022 Historia \u2022 Dise\u00f1o | Amstel House Hostel Berlin","og_description":"Conoce m\u00e1s sobre nosotros \u00a1y nuestra fant\u00e1stica historia! Edificio en estilo art nouveau, dise\u00f1o interior original y habitaciones a precios econ\u00f3micos.","og_url":"https:\/\/www.amstelhouse.de\/es\/sobre-nosotros\/","og_site_name":"Amstel House (es)","article_modified_time":"2021-11-18T16:11:20+00:00","og_image":[{"width":1800,"height":720,"url":"https:\/\/www.amstelhouse.de\/es\/wp-content\/uploads\/sites\/37\/2019\/11\/Amstel-fassade-art-nouveau-Estilo-sobre-nosotros.jpg","type":"image\/jpeg"}],"twitter_misc":{"Est. reading time":"1 minute"},"schema":{"@context":"https:\/\/schema.org","@graph":[{"@type":"WebPage","@id":"https:\/\/www.amstelhouse.de\/es\/sobre-nosotros\/","url":"https:\/\/www.amstelhouse.de\/es\/sobre-nosotros\/","name":"Sobre nosotros | Concepto \u2022 Historia \u2022 Dise\u00f1o | Amstel House Hostel Berlin","isPartOf":{"@id":"https:\/\/www.amstelhouse.de\/es\/#website"},"datePublished":"2017-12-18T16:05:49+00:00","dateModified":"2021-11-18T16:11:20+00:00","description":"Conoce m\u00e1s sobre nosotros \u00a1y nuestra fant\u00e1stica historia! Edificio en estilo art nouveau, dise\u00f1o interior original y habitaciones a precios econ\u00f3micos.","breadcrumb":{"@id":"https:\/\/www.amstelhouse.de\/es\/sobre-nosotros\/#breadcrumb"},"inLanguage":"es-ES","potentialAction":[{"@type":"ReadAction","target":["https:\/\/www.amstelhouse.de\/es\/sobre-nosotros\/"]}]},{"@type":"BreadcrumbList","@id":"https:\/\/www.amstelhouse.de\/es\/sobre-nosotros\/#breadcrumb","itemListElement":[{"@type":"ListItem","position":1,"name":"Home","item":"https:\/\/www.amstelhouse.de\/es\/"},{"@type":"ListItem","position":2,"name":"SOBRE NOSOTROS"}]},{"@type":"WebSite","@id":"https:\/\/www.amstelhouse.de\/es\/#website","url":"https:\/\/www.amstelhouse.de\/es\/","name":"Amstel House (es)","description":"Zentral - Gut - Preiswert","potentialAction":[{"@type":"SearchAction","target":{"@type":"EntryPoint","urlTemplate":"https:\/\/www.amstelhouse.de\/es\/?s={search_term_string}"},"query-input":"required name=search_term_string"}],"inLanguage":"es-ES"}]}},"_links":{"self":[{"href":"https:\/\/www.amstelhouse.de\/es\/wp-json\/wp\/v2\/pages\/1986"}],"collection":[{"href":"https:\/\/www.amstelhouse.de\/es\/wp-json\/wp\/v2\/pages"}],"about":[{"href":"https:\/\/www.amstelhouse.de\/es\/wp-json\/wp\/v2\/types\/page"}],"author":[{"embeddable":true,"href":"https:\/\/www.amstelhouse.de\/es\/wp-json\/wp\/v2\/users\/4"}],"replies":[{"embeddable":true,"href":"https:\/\/www.amstelhouse.de\/es\/wp-json\/wp\/v2\/comments?post=1986"}],"version-history":[{"count":4,"href":"https:\/\/www.amstelhouse.de\/es\/wp-json\/wp\/v2\/pages\/1986\/revisions"}],"predecessor-version":[{"id":3059,"href":"https:\/\/www.amstelhouse.de\/es\/wp-json\/wp\/v2\/pages\/1986\/revisions\/3059"}],"wp:featuredmedia":[{"embeddable":true,"href":"https:\/\/www.amstelhouse.de\/es\/wp-json\/wp\/v2\/media\/2964"}],"wp:attachment":[{"href":"https:\/\/www.amstelhouse.de\/es\/wp-json\/wp\/v2\/media?parent=1986"}],"curies":[{"name":"wp","href":"https:\/\/api.w.org\/{rel}","templated":true}]}}