{"id":1990,"date":"2017-12-18T16:17:15","date_gmt":"2017-12-18T16:17:15","guid":{"rendered":"http:\/\/www.amstelhouse.de\/staging-site\/?page_id=1990"},"modified":"2021-11-18T16:15:14","modified_gmt":"2021-11-18T16:15:14","slug":"alojamiento-gratuito","status":"publish","type":"page","link":"https:\/\/www.amstelhouse.de\/es\/alojamiento-gratuito\/","title":{"rendered":"ALOJAMIENTO GRATUITO EN BERL\u00cdN"},"content":{"rendered":"<p>\u00bfEres un artista al que le gusta viajar por el mundo pero necesita ahorrar algo de dinero? \u00bfSiempre est\u00e1s buscando el lugar m\u00e1s barato para alojarte? Es posible que hayas encontrado la forma m\u00e1s econ\u00f3mica de conocer Berl\u00edn. Amstel House intercambia conciertos de m\u00fasica, fotograf\u00edas, blogs, clases de cocina o cualquier otro fruto de una mente creativa y divertida por alojamiento gratuito. Si tienes un talento especial y muchos fans te siguen, adelante y comparte tu trabajo con nosotros. Env\u00edanos un correo electr\u00f3nico, cu\u00e9ntanos tu historia, env\u00edanos tus enlaces. Es posible que recibas una oferta de intercambio de alojamiento gratis!<\/p>\n","protected":false},"excerpt":{"rendered":"<p>\u00bfEres un artista al que le gusta viajar por el mundo pero necesita ahorrar algo de dinero? \u00bfSiempre est\u00e1s buscando el lugar m\u00e1s barato para alojarte? Es posible que hayas encontrado la forma m\u00e1s econ\u00f3mica de conocer Berl\u00edn. Amstel House intercambia conciertos de m\u00fasica, fotograf\u00edas, blogs, clases de cocina o cualquier otro fruto de una [&hellip;]<\/p>\n","protected":false},"author":4,"featured_media":0,"parent":0,"menu_order":6,"comment_status":"closed","ping_status":"closed","template":"page-offer-subpage-stayfree.php","meta":{"footnotes":""},"class_list":["post-1990","page","type-page","status-publish","hentry"],"acf":[],"yoast_head":"<!-- This site is optimized with the Yoast SEO plugin v20.8 - https:\/\/yoast.com\/wordpress\/plugins\/seo\/ -->\n<title>Alojamiento gratuito en Berl\u00edn | Oferta de intercambio<\/title>\n<meta name=\"description\" content=\"\u00bfBuscas alojamiento gratuito en Berl\u00edn? Si tienes talento y muchos seguidores, \u00a1cont\u00e1ctanos! Es posible que puedas alojarte gratis en nuestro hostel.\" \/>\n<meta name=\"robots\" content=\"index, follow, max-snippet:-1, max-image-preview:large, max-video-preview:-1\" \/>\n<link rel=\"canonical\" href=\"https:\/\/www.amstelhouse.de\/es\/alojamiento-gratuito\/\" \/>\n<meta property=\"og:locale\" content=\"es_ES\" \/>\n<meta property=\"og:type\" content=\"article\" \/>\n<meta property=\"og:title\" content=\"Alojamiento gratuito en Berl\u00edn | Oferta de intercambio\" \/>\n<meta property=\"og:description\" content=\"\u00bfBuscas alojamiento gratuito en Berl\u00edn? Si tienes talento y muchos seguidores, \u00a1cont\u00e1ctanos! Es posible que puedas alojarte gratis en nuestro hostel.\" \/>\n<meta property=\"og:url\" content=\"https:\/\/www.amstelhouse.de\/es\/alojamiento-gratuito\/\" \/>\n<meta property=\"og:site_name\" content=\"Amstel House (es)\" \/>\n<meta property=\"article:modified_time\" content=\"2021-11-18T16:15:14+00:00\" \/>\n<meta name=\"twitter:label1\" content=\"Est. reading time\" \/>\n\t<meta name=\"twitter:data1\" content=\"1 minute\" \/>\n<script type=\"application\/ld+json\" class=\"yoast-schema-graph\">{\"@context\":\"https:\/\/schema.org\",\"@graph\":[{\"@type\":\"WebPage\",\"@id\":\"https:\/\/www.amstelhouse.de\/es\/alojamiento-gratuito\/\",\"url\":\"https:\/\/www.amstelhouse.de\/es\/alojamiento-gratuito\/\",\"name\":\"Alojamiento gratuito en Berl\u00edn | Oferta de intercambio\",\"isPartOf\":{\"@id\":\"https:\/\/www.amstelhouse.de\/es\/#website\"},\"datePublished\":\"2017-12-18T16:17:15+00:00\",\"dateModified\":\"2021-11-18T16:15:14+00:00\",\"description\":\"\u00bfBuscas alojamiento gratuito en Berl\u00edn? Si tienes talento y muchos seguidores, \u00a1cont\u00e1ctanos! Es posible que puedas alojarte gratis en nuestro hostel.\",\"breadcrumb\":{\"@id\":\"https:\/\/www.amstelhouse.de\/es\/alojamiento-gratuito\/#breadcrumb\"},\"inLanguage\":\"es-ES\",\"potentialAction\":[{\"@type\":\"ReadAction\",\"target\":[\"https:\/\/www.amstelhouse.de\/es\/alojamiento-gratuito\/\"]}]},{\"@type\":\"BreadcrumbList\",\"@id\":\"https:\/\/www.amstelhouse.de\/es\/alojamiento-gratuito\/#breadcrumb\",\"itemListElement\":[{\"@type\":\"ListItem\",\"position\":1,\"name\":\"Home\",\"item\":\"https:\/\/www.amstelhouse.de\/es\/\"},{\"@type\":\"ListItem\",\"position\":2,\"name\":\"ALOJAMIENTO GRATUITO EN BERL\u00cdN\"}]},{\"@type\":\"WebSite\",\"@id\":\"https:\/\/www.amstelhouse.de\/es\/#website\",\"url\":\"https:\/\/www.amstelhouse.de\/es\/\",\"name\":\"Amstel House (es)\",\"description\":\"Zentral - Gut - Preiswert\",\"potentialAction\":[{\"@type\":\"SearchAction\",\"target\":{\"@type\":\"EntryPoint\",\"urlTemplate\":\"https:\/\/www.amstelhouse.de\/es\/?s={search_term_string}\"},\"query-input\":\"required name=search_term_string\"}],\"inLanguage\":\"es-ES\"}]}<\/script>\n<!-- \/ Yoast SEO plugin. -->","yoast_head_json":{"title":"Alojamiento gratuito en Berl\u00edn | Oferta de intercambio","description":"\u00bfBuscas alojamiento gratuito en Berl\u00edn? Si tienes talento y muchos seguidores, \u00a1cont\u00e1ctanos! Es posible que puedas alojarte gratis en nuestro hostel.","robots":{"index":"index","follow":"follow","max-snippet":"max-snippet:-1","max-image-preview":"max-image-preview:large","max-video-preview":"max-video-preview:-1"},"canonical":"https:\/\/www.amstelhouse.de\/es\/alojamiento-gratuito\/","og_locale":"es_ES","og_type":"article","og_title":"Alojamiento gratuito en Berl\u00edn | Oferta de intercambio","og_description":"\u00bfBuscas alojamiento gratuito en Berl\u00edn? Si tienes talento y muchos seguidores, \u00a1cont\u00e1ctanos! Es posible que puedas alojarte gratis en nuestro hostel.","og_url":"https:\/\/www.amstelhouse.de\/es\/alojamiento-gratuito\/","og_site_name":"Amstel House (es)","article_modified_time":"2021-11-18T16:15:14+00:00","twitter_misc":{"Est. reading time":"1 minute"},"schema":{"@context":"https:\/\/schema.org","@graph":[{"@type":"WebPage","@id":"https:\/\/www.amstelhouse.de\/es\/alojamiento-gratuito\/","url":"https:\/\/www.amstelhouse.de\/es\/alojamiento-gratuito\/","name":"Alojamiento gratuito en Berl\u00edn | Oferta de intercambio","isPartOf":{"@id":"https:\/\/www.amstelhouse.de\/es\/#website"},"datePublished":"2017-12-18T16:17:15+00:00","dateModified":"2021-11-18T16:15:14+00:00","description":"\u00bfBuscas alojamiento gratuito en Berl\u00edn? Si tienes talento y muchos seguidores, \u00a1cont\u00e1ctanos! Es posible que puedas alojarte gratis en nuestro hostel.","breadcrumb":{"@id":"https:\/\/www.amstelhouse.de\/es\/alojamiento-gratuito\/#breadcrumb"},"inLanguage":"es-ES","potentialAction":[{"@type":"ReadAction","target":["https:\/\/www.amstelhouse.de\/es\/alojamiento-gratuito\/"]}]},{"@type":"BreadcrumbList","@id":"https:\/\/www.amstelhouse.de\/es\/alojamiento-gratuito\/#breadcrumb","itemListElement":[{"@type":"ListItem","position":1,"name":"Home","item":"https:\/\/www.amstelhouse.de\/es\/"},{"@type":"ListItem","position":2,"name":"ALOJAMIENTO GRATUITO EN BERL\u00cdN"}]},{"@type":"WebSite","@id":"https:\/\/www.amstelhouse.de\/es\/#website","url":"https:\/\/www.amstelhouse.de\/es\/","name":"Amstel House (es)","description":"Zentral - Gut - Preiswert","potentialAction":[{"@type":"SearchAction","target":{"@type":"EntryPoint","urlTemplate":"https:\/\/www.amstelhouse.de\/es\/?s={search_term_string}"},"query-input":"required name=search_term_string"}],"inLanguage":"es-ES"}]}},"_links":{"self":[{"href":"https:\/\/www.amstelhouse.de\/es\/wp-json\/wp\/v2\/pages\/1990"}],"collection":[{"href":"https:\/\/www.amstelhouse.de\/es\/wp-json\/wp\/v2\/pages"}],"about":[{"href":"https:\/\/www.amstelhouse.de\/es\/wp-json\/wp\/v2\/types\/page"}],"author":[{"embeddable":true,"href":"https:\/\/www.amstelhouse.de\/es\/wp-json\/wp\/v2\/users\/4"}],"replies":[{"embeddable":true,"href":"https:\/\/www.amstelhouse.de\/es\/wp-json\/wp\/v2\/comments?post=1990"}],"version-history":[{"count":5,"href":"https:\/\/www.amstelhouse.de\/es\/wp-json\/wp\/v2\/pages\/1990\/revisions"}],"predecessor-version":[{"id":3049,"href":"https:\/\/www.amstelhouse.de\/es\/wp-json\/wp\/v2\/pages\/1990\/revisions\/3049"}],"wp:attachment":[{"href":"https:\/\/www.amstelhouse.de\/es\/wp-json\/wp\/v2\/media?parent=1990"}],"curies":[{"name":"wp","href":"https:\/\/api.w.org\/{rel}","templated":true}]}}