{"id":20,"date":"2015-02-07T08:37:19","date_gmt":"2015-02-07T08:37:19","guid":{"rendered":"http:\/\/www.amstelhouse.de\/es\/?page_id=20"},"modified":"2021-11-18T16:08:39","modified_gmt":"2021-11-18T16:08:39","slug":"berlin-links","status":"publish","type":"page","link":"https:\/\/www.amstelhouse.de\/es\/berlin-links\/","title":{"rendered":"Berlin links"},"content":{"rendered":"<h2>\u00datiles Berlin links para visitantes y viajeros<\/h2>\n<p>\u00bfComo orientarse en poco tiempo en una ciudad t\u00e1n grande y variada? Hemos seleccionado estos \u00fatiles Berlin links para ayudaros a planear vuestro viaje y a situaros en esta gran ciudad. Son nuestras p\u00e1ginas web favoritas que seguramente contienen la mejor informaci\u00f3n para no perder lo m\u00e1s destacado de Berl\u00edn. \u00a1Incluso antes de vuestra llegada! Aqui encontr\u00e1is consejos sobre los monumentos y museos m\u00e1s interesantes t\u00e1l como transporte p\u00fablico e informaci\u00f3n acerca del tr\u00e1fico. Estas direcciones os dar\u00e1n sugerencias \u00fatiles de viaje o informaci\u00f3n acerca de pr\u00f3ximos eventos en Berl\u00edn. Pensando en vuestro pr\u00f3ximo destino hemos incluido tambi\u00e9n enlaces de nuestros hostales favoritos de toda Europa.<\/p>\n<p><a href=\"https:\/\/www.amstelhouse.de\/es\/wp-content\/uploads\/sites\/37\/2015\/02\/links-utiles-berlin.png\"><img loading=\"lazy\" decoding=\"async\" class=\"alignnone size-full wp-image-983\" src=\"https:\/\/www.amstelhouse.de\/es\/wp-content\/uploads\/sites\/37\/2015\/02\/links-utiles-berlin.png\" alt=\"Berlin links\" width=\"32\" height=\"32\" \/><\/a><\/p>\n","protected":false},"excerpt":{"rendered":"<p>\u00datiles Berlin links para visitantes y viajeros \u00bfComo orientarse en poco tiempo en una ciudad t\u00e1n grande y variada? Hemos seleccionado estos \u00fatiles Berlin links para ayudaros a planear vuestro viaje y a situaros en esta gran ciudad. Son nuestras p\u00e1ginas web favoritas que seguramente contienen la mejor informaci\u00f3n para no perder lo m\u00e1s destacado [&hellip;]<\/p>\n","protected":false},"author":2,"featured_media":0,"parent":0,"menu_order":3,"comment_status":"closed","ping_status":"closed","template":"page-links.php","meta":{"footnotes":""},"class_list":["post-20","page","type-page","status-publish","hentry"],"acf":[],"yoast_head":"<!-- This site is optimized with the Yoast SEO plugin v20.8 - https:\/\/yoast.com\/wordpress\/plugins\/seo\/ -->\n<title>&quot;Gu\u00eda de viaje de Berl\u00edn | Enlaces \u00fatiles<\/title>\n<meta name=\"description\" content=\"Nuestra gu\u00eda de Berl\u00edn ofrece una lista de enlaces \u00fatiles a sitios web con informaci\u00f3n b\u00e1sica sobre atracciones tur\u00edsticas, transporte y mucho m\u00e1s.\" \/>\n<meta name=\"robots\" content=\"index, follow, max-snippet:-1, max-image-preview:large, max-video-preview:-1\" \/>\n<link rel=\"canonical\" href=\"https:\/\/www.amstelhouse.de\/es\/berlin-links\/\" \/>\n<meta property=\"og:locale\" content=\"es_ES\" \/>\n<meta property=\"og:type\" content=\"article\" \/>\n<meta property=\"og:title\" content=\"&quot;Gu\u00eda de viaje de Berl\u00edn | Enlaces \u00fatiles\" \/>\n<meta property=\"og:description\" content=\"Nuestra gu\u00eda de Berl\u00edn ofrece una lista de enlaces \u00fatiles a sitios web con informaci\u00f3n b\u00e1sica sobre atracciones tur\u00edsticas, transporte y mucho m\u00e1s.\" \/>\n<meta property=\"og:url\" content=\"https:\/\/www.amstelhouse.de\/es\/berlin-links\/\" \/>\n<meta property=\"og:site_name\" content=\"Amstel House (es)\" \/>\n<meta property=\"article:modified_time\" content=\"2021-11-18T16:08:39+00:00\" \/>\n<meta property=\"og:image\" content=\"https:\/\/www.amstelhouse.de\/es\/wp-content\/uploads\/sites\/37\/2015\/02\/links-utiles-berlin.png\" \/>\n<meta name=\"twitter:label1\" content=\"Est. reading time\" \/>\n\t<meta name=\"twitter:data1\" content=\"1 minute\" \/>\n<script type=\"application\/ld+json\" class=\"yoast-schema-graph\">{\"@context\":\"https:\/\/schema.org\",\"@graph\":[{\"@type\":\"WebPage\",\"@id\":\"https:\/\/www.amstelhouse.de\/es\/berlin-links\/\",\"url\":\"https:\/\/www.amstelhouse.de\/es\/berlin-links\/\",\"name\":\"\\\"Gu\u00eda de viaje de Berl\u00edn | Enlaces \u00fatiles\",\"isPartOf\":{\"@id\":\"https:\/\/www.amstelhouse.de\/es\/#website\"},\"datePublished\":\"2015-02-07T08:37:19+00:00\",\"dateModified\":\"2021-11-18T16:08:39+00:00\",\"description\":\"Nuestra gu\u00eda de Berl\u00edn ofrece una lista de enlaces \u00fatiles a sitios web con informaci\u00f3n b\u00e1sica sobre atracciones tur\u00edsticas, transporte y mucho m\u00e1s.\",\"breadcrumb\":{\"@id\":\"https:\/\/www.amstelhouse.de\/es\/berlin-links\/#breadcrumb\"},\"inLanguage\":\"es-ES\",\"potentialAction\":[{\"@type\":\"ReadAction\",\"target\":[\"https:\/\/www.amstelhouse.de\/es\/berlin-links\/\"]}]},{\"@type\":\"BreadcrumbList\",\"@id\":\"https:\/\/www.amstelhouse.de\/es\/berlin-links\/#breadcrumb\",\"itemListElement\":[{\"@type\":\"ListItem\",\"position\":1,\"name\":\"Home\",\"item\":\"https:\/\/www.amstelhouse.de\/es\/\"},{\"@type\":\"ListItem\",\"position\":2,\"name\":\"Berlin links\"}]},{\"@type\":\"WebSite\",\"@id\":\"https:\/\/www.amstelhouse.de\/es\/#website\",\"url\":\"https:\/\/www.amstelhouse.de\/es\/\",\"name\":\"Amstel House (es)\",\"description\":\"Zentral - Gut - Preiswert\",\"potentialAction\":[{\"@type\":\"SearchAction\",\"target\":{\"@type\":\"EntryPoint\",\"urlTemplate\":\"https:\/\/www.amstelhouse.de\/es\/?s={search_term_string}\"},\"query-input\":\"required name=search_term_string\"}],\"inLanguage\":\"es-ES\"}]}<\/script>\n<!-- \/ Yoast SEO plugin. -->","yoast_head_json":{"title":"\"Gu\u00eda de viaje de Berl\u00edn | Enlaces \u00fatiles","description":"Nuestra gu\u00eda de Berl\u00edn ofrece una lista de enlaces \u00fatiles a sitios web con informaci\u00f3n b\u00e1sica sobre atracciones tur\u00edsticas, transporte y mucho m\u00e1s.","robots":{"index":"index","follow":"follow","max-snippet":"max-snippet:-1","max-image-preview":"max-image-preview:large","max-video-preview":"max-video-preview:-1"},"canonical":"https:\/\/www.amstelhouse.de\/es\/berlin-links\/","og_locale":"es_ES","og_type":"article","og_title":"\"Gu\u00eda de viaje de Berl\u00edn | Enlaces \u00fatiles","og_description":"Nuestra gu\u00eda de Berl\u00edn ofrece una lista de enlaces \u00fatiles a sitios web con informaci\u00f3n b\u00e1sica sobre atracciones tur\u00edsticas, transporte y mucho m\u00e1s.","og_url":"https:\/\/www.amstelhouse.de\/es\/berlin-links\/","og_site_name":"Amstel House (es)","article_modified_time":"2021-11-18T16:08:39+00:00","og_image":[{"url":"https:\/\/www.amstelhouse.de\/es\/wp-content\/uploads\/sites\/37\/2015\/02\/links-utiles-berlin.png"}],"twitter_misc":{"Est. reading time":"1 minute"},"schema":{"@context":"https:\/\/schema.org","@graph":[{"@type":"WebPage","@id":"https:\/\/www.amstelhouse.de\/es\/berlin-links\/","url":"https:\/\/www.amstelhouse.de\/es\/berlin-links\/","name":"\"Gu\u00eda de viaje de Berl\u00edn | Enlaces \u00fatiles","isPartOf":{"@id":"https:\/\/www.amstelhouse.de\/es\/#website"},"datePublished":"2015-02-07T08:37:19+00:00","dateModified":"2021-11-18T16:08:39+00:00","description":"Nuestra gu\u00eda de Berl\u00edn ofrece una lista de enlaces \u00fatiles a sitios web con informaci\u00f3n b\u00e1sica sobre atracciones tur\u00edsticas, transporte y mucho m\u00e1s.","breadcrumb":{"@id":"https:\/\/www.amstelhouse.de\/es\/berlin-links\/#breadcrumb"},"inLanguage":"es-ES","potentialAction":[{"@type":"ReadAction","target":["https:\/\/www.amstelhouse.de\/es\/berlin-links\/"]}]},{"@type":"BreadcrumbList","@id":"https:\/\/www.amstelhouse.de\/es\/berlin-links\/#breadcrumb","itemListElement":[{"@type":"ListItem","position":1,"name":"Home","item":"https:\/\/www.amstelhouse.de\/es\/"},{"@type":"ListItem","position":2,"name":"Berlin links"}]},{"@type":"WebSite","@id":"https:\/\/www.amstelhouse.de\/es\/#website","url":"https:\/\/www.amstelhouse.de\/es\/","name":"Amstel House (es)","description":"Zentral - Gut - Preiswert","potentialAction":[{"@type":"SearchAction","target":{"@type":"EntryPoint","urlTemplate":"https:\/\/www.amstelhouse.de\/es\/?s={search_term_string}"},"query-input":"required name=search_term_string"}],"inLanguage":"es-ES"}]}},"_links":{"self":[{"href":"https:\/\/www.amstelhouse.de\/es\/wp-json\/wp\/v2\/pages\/20"}],"collection":[{"href":"https:\/\/www.amstelhouse.de\/es\/wp-json\/wp\/v2\/pages"}],"about":[{"href":"https:\/\/www.amstelhouse.de\/es\/wp-json\/wp\/v2\/types\/page"}],"author":[{"embeddable":true,"href":"https:\/\/www.amstelhouse.de\/es\/wp-json\/wp\/v2\/users\/2"}],"replies":[{"embeddable":true,"href":"https:\/\/www.amstelhouse.de\/es\/wp-json\/wp\/v2\/comments?post=20"}],"version-history":[{"count":6,"href":"https:\/\/www.amstelhouse.de\/es\/wp-json\/wp\/v2\/pages\/20\/revisions"}],"predecessor-version":[{"id":2714,"href":"https:\/\/www.amstelhouse.de\/es\/wp-json\/wp\/v2\/pages\/20\/revisions\/2714"}],"wp:attachment":[{"href":"https:\/\/www.amstelhouse.de\/es\/wp-json\/wp\/v2\/media?parent=20"}],"curies":[{"name":"wp","href":"https:\/\/api.w.org\/{rel}","templated":true}]}}