{"id":22,"date":"2015-02-07T08:37:50","date_gmt":"2015-02-07T08:37:50","guid":{"rendered":"http:\/\/www.amstelhouse.de\/es\/?page_id=22"},"modified":"2025-01-29T15:26:39","modified_gmt":"2025-01-29T15:26:39","slug":"servicio-hostal","status":"publish","type":"page","link":"https:\/\/www.amstelhouse.de\/es\/servicio-hostal\/","title":{"rendered":"servicio"},"content":{"rendered":"<h1 style=\"text-align: center;\">SERVICIO DE HOSTEL<\/h1>\n<h2 style=\"text-align: center;\">CUIDANDO DE SU VIAJE BERL\u00cdN A PRECIOS AMIGABLES<\/h2>\n<p>El Hostel Amstel House de Berl\u00edn se encarga de todo hasta el \u00faltimo detalle. Todos los servicios del albergue a precios asequibles. Somos deliciosos: desayuno buffet completo y cocina para hu\u00e9spedes bien equipada. Estamos conectados: Wi-Fi gratis en toda la casa. Alquilamos bicicletas y lavamos tu ropa. Siempre hay una cara sonriente para registrarte o servirte una bebida en el bar &#8211; d\u00eda y noche. Tambi\u00e9n puedes obtener mapas gratuitos, pedir prestados dispositivos electr\u00f3nicos y comprar productos de higiene en la recepci\u00f3n. Ofrecemos los mejores servicios a precios bajos.<\/p>\n","protected":false},"excerpt":{"rendered":"<p>SERVICIO DE HOSTEL CUIDANDO DE SU VIAJE BERL\u00cdN A PRECIOS AMIGABLES El Hostel Amstel House de Berl\u00edn se encarga de todo hasta el \u00faltimo detalle. Todos los servicios del albergue a precios asequibles. Somos deliciosos: desayuno buffet completo y cocina para hu\u00e9spedes bien equipada. Estamos conectados: Wi-Fi gratis en toda la casa. Alquilamos bicicletas y [&hellip;]<\/p>\n","protected":false},"author":2,"featured_media":2628,"parent":0,"menu_order":16,"comment_status":"closed","ping_status":"closed","template":"page-services.php","meta":{"footnotes":""},"class_list":["post-22","page","type-page","status-publish","has-post-thumbnail","hentry"],"acf":[],"yoast_head":"<!-- This site is optimized with the Yoast SEO plugin v20.8 - https:\/\/yoast.com\/wordpress\/plugins\/seo\/ -->\n<title>Servicio de hostel en Berl\u00edn | Alta calidad \u2022 Precios bajos \u2022 24h\/7<\/title>\n<meta name=\"description\" content=\"Consulta nuestros servicios de hostel en Berl\u00edn. Recepci\u00f3n y bar abierto las 24 horas, desayuno, bicicletas, cocina, lavander\u00eda, happy hour y mucho m\u00e1s.\" \/>\n<meta name=\"robots\" content=\"index, follow, max-snippet:-1, max-image-preview:large, max-video-preview:-1\" \/>\n<link rel=\"canonical\" href=\"https:\/\/www.amstelhouse.de\/es\/servicio-hostal\/\" \/>\n<meta property=\"og:locale\" content=\"es_ES\" \/>\n<meta property=\"og:type\" content=\"article\" \/>\n<meta property=\"og:title\" content=\"Servicio de hostel en Berl\u00edn | Alta calidad \u2022 Precios bajos \u2022 24h\/7\" \/>\n<meta property=\"og:description\" content=\"Consulta nuestros servicios de hostel en Berl\u00edn. Recepci\u00f3n y bar abierto las 24 horas, desayuno, bicicletas, cocina, lavander\u00eda, happy hour y mucho m\u00e1s.\" \/>\n<meta property=\"og:url\" content=\"https:\/\/www.amstelhouse.de\/es\/servicio-hostal\/\" \/>\n<meta property=\"og:site_name\" content=\"Amstel House (es)\" \/>\n<meta property=\"article:modified_time\" content=\"2025-01-29T15:26:39+00:00\" \/>\n<meta property=\"og:image\" content=\"https:\/\/www.amstelhouse.de\/es\/wp-content\/uploads\/sites\/37\/2018\/07\/mejor-caf\u00e9-Berlin.jpg\" \/>\n\t<meta property=\"og:image:width\" content=\"1800\" \/>\n\t<meta property=\"og:image:height\" content=\"720\" \/>\n\t<meta property=\"og:image:type\" content=\"image\/jpeg\" \/>\n<meta name=\"twitter:label1\" content=\"Est. reading time\" \/>\n\t<meta name=\"twitter:data1\" content=\"1 minute\" \/>\n<script type=\"application\/ld+json\" class=\"yoast-schema-graph\">{\"@context\":\"https:\/\/schema.org\",\"@graph\":[{\"@type\":\"WebPage\",\"@id\":\"https:\/\/www.amstelhouse.de\/es\/servicio-hostal\/\",\"url\":\"https:\/\/www.amstelhouse.de\/es\/servicio-hostal\/\",\"name\":\"Servicio de hostel en Berl\u00edn | Alta calidad \u2022 Precios bajos \u2022 24h\/7\",\"isPartOf\":{\"@id\":\"https:\/\/www.amstelhouse.de\/es\/#website\"},\"datePublished\":\"2015-02-07T08:37:50+00:00\",\"dateModified\":\"2025-01-29T15:26:39+00:00\",\"description\":\"Consulta nuestros servicios de hostel en Berl\u00edn. Recepci\u00f3n y bar abierto las 24 horas, desayuno, bicicletas, cocina, lavander\u00eda, happy hour y mucho m\u00e1s.\",\"breadcrumb\":{\"@id\":\"https:\/\/www.amstelhouse.de\/es\/servicio-hostal\/#breadcrumb\"},\"inLanguage\":\"es-ES\",\"potentialAction\":[{\"@type\":\"ReadAction\",\"target\":[\"https:\/\/www.amstelhouse.de\/es\/servicio-hostal\/\"]}]},{\"@type\":\"BreadcrumbList\",\"@id\":\"https:\/\/www.amstelhouse.de\/es\/servicio-hostal\/#breadcrumb\",\"itemListElement\":[{\"@type\":\"ListItem\",\"position\":1,\"name\":\"Home\",\"item\":\"https:\/\/www.amstelhouse.de\/es\/\"},{\"@type\":\"ListItem\",\"position\":2,\"name\":\"servicio\"}]},{\"@type\":\"WebSite\",\"@id\":\"https:\/\/www.amstelhouse.de\/es\/#website\",\"url\":\"https:\/\/www.amstelhouse.de\/es\/\",\"name\":\"Amstel House (es)\",\"description\":\"Zentral - Gut - Preiswert\",\"potentialAction\":[{\"@type\":\"SearchAction\",\"target\":{\"@type\":\"EntryPoint\",\"urlTemplate\":\"https:\/\/www.amstelhouse.de\/es\/?s={search_term_string}\"},\"query-input\":\"required name=search_term_string\"}],\"inLanguage\":\"es-ES\"}]}<\/script>\n<!-- \/ Yoast SEO plugin. -->","yoast_head_json":{"title":"Servicio de hostel en Berl\u00edn | Alta calidad \u2022 Precios bajos \u2022 24h\/7","description":"Consulta nuestros servicios de hostel en Berl\u00edn. Recepci\u00f3n y bar abierto las 24 horas, desayuno, bicicletas, cocina, lavander\u00eda, happy hour y mucho m\u00e1s.","robots":{"index":"index","follow":"follow","max-snippet":"max-snippet:-1","max-image-preview":"max-image-preview:large","max-video-preview":"max-video-preview:-1"},"canonical":"https:\/\/www.amstelhouse.de\/es\/servicio-hostal\/","og_locale":"es_ES","og_type":"article","og_title":"Servicio de hostel en Berl\u00edn | Alta calidad \u2022 Precios bajos \u2022 24h\/7","og_description":"Consulta nuestros servicios de hostel en Berl\u00edn. Recepci\u00f3n y bar abierto las 24 horas, desayuno, bicicletas, cocina, lavander\u00eda, happy hour y mucho m\u00e1s.","og_url":"https:\/\/www.amstelhouse.de\/es\/servicio-hostal\/","og_site_name":"Amstel House (es)","article_modified_time":"2025-01-29T15:26:39+00:00","og_image":[{"width":1800,"height":720,"url":"https:\/\/www.amstelhouse.de\/es\/wp-content\/uploads\/sites\/37\/2018\/07\/mejor-caf\u00e9-Berlin.jpg","type":"image\/jpeg"}],"twitter_misc":{"Est. reading time":"1 minute"},"schema":{"@context":"https:\/\/schema.org","@graph":[{"@type":"WebPage","@id":"https:\/\/www.amstelhouse.de\/es\/servicio-hostal\/","url":"https:\/\/www.amstelhouse.de\/es\/servicio-hostal\/","name":"Servicio de hostel en Berl\u00edn | Alta calidad \u2022 Precios bajos \u2022 24h\/7","isPartOf":{"@id":"https:\/\/www.amstelhouse.de\/es\/#website"},"datePublished":"2015-02-07T08:37:50+00:00","dateModified":"2025-01-29T15:26:39+00:00","description":"Consulta nuestros servicios de hostel en Berl\u00edn. Recepci\u00f3n y bar abierto las 24 horas, desayuno, bicicletas, cocina, lavander\u00eda, happy hour y mucho m\u00e1s.","breadcrumb":{"@id":"https:\/\/www.amstelhouse.de\/es\/servicio-hostal\/#breadcrumb"},"inLanguage":"es-ES","potentialAction":[{"@type":"ReadAction","target":["https:\/\/www.amstelhouse.de\/es\/servicio-hostal\/"]}]},{"@type":"BreadcrumbList","@id":"https:\/\/www.amstelhouse.de\/es\/servicio-hostal\/#breadcrumb","itemListElement":[{"@type":"ListItem","position":1,"name":"Home","item":"https:\/\/www.amstelhouse.de\/es\/"},{"@type":"ListItem","position":2,"name":"servicio"}]},{"@type":"WebSite","@id":"https:\/\/www.amstelhouse.de\/es\/#website","url":"https:\/\/www.amstelhouse.de\/es\/","name":"Amstel House (es)","description":"Zentral - Gut - Preiswert","potentialAction":[{"@type":"SearchAction","target":{"@type":"EntryPoint","urlTemplate":"https:\/\/www.amstelhouse.de\/es\/?s={search_term_string}"},"query-input":"required name=search_term_string"}],"inLanguage":"es-ES"}]}},"_links":{"self":[{"href":"https:\/\/www.amstelhouse.de\/es\/wp-json\/wp\/v2\/pages\/22"}],"collection":[{"href":"https:\/\/www.amstelhouse.de\/es\/wp-json\/wp\/v2\/pages"}],"about":[{"href":"https:\/\/www.amstelhouse.de\/es\/wp-json\/wp\/v2\/types\/page"}],"author":[{"embeddable":true,"href":"https:\/\/www.amstelhouse.de\/es\/wp-json\/wp\/v2\/users\/2"}],"replies":[{"embeddable":true,"href":"https:\/\/www.amstelhouse.de\/es\/wp-json\/wp\/v2\/comments?post=22"}],"version-history":[{"count":6,"href":"https:\/\/www.amstelhouse.de\/es\/wp-json\/wp\/v2\/pages\/22\/revisions"}],"predecessor-version":[{"id":3339,"href":"https:\/\/www.amstelhouse.de\/es\/wp-json\/wp\/v2\/pages\/22\/revisions\/3339"}],"wp:featuredmedia":[{"embeddable":true,"href":"https:\/\/www.amstelhouse.de\/es\/wp-json\/wp\/v2\/media\/2628"}],"wp:attachment":[{"href":"https:\/\/www.amstelhouse.de\/es\/wp-json\/wp\/v2\/media?parent=22"}],"curies":[{"name":"wp","href":"https:\/\/api.w.org\/{rel}","templated":true}]}}