{"id":24,"date":"2015-02-07T08:37:59","date_gmt":"2015-02-07T08:37:59","guid":{"rendered":"http:\/\/www.amstelhouse.de\/es\/?page_id=24"},"modified":"2021-11-18T15:59:48","modified_gmt":"2021-11-18T15:59:48","slug":"fotos-hostal","status":"publish","type":"page","link":"https:\/\/www.amstelhouse.de\/es\/fotos-hostal\/","title":{"rendered":"Galeria"},"content":{"rendered":"<h1 style=\"text-align: center;\"><strong>FOTOS DEL ALBERGUE DE BERL\u00cdN<\/strong><\/h1>\n<h2 style=\"text-align: center;\">SALONES ECON\u00d3MICOS, \u00c1REAS COMUNES DISE\u00d1ADAS Y EVENTOS DIVERTIDOS<\/h2>\n<p>Conoce un poco a Amstel House a trav\u00e9s de las Fotos del hostel en Berl\u00edn. Incluso a precios bajos tenemos mucho que ofrecer. Una gran variedad de habitaciones econ\u00f3micas, desde los cl\u00e1sicos dormitorios de los albergues hasta el alojamiento privado. Un dise\u00f1o de albergue divertido y \u00fanico que no s\u00f3lo divierte, sino que invita a los viajeros a experimentar juntos nuestras numerosas zonas comunes y servicios. Y finalmente nuestra animada agenda de eventos. Todo cuidadosamente pensado para que puedas llevarte a casa muchos recuerdos inolvidables.<\/p>\n<p>&nbsp;<\/p>\n","protected":false},"excerpt":{"rendered":"<p>FOTOS DEL ALBERGUE DE BERL\u00cdN SALONES ECON\u00d3MICOS, \u00c1REAS COMUNES DISE\u00d1ADAS Y EVENTOS DIVERTIDOS Conoce un poco a Amstel House a trav\u00e9s de las Fotos del hostel en Berl\u00edn. Incluso a precios bajos tenemos mucho que ofrecer. Una gran variedad de habitaciones econ\u00f3micas, desde los cl\u00e1sicos dormitorios de los albergues hasta el alojamiento privado. Un dise\u00f1o [&hellip;]<\/p>\n","protected":false},"author":2,"featured_media":2586,"parent":0,"menu_order":7,"comment_status":"closed","ping_status":"closed","template":"page-gallery.php","meta":{"footnotes":""},"class_list":["post-24","page","type-page","status-publish","has-post-thumbnail","hentry"],"acf":[],"yoast_head":"<!-- This site is optimized with the Yoast SEO plugin v20.8 - https:\/\/yoast.com\/wordpress\/plugins\/seo\/ -->\n<title>Fotos del hostel en Berl\u00edn | Habitaciones \u2022 Zonas comunes \u2022 Eventos<\/title>\n<meta name=\"description\" content=\"Echa un vistazo a las fotos de nuestro hostel en el centro de Berl\u00edn. Conoce el dise\u00f1o y estilo de nuestras habitaciones, salas, \u00e1reas comunes y eventos.\" \/>\n<meta name=\"robots\" content=\"index, follow, max-snippet:-1, max-image-preview:large, max-video-preview:-1\" \/>\n<link rel=\"canonical\" href=\"https:\/\/www.amstelhouse.de\/es\/fotos-hostal\/\" \/>\n<meta property=\"og:locale\" content=\"es_ES\" \/>\n<meta property=\"og:type\" content=\"article\" \/>\n<meta property=\"og:title\" content=\"Fotos del hostel en Berl\u00edn | Habitaciones \u2022 Zonas comunes \u2022 Eventos\" \/>\n<meta property=\"og:description\" content=\"Echa un vistazo a las fotos de nuestro hostel en el centro de Berl\u00edn. Conoce el dise\u00f1o y estilo de nuestras habitaciones, salas, \u00e1reas comunes y eventos.\" \/>\n<meta property=\"og:url\" content=\"https:\/\/www.amstelhouse.de\/es\/fotos-hostal\/\" \/>\n<meta property=\"og:site_name\" content=\"Amstel House (es)\" \/>\n<meta property=\"article:modified_time\" content=\"2021-11-18T15:59:48+00:00\" \/>\n<meta property=\"og:image\" content=\"https:\/\/www.amstelhouse.de\/es\/wp-content\/uploads\/sites\/37\/2018\/07\/hostal-24h-abierto-berlin.jpg\" \/>\n\t<meta property=\"og:image:width\" content=\"1800\" \/>\n\t<meta property=\"og:image:height\" content=\"720\" \/>\n\t<meta property=\"og:image:type\" content=\"image\/jpeg\" \/>\n<meta name=\"twitter:label1\" content=\"Est. reading time\" \/>\n\t<meta name=\"twitter:data1\" content=\"1 minute\" \/>\n<script type=\"application\/ld+json\" class=\"yoast-schema-graph\">{\"@context\":\"https:\/\/schema.org\",\"@graph\":[{\"@type\":\"WebPage\",\"@id\":\"https:\/\/www.amstelhouse.de\/es\/fotos-hostal\/\",\"url\":\"https:\/\/www.amstelhouse.de\/es\/fotos-hostal\/\",\"name\":\"Fotos del hostel en Berl\u00edn | Habitaciones \u2022 Zonas comunes \u2022 Eventos\",\"isPartOf\":{\"@id\":\"https:\/\/www.amstelhouse.de\/es\/#website\"},\"datePublished\":\"2015-02-07T08:37:59+00:00\",\"dateModified\":\"2021-11-18T15:59:48+00:00\",\"description\":\"Echa un vistazo a las fotos de nuestro hostel en el centro de Berl\u00edn. Conoce el dise\u00f1o y estilo de nuestras habitaciones, salas, \u00e1reas comunes y eventos.\",\"breadcrumb\":{\"@id\":\"https:\/\/www.amstelhouse.de\/es\/fotos-hostal\/#breadcrumb\"},\"inLanguage\":\"es-ES\",\"potentialAction\":[{\"@type\":\"ReadAction\",\"target\":[\"https:\/\/www.amstelhouse.de\/es\/fotos-hostal\/\"]}]},{\"@type\":\"BreadcrumbList\",\"@id\":\"https:\/\/www.amstelhouse.de\/es\/fotos-hostal\/#breadcrumb\",\"itemListElement\":[{\"@type\":\"ListItem\",\"position\":1,\"name\":\"Home\",\"item\":\"https:\/\/www.amstelhouse.de\/es\/\"},{\"@type\":\"ListItem\",\"position\":2,\"name\":\"Galeria\"}]},{\"@type\":\"WebSite\",\"@id\":\"https:\/\/www.amstelhouse.de\/es\/#website\",\"url\":\"https:\/\/www.amstelhouse.de\/es\/\",\"name\":\"Amstel House (es)\",\"description\":\"Zentral - Gut - Preiswert\",\"potentialAction\":[{\"@type\":\"SearchAction\",\"target\":{\"@type\":\"EntryPoint\",\"urlTemplate\":\"https:\/\/www.amstelhouse.de\/es\/?s={search_term_string}\"},\"query-input\":\"required name=search_term_string\"}],\"inLanguage\":\"es-ES\"}]}<\/script>\n<!-- \/ Yoast SEO plugin. -->","yoast_head_json":{"title":"Fotos del hostel en Berl\u00edn | Habitaciones \u2022 Zonas comunes \u2022 Eventos","description":"Echa un vistazo a las fotos de nuestro hostel en el centro de Berl\u00edn. Conoce el dise\u00f1o y estilo de nuestras habitaciones, salas, \u00e1reas comunes y eventos.","robots":{"index":"index","follow":"follow","max-snippet":"max-snippet:-1","max-image-preview":"max-image-preview:large","max-video-preview":"max-video-preview:-1"},"canonical":"https:\/\/www.amstelhouse.de\/es\/fotos-hostal\/","og_locale":"es_ES","og_type":"article","og_title":"Fotos del hostel en Berl\u00edn | Habitaciones \u2022 Zonas comunes \u2022 Eventos","og_description":"Echa un vistazo a las fotos de nuestro hostel en el centro de Berl\u00edn. Conoce el dise\u00f1o y estilo de nuestras habitaciones, salas, \u00e1reas comunes y eventos.","og_url":"https:\/\/www.amstelhouse.de\/es\/fotos-hostal\/","og_site_name":"Amstel House (es)","article_modified_time":"2021-11-18T15:59:48+00:00","og_image":[{"width":1800,"height":720,"url":"https:\/\/www.amstelhouse.de\/es\/wp-content\/uploads\/sites\/37\/2018\/07\/hostal-24h-abierto-berlin.jpg","type":"image\/jpeg"}],"twitter_misc":{"Est. reading time":"1 minute"},"schema":{"@context":"https:\/\/schema.org","@graph":[{"@type":"WebPage","@id":"https:\/\/www.amstelhouse.de\/es\/fotos-hostal\/","url":"https:\/\/www.amstelhouse.de\/es\/fotos-hostal\/","name":"Fotos del hostel en Berl\u00edn | Habitaciones \u2022 Zonas comunes \u2022 Eventos","isPartOf":{"@id":"https:\/\/www.amstelhouse.de\/es\/#website"},"datePublished":"2015-02-07T08:37:59+00:00","dateModified":"2021-11-18T15:59:48+00:00","description":"Echa un vistazo a las fotos de nuestro hostel en el centro de Berl\u00edn. Conoce el dise\u00f1o y estilo de nuestras habitaciones, salas, \u00e1reas comunes y eventos.","breadcrumb":{"@id":"https:\/\/www.amstelhouse.de\/es\/fotos-hostal\/#breadcrumb"},"inLanguage":"es-ES","potentialAction":[{"@type":"ReadAction","target":["https:\/\/www.amstelhouse.de\/es\/fotos-hostal\/"]}]},{"@type":"BreadcrumbList","@id":"https:\/\/www.amstelhouse.de\/es\/fotos-hostal\/#breadcrumb","itemListElement":[{"@type":"ListItem","position":1,"name":"Home","item":"https:\/\/www.amstelhouse.de\/es\/"},{"@type":"ListItem","position":2,"name":"Galeria"}]},{"@type":"WebSite","@id":"https:\/\/www.amstelhouse.de\/es\/#website","url":"https:\/\/www.amstelhouse.de\/es\/","name":"Amstel House (es)","description":"Zentral - Gut - Preiswert","potentialAction":[{"@type":"SearchAction","target":{"@type":"EntryPoint","urlTemplate":"https:\/\/www.amstelhouse.de\/es\/?s={search_term_string}"},"query-input":"required name=search_term_string"}],"inLanguage":"es-ES"}]}},"_links":{"self":[{"href":"https:\/\/www.amstelhouse.de\/es\/wp-json\/wp\/v2\/pages\/24"}],"collection":[{"href":"https:\/\/www.amstelhouse.de\/es\/wp-json\/wp\/v2\/pages"}],"about":[{"href":"https:\/\/www.amstelhouse.de\/es\/wp-json\/wp\/v2\/types\/page"}],"author":[{"embeddable":true,"href":"https:\/\/www.amstelhouse.de\/es\/wp-json\/wp\/v2\/users\/2"}],"replies":[{"embeddable":true,"href":"https:\/\/www.amstelhouse.de\/es\/wp-json\/wp\/v2\/comments?post=24"}],"version-history":[{"count":5,"href":"https:\/\/www.amstelhouse.de\/es\/wp-json\/wp\/v2\/pages\/24\/revisions"}],"predecessor-version":[{"id":3025,"href":"https:\/\/www.amstelhouse.de\/es\/wp-json\/wp\/v2\/pages\/24\/revisions\/3025"}],"wp:featuredmedia":[{"embeddable":true,"href":"https:\/\/www.amstelhouse.de\/es\/wp-json\/wp\/v2\/media\/2586"}],"wp:attachment":[{"href":"https:\/\/www.amstelhouse.de\/es\/wp-json\/wp\/v2\/media?parent=24"}],"curies":[{"name":"wp","href":"https:\/\/api.w.org\/{rel}","templated":true}]}}