{"id":256,"date":"2015-02-13T07:38:11","date_gmt":"2015-02-13T07:38:11","guid":{"rendered":"http:\/\/www.amstelhouse.de\/es\/?page_id=256"},"modified":"2021-11-18T15:48:37","modified_gmt":"2021-11-18T15:48:37","slug":"habitacion-familiar","status":"publish","type":"page","link":"https:\/\/www.amstelhouse.de\/es\/ofertas-alojamiento\/habitacion-familiar\/","title":{"rendered":"Habitaci\u00f3n familiar"},"content":{"rendered":"<h2 style=\"text-align: center;\">VIAJE ECON\u00d3MICO A BERL\u00cdN CON NI\u00d1OS<\/h2>\n<p>Amstel House es un hostel familiar. Los beb\u00e9s de hasta 3 a\u00f1os de edad se alojan gratis y los ni\u00f1os menores de 12 a\u00f1os reciben un 50% de descuento sobre la tarifa diaria. Nuestra espaciosa habitaci\u00f3n familiar con ba\u00f1o ofrece comodidad y privacidad a precios asequibles. Tenemos un bonito parque infantil a la vuelta de la esquina y una gran variedad de servicios. Todo lo necesario para unas vacaciones familiares divertidas pero econ\u00f3micas en Berl\u00edn.<\/p>\n<h2>DESDE 49,00 EuroS*<\/h2>\n<p>* dependiendo del precio diario por habitaci\u00f3n, la cantidad de ni\u00f1os, la cantidad de adultos y la edad de los ni\u00f1os.<\/p>\n","protected":false},"excerpt":{"rendered":"<p>VIAJE ECON\u00d3MICO A BERL\u00cdN CON NI\u00d1OS Amstel House es un hostel familiar. Los beb\u00e9s de hasta 3 a\u00f1os de edad se alojan gratis y los ni\u00f1os menores de 12 a\u00f1os reciben un 50% de descuento sobre la tarifa diaria. Nuestra espaciosa habitaci\u00f3n familiar con ba\u00f1o ofrece comodidad y privacidad a precios asequibles. Tenemos un bonito [&hellip;]<\/p>\n","protected":false},"author":2,"featured_media":0,"parent":12,"menu_order":7,"comment_status":"closed","ping_status":"open","template":"page-offer-subpage.php","meta":{"footnotes":""},"class_list":["post-256","page","type-page","status-publish","hentry"],"acf":[],"yoast_head":"<!-- This site is optimized with the Yoast SEO plugin v20.8 - https:\/\/yoast.com\/wordpress\/plugins\/seo\/ -->\n<title>Habitaci\u00f3n familiar en Berl\u00edn | Oferta en hostel<\/title>\n<meta name=\"description\" content=\"Comprueba nuestra confortable habitaci\u00f3n familiar con ba\u00f1o. Ofrecemos un servicio de calidad, precios promocionales y una ubicaci\u00f3n c\u00e9ntrica en Berl\u00edn.\" \/>\n<meta name=\"robots\" content=\"index, follow, max-snippet:-1, max-image-preview:large, max-video-preview:-1\" \/>\n<link rel=\"canonical\" href=\"https:\/\/www.amstelhouse.de\/es\/ofertas-alojamiento\/habitacion-familiar\/\" \/>\n<meta property=\"og:locale\" content=\"es_ES\" \/>\n<meta property=\"og:type\" content=\"article\" \/>\n<meta property=\"og:title\" content=\"Habitaci\u00f3n familiar en Berl\u00edn | Oferta en hostel\" \/>\n<meta property=\"og:description\" content=\"Comprueba nuestra confortable habitaci\u00f3n familiar con ba\u00f1o. Ofrecemos un servicio de calidad, precios promocionales y una ubicaci\u00f3n c\u00e9ntrica en Berl\u00edn.\" \/>\n<meta property=\"og:url\" content=\"https:\/\/www.amstelhouse.de\/es\/ofertas-alojamiento\/habitacion-familiar\/\" \/>\n<meta property=\"og:site_name\" content=\"Amstel House (es)\" \/>\n<meta property=\"article:modified_time\" content=\"2021-11-18T15:48:37+00:00\" \/>\n<meta name=\"twitter:label1\" content=\"Est. reading time\" \/>\n\t<meta name=\"twitter:data1\" content=\"1 minute\" \/>\n<script type=\"application\/ld+json\" class=\"yoast-schema-graph\">{\"@context\":\"https:\/\/schema.org\",\"@graph\":[{\"@type\":\"WebPage\",\"@id\":\"https:\/\/www.amstelhouse.de\/es\/ofertas-alojamiento\/habitacion-familiar\/\",\"url\":\"https:\/\/www.amstelhouse.de\/es\/ofertas-alojamiento\/habitacion-familiar\/\",\"name\":\"Habitaci\u00f3n familiar en Berl\u00edn | Oferta en hostel\",\"isPartOf\":{\"@id\":\"https:\/\/www.amstelhouse.de\/es\/#website\"},\"datePublished\":\"2015-02-13T07:38:11+00:00\",\"dateModified\":\"2021-11-18T15:48:37+00:00\",\"description\":\"Comprueba nuestra confortable habitaci\u00f3n familiar con ba\u00f1o. Ofrecemos un servicio de calidad, precios promocionales y una ubicaci\u00f3n c\u00e9ntrica en Berl\u00edn.\",\"breadcrumb\":{\"@id\":\"https:\/\/www.amstelhouse.de\/es\/ofertas-alojamiento\/habitacion-familiar\/#breadcrumb\"},\"inLanguage\":\"es-ES\",\"potentialAction\":[{\"@type\":\"ReadAction\",\"target\":[\"https:\/\/www.amstelhouse.de\/es\/ofertas-alojamiento\/habitacion-familiar\/\"]}]},{\"@type\":\"BreadcrumbList\",\"@id\":\"https:\/\/www.amstelhouse.de\/es\/ofertas-alojamiento\/habitacion-familiar\/#breadcrumb\",\"itemListElement\":[{\"@type\":\"ListItem\",\"position\":1,\"name\":\"Home\",\"item\":\"https:\/\/www.amstelhouse.de\/es\/\"},{\"@type\":\"ListItem\",\"position\":2,\"name\":\"Ofertas alojamiento\",\"item\":\"https:\/\/www.amstelhouse.de\/es\/ofertas-alojamiento\/\"},{\"@type\":\"ListItem\",\"position\":3,\"name\":\"Habitaci\u00f3n familiar\"}]},{\"@type\":\"WebSite\",\"@id\":\"https:\/\/www.amstelhouse.de\/es\/#website\",\"url\":\"https:\/\/www.amstelhouse.de\/es\/\",\"name\":\"Amstel House (es)\",\"description\":\"Zentral - Gut - Preiswert\",\"potentialAction\":[{\"@type\":\"SearchAction\",\"target\":{\"@type\":\"EntryPoint\",\"urlTemplate\":\"https:\/\/www.amstelhouse.de\/es\/?s={search_term_string}\"},\"query-input\":\"required name=search_term_string\"}],\"inLanguage\":\"es-ES\"}]}<\/script>\n<!-- \/ Yoast SEO plugin. -->","yoast_head_json":{"title":"Habitaci\u00f3n familiar en Berl\u00edn | Oferta en hostel","description":"Comprueba nuestra confortable habitaci\u00f3n familiar con ba\u00f1o. Ofrecemos un servicio de calidad, precios promocionales y una ubicaci\u00f3n c\u00e9ntrica en Berl\u00edn.","robots":{"index":"index","follow":"follow","max-snippet":"max-snippet:-1","max-image-preview":"max-image-preview:large","max-video-preview":"max-video-preview:-1"},"canonical":"https:\/\/www.amstelhouse.de\/es\/ofertas-alojamiento\/habitacion-familiar\/","og_locale":"es_ES","og_type":"article","og_title":"Habitaci\u00f3n familiar en Berl\u00edn | Oferta en hostel","og_description":"Comprueba nuestra confortable habitaci\u00f3n familiar con ba\u00f1o. Ofrecemos un servicio de calidad, precios promocionales y una ubicaci\u00f3n c\u00e9ntrica en Berl\u00edn.","og_url":"https:\/\/www.amstelhouse.de\/es\/ofertas-alojamiento\/habitacion-familiar\/","og_site_name":"Amstel House (es)","article_modified_time":"2021-11-18T15:48:37+00:00","twitter_misc":{"Est. reading time":"1 minute"},"schema":{"@context":"https:\/\/schema.org","@graph":[{"@type":"WebPage","@id":"https:\/\/www.amstelhouse.de\/es\/ofertas-alojamiento\/habitacion-familiar\/","url":"https:\/\/www.amstelhouse.de\/es\/ofertas-alojamiento\/habitacion-familiar\/","name":"Habitaci\u00f3n familiar en Berl\u00edn | Oferta en hostel","isPartOf":{"@id":"https:\/\/www.amstelhouse.de\/es\/#website"},"datePublished":"2015-02-13T07:38:11+00:00","dateModified":"2021-11-18T15:48:37+00:00","description":"Comprueba nuestra confortable habitaci\u00f3n familiar con ba\u00f1o. Ofrecemos un servicio de calidad, precios promocionales y una ubicaci\u00f3n c\u00e9ntrica en Berl\u00edn.","breadcrumb":{"@id":"https:\/\/www.amstelhouse.de\/es\/ofertas-alojamiento\/habitacion-familiar\/#breadcrumb"},"inLanguage":"es-ES","potentialAction":[{"@type":"ReadAction","target":["https:\/\/www.amstelhouse.de\/es\/ofertas-alojamiento\/habitacion-familiar\/"]}]},{"@type":"BreadcrumbList","@id":"https:\/\/www.amstelhouse.de\/es\/ofertas-alojamiento\/habitacion-familiar\/#breadcrumb","itemListElement":[{"@type":"ListItem","position":1,"name":"Home","item":"https:\/\/www.amstelhouse.de\/es\/"},{"@type":"ListItem","position":2,"name":"Ofertas alojamiento","item":"https:\/\/www.amstelhouse.de\/es\/ofertas-alojamiento\/"},{"@type":"ListItem","position":3,"name":"Habitaci\u00f3n familiar"}]},{"@type":"WebSite","@id":"https:\/\/www.amstelhouse.de\/es\/#website","url":"https:\/\/www.amstelhouse.de\/es\/","name":"Amstel House (es)","description":"Zentral - Gut - Preiswert","potentialAction":[{"@type":"SearchAction","target":{"@type":"EntryPoint","urlTemplate":"https:\/\/www.amstelhouse.de\/es\/?s={search_term_string}"},"query-input":"required name=search_term_string"}],"inLanguage":"es-ES"}]}},"_links":{"self":[{"href":"https:\/\/www.amstelhouse.de\/es\/wp-json\/wp\/v2\/pages\/256"}],"collection":[{"href":"https:\/\/www.amstelhouse.de\/es\/wp-json\/wp\/v2\/pages"}],"about":[{"href":"https:\/\/www.amstelhouse.de\/es\/wp-json\/wp\/v2\/types\/page"}],"author":[{"embeddable":true,"href":"https:\/\/www.amstelhouse.de\/es\/wp-json\/wp\/v2\/users\/2"}],"replies":[{"embeddable":true,"href":"https:\/\/www.amstelhouse.de\/es\/wp-json\/wp\/v2\/comments?post=256"}],"version-history":[{"count":4,"href":"https:\/\/www.amstelhouse.de\/es\/wp-json\/wp\/v2\/pages\/256\/revisions"}],"predecessor-version":[{"id":3032,"href":"https:\/\/www.amstelhouse.de\/es\/wp-json\/wp\/v2\/pages\/256\/revisions\/3032"}],"up":[{"embeddable":true,"href":"https:\/\/www.amstelhouse.de\/es\/wp-json\/wp\/v2\/pages\/12"}],"wp:attachment":[{"href":"https:\/\/www.amstelhouse.de\/es\/wp-json\/wp\/v2\/media?parent=256"}],"curies":[{"name":"wp","href":"https:\/\/api.w.org\/{rel}","templated":true}]}}