{"id":26,"date":"2015-02-07T08:38:27","date_gmt":"2015-02-07T08:38:27","guid":{"rendered":"http:\/\/www.amstelhouse.de\/es\/?page_id=26"},"modified":"2021-11-18T15:44:29","modified_gmt":"2021-11-18T15:44:29","slug":"habitaciones-hostal","status":"publish","type":"page","link":"https:\/\/www.amstelhouse.de\/es\/habitaciones-hostal\/","title":{"rendered":"Habitaciones"},"content":{"rendered":"<h1 style=\"text-align: center;\">Nuestras habitaciones de hostel en Berl\u00edn<\/h1>\n<h2 style=\"text-align: center;\">EL MEJOR ALOJAMIENTO ECON\u00d3MICO DE LA CIUDAD<\/h2>\n<p>\u00bfBuscas un lugar bueno y econ\u00f3mico para alojarte? Ofrecemos una gran cantidad de\u00a0Habitaciones de hostel en Berl\u00edn Berl\u00edn, dise\u00f1adas con estilo para ofrecer comodidad y conveniencia. Desde habitaciones individuales,\u00a0 y dobles con ba\u00f1o privado o con ba\u00f1o compartido; desde dormitorios cl\u00e1sicos y peque\u00f1os hasta habitaciones familiares: nuestro econ\u00f3mico pero atractivo\u00a0 hostel sorprende incluso a bajo costo. Ya sea como viajero solitario o en compa\u00f1\u00eda de tu pareja, de mochileros con amigos o durante las vacaciones familiares, tenemos diferentes opciones para adaptarnos mejor a tu momento de viaje.<\/p>\n<p>&nbsp;<\/p>\n<p>&nbsp;<\/p>\n","protected":false},"excerpt":{"rendered":"<p>Nuestras habitaciones de hostel en Berl\u00edn EL MEJOR ALOJAMIENTO ECON\u00d3MICO DE LA CIUDAD \u00bfBuscas un lugar bueno y econ\u00f3mico para alojarte? Ofrecemos una gran cantidad de\u00a0Habitaciones de hostel en Berl\u00edn Berl\u00edn, dise\u00f1adas con estilo para ofrecer comodidad y conveniencia. Desde habitaciones individuales,\u00a0 y dobles con ba\u00f1o privado o con ba\u00f1o compartido; desde dormitorios cl\u00e1sicos y [&hellip;]<\/p>\n","protected":false},"author":2,"featured_media":2975,"parent":0,"menu_order":8,"comment_status":"closed","ping_status":"closed","template":"page-room.php","meta":{"footnotes":""},"class_list":["post-26","page","type-page","status-publish","has-post-thumbnail","hentry"],"acf":[],"yoast_head":"<!-- This site is optimized with the Yoast SEO plugin v20.8 - https:\/\/yoast.com\/wordpress\/plugins\/seo\/ -->\n<title>Habitaciones de hostel en Berl\u00edn | Alojamiento privado y compartido<\/title>\n<meta name=\"description\" content=\"Al\u00f3jate en las mejores y m\u00e1s econ\u00f3micas habitaciones de albergue en Berl\u00edn. Ofrecemos seis categor\u00edas de alojamiento moderno en el centro de la ciudad.\" \/>\n<meta name=\"robots\" content=\"index, follow, max-snippet:-1, max-image-preview:large, max-video-preview:-1\" \/>\n<link rel=\"canonical\" href=\"https:\/\/www.amstelhouse.de\/es\/habitaciones-hostal\/\" \/>\n<meta property=\"og:locale\" content=\"es_ES\" \/>\n<meta property=\"og:type\" content=\"article\" \/>\n<meta property=\"og:title\" content=\"Habitaciones de hostel en Berl\u00edn | Alojamiento privado y compartido\" \/>\n<meta property=\"og:description\" content=\"Al\u00f3jate en las mejores y m\u00e1s econ\u00f3micas habitaciones de albergue en Berl\u00edn. Ofrecemos seis categor\u00edas de alojamiento moderno en el centro de la ciudad.\" \/>\n<meta property=\"og:url\" content=\"https:\/\/www.amstelhouse.de\/es\/habitaciones-hostal\/\" \/>\n<meta property=\"og:site_name\" content=\"Amstel House (es)\" \/>\n<meta property=\"article:modified_time\" content=\"2021-11-18T15:44:29+00:00\" \/>\n<meta property=\"og:image\" content=\"https:\/\/www.amstelhouse.de\/es\/wp-content\/uploads\/sites\/37\/2019\/11\/amstel-hostel-berlin-habitaciones-economicas.jpg\" \/>\n\t<meta property=\"og:image:width\" content=\"1900\" \/>\n\t<meta property=\"og:image:height\" content=\"760\" \/>\n\t<meta property=\"og:image:type\" content=\"image\/jpeg\" \/>\n<meta name=\"twitter:label1\" content=\"Est. reading time\" \/>\n\t<meta name=\"twitter:data1\" content=\"1 minute\" \/>\n<script type=\"application\/ld+json\" class=\"yoast-schema-graph\">{\"@context\":\"https:\/\/schema.org\",\"@graph\":[{\"@type\":\"WebPage\",\"@id\":\"https:\/\/www.amstelhouse.de\/es\/habitaciones-hostal\/\",\"url\":\"https:\/\/www.amstelhouse.de\/es\/habitaciones-hostal\/\",\"name\":\"Habitaciones de hostel en Berl\u00edn | Alojamiento privado y compartido\",\"isPartOf\":{\"@id\":\"https:\/\/www.amstelhouse.de\/es\/#website\"},\"datePublished\":\"2015-02-07T08:38:27+00:00\",\"dateModified\":\"2021-11-18T15:44:29+00:00\",\"description\":\"Al\u00f3jate en las mejores y m\u00e1s econ\u00f3micas habitaciones de albergue en Berl\u00edn. Ofrecemos seis categor\u00edas de alojamiento moderno en el centro de la ciudad.\",\"breadcrumb\":{\"@id\":\"https:\/\/www.amstelhouse.de\/es\/habitaciones-hostal\/#breadcrumb\"},\"inLanguage\":\"es-ES\",\"potentialAction\":[{\"@type\":\"ReadAction\",\"target\":[\"https:\/\/www.amstelhouse.de\/es\/habitaciones-hostal\/\"]}]},{\"@type\":\"BreadcrumbList\",\"@id\":\"https:\/\/www.amstelhouse.de\/es\/habitaciones-hostal\/#breadcrumb\",\"itemListElement\":[{\"@type\":\"ListItem\",\"position\":1,\"name\":\"Home\",\"item\":\"https:\/\/www.amstelhouse.de\/es\/\"},{\"@type\":\"ListItem\",\"position\":2,\"name\":\"Habitaciones\"}]},{\"@type\":\"WebSite\",\"@id\":\"https:\/\/www.amstelhouse.de\/es\/#website\",\"url\":\"https:\/\/www.amstelhouse.de\/es\/\",\"name\":\"Amstel House (es)\",\"description\":\"Zentral - Gut - Preiswert\",\"potentialAction\":[{\"@type\":\"SearchAction\",\"target\":{\"@type\":\"EntryPoint\",\"urlTemplate\":\"https:\/\/www.amstelhouse.de\/es\/?s={search_term_string}\"},\"query-input\":\"required name=search_term_string\"}],\"inLanguage\":\"es-ES\"}]}<\/script>\n<!-- \/ Yoast SEO plugin. -->","yoast_head_json":{"title":"Habitaciones de hostel en Berl\u00edn | Alojamiento privado y compartido","description":"Al\u00f3jate en las mejores y m\u00e1s econ\u00f3micas habitaciones de albergue en Berl\u00edn. Ofrecemos seis categor\u00edas de alojamiento moderno en el centro de la ciudad.","robots":{"index":"index","follow":"follow","max-snippet":"max-snippet:-1","max-image-preview":"max-image-preview:large","max-video-preview":"max-video-preview:-1"},"canonical":"https:\/\/www.amstelhouse.de\/es\/habitaciones-hostal\/","og_locale":"es_ES","og_type":"article","og_title":"Habitaciones de hostel en Berl\u00edn | Alojamiento privado y compartido","og_description":"Al\u00f3jate en las mejores y m\u00e1s econ\u00f3micas habitaciones de albergue en Berl\u00edn. Ofrecemos seis categor\u00edas de alojamiento moderno en el centro de la ciudad.","og_url":"https:\/\/www.amstelhouse.de\/es\/habitaciones-hostal\/","og_site_name":"Amstel House (es)","article_modified_time":"2021-11-18T15:44:29+00:00","og_image":[{"width":1900,"height":760,"url":"https:\/\/www.amstelhouse.de\/es\/wp-content\/uploads\/sites\/37\/2019\/11\/amstel-hostel-berlin-habitaciones-economicas.jpg","type":"image\/jpeg"}],"twitter_misc":{"Est. reading time":"1 minute"},"schema":{"@context":"https:\/\/schema.org","@graph":[{"@type":"WebPage","@id":"https:\/\/www.amstelhouse.de\/es\/habitaciones-hostal\/","url":"https:\/\/www.amstelhouse.de\/es\/habitaciones-hostal\/","name":"Habitaciones de hostel en Berl\u00edn | Alojamiento privado y compartido","isPartOf":{"@id":"https:\/\/www.amstelhouse.de\/es\/#website"},"datePublished":"2015-02-07T08:38:27+00:00","dateModified":"2021-11-18T15:44:29+00:00","description":"Al\u00f3jate en las mejores y m\u00e1s econ\u00f3micas habitaciones de albergue en Berl\u00edn. Ofrecemos seis categor\u00edas de alojamiento moderno en el centro de la ciudad.","breadcrumb":{"@id":"https:\/\/www.amstelhouse.de\/es\/habitaciones-hostal\/#breadcrumb"},"inLanguage":"es-ES","potentialAction":[{"@type":"ReadAction","target":["https:\/\/www.amstelhouse.de\/es\/habitaciones-hostal\/"]}]},{"@type":"BreadcrumbList","@id":"https:\/\/www.amstelhouse.de\/es\/habitaciones-hostal\/#breadcrumb","itemListElement":[{"@type":"ListItem","position":1,"name":"Home","item":"https:\/\/www.amstelhouse.de\/es\/"},{"@type":"ListItem","position":2,"name":"Habitaciones"}]},{"@type":"WebSite","@id":"https:\/\/www.amstelhouse.de\/es\/#website","url":"https:\/\/www.amstelhouse.de\/es\/","name":"Amstel House (es)","description":"Zentral - Gut - Preiswert","potentialAction":[{"@type":"SearchAction","target":{"@type":"EntryPoint","urlTemplate":"https:\/\/www.amstelhouse.de\/es\/?s={search_term_string}"},"query-input":"required name=search_term_string"}],"inLanguage":"es-ES"}]}},"_links":{"self":[{"href":"https:\/\/www.amstelhouse.de\/es\/wp-json\/wp\/v2\/pages\/26"}],"collection":[{"href":"https:\/\/www.amstelhouse.de\/es\/wp-json\/wp\/v2\/pages"}],"about":[{"href":"https:\/\/www.amstelhouse.de\/es\/wp-json\/wp\/v2\/types\/page"}],"author":[{"embeddable":true,"href":"https:\/\/www.amstelhouse.de\/es\/wp-json\/wp\/v2\/users\/2"}],"replies":[{"embeddable":true,"href":"https:\/\/www.amstelhouse.de\/es\/wp-json\/wp\/v2\/comments?post=26"}],"version-history":[{"count":8,"href":"https:\/\/www.amstelhouse.de\/es\/wp-json\/wp\/v2\/pages\/26\/revisions"}],"predecessor-version":[{"id":3013,"href":"https:\/\/www.amstelhouse.de\/es\/wp-json\/wp\/v2\/pages\/26\/revisions\/3013"}],"wp:featuredmedia":[{"embeddable":true,"href":"https:\/\/www.amstelhouse.de\/es\/wp-json\/wp\/v2\/media\/2975"}],"wp:attachment":[{"href":"https:\/\/www.amstelhouse.de\/es\/wp-json\/wp\/v2\/media?parent=26"}],"curies":[{"name":"wp","href":"https:\/\/api.w.org\/{rel}","templated":true}]}}