{"id":291,"date":"2015-04-09T00:28:57","date_gmt":"2015-04-09T00:28:57","guid":{"rendered":"http:\/\/www.amstelhouse.de\/es\/?page_id=291"},"modified":"2021-11-18T15:49:51","modified_gmt":"2021-11-18T15:49:51","slug":"fin-de-semana-para-2","status":"publish","type":"page","link":"https:\/\/www.amstelhouse.de\/es\/ofertas-alojamiento\/fin-de-semana-para-2\/","title":{"rendered":"FIN DE SEMANA PARA 2 PERSONAS EN BERL\u00cdN"},"content":{"rendered":"<h2 style=\"text-align: center;\">HABITACI\u00d3N TWIN OFERTA ESPECIAL<\/h2>\n<p>Todo el mundo necesita un descanso a veces. Un viaje corto o el fin de semana perfecto para 2 personas en un lugar divertido. En un ambiente rom\u00e1ntico o entre amigos, el hostel Amstel House ofrece habitaciones dobles con ba\u00f1o y servicios a precios promocionales. Nuestro especial <em>Fin de semana para 2 personas en Berl\u00edn<\/em> incluye:<\/p>\n<ul>\n<li>2 noches en una habitaci\u00f3n con 2 camas y ba\u00f1o privado<\/li>\n<li>2 desayunos buffet por persona<\/li>\n<li>2 Berlin Welcome Card 48h (transporte p\u00fablico)<\/li>\n<li>2 bebidas de bienvenida en nuestro bar<\/li>\n<li>posible extensi\u00f3n de 3ra noche por 25 \u20ac por persona (sin desayuno)<\/li>\n<\/ul>\n<h3 style=\"text-align: center;\"><strong>POR SOLO 175 Euros<\/strong><\/h3>\n","protected":false},"excerpt":{"rendered":"<p>HABITACI\u00d3N TWIN OFERTA ESPECIAL Todo el mundo necesita un descanso a veces. Un viaje corto o el fin de semana perfecto para 2 personas en un lugar divertido. En un ambiente rom\u00e1ntico o entre amigos, el hostel Amstel House ofrece habitaciones dobles con ba\u00f1o y servicios a precios promocionales. Nuestro especial Fin de semana para [&hellip;]<\/p>\n","protected":false},"author":3,"featured_media":0,"parent":12,"menu_order":6,"comment_status":"closed","ping_status":"open","template":"page-offer-subpage.php","meta":{"footnotes":""},"class_list":["post-291","page","type-page","status-publish","hentry"],"acf":[],"yoast_head":"<!-- This site is optimized with the Yoast SEO plugin v20.8 - https:\/\/yoast.com\/wordpress\/plugins\/seo\/ -->\n<title>Fin de semana para 2 personas en Berl\u00edn | Oferta en hostel<\/title>\n<meta name=\"description\" content=\"Reserva el fin de semana ideal para 2 personas en un hostel en Berl\u00edn. Nuestra oferta ofrece habitaciones dobles con ba\u00f1o, desayuno y ubicaci\u00f3n c\u00e9ntrica.\" \/>\n<meta name=\"robots\" content=\"index, follow, max-snippet:-1, max-image-preview:large, max-video-preview:-1\" \/>\n<link rel=\"canonical\" href=\"https:\/\/www.amstelhouse.de\/es\/ofertas-alojamiento\/fin-de-semana-para-2\/\" \/>\n<meta property=\"og:locale\" content=\"es_ES\" \/>\n<meta property=\"og:type\" content=\"article\" \/>\n<meta property=\"og:title\" content=\"Fin de semana para 2 personas en Berl\u00edn | Oferta en hostel\" \/>\n<meta property=\"og:description\" content=\"Reserva el fin de semana ideal para 2 personas en un hostel en Berl\u00edn. Nuestra oferta ofrece habitaciones dobles con ba\u00f1o, desayuno y ubicaci\u00f3n c\u00e9ntrica.\" \/>\n<meta property=\"og:url\" content=\"https:\/\/www.amstelhouse.de\/es\/ofertas-alojamiento\/fin-de-semana-para-2\/\" \/>\n<meta property=\"og:site_name\" content=\"Amstel House (es)\" \/>\n<meta property=\"article:modified_time\" content=\"2021-11-18T15:49:51+00:00\" \/>\n<meta name=\"twitter:label1\" content=\"Est. reading time\" \/>\n\t<meta name=\"twitter:data1\" content=\"1 minute\" \/>\n<script type=\"application\/ld+json\" class=\"yoast-schema-graph\">{\"@context\":\"https:\/\/schema.org\",\"@graph\":[{\"@type\":\"WebPage\",\"@id\":\"https:\/\/www.amstelhouse.de\/es\/ofertas-alojamiento\/fin-de-semana-para-2\/\",\"url\":\"https:\/\/www.amstelhouse.de\/es\/ofertas-alojamiento\/fin-de-semana-para-2\/\",\"name\":\"Fin de semana para 2 personas en Berl\u00edn | Oferta en hostel\",\"isPartOf\":{\"@id\":\"https:\/\/www.amstelhouse.de\/es\/#website\"},\"datePublished\":\"2015-04-09T00:28:57+00:00\",\"dateModified\":\"2021-11-18T15:49:51+00:00\",\"description\":\"Reserva el fin de semana ideal para 2 personas en un hostel en Berl\u00edn. Nuestra oferta ofrece habitaciones dobles con ba\u00f1o, desayuno y ubicaci\u00f3n c\u00e9ntrica.\",\"breadcrumb\":{\"@id\":\"https:\/\/www.amstelhouse.de\/es\/ofertas-alojamiento\/fin-de-semana-para-2\/#breadcrumb\"},\"inLanguage\":\"es-ES\",\"potentialAction\":[{\"@type\":\"ReadAction\",\"target\":[\"https:\/\/www.amstelhouse.de\/es\/ofertas-alojamiento\/fin-de-semana-para-2\/\"]}]},{\"@type\":\"BreadcrumbList\",\"@id\":\"https:\/\/www.amstelhouse.de\/es\/ofertas-alojamiento\/fin-de-semana-para-2\/#breadcrumb\",\"itemListElement\":[{\"@type\":\"ListItem\",\"position\":1,\"name\":\"Home\",\"item\":\"https:\/\/www.amstelhouse.de\/es\/\"},{\"@type\":\"ListItem\",\"position\":2,\"name\":\"Ofertas alojamiento\",\"item\":\"https:\/\/www.amstelhouse.de\/es\/ofertas-alojamiento\/\"},{\"@type\":\"ListItem\",\"position\":3,\"name\":\"FIN DE SEMANA PARA 2 PERSONAS EN BERL\u00cdN\"}]},{\"@type\":\"WebSite\",\"@id\":\"https:\/\/www.amstelhouse.de\/es\/#website\",\"url\":\"https:\/\/www.amstelhouse.de\/es\/\",\"name\":\"Amstel House (es)\",\"description\":\"Zentral - Gut - Preiswert\",\"potentialAction\":[{\"@type\":\"SearchAction\",\"target\":{\"@type\":\"EntryPoint\",\"urlTemplate\":\"https:\/\/www.amstelhouse.de\/es\/?s={search_term_string}\"},\"query-input\":\"required name=search_term_string\"}],\"inLanguage\":\"es-ES\"}]}<\/script>\n<!-- \/ Yoast SEO plugin. -->","yoast_head_json":{"title":"Fin de semana para 2 personas en Berl\u00edn | Oferta en hostel","description":"Reserva el fin de semana ideal para 2 personas en un hostel en Berl\u00edn. Nuestra oferta ofrece habitaciones dobles con ba\u00f1o, desayuno y ubicaci\u00f3n c\u00e9ntrica.","robots":{"index":"index","follow":"follow","max-snippet":"max-snippet:-1","max-image-preview":"max-image-preview:large","max-video-preview":"max-video-preview:-1"},"canonical":"https:\/\/www.amstelhouse.de\/es\/ofertas-alojamiento\/fin-de-semana-para-2\/","og_locale":"es_ES","og_type":"article","og_title":"Fin de semana para 2 personas en Berl\u00edn | Oferta en hostel","og_description":"Reserva el fin de semana ideal para 2 personas en un hostel en Berl\u00edn. Nuestra oferta ofrece habitaciones dobles con ba\u00f1o, desayuno y ubicaci\u00f3n c\u00e9ntrica.","og_url":"https:\/\/www.amstelhouse.de\/es\/ofertas-alojamiento\/fin-de-semana-para-2\/","og_site_name":"Amstel House (es)","article_modified_time":"2021-11-18T15:49:51+00:00","twitter_misc":{"Est. reading time":"1 minute"},"schema":{"@context":"https:\/\/schema.org","@graph":[{"@type":"WebPage","@id":"https:\/\/www.amstelhouse.de\/es\/ofertas-alojamiento\/fin-de-semana-para-2\/","url":"https:\/\/www.amstelhouse.de\/es\/ofertas-alojamiento\/fin-de-semana-para-2\/","name":"Fin de semana para 2 personas en Berl\u00edn | Oferta en hostel","isPartOf":{"@id":"https:\/\/www.amstelhouse.de\/es\/#website"},"datePublished":"2015-04-09T00:28:57+00:00","dateModified":"2021-11-18T15:49:51+00:00","description":"Reserva el fin de semana ideal para 2 personas en un hostel en Berl\u00edn. Nuestra oferta ofrece habitaciones dobles con ba\u00f1o, desayuno y ubicaci\u00f3n c\u00e9ntrica.","breadcrumb":{"@id":"https:\/\/www.amstelhouse.de\/es\/ofertas-alojamiento\/fin-de-semana-para-2\/#breadcrumb"},"inLanguage":"es-ES","potentialAction":[{"@type":"ReadAction","target":["https:\/\/www.amstelhouse.de\/es\/ofertas-alojamiento\/fin-de-semana-para-2\/"]}]},{"@type":"BreadcrumbList","@id":"https:\/\/www.amstelhouse.de\/es\/ofertas-alojamiento\/fin-de-semana-para-2\/#breadcrumb","itemListElement":[{"@type":"ListItem","position":1,"name":"Home","item":"https:\/\/www.amstelhouse.de\/es\/"},{"@type":"ListItem","position":2,"name":"Ofertas alojamiento","item":"https:\/\/www.amstelhouse.de\/es\/ofertas-alojamiento\/"},{"@type":"ListItem","position":3,"name":"FIN DE SEMANA PARA 2 PERSONAS EN BERL\u00cdN"}]},{"@type":"WebSite","@id":"https:\/\/www.amstelhouse.de\/es\/#website","url":"https:\/\/www.amstelhouse.de\/es\/","name":"Amstel House (es)","description":"Zentral - Gut - Preiswert","potentialAction":[{"@type":"SearchAction","target":{"@type":"EntryPoint","urlTemplate":"https:\/\/www.amstelhouse.de\/es\/?s={search_term_string}"},"query-input":"required name=search_term_string"}],"inLanguage":"es-ES"}]}},"_links":{"self":[{"href":"https:\/\/www.amstelhouse.de\/es\/wp-json\/wp\/v2\/pages\/291"}],"collection":[{"href":"https:\/\/www.amstelhouse.de\/es\/wp-json\/wp\/v2\/pages"}],"about":[{"href":"https:\/\/www.amstelhouse.de\/es\/wp-json\/wp\/v2\/types\/page"}],"author":[{"embeddable":true,"href":"https:\/\/www.amstelhouse.de\/es\/wp-json\/wp\/v2\/users\/3"}],"replies":[{"embeddable":true,"href":"https:\/\/www.amstelhouse.de\/es\/wp-json\/wp\/v2\/comments?post=291"}],"version-history":[{"count":5,"href":"https:\/\/www.amstelhouse.de\/es\/wp-json\/wp\/v2\/pages\/291\/revisions"}],"predecessor-version":[{"id":3055,"href":"https:\/\/www.amstelhouse.de\/es\/wp-json\/wp\/v2\/pages\/291\/revisions\/3055"}],"up":[{"embeddable":true,"href":"https:\/\/www.amstelhouse.de\/es\/wp-json\/wp\/v2\/pages\/12"}],"wp:attachment":[{"href":"https:\/\/www.amstelhouse.de\/es\/wp-json\/wp\/v2\/media?parent=291"}],"curies":[{"name":"wp","href":"https:\/\/api.w.org\/{rel}","templated":true}]}}