{"id":3015,"date":"2019-12-06T11:11:14","date_gmt":"2019-12-06T11:11:14","guid":{"rendered":"https:\/\/www.amstelhouse.de\/es\/?page_id=3015"},"modified":"2022-07-08T12:08:46","modified_gmt":"2022-07-08T12:08:46","slug":"viajero-solitario-en-berlin","status":"publish","type":"page","link":"https:\/\/www.amstelhouse.de\/es\/ofertas-alojamiento\/viajero-solitario-en-berlin\/","title":{"rendered":"viajero solitario en Berl\u00edn"},"content":{"rendered":"<h2 style=\"text-align: center;\">ALOJAMIENTO ECON\u00d3MICO PARA LOS QUE EST\u00c1N SOLOS EN LA CARRETERA<\/h2>\n<p>No hay mejor lugar para viajar solo que un hostel. Y no hay mejor trato que en Amstel House. Estilo a bajo costo, hecho para conectar las mentes de los aventureros. Entre nuestras muchas \u00e1reas comunes y eventos, nadie se siente solo. Nuestra oferta especial de Berlin Viajero Solitario incluye:<\/p>\n<ul>\n<li>3 noches en un acogedor dormitorio de 4 camas con ba\u00f1o compartido<\/li>\n<li>Desayuno<\/li>\n<li>1x bebida gratis en nuestro bar<\/li>\n<li>1x Bolsa Amstel<\/li>\n<\/ul>\n<h3 style=\"text-align: center;\"><strong>Todo por s\u00f3lo 139\u20ac.<\/strong><\/h3>\n","protected":false},"excerpt":{"rendered":"<p>ALOJAMIENTO ECON\u00d3MICO PARA LOS QUE EST\u00c1N SOLOS EN LA CARRETERA No hay mejor lugar para viajar solo que un hostel. Y no hay mejor trato que en Amstel House. Estilo a bajo costo, hecho para conectar las mentes de los aventureros. Entre nuestras muchas \u00e1reas comunes y eventos, nadie se siente solo. Nuestra oferta especial [&hellip;]<\/p>\n","protected":false},"author":4,"featured_media":0,"parent":12,"menu_order":1,"comment_status":"closed","ping_status":"closed","template":"page-offer-subpage.php","meta":{"footnotes":""},"class_list":["post-3015","page","type-page","status-publish","hentry"],"acf":[],"yoast_head":"<!-- This site is optimized with the Yoast SEO plugin v20.8 - https:\/\/yoast.com\/wordpress\/plugins\/seo\/ -->\n<title>Viajero solitario en Berl\u00edn | Oferta en hostel<\/title>\n<meta name=\"description\" content=\"Reserva la oferta perfecta para un viajero solitario en Berl\u00edn. Hostel econ\u00f3mico y c\u00e9ntrico, ideal para compartir con otros viajeros de ideas afines.\" \/>\n<meta name=\"robots\" content=\"index, follow, max-snippet:-1, max-image-preview:large, max-video-preview:-1\" \/>\n<link rel=\"canonical\" href=\"https:\/\/www.amstelhouse.de\/es\/ofertas-alojamiento\/viajero-solitario-en-berlin\/\" \/>\n<meta property=\"og:locale\" content=\"es_ES\" \/>\n<meta property=\"og:type\" content=\"article\" \/>\n<meta property=\"og:title\" content=\"Viajero solitario en Berl\u00edn | Oferta en hostel\" \/>\n<meta property=\"og:description\" content=\"Reserva la oferta perfecta para un viajero solitario en Berl\u00edn. Hostel econ\u00f3mico y c\u00e9ntrico, ideal para compartir con otros viajeros de ideas afines.\" \/>\n<meta property=\"og:url\" content=\"https:\/\/www.amstelhouse.de\/es\/ofertas-alojamiento\/viajero-solitario-en-berlin\/\" \/>\n<meta property=\"og:site_name\" content=\"Amstel House (es)\" \/>\n<meta property=\"article:modified_time\" content=\"2022-07-08T12:08:46+00:00\" \/>\n<script type=\"application\/ld+json\" class=\"yoast-schema-graph\">{\"@context\":\"https:\/\/schema.org\",\"@graph\":[{\"@type\":\"WebPage\",\"@id\":\"https:\/\/www.amstelhouse.de\/es\/ofertas-alojamiento\/viajero-solitario-en-berlin\/\",\"url\":\"https:\/\/www.amstelhouse.de\/es\/ofertas-alojamiento\/viajero-solitario-en-berlin\/\",\"name\":\"Viajero solitario en Berl\u00edn | Oferta en hostel\",\"isPartOf\":{\"@id\":\"https:\/\/www.amstelhouse.de\/es\/#website\"},\"datePublished\":\"2019-12-06T11:11:14+00:00\",\"dateModified\":\"2022-07-08T12:08:46+00:00\",\"description\":\"Reserva la oferta perfecta para un viajero solitario en Berl\u00edn. Hostel econ\u00f3mico y c\u00e9ntrico, ideal para compartir con otros viajeros de ideas afines.\",\"breadcrumb\":{\"@id\":\"https:\/\/www.amstelhouse.de\/es\/ofertas-alojamiento\/viajero-solitario-en-berlin\/#breadcrumb\"},\"inLanguage\":\"es-ES\",\"potentialAction\":[{\"@type\":\"ReadAction\",\"target\":[\"https:\/\/www.amstelhouse.de\/es\/ofertas-alojamiento\/viajero-solitario-en-berlin\/\"]}]},{\"@type\":\"BreadcrumbList\",\"@id\":\"https:\/\/www.amstelhouse.de\/es\/ofertas-alojamiento\/viajero-solitario-en-berlin\/#breadcrumb\",\"itemListElement\":[{\"@type\":\"ListItem\",\"position\":1,\"name\":\"Home\",\"item\":\"https:\/\/www.amstelhouse.de\/es\/\"},{\"@type\":\"ListItem\",\"position\":2,\"name\":\"Ofertas alojamiento\",\"item\":\"https:\/\/www.amstelhouse.de\/es\/ofertas-alojamiento\/\"},{\"@type\":\"ListItem\",\"position\":3,\"name\":\"viajero solitario en Berl\u00edn\"}]},{\"@type\":\"WebSite\",\"@id\":\"https:\/\/www.amstelhouse.de\/es\/#website\",\"url\":\"https:\/\/www.amstelhouse.de\/es\/\",\"name\":\"Amstel House (es)\",\"description\":\"Zentral - Gut - Preiswert\",\"potentialAction\":[{\"@type\":\"SearchAction\",\"target\":{\"@type\":\"EntryPoint\",\"urlTemplate\":\"https:\/\/www.amstelhouse.de\/es\/?s={search_term_string}\"},\"query-input\":\"required name=search_term_string\"}],\"inLanguage\":\"es-ES\"}]}<\/script>\n<!-- \/ Yoast SEO plugin. -->","yoast_head_json":{"title":"Viajero solitario en Berl\u00edn | Oferta en hostel","description":"Reserva la oferta perfecta para un viajero solitario en Berl\u00edn. Hostel econ\u00f3mico y c\u00e9ntrico, ideal para compartir con otros viajeros de ideas afines.","robots":{"index":"index","follow":"follow","max-snippet":"max-snippet:-1","max-image-preview":"max-image-preview:large","max-video-preview":"max-video-preview:-1"},"canonical":"https:\/\/www.amstelhouse.de\/es\/ofertas-alojamiento\/viajero-solitario-en-berlin\/","og_locale":"es_ES","og_type":"article","og_title":"Viajero solitario en Berl\u00edn | Oferta en hostel","og_description":"Reserva la oferta perfecta para un viajero solitario en Berl\u00edn. Hostel econ\u00f3mico y c\u00e9ntrico, ideal para compartir con otros viajeros de ideas afines.","og_url":"https:\/\/www.amstelhouse.de\/es\/ofertas-alojamiento\/viajero-solitario-en-berlin\/","og_site_name":"Amstel House (es)","article_modified_time":"2022-07-08T12:08:46+00:00","schema":{"@context":"https:\/\/schema.org","@graph":[{"@type":"WebPage","@id":"https:\/\/www.amstelhouse.de\/es\/ofertas-alojamiento\/viajero-solitario-en-berlin\/","url":"https:\/\/www.amstelhouse.de\/es\/ofertas-alojamiento\/viajero-solitario-en-berlin\/","name":"Viajero solitario en Berl\u00edn | Oferta en hostel","isPartOf":{"@id":"https:\/\/www.amstelhouse.de\/es\/#website"},"datePublished":"2019-12-06T11:11:14+00:00","dateModified":"2022-07-08T12:08:46+00:00","description":"Reserva la oferta perfecta para un viajero solitario en Berl\u00edn. Hostel econ\u00f3mico y c\u00e9ntrico, ideal para compartir con otros viajeros de ideas afines.","breadcrumb":{"@id":"https:\/\/www.amstelhouse.de\/es\/ofertas-alojamiento\/viajero-solitario-en-berlin\/#breadcrumb"},"inLanguage":"es-ES","potentialAction":[{"@type":"ReadAction","target":["https:\/\/www.amstelhouse.de\/es\/ofertas-alojamiento\/viajero-solitario-en-berlin\/"]}]},{"@type":"BreadcrumbList","@id":"https:\/\/www.amstelhouse.de\/es\/ofertas-alojamiento\/viajero-solitario-en-berlin\/#breadcrumb","itemListElement":[{"@type":"ListItem","position":1,"name":"Home","item":"https:\/\/www.amstelhouse.de\/es\/"},{"@type":"ListItem","position":2,"name":"Ofertas alojamiento","item":"https:\/\/www.amstelhouse.de\/es\/ofertas-alojamiento\/"},{"@type":"ListItem","position":3,"name":"viajero solitario en Berl\u00edn"}]},{"@type":"WebSite","@id":"https:\/\/www.amstelhouse.de\/es\/#website","url":"https:\/\/www.amstelhouse.de\/es\/","name":"Amstel House (es)","description":"Zentral - Gut - Preiswert","potentialAction":[{"@type":"SearchAction","target":{"@type":"EntryPoint","urlTemplate":"https:\/\/www.amstelhouse.de\/es\/?s={search_term_string}"},"query-input":"required name=search_term_string"}],"inLanguage":"es-ES"}]}},"_links":{"self":[{"href":"https:\/\/www.amstelhouse.de\/es\/wp-json\/wp\/v2\/pages\/3015"}],"collection":[{"href":"https:\/\/www.amstelhouse.de\/es\/wp-json\/wp\/v2\/pages"}],"about":[{"href":"https:\/\/www.amstelhouse.de\/es\/wp-json\/wp\/v2\/types\/page"}],"author":[{"embeddable":true,"href":"https:\/\/www.amstelhouse.de\/es\/wp-json\/wp\/v2\/users\/4"}],"replies":[{"embeddable":true,"href":"https:\/\/www.amstelhouse.de\/es\/wp-json\/wp\/v2\/comments?post=3015"}],"version-history":[{"count":3,"href":"https:\/\/www.amstelhouse.de\/es\/wp-json\/wp\/v2\/pages\/3015\/revisions"}],"predecessor-version":[{"id":3335,"href":"https:\/\/www.amstelhouse.de\/es\/wp-json\/wp\/v2\/pages\/3015\/revisions\/3335"}],"up":[{"embeddable":true,"href":"https:\/\/www.amstelhouse.de\/es\/wp-json\/wp\/v2\/pages\/12"}],"wp:attachment":[{"href":"https:\/\/www.amstelhouse.de\/es\/wp-json\/wp\/v2\/media?parent=3015"}],"curies":[{"name":"wp","href":"https:\/\/api.w.org\/{rel}","templated":true}]}}