{"id":315,"date":"2015-04-09T16:21:26","date_gmt":"2015-04-09T16:21:26","guid":{"rendered":"http:\/\/www.amstelhouse.de\/es\/?page_id=315"},"modified":"2021-11-18T15:53:22","modified_gmt":"2021-11-18T15:53:22","slug":"berlin-maraton","status":"publish","type":"page","link":"https:\/\/www.amstelhouse.de\/es\/ofertas-alojamiento\/berlin-maraton\/","title":{"rendered":"MARAT\u00d3N DE BERL\u00cdN"},"content":{"rendered":"<h2 style=\"text-align: center;\">AL\u00d3JATE A UN PRECIO ECON\u00d3MICO Y CERCA DE LA SALIDA<\/h2>\n<p>\u00bfPrepar\u00e1ndote para la carrera? Con nuestra oferta especial de viaje <em>Marat\u00f3n de Berl\u00edn<\/em>, te hospedas cerca de la salida y a un precio promocional. Esto incluye<\/p>\n<ul>\n<li>2 noches <span id=\"stcpDiv\" class=\"short_text\" lang=\"es\"><span class=\"\">para dos personas en una habitaci\u00f3n twin con literas y ba\u00f1o compartido\u00a0<\/span><\/span><\/li>\n<li>2x &#8220;Welcome Berlin Card&#8221; 48 horas (para transporte p\u00fablico)<\/li>\n<li>2x desayunos <span id=\"result_box\" class=\"short_text\" lang=\"es\"><span class=\"\">por persona (buffet libre)<br \/>\n<\/span><\/span><\/li>\n<li>2x &#8220;Todo lo que puedas comer&#8221; Buffet de pasta<\/li>\n<\/ul>\n<h3 style=\"text-align: center;\"><strong>POR SOLO 219,- Euros<\/strong><\/h3>\n","protected":false},"excerpt":{"rendered":"<p>AL\u00d3JATE A UN PRECIO ECON\u00d3MICO Y CERCA DE LA SALIDA \u00bfPrepar\u00e1ndote para la carrera? Con nuestra oferta especial de viaje Marat\u00f3n de Berl\u00edn, te hospedas cerca de la salida y a un precio promocional. Esto incluye 2 noches para dos personas en una habitaci\u00f3n twin con literas y ba\u00f1o compartido\u00a0 2x &#8220;Welcome Berlin Card&#8221; 48 [&hellip;]<\/p>\n","protected":false},"author":3,"featured_media":0,"parent":12,"menu_order":4,"comment_status":"closed","ping_status":"open","template":"page-offer-subpage.php","meta":{"footnotes":""},"class_list":["post-315","page","type-page","status-publish","hentry"],"acf":[],"yoast_head":"<!-- This site is optimized with the Yoast SEO plugin v20.8 - https:\/\/yoast.com\/wordpress\/plugins\/seo\/ -->\n<title>Alojamiento Marat\u00f3n de Berl\u00edn | Oferta en hostel<\/title>\n<meta name=\"description\" content=\"\u00bfQuieres ver de cerca el inicio de la Marat\u00f3n de Berl\u00edn? Conoce nuestra oferta: un hostel confortable, de ubicaci\u00f3n c\u00e9ntrica y a precios promocionales.\" \/>\n<meta name=\"robots\" content=\"index, follow, max-snippet:-1, max-image-preview:large, max-video-preview:-1\" \/>\n<link rel=\"canonical\" href=\"https:\/\/www.amstelhouse.de\/es\/ofertas-alojamiento\/berlin-maraton\/\" \/>\n<meta property=\"og:locale\" content=\"es_ES\" \/>\n<meta property=\"og:type\" content=\"article\" \/>\n<meta property=\"og:title\" content=\"Alojamiento Marat\u00f3n de Berl\u00edn | Oferta en hostel\" \/>\n<meta property=\"og:description\" content=\"\u00bfQuieres ver de cerca el inicio de la Marat\u00f3n de Berl\u00edn? Conoce nuestra oferta: un hostel confortable, de ubicaci\u00f3n c\u00e9ntrica y a precios promocionales.\" \/>\n<meta property=\"og:url\" content=\"https:\/\/www.amstelhouse.de\/es\/ofertas-alojamiento\/berlin-maraton\/\" \/>\n<meta property=\"og:site_name\" content=\"Amstel House (es)\" \/>\n<meta property=\"article:modified_time\" content=\"2021-11-18T15:53:22+00:00\" \/>\n<script type=\"application\/ld+json\" class=\"yoast-schema-graph\">{\"@context\":\"https:\/\/schema.org\",\"@graph\":[{\"@type\":\"WebPage\",\"@id\":\"https:\/\/www.amstelhouse.de\/es\/ofertas-alojamiento\/berlin-maraton\/\",\"url\":\"https:\/\/www.amstelhouse.de\/es\/ofertas-alojamiento\/berlin-maraton\/\",\"name\":\"Alojamiento Marat\u00f3n de Berl\u00edn | Oferta en hostel\",\"isPartOf\":{\"@id\":\"https:\/\/www.amstelhouse.de\/es\/#website\"},\"datePublished\":\"2015-04-09T16:21:26+00:00\",\"dateModified\":\"2021-11-18T15:53:22+00:00\",\"description\":\"\u00bfQuieres ver de cerca el inicio de la Marat\u00f3n de Berl\u00edn? Conoce nuestra oferta: un hostel confortable, de ubicaci\u00f3n c\u00e9ntrica y a precios promocionales.\",\"breadcrumb\":{\"@id\":\"https:\/\/www.amstelhouse.de\/es\/ofertas-alojamiento\/berlin-maraton\/#breadcrumb\"},\"inLanguage\":\"es-ES\",\"potentialAction\":[{\"@type\":\"ReadAction\",\"target\":[\"https:\/\/www.amstelhouse.de\/es\/ofertas-alojamiento\/berlin-maraton\/\"]}]},{\"@type\":\"BreadcrumbList\",\"@id\":\"https:\/\/www.amstelhouse.de\/es\/ofertas-alojamiento\/berlin-maraton\/#breadcrumb\",\"itemListElement\":[{\"@type\":\"ListItem\",\"position\":1,\"name\":\"Home\",\"item\":\"https:\/\/www.amstelhouse.de\/es\/\"},{\"@type\":\"ListItem\",\"position\":2,\"name\":\"Ofertas alojamiento\",\"item\":\"https:\/\/www.amstelhouse.de\/es\/ofertas-alojamiento\/\"},{\"@type\":\"ListItem\",\"position\":3,\"name\":\"MARAT\u00d3N DE BERL\u00cdN\"}]},{\"@type\":\"WebSite\",\"@id\":\"https:\/\/www.amstelhouse.de\/es\/#website\",\"url\":\"https:\/\/www.amstelhouse.de\/es\/\",\"name\":\"Amstel House (es)\",\"description\":\"Zentral - Gut - Preiswert\",\"potentialAction\":[{\"@type\":\"SearchAction\",\"target\":{\"@type\":\"EntryPoint\",\"urlTemplate\":\"https:\/\/www.amstelhouse.de\/es\/?s={search_term_string}\"},\"query-input\":\"required name=search_term_string\"}],\"inLanguage\":\"es-ES\"}]}<\/script>\n<!-- \/ Yoast SEO plugin. -->","yoast_head_json":{"title":"Alojamiento Marat\u00f3n de Berl\u00edn | Oferta en hostel","description":"\u00bfQuieres ver de cerca el inicio de la Marat\u00f3n de Berl\u00edn? Conoce nuestra oferta: un hostel confortable, de ubicaci\u00f3n c\u00e9ntrica y a precios promocionales.","robots":{"index":"index","follow":"follow","max-snippet":"max-snippet:-1","max-image-preview":"max-image-preview:large","max-video-preview":"max-video-preview:-1"},"canonical":"https:\/\/www.amstelhouse.de\/es\/ofertas-alojamiento\/berlin-maraton\/","og_locale":"es_ES","og_type":"article","og_title":"Alojamiento Marat\u00f3n de Berl\u00edn | Oferta en hostel","og_description":"\u00bfQuieres ver de cerca el inicio de la Marat\u00f3n de Berl\u00edn? Conoce nuestra oferta: un hostel confortable, de ubicaci\u00f3n c\u00e9ntrica y a precios promocionales.","og_url":"https:\/\/www.amstelhouse.de\/es\/ofertas-alojamiento\/berlin-maraton\/","og_site_name":"Amstel House (es)","article_modified_time":"2021-11-18T15:53:22+00:00","schema":{"@context":"https:\/\/schema.org","@graph":[{"@type":"WebPage","@id":"https:\/\/www.amstelhouse.de\/es\/ofertas-alojamiento\/berlin-maraton\/","url":"https:\/\/www.amstelhouse.de\/es\/ofertas-alojamiento\/berlin-maraton\/","name":"Alojamiento Marat\u00f3n de Berl\u00edn | Oferta en hostel","isPartOf":{"@id":"https:\/\/www.amstelhouse.de\/es\/#website"},"datePublished":"2015-04-09T16:21:26+00:00","dateModified":"2021-11-18T15:53:22+00:00","description":"\u00bfQuieres ver de cerca el inicio de la Marat\u00f3n de Berl\u00edn? Conoce nuestra oferta: un hostel confortable, de ubicaci\u00f3n c\u00e9ntrica y a precios promocionales.","breadcrumb":{"@id":"https:\/\/www.amstelhouse.de\/es\/ofertas-alojamiento\/berlin-maraton\/#breadcrumb"},"inLanguage":"es-ES","potentialAction":[{"@type":"ReadAction","target":["https:\/\/www.amstelhouse.de\/es\/ofertas-alojamiento\/berlin-maraton\/"]}]},{"@type":"BreadcrumbList","@id":"https:\/\/www.amstelhouse.de\/es\/ofertas-alojamiento\/berlin-maraton\/#breadcrumb","itemListElement":[{"@type":"ListItem","position":1,"name":"Home","item":"https:\/\/www.amstelhouse.de\/es\/"},{"@type":"ListItem","position":2,"name":"Ofertas alojamiento","item":"https:\/\/www.amstelhouse.de\/es\/ofertas-alojamiento\/"},{"@type":"ListItem","position":3,"name":"MARAT\u00d3N DE BERL\u00cdN"}]},{"@type":"WebSite","@id":"https:\/\/www.amstelhouse.de\/es\/#website","url":"https:\/\/www.amstelhouse.de\/es\/","name":"Amstel House (es)","description":"Zentral - Gut - Preiswert","potentialAction":[{"@type":"SearchAction","target":{"@type":"EntryPoint","urlTemplate":"https:\/\/www.amstelhouse.de\/es\/?s={search_term_string}"},"query-input":"required name=search_term_string"}],"inLanguage":"es-ES"}]}},"_links":{"self":[{"href":"https:\/\/www.amstelhouse.de\/es\/wp-json\/wp\/v2\/pages\/315"}],"collection":[{"href":"https:\/\/www.amstelhouse.de\/es\/wp-json\/wp\/v2\/pages"}],"about":[{"href":"https:\/\/www.amstelhouse.de\/es\/wp-json\/wp\/v2\/types\/page"}],"author":[{"embeddable":true,"href":"https:\/\/www.amstelhouse.de\/es\/wp-json\/wp\/v2\/users\/3"}],"replies":[{"embeddable":true,"href":"https:\/\/www.amstelhouse.de\/es\/wp-json\/wp\/v2\/comments?post=315"}],"version-history":[{"count":4,"href":"https:\/\/www.amstelhouse.de\/es\/wp-json\/wp\/v2\/pages\/315\/revisions"}],"predecessor-version":[{"id":3034,"href":"https:\/\/www.amstelhouse.de\/es\/wp-json\/wp\/v2\/pages\/315\/revisions\/3034"}],"up":[{"embeddable":true,"href":"https:\/\/www.amstelhouse.de\/es\/wp-json\/wp\/v2\/pages\/12"}],"wp:attachment":[{"href":"https:\/\/www.amstelhouse.de\/es\/wp-json\/wp\/v2\/media?parent=315"}],"curies":[{"name":"wp","href":"https:\/\/api.w.org\/{rel}","templated":true}]}}