{"id":327,"date":"2015-04-09T16:35:25","date_gmt":"2015-04-09T16:35:25","guid":{"rendered":"http:\/\/www.amstelhouse.de\/es\/?page_id=327"},"modified":"2021-11-18T15:55:34","modified_gmt":"2021-11-18T15:55:34","slug":"viaje-con-amigos","status":"publish","type":"page","link":"https:\/\/www.amstelhouse.de\/es\/ofertas-alojamiento\/viaje-con-amigos\/","title":{"rendered":"BERLIN CON AMIGOS"},"content":{"rendered":"<h2 style=\"text-align: center;\">HOSTEL PARA GRUPOS PEQUE\u00d1OS DE J\u00d3VENES VIAJEROS CON BAJO PRESUPUESTO<\/h2>\n<p>La mayor\u00eda de los mochileros tienen un presupuesto bajo, mucha hambre y la voluntad de dormir unas cuantas horas m\u00e1s. Berl\u00edn es tambi\u00e9n su destino preferido. El hostel Amstel House de Berl\u00edn ha creado un gran paquete que se adapta a su estilo de vida y les ahorra los bolsillos. Nuestra oferta de viajes en Berl\u00edn con amigos incluye:<\/p>\n<ul>\n<li>4 camas en una habitaci\u00f3n privada con lavabo (ba\u00f1o y ducha compartidos)<\/li>\n<li>2 noches de estancia<\/li>\n<li>1 bebida gratis por persona<\/li>\n<li>Desayuno para los 2 d\u00edas de estancia y check out hasta la 1pm incluido<\/li>\n<\/ul>\n<h3 style=\"text-align: center;\"><strong>POR SOLO 159,- Euros<\/strong><\/h3>\n","protected":false},"excerpt":{"rendered":"<p>HOSTEL PARA GRUPOS PEQUE\u00d1OS DE J\u00d3VENES VIAJEROS CON BAJO PRESUPUESTO La mayor\u00eda de los mochileros tienen un presupuesto bajo, mucha hambre y la voluntad de dormir unas cuantas horas m\u00e1s. Berl\u00edn es tambi\u00e9n su destino preferido. El hostel Amstel House de Berl\u00edn ha creado un gran paquete que se adapta a su estilo de vida [&hellip;]<\/p>\n","protected":false},"author":3,"featured_media":0,"parent":12,"menu_order":5,"comment_status":"closed","ping_status":"open","template":"page-offer-subpage.php","meta":{"footnotes":""},"class_list":["post-327","page","type-page","status-publish","hentry"],"acf":[],"yoast_head":"<!-- This site is optimized with the Yoast SEO plugin v20.8 - https:\/\/yoast.com\/wordpress\/plugins\/seo\/ -->\n<title>Berl\u00edn con amigos | Oferta en hostel<\/title>\n<meta name=\"description\" content=\"Tenemos una oferta \u00fanica para un viaje a Berl\u00edn con amigos. Hostel econ\u00f3mico, con estilo y ubicaci\u00f3n c\u00e9ntrica. Habitaciones c\u00f3modas y desayuno incluido.\" \/>\n<meta name=\"robots\" content=\"index, follow, max-snippet:-1, max-image-preview:large, max-video-preview:-1\" \/>\n<link rel=\"canonical\" href=\"https:\/\/www.amstelhouse.de\/es\/ofertas-alojamiento\/viaje-con-amigos\/\" \/>\n<meta property=\"og:locale\" content=\"es_ES\" \/>\n<meta property=\"og:type\" content=\"article\" \/>\n<meta property=\"og:title\" content=\"Berl\u00edn con amigos | Oferta en hostel\" \/>\n<meta property=\"og:description\" content=\"Tenemos una oferta \u00fanica para un viaje a Berl\u00edn con amigos. Hostel econ\u00f3mico, con estilo y ubicaci\u00f3n c\u00e9ntrica. Habitaciones c\u00f3modas y desayuno incluido.\" \/>\n<meta property=\"og:url\" content=\"https:\/\/www.amstelhouse.de\/es\/ofertas-alojamiento\/viaje-con-amigos\/\" \/>\n<meta property=\"og:site_name\" content=\"Amstel House (es)\" \/>\n<meta property=\"article:modified_time\" content=\"2021-11-18T15:55:34+00:00\" \/>\n<meta name=\"twitter:label1\" content=\"Est. reading time\" \/>\n\t<meta name=\"twitter:data1\" content=\"1 minute\" \/>\n<script type=\"application\/ld+json\" class=\"yoast-schema-graph\">{\"@context\":\"https:\/\/schema.org\",\"@graph\":[{\"@type\":\"WebPage\",\"@id\":\"https:\/\/www.amstelhouse.de\/es\/ofertas-alojamiento\/viaje-con-amigos\/\",\"url\":\"https:\/\/www.amstelhouse.de\/es\/ofertas-alojamiento\/viaje-con-amigos\/\",\"name\":\"Berl\u00edn con amigos | Oferta en hostel\",\"isPartOf\":{\"@id\":\"https:\/\/www.amstelhouse.de\/es\/#website\"},\"datePublished\":\"2015-04-09T16:35:25+00:00\",\"dateModified\":\"2021-11-18T15:55:34+00:00\",\"description\":\"Tenemos una oferta \u00fanica para un viaje a Berl\u00edn con amigos. Hostel econ\u00f3mico, con estilo y ubicaci\u00f3n c\u00e9ntrica. Habitaciones c\u00f3modas y desayuno incluido.\",\"breadcrumb\":{\"@id\":\"https:\/\/www.amstelhouse.de\/es\/ofertas-alojamiento\/viaje-con-amigos\/#breadcrumb\"},\"inLanguage\":\"es-ES\",\"potentialAction\":[{\"@type\":\"ReadAction\",\"target\":[\"https:\/\/www.amstelhouse.de\/es\/ofertas-alojamiento\/viaje-con-amigos\/\"]}]},{\"@type\":\"BreadcrumbList\",\"@id\":\"https:\/\/www.amstelhouse.de\/es\/ofertas-alojamiento\/viaje-con-amigos\/#breadcrumb\",\"itemListElement\":[{\"@type\":\"ListItem\",\"position\":1,\"name\":\"Home\",\"item\":\"https:\/\/www.amstelhouse.de\/es\/\"},{\"@type\":\"ListItem\",\"position\":2,\"name\":\"Ofertas alojamiento\",\"item\":\"https:\/\/www.amstelhouse.de\/es\/ofertas-alojamiento\/\"},{\"@type\":\"ListItem\",\"position\":3,\"name\":\"BERLIN CON AMIGOS\"}]},{\"@type\":\"WebSite\",\"@id\":\"https:\/\/www.amstelhouse.de\/es\/#website\",\"url\":\"https:\/\/www.amstelhouse.de\/es\/\",\"name\":\"Amstel House (es)\",\"description\":\"Zentral - Gut - Preiswert\",\"potentialAction\":[{\"@type\":\"SearchAction\",\"target\":{\"@type\":\"EntryPoint\",\"urlTemplate\":\"https:\/\/www.amstelhouse.de\/es\/?s={search_term_string}\"},\"query-input\":\"required name=search_term_string\"}],\"inLanguage\":\"es-ES\"}]}<\/script>\n<!-- \/ Yoast SEO plugin. -->","yoast_head_json":{"title":"Berl\u00edn con amigos | Oferta en hostel","description":"Tenemos una oferta \u00fanica para un viaje a Berl\u00edn con amigos. Hostel econ\u00f3mico, con estilo y ubicaci\u00f3n c\u00e9ntrica. Habitaciones c\u00f3modas y desayuno incluido.","robots":{"index":"index","follow":"follow","max-snippet":"max-snippet:-1","max-image-preview":"max-image-preview:large","max-video-preview":"max-video-preview:-1"},"canonical":"https:\/\/www.amstelhouse.de\/es\/ofertas-alojamiento\/viaje-con-amigos\/","og_locale":"es_ES","og_type":"article","og_title":"Berl\u00edn con amigos | Oferta en hostel","og_description":"Tenemos una oferta \u00fanica para un viaje a Berl\u00edn con amigos. Hostel econ\u00f3mico, con estilo y ubicaci\u00f3n c\u00e9ntrica. Habitaciones c\u00f3modas y desayuno incluido.","og_url":"https:\/\/www.amstelhouse.de\/es\/ofertas-alojamiento\/viaje-con-amigos\/","og_site_name":"Amstel House (es)","article_modified_time":"2021-11-18T15:55:34+00:00","twitter_misc":{"Est. reading time":"1 minute"},"schema":{"@context":"https:\/\/schema.org","@graph":[{"@type":"WebPage","@id":"https:\/\/www.amstelhouse.de\/es\/ofertas-alojamiento\/viaje-con-amigos\/","url":"https:\/\/www.amstelhouse.de\/es\/ofertas-alojamiento\/viaje-con-amigos\/","name":"Berl\u00edn con amigos | Oferta en hostel","isPartOf":{"@id":"https:\/\/www.amstelhouse.de\/es\/#website"},"datePublished":"2015-04-09T16:35:25+00:00","dateModified":"2021-11-18T15:55:34+00:00","description":"Tenemos una oferta \u00fanica para un viaje a Berl\u00edn con amigos. Hostel econ\u00f3mico, con estilo y ubicaci\u00f3n c\u00e9ntrica. Habitaciones c\u00f3modas y desayuno incluido.","breadcrumb":{"@id":"https:\/\/www.amstelhouse.de\/es\/ofertas-alojamiento\/viaje-con-amigos\/#breadcrumb"},"inLanguage":"es-ES","potentialAction":[{"@type":"ReadAction","target":["https:\/\/www.amstelhouse.de\/es\/ofertas-alojamiento\/viaje-con-amigos\/"]}]},{"@type":"BreadcrumbList","@id":"https:\/\/www.amstelhouse.de\/es\/ofertas-alojamiento\/viaje-con-amigos\/#breadcrumb","itemListElement":[{"@type":"ListItem","position":1,"name":"Home","item":"https:\/\/www.amstelhouse.de\/es\/"},{"@type":"ListItem","position":2,"name":"Ofertas alojamiento","item":"https:\/\/www.amstelhouse.de\/es\/ofertas-alojamiento\/"},{"@type":"ListItem","position":3,"name":"BERLIN CON AMIGOS"}]},{"@type":"WebSite","@id":"https:\/\/www.amstelhouse.de\/es\/#website","url":"https:\/\/www.amstelhouse.de\/es\/","name":"Amstel House (es)","description":"Zentral - Gut - Preiswert","potentialAction":[{"@type":"SearchAction","target":{"@type":"EntryPoint","urlTemplate":"https:\/\/www.amstelhouse.de\/es\/?s={search_term_string}"},"query-input":"required name=search_term_string"}],"inLanguage":"es-ES"}]}},"_links":{"self":[{"href":"https:\/\/www.amstelhouse.de\/es\/wp-json\/wp\/v2\/pages\/327"}],"collection":[{"href":"https:\/\/www.amstelhouse.de\/es\/wp-json\/wp\/v2\/pages"}],"about":[{"href":"https:\/\/www.amstelhouse.de\/es\/wp-json\/wp\/v2\/types\/page"}],"author":[{"embeddable":true,"href":"https:\/\/www.amstelhouse.de\/es\/wp-json\/wp\/v2\/users\/3"}],"replies":[{"embeddable":true,"href":"https:\/\/www.amstelhouse.de\/es\/wp-json\/wp\/v2\/comments?post=327"}],"version-history":[{"count":4,"href":"https:\/\/www.amstelhouse.de\/es\/wp-json\/wp\/v2\/pages\/327\/revisions"}],"predecessor-version":[{"id":3035,"href":"https:\/\/www.amstelhouse.de\/es\/wp-json\/wp\/v2\/pages\/327\/revisions\/3035"}],"up":[{"embeddable":true,"href":"https:\/\/www.amstelhouse.de\/es\/wp-json\/wp\/v2\/pages\/12"}],"wp:attachment":[{"href":"https:\/\/www.amstelhouse.de\/es\/wp-json\/wp\/v2\/media?parent=327"}],"curies":[{"name":"wp","href":"https:\/\/api.w.org\/{rel}","templated":true}]}}