{"id":333,"date":"2015-04-09T16:43:23","date_gmt":"2015-04-09T16:43:23","guid":{"rendered":"http:\/\/www.amstelhouse.de\/es\/?page_id=333"},"modified":"2021-11-18T15:56:25","modified_gmt":"2021-11-18T15:56:25","slug":"ano-nuevo","status":"publish","type":"page","link":"https:\/\/www.amstelhouse.de\/es\/ofertas-alojamiento\/ano-nuevo\/","title":{"rendered":"A\u00d1O NUEVO EN BERL\u00cdN"},"content":{"rendered":"<h2 style=\"text-align: center;\">ALOJAMIENTO BARATO CON MUCHA FIESTA<\/h2>\n<p>\u00bfCu\u00e1l es el mejor destino de Europa para pasar a\u00f1o nuevo? \u00a1Berl\u00edn, por supuesto! Y para asegurarte de que tus ahorros se invierten en lo mejor de la noche, el hostel Amstel House ha creado una oferta especial de viajes. Habitaciones de albergue baratas, dise\u00f1o moderno y mucha comida, fiesta y diversi\u00f3n. Nuestra oferta especial de viajes <em>A\u00f1o nuevo en Berl\u00edn<\/em> a incluye:<\/p>\n<ul>\n<li>3 noches en una habitaci\u00f3n cuadr\u00faple con ba\u00f1o compartido.<\/li>\n<li>Llegada a m\u00e1s tardar a las 30.12 horas<\/li>\n<li>Barbacoa &#8220;todo-lo-que-puedas-comer&#8221;<\/li>\n<li>Gran Buffet de desayuno el primero de enero hasta las 13:00 horas<\/li>\n<\/ul>\n<h3 style=\"text-align: center;\"><strong>SOLO 119,- EuroS POR PERSONA<\/strong><\/h3>\n","protected":false},"excerpt":{"rendered":"<p>ALOJAMIENTO BARATO CON MUCHA FIESTA \u00bfCu\u00e1l es el mejor destino de Europa para pasar a\u00f1o nuevo? \u00a1Berl\u00edn, por supuesto! Y para asegurarte de que tus ahorros se invierten en lo mejor de la noche, el hostel Amstel House ha creado una oferta especial de viajes. Habitaciones de albergue baratas, dise\u00f1o moderno y mucha comida, fiesta [&hellip;]<\/p>\n","protected":false},"author":3,"featured_media":0,"parent":12,"menu_order":3,"comment_status":"closed","ping_status":"open","template":"page-offer-subpage.php","meta":{"footnotes":""},"class_list":["post-333","page","type-page","status-publish","hentry"],"acf":[],"yoast_head":"<!-- This site is optimized with the Yoast SEO plugin v20.8 - https:\/\/yoast.com\/wordpress\/plugins\/seo\/ -->\n<title>A\u00f1o nuevo en Berl\u00edn | Oferta en hostel<\/title>\n<meta name=\"description\" content=\"Celebra el a\u00f1o nuevo en Berl\u00edn, la mejor ciudad para ir de fiesta de Europa. Elige la oferta de viajes perfecta. Habitaci\u00f3n barata en un hostel c\u00e9ntrico.\" \/>\n<meta name=\"robots\" content=\"index, follow, max-snippet:-1, max-image-preview:large, max-video-preview:-1\" \/>\n<link rel=\"canonical\" href=\"https:\/\/www.amstelhouse.de\/es\/ofertas-alojamiento\/ano-nuevo\/\" \/>\n<meta property=\"og:locale\" content=\"es_ES\" \/>\n<meta property=\"og:type\" content=\"article\" \/>\n<meta property=\"og:title\" content=\"A\u00f1o nuevo en Berl\u00edn | Oferta en hostel\" \/>\n<meta property=\"og:description\" content=\"Celebra el a\u00f1o nuevo en Berl\u00edn, la mejor ciudad para ir de fiesta de Europa. Elige la oferta de viajes perfecta. Habitaci\u00f3n barata en un hostel c\u00e9ntrico.\" \/>\n<meta property=\"og:url\" content=\"https:\/\/www.amstelhouse.de\/es\/ofertas-alojamiento\/ano-nuevo\/\" \/>\n<meta property=\"og:site_name\" content=\"Amstel House (es)\" \/>\n<meta property=\"article:modified_time\" content=\"2021-11-18T15:56:25+00:00\" \/>\n<meta name=\"twitter:label1\" content=\"Est. reading time\" \/>\n\t<meta name=\"twitter:data1\" content=\"1 minute\" \/>\n<script type=\"application\/ld+json\" class=\"yoast-schema-graph\">{\"@context\":\"https:\/\/schema.org\",\"@graph\":[{\"@type\":\"WebPage\",\"@id\":\"https:\/\/www.amstelhouse.de\/es\/ofertas-alojamiento\/ano-nuevo\/\",\"url\":\"https:\/\/www.amstelhouse.de\/es\/ofertas-alojamiento\/ano-nuevo\/\",\"name\":\"A\u00f1o nuevo en Berl\u00edn | Oferta en hostel\",\"isPartOf\":{\"@id\":\"https:\/\/www.amstelhouse.de\/es\/#website\"},\"datePublished\":\"2015-04-09T16:43:23+00:00\",\"dateModified\":\"2021-11-18T15:56:25+00:00\",\"description\":\"Celebra el a\u00f1o nuevo en Berl\u00edn, la mejor ciudad para ir de fiesta de Europa. Elige la oferta de viajes perfecta. Habitaci\u00f3n barata en un hostel c\u00e9ntrico.\",\"breadcrumb\":{\"@id\":\"https:\/\/www.amstelhouse.de\/es\/ofertas-alojamiento\/ano-nuevo\/#breadcrumb\"},\"inLanguage\":\"es-ES\",\"potentialAction\":[{\"@type\":\"ReadAction\",\"target\":[\"https:\/\/www.amstelhouse.de\/es\/ofertas-alojamiento\/ano-nuevo\/\"]}]},{\"@type\":\"BreadcrumbList\",\"@id\":\"https:\/\/www.amstelhouse.de\/es\/ofertas-alojamiento\/ano-nuevo\/#breadcrumb\",\"itemListElement\":[{\"@type\":\"ListItem\",\"position\":1,\"name\":\"Home\",\"item\":\"https:\/\/www.amstelhouse.de\/es\/\"},{\"@type\":\"ListItem\",\"position\":2,\"name\":\"Ofertas alojamiento\",\"item\":\"https:\/\/www.amstelhouse.de\/es\/ofertas-alojamiento\/\"},{\"@type\":\"ListItem\",\"position\":3,\"name\":\"A\u00d1O NUEVO EN BERL\u00cdN\"}]},{\"@type\":\"WebSite\",\"@id\":\"https:\/\/www.amstelhouse.de\/es\/#website\",\"url\":\"https:\/\/www.amstelhouse.de\/es\/\",\"name\":\"Amstel House (es)\",\"description\":\"Zentral - Gut - Preiswert\",\"potentialAction\":[{\"@type\":\"SearchAction\",\"target\":{\"@type\":\"EntryPoint\",\"urlTemplate\":\"https:\/\/www.amstelhouse.de\/es\/?s={search_term_string}\"},\"query-input\":\"required name=search_term_string\"}],\"inLanguage\":\"es-ES\"}]}<\/script>\n<!-- \/ Yoast SEO plugin. -->","yoast_head_json":{"title":"A\u00f1o nuevo en Berl\u00edn | Oferta en hostel","description":"Celebra el a\u00f1o nuevo en Berl\u00edn, la mejor ciudad para ir de fiesta de Europa. Elige la oferta de viajes perfecta. Habitaci\u00f3n barata en un hostel c\u00e9ntrico.","robots":{"index":"index","follow":"follow","max-snippet":"max-snippet:-1","max-image-preview":"max-image-preview:large","max-video-preview":"max-video-preview:-1"},"canonical":"https:\/\/www.amstelhouse.de\/es\/ofertas-alojamiento\/ano-nuevo\/","og_locale":"es_ES","og_type":"article","og_title":"A\u00f1o nuevo en Berl\u00edn | Oferta en hostel","og_description":"Celebra el a\u00f1o nuevo en Berl\u00edn, la mejor ciudad para ir de fiesta de Europa. Elige la oferta de viajes perfecta. Habitaci\u00f3n barata en un hostel c\u00e9ntrico.","og_url":"https:\/\/www.amstelhouse.de\/es\/ofertas-alojamiento\/ano-nuevo\/","og_site_name":"Amstel House (es)","article_modified_time":"2021-11-18T15:56:25+00:00","twitter_misc":{"Est. reading time":"1 minute"},"schema":{"@context":"https:\/\/schema.org","@graph":[{"@type":"WebPage","@id":"https:\/\/www.amstelhouse.de\/es\/ofertas-alojamiento\/ano-nuevo\/","url":"https:\/\/www.amstelhouse.de\/es\/ofertas-alojamiento\/ano-nuevo\/","name":"A\u00f1o nuevo en Berl\u00edn | Oferta en hostel","isPartOf":{"@id":"https:\/\/www.amstelhouse.de\/es\/#website"},"datePublished":"2015-04-09T16:43:23+00:00","dateModified":"2021-11-18T15:56:25+00:00","description":"Celebra el a\u00f1o nuevo en Berl\u00edn, la mejor ciudad para ir de fiesta de Europa. Elige la oferta de viajes perfecta. Habitaci\u00f3n barata en un hostel c\u00e9ntrico.","breadcrumb":{"@id":"https:\/\/www.amstelhouse.de\/es\/ofertas-alojamiento\/ano-nuevo\/#breadcrumb"},"inLanguage":"es-ES","potentialAction":[{"@type":"ReadAction","target":["https:\/\/www.amstelhouse.de\/es\/ofertas-alojamiento\/ano-nuevo\/"]}]},{"@type":"BreadcrumbList","@id":"https:\/\/www.amstelhouse.de\/es\/ofertas-alojamiento\/ano-nuevo\/#breadcrumb","itemListElement":[{"@type":"ListItem","position":1,"name":"Home","item":"https:\/\/www.amstelhouse.de\/es\/"},{"@type":"ListItem","position":2,"name":"Ofertas alojamiento","item":"https:\/\/www.amstelhouse.de\/es\/ofertas-alojamiento\/"},{"@type":"ListItem","position":3,"name":"A\u00d1O NUEVO EN BERL\u00cdN"}]},{"@type":"WebSite","@id":"https:\/\/www.amstelhouse.de\/es\/#website","url":"https:\/\/www.amstelhouse.de\/es\/","name":"Amstel House (es)","description":"Zentral - Gut - Preiswert","potentialAction":[{"@type":"SearchAction","target":{"@type":"EntryPoint","urlTemplate":"https:\/\/www.amstelhouse.de\/es\/?s={search_term_string}"},"query-input":"required name=search_term_string"}],"inLanguage":"es-ES"}]}},"_links":{"self":[{"href":"https:\/\/www.amstelhouse.de\/es\/wp-json\/wp\/v2\/pages\/333"}],"collection":[{"href":"https:\/\/www.amstelhouse.de\/es\/wp-json\/wp\/v2\/pages"}],"about":[{"href":"https:\/\/www.amstelhouse.de\/es\/wp-json\/wp\/v2\/types\/page"}],"author":[{"embeddable":true,"href":"https:\/\/www.amstelhouse.de\/es\/wp-json\/wp\/v2\/users\/3"}],"replies":[{"embeddable":true,"href":"https:\/\/www.amstelhouse.de\/es\/wp-json\/wp\/v2\/comments?post=333"}],"version-history":[{"count":4,"href":"https:\/\/www.amstelhouse.de\/es\/wp-json\/wp\/v2\/pages\/333\/revisions"}],"predecessor-version":[{"id":3036,"href":"https:\/\/www.amstelhouse.de\/es\/wp-json\/wp\/v2\/pages\/333\/revisions\/3036"}],"up":[{"embeddable":true,"href":"https:\/\/www.amstelhouse.de\/es\/wp-json\/wp\/v2\/pages\/12"}],"wp:attachment":[{"href":"https:\/\/www.amstelhouse.de\/es\/wp-json\/wp\/v2\/media?parent=333"}],"curies":[{"name":"wp","href":"https:\/\/api.w.org\/{rel}","templated":true}]}}