{"id":76,"date":"2015-02-10T19:54:19","date_gmt":"2015-02-10T19:54:19","guid":{"rendered":"http:\/\/www.amstelhouse.de\/es\/?page_id=76"},"modified":"2021-11-18T16:12:52","modified_gmt":"2021-11-18T16:12:52","slug":"best-price-guarantee","status":"publish","type":"page","link":"https:\/\/www.amstelhouse.de\/es\/best-price-guarantee\/","title":{"rendered":"Best Price Guarantee"},"content":{"rendered":"<div id=\"stcpDiv\">\n<h2>The best prices always at our website!<\/h2>\n<p><span id=\"result_box\" class=\"short_text\" lang=\"en\"><\/span>As a hostel and as passionate travellers ourselves we understand the significance of well spent money during a trip. Especially for backpackers and low budget tourists every penny saved with accommodation can be invested in <span id=\"result_box\" class=\"short_text\" lang=\"en\"><span class=\"\">exploring the visted city<\/span><\/span>. It can even mean an extra destination in the travel plan. Thinking about this the Amstel House \u2013 together with many other hostels \u2013 would like to clarify an important detail about the<strong> Online Booking Channels.<\/strong><\/p>\n<p>We are certainly grateful to Hostelworld, Hostelbookers, Booking.com and all our booking channel partners. Many of our guests get to us thanks to their services. However the price for such services is getting way too high. A commission of 10% to 20% \u2013 depending on the channel \u2013 is charged over every reservation. This means the same beds\/rooms categories are more expensive on their websites than they originally cost by us. And you are the one paying for it!<\/p>\n<p>How to avoid it? Simply book directly on our website. Beside the BEST PRICE GUARANTEE you get access to more room categories and availabilities, special offers, photos and information. Likewise modifications and cancellations are more easily made when directly with us.<\/p>\n<p>Why get complicated when you can make it easy? Why pay expensive prices when you can have it cheaper?<\/p>\n<\/div>\n","protected":false},"excerpt":{"rendered":"<p>The best prices always at our website! As a hostel and as passionate travellers ourselves we understand the significance of well spent money during a trip. Especially for backpackers and low budget tourists every penny saved with accommodation can be invested in exploring the visted city. It can even mean an extra destination in the [&hellip;]<\/p>\n","protected":false},"author":2,"featured_media":0,"parent":0,"menu_order":4,"comment_status":"closed","ping_status":"closed","template":"","meta":{"footnotes":""},"class_list":["post-76","page","type-page","status-publish","hentry"],"acf":[],"yoast_head":"<!-- This site is optimized with the Yoast SEO plugin v20.8 - https:\/\/yoast.com\/wordpress\/plugins\/seo\/ -->\n<title>Mejor precio en habitaciones en Berl\u00edn | Hostel econ\u00f3mico<\/title>\n<meta name=\"description\" content=\"Consigue el mejor precio garantizado en un albergue en Berl\u00edn. Reserva desde nuestro sitio web. Es m\u00e1s barato y te da acceso a muchas m\u00e1s ventajas.\" \/>\n<meta name=\"robots\" content=\"index, follow, max-snippet:-1, max-image-preview:large, max-video-preview:-1\" \/>\n<link rel=\"canonical\" href=\"https:\/\/www.amstelhouse.de\/es\/best-price-guarantee\/\" \/>\n<meta property=\"og:locale\" content=\"es_ES\" \/>\n<meta property=\"og:type\" content=\"article\" \/>\n<meta property=\"og:title\" content=\"Mejor precio en habitaciones en Berl\u00edn | Hostel econ\u00f3mico\" \/>\n<meta property=\"og:description\" content=\"Consigue el mejor precio garantizado en un albergue en Berl\u00edn. Reserva desde nuestro sitio web. Es m\u00e1s barato y te da acceso a muchas m\u00e1s ventajas.\" \/>\n<meta property=\"og:url\" content=\"https:\/\/www.amstelhouse.de\/es\/best-price-guarantee\/\" \/>\n<meta property=\"og:site_name\" content=\"Amstel House (es)\" \/>\n<meta property=\"article:modified_time\" content=\"2021-11-18T16:12:52+00:00\" \/>\n<meta name=\"twitter:label1\" content=\"Est. reading time\" \/>\n\t<meta name=\"twitter:data1\" content=\"1 minute\" \/>\n<script type=\"application\/ld+json\" class=\"yoast-schema-graph\">{\"@context\":\"https:\/\/schema.org\",\"@graph\":[{\"@type\":\"WebPage\",\"@id\":\"https:\/\/www.amstelhouse.de\/es\/best-price-guarantee\/\",\"url\":\"https:\/\/www.amstelhouse.de\/es\/best-price-guarantee\/\",\"name\":\"Mejor precio en habitaciones en Berl\u00edn | Hostel econ\u00f3mico\",\"isPartOf\":{\"@id\":\"https:\/\/www.amstelhouse.de\/es\/#website\"},\"datePublished\":\"2015-02-10T19:54:19+00:00\",\"dateModified\":\"2021-11-18T16:12:52+00:00\",\"description\":\"Consigue el mejor precio garantizado en un albergue en Berl\u00edn. Reserva desde nuestro sitio web. Es m\u00e1s barato y te da acceso a muchas m\u00e1s ventajas.\",\"breadcrumb\":{\"@id\":\"https:\/\/www.amstelhouse.de\/es\/best-price-guarantee\/#breadcrumb\"},\"inLanguage\":\"es-ES\",\"potentialAction\":[{\"@type\":\"ReadAction\",\"target\":[\"https:\/\/www.amstelhouse.de\/es\/best-price-guarantee\/\"]}]},{\"@type\":\"BreadcrumbList\",\"@id\":\"https:\/\/www.amstelhouse.de\/es\/best-price-guarantee\/#breadcrumb\",\"itemListElement\":[{\"@type\":\"ListItem\",\"position\":1,\"name\":\"Home\",\"item\":\"https:\/\/www.amstelhouse.de\/es\/\"},{\"@type\":\"ListItem\",\"position\":2,\"name\":\"Best Price Guarantee\"}]},{\"@type\":\"WebSite\",\"@id\":\"https:\/\/www.amstelhouse.de\/es\/#website\",\"url\":\"https:\/\/www.amstelhouse.de\/es\/\",\"name\":\"Amstel House (es)\",\"description\":\"Zentral - Gut - Preiswert\",\"potentialAction\":[{\"@type\":\"SearchAction\",\"target\":{\"@type\":\"EntryPoint\",\"urlTemplate\":\"https:\/\/www.amstelhouse.de\/es\/?s={search_term_string}\"},\"query-input\":\"required name=search_term_string\"}],\"inLanguage\":\"es-ES\"}]}<\/script>\n<!-- \/ Yoast SEO plugin. -->","yoast_head_json":{"title":"Mejor precio en habitaciones en Berl\u00edn | Hostel econ\u00f3mico","description":"Consigue el mejor precio garantizado en un albergue en Berl\u00edn. Reserva desde nuestro sitio web. Es m\u00e1s barato y te da acceso a muchas m\u00e1s ventajas.","robots":{"index":"index","follow":"follow","max-snippet":"max-snippet:-1","max-image-preview":"max-image-preview:large","max-video-preview":"max-video-preview:-1"},"canonical":"https:\/\/www.amstelhouse.de\/es\/best-price-guarantee\/","og_locale":"es_ES","og_type":"article","og_title":"Mejor precio en habitaciones en Berl\u00edn | Hostel econ\u00f3mico","og_description":"Consigue el mejor precio garantizado en un albergue en Berl\u00edn. Reserva desde nuestro sitio web. Es m\u00e1s barato y te da acceso a muchas m\u00e1s ventajas.","og_url":"https:\/\/www.amstelhouse.de\/es\/best-price-guarantee\/","og_site_name":"Amstel House (es)","article_modified_time":"2021-11-18T16:12:52+00:00","twitter_misc":{"Est. reading time":"1 minute"},"schema":{"@context":"https:\/\/schema.org","@graph":[{"@type":"WebPage","@id":"https:\/\/www.amstelhouse.de\/es\/best-price-guarantee\/","url":"https:\/\/www.amstelhouse.de\/es\/best-price-guarantee\/","name":"Mejor precio en habitaciones en Berl\u00edn | Hostel econ\u00f3mico","isPartOf":{"@id":"https:\/\/www.amstelhouse.de\/es\/#website"},"datePublished":"2015-02-10T19:54:19+00:00","dateModified":"2021-11-18T16:12:52+00:00","description":"Consigue el mejor precio garantizado en un albergue en Berl\u00edn. Reserva desde nuestro sitio web. Es m\u00e1s barato y te da acceso a muchas m\u00e1s ventajas.","breadcrumb":{"@id":"https:\/\/www.amstelhouse.de\/es\/best-price-guarantee\/#breadcrumb"},"inLanguage":"es-ES","potentialAction":[{"@type":"ReadAction","target":["https:\/\/www.amstelhouse.de\/es\/best-price-guarantee\/"]}]},{"@type":"BreadcrumbList","@id":"https:\/\/www.amstelhouse.de\/es\/best-price-guarantee\/#breadcrumb","itemListElement":[{"@type":"ListItem","position":1,"name":"Home","item":"https:\/\/www.amstelhouse.de\/es\/"},{"@type":"ListItem","position":2,"name":"Best Price Guarantee"}]},{"@type":"WebSite","@id":"https:\/\/www.amstelhouse.de\/es\/#website","url":"https:\/\/www.amstelhouse.de\/es\/","name":"Amstel House (es)","description":"Zentral - Gut - Preiswert","potentialAction":[{"@type":"SearchAction","target":{"@type":"EntryPoint","urlTemplate":"https:\/\/www.amstelhouse.de\/es\/?s={search_term_string}"},"query-input":"required name=search_term_string"}],"inLanguage":"es-ES"}]}},"_links":{"self":[{"href":"https:\/\/www.amstelhouse.de\/es\/wp-json\/wp\/v2\/pages\/76"}],"collection":[{"href":"https:\/\/www.amstelhouse.de\/es\/wp-json\/wp\/v2\/pages"}],"about":[{"href":"https:\/\/www.amstelhouse.de\/es\/wp-json\/wp\/v2\/types\/page"}],"author":[{"embeddable":true,"href":"https:\/\/www.amstelhouse.de\/es\/wp-json\/wp\/v2\/users\/2"}],"replies":[{"embeddable":true,"href":"https:\/\/www.amstelhouse.de\/es\/wp-json\/wp\/v2\/comments?post=76"}],"version-history":[{"count":4,"href":"https:\/\/www.amstelhouse.de\/es\/wp-json\/wp\/v2\/pages\/76\/revisions"}],"predecessor-version":[{"id":986,"href":"https:\/\/www.amstelhouse.de\/es\/wp-json\/wp\/v2\/pages\/76\/revisions\/986"}],"wp:attachment":[{"href":"https:\/\/www.amstelhouse.de\/es\/wp-json\/wp\/v2\/media?parent=76"}],"curies":[{"name":"wp","href":"https:\/\/api.w.org\/{rel}","templated":true}]}}