{"id":14,"date":"2015-02-05T17:44:17","date_gmt":"2015-02-05T17:44:17","guid":{"rendered":"http:\/\/www.amstelhouse.de\/staging-site\/?page_id=14"},"modified":"2021-11-19T15:14:50","modified_gmt":"2021-11-19T15:14:50","slug":"hebergement-de-groupes","status":"publish","type":"page","link":"https:\/\/www.amstelhouse.de\/fr\/hebergement-de-groupes\/","title":{"rendered":"groupes"},"content":{"rendered":"<h1 style=\"text-align: center;\">H\u00c9BERGEMENT DE GROUPES<\/h1>\n<h2 style=\"text-align: center;\"><strong>S\u00c9JOUR EN AUBERGE DE JEUNESSE POUR 12 PERSONNES OU PLUS<\/strong><\/h2>\n<p>L&rsquo;auberge Amstel House Hostel Berlin a plus de 10 ans d&rsquo;exp\u00e9rience dans l&rsquo;h\u00e9bergement de groupes. Nous proposons une large gamme de chambres propres, confortables \u00e0 petits prix \u2013 \u00e9galement des chambres priv\u00e9es pour guides et professeurs. Notre hostel est dot\u00e9 d\u2019\u00e9quipements modernes et notre caf\u00e9t\u00e9ria peut accueillir jusqu\u2019\u00e0 120 personnes. Il y a la possibilit\u00e9 d\u2019opter pour des formules pension compl\u00e8te ou demi-pension avec nos lunch-packets ou Burgers-BBQ. Des activit\u00e9s ludiques sont aussi disponibles. C\u2019est donc un environnement parfait pour un s\u00e9jour en groupe scolaire.<br \/>\nLe savoir faire de notre \u00e9quipe ainsi que l\u2019expertise de nos partenaires de qualit\u00e9 vous apporteront un soutien lors de votre planification de voyage. Nous offrons \u00e9galement nos conseils concernant les diff\u00e9rents types programmes et offres en promotion disponibles \u00e0 Berlin.<\/p>\n<p>&nbsp;<\/p>\n<p><img loading=\"lazy\" decoding=\"async\" class=\"size-full wp-image-1639 aligncenter\" src=\"http:\/\/www.amstelhouse.de\/staging-site\/wp-content\/uploads\/sites\/32\/2016\/10\/group-accommodation-berlin.png\" alt=\"group accommodation berlin\" width=\"32\" height=\"32\" \/><\/p>\n","protected":false},"excerpt":{"rendered":"<p>H\u00c9BERGEMENT DE GROUPES S\u00c9JOUR EN AUBERGE DE JEUNESSE POUR 12 PERSONNES OU PLUS L&rsquo;auberge Amstel House Hostel Berlin a plus de 10 ans d&rsquo;exp\u00e9rience dans l&rsquo;h\u00e9bergement de groupes. Nous proposons une large gamme de chambres propres, confortables \u00e0 petits prix \u2013 \u00e9galement des chambres priv\u00e9es pour guides et professeurs. Notre hostel est dot\u00e9 d\u2019\u00e9quipements modernes [&hellip;]<\/p>\n","protected":false},"author":2,"featured_media":2656,"parent":0,"menu_order":11,"comment_status":"closed","ping_status":"closed","template":"page-offer-groups.php","meta":{"footnotes":""},"class_list":["post-14","page","type-page","status-publish","has-post-thumbnail","hentry"],"acf":[],"yoast_head":"<!-- This site is optimized with the Yoast SEO plugin v20.8 - https:\/\/yoast.com\/wordpress\/plugins\/seo\/ -->\n<title>H\u00e9bergement de groupes \u00e0 Berlin | Voyages scolaires<\/title>\n<meta name=\"description\" content=\"R\u00e9servez votre h\u00e9bergement de groupes dans l&#039;auberge de jeunesse id\u00e9ale de Berlin. Nous sommes bons, \u00e9conomiques et bien situ\u00e9s.\" \/>\n<meta name=\"robots\" content=\"index, follow, max-snippet:-1, max-image-preview:large, max-video-preview:-1\" \/>\n<link rel=\"canonical\" href=\"https:\/\/www.amstelhouse.de\/fr\/hebergement-de-groupes\/\" \/>\n<meta property=\"og:locale\" content=\"fr_FR\" \/>\n<meta property=\"og:type\" content=\"article\" \/>\n<meta property=\"og:title\" content=\"H\u00e9bergement de groupes \u00e0 Berlin | Voyages scolaires\" \/>\n<meta property=\"og:description\" content=\"R\u00e9servez votre h\u00e9bergement de groupes dans l&#039;auberge de jeunesse id\u00e9ale de Berlin. Nous sommes bons, \u00e9conomiques et bien situ\u00e9s.\" \/>\n<meta property=\"og:url\" content=\"https:\/\/www.amstelhouse.de\/fr\/hebergement-de-groupes\/\" \/>\n<meta property=\"og:site_name\" content=\"Amstel House (fr)\" \/>\n<meta property=\"article:publisher\" content=\"https:\/\/www.facebook.com\/amstelhouse\/\" \/>\n<meta property=\"article:modified_time\" content=\"2021-11-19T15:14:50+00:00\" \/>\n<meta property=\"og:image\" content=\"https:\/\/www.amstelhouse.de\/fr\/wp-content\/uploads\/sites\/32\/2018\/07\/voyage-en-groupe-berlin.jpg\" \/>\n\t<meta property=\"og:image:width\" content=\"1800\" \/>\n\t<meta property=\"og:image:height\" content=\"720\" \/>\n\t<meta property=\"og:image:type\" content=\"image\/jpeg\" \/>\n<meta name=\"twitter:label1\" content=\"Est. reading time\" \/>\n\t<meta name=\"twitter:data1\" content=\"1 minute\" \/>\n<script type=\"application\/ld+json\" class=\"yoast-schema-graph\">{\"@context\":\"https:\/\/schema.org\",\"@graph\":[{\"@type\":\"WebPage\",\"@id\":\"https:\/\/www.amstelhouse.de\/fr\/hebergement-de-groupes\/\",\"url\":\"https:\/\/www.amstelhouse.de\/fr\/hebergement-de-groupes\/\",\"name\":\"H\u00e9bergement de groupes \u00e0 Berlin | Voyages scolaires\",\"isPartOf\":{\"@id\":\"https:\/\/www.amstelhouse.de\/fr\/#website\"},\"datePublished\":\"2015-02-05T17:44:17+00:00\",\"dateModified\":\"2021-11-19T15:14:50+00:00\",\"description\":\"R\u00e9servez votre h\u00e9bergement de groupes dans l'auberge de jeunesse id\u00e9ale de Berlin. Nous sommes bons, \u00e9conomiques et bien situ\u00e9s.\",\"breadcrumb\":{\"@id\":\"https:\/\/www.amstelhouse.de\/fr\/hebergement-de-groupes\/#breadcrumb\"},\"inLanguage\":\"fr-FR\",\"potentialAction\":[{\"@type\":\"ReadAction\",\"target\":[\"https:\/\/www.amstelhouse.de\/fr\/hebergement-de-groupes\/\"]}]},{\"@type\":\"BreadcrumbList\",\"@id\":\"https:\/\/www.amstelhouse.de\/fr\/hebergement-de-groupes\/#breadcrumb\",\"itemListElement\":[{\"@type\":\"ListItem\",\"position\":1,\"name\":\"Home\",\"item\":\"https:\/\/www.amstelhouse.de\/fr\/\"},{\"@type\":\"ListItem\",\"position\":2,\"name\":\"groupes\"}]},{\"@type\":\"WebSite\",\"@id\":\"https:\/\/www.amstelhouse.de\/fr\/#website\",\"url\":\"https:\/\/www.amstelhouse.de\/fr\/\",\"name\":\"Amstel House (fr)\",\"description\":\"Zentral - Gut - Preiswert\",\"publisher\":{\"@id\":\"https:\/\/www.amstelhouse.de\/fr\/#organization\"},\"potentialAction\":[{\"@type\":\"SearchAction\",\"target\":{\"@type\":\"EntryPoint\",\"urlTemplate\":\"https:\/\/www.amstelhouse.de\/fr\/?s={search_term_string}\"},\"query-input\":\"required name=search_term_string\"}],\"inLanguage\":\"fr-FR\"},{\"@type\":\"Organization\",\"@id\":\"https:\/\/www.amstelhouse.de\/fr\/#organization\",\"name\":\"Amstel Hostel Berlin\",\"url\":\"https:\/\/www.amstelhouse.de\/fr\/\",\"logo\":{\"@type\":\"ImageObject\",\"inLanguage\":\"fr-FR\",\"@id\":\"https:\/\/www.amstelhouse.de\/fr\/#\/schema\/logo\/image\/\",\"url\":\"https:\/\/www.amstelhouse.de\/fr\/wp-content\/uploads\/sites\/32\/2017\/09\/logo.svg\",\"contentUrl\":\"https:\/\/www.amstelhouse.de\/fr\/wp-content\/uploads\/sites\/32\/2017\/09\/logo.svg\",\"width\":1,\"height\":1,\"caption\":\"Amstel Hostel Berlin\"},\"image\":{\"@id\":\"https:\/\/www.amstelhouse.de\/fr\/#\/schema\/logo\/image\/\"},\"sameAs\":[\"https:\/\/www.facebook.com\/amstelhouse\/\",\"https:\/\/twitter.com\/Amstelhouse\",\"https:\/\/www.instagram.com\/amstelhouse\/\",\"https:\/\/de.pinterest.com\/amstelhouse\/\"]}]}<\/script>\n<!-- \/ Yoast SEO plugin. -->","yoast_head_json":{"title":"H\u00e9bergement de groupes \u00e0 Berlin | Voyages scolaires","description":"R\u00e9servez votre h\u00e9bergement de groupes dans l'auberge de jeunesse id\u00e9ale de Berlin. Nous sommes bons, \u00e9conomiques et bien situ\u00e9s.","robots":{"index":"index","follow":"follow","max-snippet":"max-snippet:-1","max-image-preview":"max-image-preview:large","max-video-preview":"max-video-preview:-1"},"canonical":"https:\/\/www.amstelhouse.de\/fr\/hebergement-de-groupes\/","og_locale":"fr_FR","og_type":"article","og_title":"H\u00e9bergement de groupes \u00e0 Berlin | Voyages scolaires","og_description":"R\u00e9servez votre h\u00e9bergement de groupes dans l'auberge de jeunesse id\u00e9ale de Berlin. Nous sommes bons, \u00e9conomiques et bien situ\u00e9s.","og_url":"https:\/\/www.amstelhouse.de\/fr\/hebergement-de-groupes\/","og_site_name":"Amstel House (fr)","article_publisher":"https:\/\/www.facebook.com\/amstelhouse\/","article_modified_time":"2021-11-19T15:14:50+00:00","og_image":[{"width":1800,"height":720,"url":"https:\/\/www.amstelhouse.de\/fr\/wp-content\/uploads\/sites\/32\/2018\/07\/voyage-en-groupe-berlin.jpg","type":"image\/jpeg"}],"twitter_misc":{"Est. reading time":"1 minute"},"schema":{"@context":"https:\/\/schema.org","@graph":[{"@type":"WebPage","@id":"https:\/\/www.amstelhouse.de\/fr\/hebergement-de-groupes\/","url":"https:\/\/www.amstelhouse.de\/fr\/hebergement-de-groupes\/","name":"H\u00e9bergement de groupes \u00e0 Berlin | Voyages scolaires","isPartOf":{"@id":"https:\/\/www.amstelhouse.de\/fr\/#website"},"datePublished":"2015-02-05T17:44:17+00:00","dateModified":"2021-11-19T15:14:50+00:00","description":"R\u00e9servez votre h\u00e9bergement de groupes dans l'auberge de jeunesse id\u00e9ale de Berlin. Nous sommes bons, \u00e9conomiques et bien situ\u00e9s.","breadcrumb":{"@id":"https:\/\/www.amstelhouse.de\/fr\/hebergement-de-groupes\/#breadcrumb"},"inLanguage":"fr-FR","potentialAction":[{"@type":"ReadAction","target":["https:\/\/www.amstelhouse.de\/fr\/hebergement-de-groupes\/"]}]},{"@type":"BreadcrumbList","@id":"https:\/\/www.amstelhouse.de\/fr\/hebergement-de-groupes\/#breadcrumb","itemListElement":[{"@type":"ListItem","position":1,"name":"Home","item":"https:\/\/www.amstelhouse.de\/fr\/"},{"@type":"ListItem","position":2,"name":"groupes"}]},{"@type":"WebSite","@id":"https:\/\/www.amstelhouse.de\/fr\/#website","url":"https:\/\/www.amstelhouse.de\/fr\/","name":"Amstel House (fr)","description":"Zentral - Gut - Preiswert","publisher":{"@id":"https:\/\/www.amstelhouse.de\/fr\/#organization"},"potentialAction":[{"@type":"SearchAction","target":{"@type":"EntryPoint","urlTemplate":"https:\/\/www.amstelhouse.de\/fr\/?s={search_term_string}"},"query-input":"required name=search_term_string"}],"inLanguage":"fr-FR"},{"@type":"Organization","@id":"https:\/\/www.amstelhouse.de\/fr\/#organization","name":"Amstel Hostel Berlin","url":"https:\/\/www.amstelhouse.de\/fr\/","logo":{"@type":"ImageObject","inLanguage":"fr-FR","@id":"https:\/\/www.amstelhouse.de\/fr\/#\/schema\/logo\/image\/","url":"https:\/\/www.amstelhouse.de\/fr\/wp-content\/uploads\/sites\/32\/2017\/09\/logo.svg","contentUrl":"https:\/\/www.amstelhouse.de\/fr\/wp-content\/uploads\/sites\/32\/2017\/09\/logo.svg","width":1,"height":1,"caption":"Amstel Hostel Berlin"},"image":{"@id":"https:\/\/www.amstelhouse.de\/fr\/#\/schema\/logo\/image\/"},"sameAs":["https:\/\/www.facebook.com\/amstelhouse\/","https:\/\/twitter.com\/Amstelhouse","https:\/\/www.instagram.com\/amstelhouse\/","https:\/\/de.pinterest.com\/amstelhouse\/"]}]}},"_links":{"self":[{"href":"https:\/\/www.amstelhouse.de\/fr\/wp-json\/wp\/v2\/pages\/14"}],"collection":[{"href":"https:\/\/www.amstelhouse.de\/fr\/wp-json\/wp\/v2\/pages"}],"about":[{"href":"https:\/\/www.amstelhouse.de\/fr\/wp-json\/wp\/v2\/types\/page"}],"author":[{"embeddable":true,"href":"https:\/\/www.amstelhouse.de\/fr\/wp-json\/wp\/v2\/users\/2"}],"replies":[{"embeddable":true,"href":"https:\/\/www.amstelhouse.de\/fr\/wp-json\/wp\/v2\/comments?post=14"}],"version-history":[{"count":5,"href":"https:\/\/www.amstelhouse.de\/fr\/wp-json\/wp\/v2\/pages\/14\/revisions"}],"predecessor-version":[{"id":3035,"href":"https:\/\/www.amstelhouse.de\/fr\/wp-json\/wp\/v2\/pages\/14\/revisions\/3035"}],"wp:featuredmedia":[{"embeddable":true,"href":"https:\/\/www.amstelhouse.de\/fr\/wp-json\/wp\/v2\/media\/2656"}],"wp:attachment":[{"href":"https:\/\/www.amstelhouse.de\/fr\/wp-json\/wp\/v2\/media?parent=14"}],"curies":[{"name":"wp","href":"https:\/\/api.w.org\/{rel}","templated":true}]}}