{"id":18,"date":"2015-02-07T08:37:08","date_gmt":"2015-02-07T08:37:08","guid":{"rendered":"http:\/\/www.amstelhouse.de\/staging-site\/?page_id=18"},"modified":"2023-12-14T10:18:41","modified_gmt":"2023-12-14T10:18:41","slug":"lieu-central","status":"publish","type":"page","link":"https:\/\/www.amstelhouse.de\/fr\/lieu-central\/","title":{"rendered":"Situation"},"content":{"rendered":"<h1 style=\"text-align: center;\">LIEU CENTRAL<\/h1>\n<h2 style=\"text-align: center;\">S\u00c9JOUR \u00c0 PETIT BUDGET AU COEUR DE BERLIN<\/h2>\n<p>Nous sommes situ\u00e9s dans Moabit, la partie tranquille et r\u00e9sidentielle du quartier de Mitte\u00a0 tout en \u00e9tant entour\u00e9 d\u2019attractions touristiques et lieux historiques de la ville. Cette partie de la ville est fr\u00e9quent\u00e9e par des jeunes, \u00e9tudiants, artistes ind\u00e9pendants et regorge de parcs avec vue sur la Spree et ses bacs. A proximit\u00e9 de notre auberge, le vieil hall du march\u00e9 se compose d\u2019une gastronomie multiculturelle et bien d\u00e9sservie aux autres coins de la ville. Cinq arr\u00eats en neuf minutes avec le tram M10 nous s\u00e9parent de la gare centrale. En \u00e0 peine 40 minutes, tu peux te rendre de l&rsquo;Amstel House Hostel \u00e0 l&rsquo;a\u00e9roport de Berlin-Brandenburg BER. Notre auberge de jeunesse design est donc bien centr\u00e9 dans Berlin.<\/p>\n<p>&nbsp;<\/p>\n<h5 style=\"text-align: left;\">Waldenserstra\u00dfe 31 | 10551 Berlin<\/h5>\n","protected":false},"excerpt":{"rendered":"<p>LIEU CENTRAL S\u00c9JOUR \u00c0 PETIT BUDGET AU COEUR DE BERLIN Nous sommes situ\u00e9s dans Moabit, la partie tranquille et r\u00e9sidentielle du quartier de Mitte\u00a0 tout en \u00e9tant entour\u00e9 d\u2019attractions touristiques et lieux historiques de la ville. Cette partie de la ville est fr\u00e9quent\u00e9e par des jeunes, \u00e9tudiants, artistes ind\u00e9pendants et regorge de parcs avec vue [&hellip;]<\/p>\n","protected":false},"author":2,"featured_media":2529,"parent":0,"menu_order":17,"comment_status":"closed","ping_status":"closed","template":"page-location.php","meta":{"footnotes":""},"class_list":["post-18","page","type-page","status-publish","has-post-thumbnail","hentry"],"acf":[],"yoast_head":"<!-- This site is optimized with the Yoast SEO plugin v20.8 - https:\/\/yoast.com\/wordpress\/plugins\/seo\/ -->\n<title>Hostel le mieux situ\u00e9 \u00e0 Berlin | Lieu central<\/title>\n<meta name=\"description\" content=\"S\u00e9journez dans un endroit central de Berlin \u00e0 des prix abordables. Nous proposons un h\u00e9bergement \u00e9l\u00e9gant \u00e0 proximit\u00e9 des attractions touristiques.\" \/>\n<meta name=\"robots\" content=\"index, follow, max-snippet:-1, max-image-preview:large, max-video-preview:-1\" \/>\n<link rel=\"canonical\" href=\"https:\/\/www.amstelhouse.de\/fr\/lieu-central\/\" \/>\n<meta property=\"og:locale\" content=\"fr_FR\" \/>\n<meta property=\"og:type\" content=\"article\" \/>\n<meta property=\"og:title\" content=\"Hostel le mieux situ\u00e9 \u00e0 Berlin | Lieu central\" \/>\n<meta property=\"og:description\" content=\"S\u00e9journez dans un endroit central de Berlin \u00e0 des prix abordables. Nous proposons un h\u00e9bergement \u00e9l\u00e9gant \u00e0 proximit\u00e9 des attractions touristiques.\" \/>\n<meta property=\"og:url\" content=\"https:\/\/www.amstelhouse.de\/fr\/lieu-central\/\" \/>\n<meta property=\"og:site_name\" content=\"Amstel House (fr)\" \/>\n<meta property=\"article:publisher\" content=\"https:\/\/www.facebook.com\/amstelhouse\/\" \/>\n<meta property=\"article:modified_time\" content=\"2023-12-14T10:18:41+00:00\" \/>\n<meta property=\"og:image\" content=\"https:\/\/www.amstelhouse.de\/fr\/wp-content\/uploads\/sites\/32\/2018\/07\/auberge-de-jeunesse-berlin.jpg\" \/>\n\t<meta property=\"og:image:width\" content=\"2100\" \/>\n\t<meta property=\"og:image:height\" content=\"840\" \/>\n\t<meta property=\"og:image:type\" content=\"image\/jpeg\" \/>\n<meta name=\"twitter:label1\" content=\"Est. reading time\" \/>\n\t<meta name=\"twitter:data1\" content=\"1 minute\" \/>\n<script type=\"application\/ld+json\" class=\"yoast-schema-graph\">{\"@context\":\"https:\/\/schema.org\",\"@graph\":[{\"@type\":\"WebPage\",\"@id\":\"https:\/\/www.amstelhouse.de\/fr\/lieu-central\/\",\"url\":\"https:\/\/www.amstelhouse.de\/fr\/lieu-central\/\",\"name\":\"Hostel le mieux situ\u00e9 \u00e0 Berlin | Lieu central\",\"isPartOf\":{\"@id\":\"https:\/\/www.amstelhouse.de\/fr\/#website\"},\"datePublished\":\"2015-02-07T08:37:08+00:00\",\"dateModified\":\"2023-12-14T10:18:41+00:00\",\"description\":\"S\u00e9journez dans un endroit central de Berlin \u00e0 des prix abordables. Nous proposons un h\u00e9bergement \u00e9l\u00e9gant \u00e0 proximit\u00e9 des attractions touristiques.\",\"breadcrumb\":{\"@id\":\"https:\/\/www.amstelhouse.de\/fr\/lieu-central\/#breadcrumb\"},\"inLanguage\":\"fr-FR\",\"potentialAction\":[{\"@type\":\"ReadAction\",\"target\":[\"https:\/\/www.amstelhouse.de\/fr\/lieu-central\/\"]}]},{\"@type\":\"BreadcrumbList\",\"@id\":\"https:\/\/www.amstelhouse.de\/fr\/lieu-central\/#breadcrumb\",\"itemListElement\":[{\"@type\":\"ListItem\",\"position\":1,\"name\":\"Home\",\"item\":\"https:\/\/www.amstelhouse.de\/fr\/\"},{\"@type\":\"ListItem\",\"position\":2,\"name\":\"Situation\"}]},{\"@type\":\"WebSite\",\"@id\":\"https:\/\/www.amstelhouse.de\/fr\/#website\",\"url\":\"https:\/\/www.amstelhouse.de\/fr\/\",\"name\":\"Amstel House (fr)\",\"description\":\"Zentral - Gut - Preiswert\",\"publisher\":{\"@id\":\"https:\/\/www.amstelhouse.de\/fr\/#organization\"},\"potentialAction\":[{\"@type\":\"SearchAction\",\"target\":{\"@type\":\"EntryPoint\",\"urlTemplate\":\"https:\/\/www.amstelhouse.de\/fr\/?s={search_term_string}\"},\"query-input\":\"required name=search_term_string\"}],\"inLanguage\":\"fr-FR\"},{\"@type\":\"Organization\",\"@id\":\"https:\/\/www.amstelhouse.de\/fr\/#organization\",\"name\":\"Amstel Hostel Berlin\",\"url\":\"https:\/\/www.amstelhouse.de\/fr\/\",\"logo\":{\"@type\":\"ImageObject\",\"inLanguage\":\"fr-FR\",\"@id\":\"https:\/\/www.amstelhouse.de\/fr\/#\/schema\/logo\/image\/\",\"url\":\"https:\/\/www.amstelhouse.de\/fr\/wp-content\/uploads\/sites\/32\/2017\/09\/logo.svg\",\"contentUrl\":\"https:\/\/www.amstelhouse.de\/fr\/wp-content\/uploads\/sites\/32\/2017\/09\/logo.svg\",\"width\":1,\"height\":1,\"caption\":\"Amstel Hostel Berlin\"},\"image\":{\"@id\":\"https:\/\/www.amstelhouse.de\/fr\/#\/schema\/logo\/image\/\"},\"sameAs\":[\"https:\/\/www.facebook.com\/amstelhouse\/\",\"https:\/\/twitter.com\/Amstelhouse\",\"https:\/\/www.instagram.com\/amstelhouse\/\",\"https:\/\/de.pinterest.com\/amstelhouse\/\"]}]}<\/script>\n<!-- \/ Yoast SEO plugin. -->","yoast_head_json":{"title":"Hostel le mieux situ\u00e9 \u00e0 Berlin | Lieu central","description":"S\u00e9journez dans un endroit central de Berlin \u00e0 des prix abordables. Nous proposons un h\u00e9bergement \u00e9l\u00e9gant \u00e0 proximit\u00e9 des attractions touristiques.","robots":{"index":"index","follow":"follow","max-snippet":"max-snippet:-1","max-image-preview":"max-image-preview:large","max-video-preview":"max-video-preview:-1"},"canonical":"https:\/\/www.amstelhouse.de\/fr\/lieu-central\/","og_locale":"fr_FR","og_type":"article","og_title":"Hostel le mieux situ\u00e9 \u00e0 Berlin | Lieu central","og_description":"S\u00e9journez dans un endroit central de Berlin \u00e0 des prix abordables. Nous proposons un h\u00e9bergement \u00e9l\u00e9gant \u00e0 proximit\u00e9 des attractions touristiques.","og_url":"https:\/\/www.amstelhouse.de\/fr\/lieu-central\/","og_site_name":"Amstel House (fr)","article_publisher":"https:\/\/www.facebook.com\/amstelhouse\/","article_modified_time":"2023-12-14T10:18:41+00:00","og_image":[{"width":"2100","height":"840","url":"https:\/\/www.amstelhouse.de\/fr\/wp-content\/uploads\/sites\/32\/2018\/07\/auberge-de-jeunesse-berlin.jpg","type":"image\/jpeg"}],"twitter_misc":{"Est. reading time":"1 minute"},"schema":{"@context":"https:\/\/schema.org","@graph":[{"@type":"WebPage","@id":"https:\/\/www.amstelhouse.de\/fr\/lieu-central\/","url":"https:\/\/www.amstelhouse.de\/fr\/lieu-central\/","name":"Hostel le mieux situ\u00e9 \u00e0 Berlin | Lieu central","isPartOf":{"@id":"https:\/\/www.amstelhouse.de\/fr\/#website"},"datePublished":"2015-02-07T08:37:08+00:00","dateModified":"2023-12-14T10:18:41+00:00","description":"S\u00e9journez dans un endroit central de Berlin \u00e0 des prix abordables. Nous proposons un h\u00e9bergement \u00e9l\u00e9gant \u00e0 proximit\u00e9 des attractions touristiques.","breadcrumb":{"@id":"https:\/\/www.amstelhouse.de\/fr\/lieu-central\/#breadcrumb"},"inLanguage":"fr-FR","potentialAction":[{"@type":"ReadAction","target":["https:\/\/www.amstelhouse.de\/fr\/lieu-central\/"]}]},{"@type":"BreadcrumbList","@id":"https:\/\/www.amstelhouse.de\/fr\/lieu-central\/#breadcrumb","itemListElement":[{"@type":"ListItem","position":1,"name":"Home","item":"https:\/\/www.amstelhouse.de\/fr\/"},{"@type":"ListItem","position":2,"name":"Situation"}]},{"@type":"WebSite","@id":"https:\/\/www.amstelhouse.de\/fr\/#website","url":"https:\/\/www.amstelhouse.de\/fr\/","name":"Amstel House (fr)","description":"Zentral - Gut - Preiswert","publisher":{"@id":"https:\/\/www.amstelhouse.de\/fr\/#organization"},"potentialAction":[{"@type":"SearchAction","target":{"@type":"EntryPoint","urlTemplate":"https:\/\/www.amstelhouse.de\/fr\/?s={search_term_string}"},"query-input":"required name=search_term_string"}],"inLanguage":"fr-FR"},{"@type":"Organization","@id":"https:\/\/www.amstelhouse.de\/fr\/#organization","name":"Amstel Hostel Berlin","url":"https:\/\/www.amstelhouse.de\/fr\/","logo":{"@type":"ImageObject","inLanguage":"fr-FR","@id":"https:\/\/www.amstelhouse.de\/fr\/#\/schema\/logo\/image\/","url":"https:\/\/www.amstelhouse.de\/fr\/wp-content\/uploads\/sites\/32\/2017\/09\/logo.svg","contentUrl":"https:\/\/www.amstelhouse.de\/fr\/wp-content\/uploads\/sites\/32\/2017\/09\/logo.svg","width":1,"height":1,"caption":"Amstel Hostel Berlin"},"image":{"@id":"https:\/\/www.amstelhouse.de\/fr\/#\/schema\/logo\/image\/"},"sameAs":["https:\/\/www.facebook.com\/amstelhouse\/","https:\/\/twitter.com\/Amstelhouse","https:\/\/www.instagram.com\/amstelhouse\/","https:\/\/de.pinterest.com\/amstelhouse\/"]}]}},"_links":{"self":[{"href":"https:\/\/www.amstelhouse.de\/fr\/wp-json\/wp\/v2\/pages\/18"}],"collection":[{"href":"https:\/\/www.amstelhouse.de\/fr\/wp-json\/wp\/v2\/pages"}],"about":[{"href":"https:\/\/www.amstelhouse.de\/fr\/wp-json\/wp\/v2\/types\/page"}],"author":[{"embeddable":true,"href":"https:\/\/www.amstelhouse.de\/fr\/wp-json\/wp\/v2\/users\/2"}],"replies":[{"embeddable":true,"href":"https:\/\/www.amstelhouse.de\/fr\/wp-json\/wp\/v2\/comments?post=18"}],"version-history":[{"count":4,"href":"https:\/\/www.amstelhouse.de\/fr\/wp-json\/wp\/v2\/pages\/18\/revisions"}],"predecessor-version":[{"id":3340,"href":"https:\/\/www.amstelhouse.de\/fr\/wp-json\/wp\/v2\/pages\/18\/revisions\/3340"}],"wp:featuredmedia":[{"embeddable":true,"href":"https:\/\/www.amstelhouse.de\/fr\/wp-json\/wp\/v2\/media\/2529"}],"wp:attachment":[{"href":"https:\/\/www.amstelhouse.de\/fr\/wp-json\/wp\/v2\/media?parent=18"}],"curies":[{"name":"wp","href":"https:\/\/api.w.org\/{rel}","templated":true}]}}