{"id":1975,"date":"2017-11-20T11:26:22","date_gmt":"2017-11-20T11:26:22","guid":{"rendered":"http:\/\/www.amstelhouse.de\/staging-site\/?page_id=1975"},"modified":"2021-11-19T15:23:12","modified_gmt":"2021-11-19T15:23:12","slug":"press","status":"publish","type":"page","link":"https:\/\/www.amstelhouse.de\/fr\/press\/","title":{"rendered":"Press"},"content":{"rendered":"","protected":false},"excerpt":{"rendered":"","protected":false},"author":4,"featured_media":0,"parent":0,"menu_order":14,"comment_status":"closed","ping_status":"closed","template":"","meta":{"footnotes":""},"class_list":["post-1975","page","type-page","status-publish","hentry"],"acf":[],"yoast_head":"<!-- This site is optimized with the Yoast SEO plugin v20.8 - https:\/\/yoast.com\/wordpress\/plugins\/seo\/ -->\n<title>Presse | Amstel House Hostel Berlin<\/title>\n<meta name=\"description\" content=\"Amstel House re\u00e7oit des demandes de presse de la part de journalistes et de m\u00e9dias. Nous sommes \u00e0 votre disposition pour r\u00e9pondre \u00e0 toutes vos questions.\" \/>\n<meta name=\"robots\" content=\"index, follow, max-snippet:-1, max-image-preview:large, max-video-preview:-1\" \/>\n<link rel=\"canonical\" href=\"https:\/\/www.amstelhouse.de\/fr\/press\/\" \/>\n<meta property=\"og:locale\" content=\"fr_FR\" \/>\n<meta property=\"og:type\" content=\"article\" \/>\n<meta property=\"og:title\" content=\"Presse | Amstel House Hostel Berlin\" \/>\n<meta property=\"og:description\" content=\"Amstel House re\u00e7oit des demandes de presse de la part de journalistes et de m\u00e9dias. Nous sommes \u00e0 votre disposition pour r\u00e9pondre \u00e0 toutes vos questions.\" \/>\n<meta property=\"og:url\" content=\"https:\/\/www.amstelhouse.de\/fr\/press\/\" \/>\n<meta property=\"og:site_name\" content=\"Amstel House (fr)\" \/>\n<meta property=\"article:publisher\" content=\"https:\/\/www.facebook.com\/amstelhouse\/\" \/>\n<meta property=\"article:modified_time\" content=\"2021-11-19T15:23:12+00:00\" \/>\n<script type=\"application\/ld+json\" class=\"yoast-schema-graph\">{\"@context\":\"https:\/\/schema.org\",\"@graph\":[{\"@type\":\"WebPage\",\"@id\":\"https:\/\/www.amstelhouse.de\/fr\/press\/\",\"url\":\"https:\/\/www.amstelhouse.de\/fr\/press\/\",\"name\":\"Presse | Amstel House Hostel Berlin\",\"isPartOf\":{\"@id\":\"https:\/\/www.amstelhouse.de\/fr\/#website\"},\"datePublished\":\"2017-11-20T11:26:22+00:00\",\"dateModified\":\"2021-11-19T15:23:12+00:00\",\"description\":\"Amstel House re\u00e7oit des demandes de presse de la part de journalistes et de m\u00e9dias. Nous sommes \u00e0 votre disposition pour r\u00e9pondre \u00e0 toutes vos questions.\",\"breadcrumb\":{\"@id\":\"https:\/\/www.amstelhouse.de\/fr\/press\/#breadcrumb\"},\"inLanguage\":\"fr-FR\",\"potentialAction\":[{\"@type\":\"ReadAction\",\"target\":[\"https:\/\/www.amstelhouse.de\/fr\/press\/\"]}]},{\"@type\":\"BreadcrumbList\",\"@id\":\"https:\/\/www.amstelhouse.de\/fr\/press\/#breadcrumb\",\"itemListElement\":[{\"@type\":\"ListItem\",\"position\":1,\"name\":\"Home\",\"item\":\"https:\/\/www.amstelhouse.de\/fr\/\"},{\"@type\":\"ListItem\",\"position\":2,\"name\":\"Press\"}]},{\"@type\":\"WebSite\",\"@id\":\"https:\/\/www.amstelhouse.de\/fr\/#website\",\"url\":\"https:\/\/www.amstelhouse.de\/fr\/\",\"name\":\"Amstel House (fr)\",\"description\":\"Zentral - Gut - Preiswert\",\"publisher\":{\"@id\":\"https:\/\/www.amstelhouse.de\/fr\/#organization\"},\"potentialAction\":[{\"@type\":\"SearchAction\",\"target\":{\"@type\":\"EntryPoint\",\"urlTemplate\":\"https:\/\/www.amstelhouse.de\/fr\/?s={search_term_string}\"},\"query-input\":\"required name=search_term_string\"}],\"inLanguage\":\"fr-FR\"},{\"@type\":\"Organization\",\"@id\":\"https:\/\/www.amstelhouse.de\/fr\/#organization\",\"name\":\"Amstel Hostel Berlin\",\"url\":\"https:\/\/www.amstelhouse.de\/fr\/\",\"logo\":{\"@type\":\"ImageObject\",\"inLanguage\":\"fr-FR\",\"@id\":\"https:\/\/www.amstelhouse.de\/fr\/#\/schema\/logo\/image\/\",\"url\":\"https:\/\/www.amstelhouse.de\/fr\/wp-content\/uploads\/sites\/32\/2017\/09\/logo.svg\",\"contentUrl\":\"https:\/\/www.amstelhouse.de\/fr\/wp-content\/uploads\/sites\/32\/2017\/09\/logo.svg\",\"width\":1,\"height\":1,\"caption\":\"Amstel Hostel Berlin\"},\"image\":{\"@id\":\"https:\/\/www.amstelhouse.de\/fr\/#\/schema\/logo\/image\/\"},\"sameAs\":[\"https:\/\/www.facebook.com\/amstelhouse\/\",\"https:\/\/twitter.com\/Amstelhouse\",\"https:\/\/www.instagram.com\/amstelhouse\/\",\"https:\/\/de.pinterest.com\/amstelhouse\/\"]}]}<\/script>\n<!-- \/ Yoast SEO plugin. -->","yoast_head_json":{"title":"Presse | Amstel House Hostel Berlin","description":"Amstel House re\u00e7oit des demandes de presse de la part de journalistes et de m\u00e9dias. Nous sommes \u00e0 votre disposition pour r\u00e9pondre \u00e0 toutes vos questions.","robots":{"index":"index","follow":"follow","max-snippet":"max-snippet:-1","max-image-preview":"max-image-preview:large","max-video-preview":"max-video-preview:-1"},"canonical":"https:\/\/www.amstelhouse.de\/fr\/press\/","og_locale":"fr_FR","og_type":"article","og_title":"Presse | Amstel House Hostel Berlin","og_description":"Amstel House re\u00e7oit des demandes de presse de la part de journalistes et de m\u00e9dias. Nous sommes \u00e0 votre disposition pour r\u00e9pondre \u00e0 toutes vos questions.","og_url":"https:\/\/www.amstelhouse.de\/fr\/press\/","og_site_name":"Amstel House (fr)","article_publisher":"https:\/\/www.facebook.com\/amstelhouse\/","article_modified_time":"2021-11-19T15:23:12+00:00","schema":{"@context":"https:\/\/schema.org","@graph":[{"@type":"WebPage","@id":"https:\/\/www.amstelhouse.de\/fr\/press\/","url":"https:\/\/www.amstelhouse.de\/fr\/press\/","name":"Presse | Amstel House Hostel Berlin","isPartOf":{"@id":"https:\/\/www.amstelhouse.de\/fr\/#website"},"datePublished":"2017-11-20T11:26:22+00:00","dateModified":"2021-11-19T15:23:12+00:00","description":"Amstel House re\u00e7oit des demandes de presse de la part de journalistes et de m\u00e9dias. Nous sommes \u00e0 votre disposition pour r\u00e9pondre \u00e0 toutes vos questions.","breadcrumb":{"@id":"https:\/\/www.amstelhouse.de\/fr\/press\/#breadcrumb"},"inLanguage":"fr-FR","potentialAction":[{"@type":"ReadAction","target":["https:\/\/www.amstelhouse.de\/fr\/press\/"]}]},{"@type":"BreadcrumbList","@id":"https:\/\/www.amstelhouse.de\/fr\/press\/#breadcrumb","itemListElement":[{"@type":"ListItem","position":1,"name":"Home","item":"https:\/\/www.amstelhouse.de\/fr\/"},{"@type":"ListItem","position":2,"name":"Press"}]},{"@type":"WebSite","@id":"https:\/\/www.amstelhouse.de\/fr\/#website","url":"https:\/\/www.amstelhouse.de\/fr\/","name":"Amstel House (fr)","description":"Zentral - Gut - Preiswert","publisher":{"@id":"https:\/\/www.amstelhouse.de\/fr\/#organization"},"potentialAction":[{"@type":"SearchAction","target":{"@type":"EntryPoint","urlTemplate":"https:\/\/www.amstelhouse.de\/fr\/?s={search_term_string}"},"query-input":"required name=search_term_string"}],"inLanguage":"fr-FR"},{"@type":"Organization","@id":"https:\/\/www.amstelhouse.de\/fr\/#organization","name":"Amstel Hostel Berlin","url":"https:\/\/www.amstelhouse.de\/fr\/","logo":{"@type":"ImageObject","inLanguage":"fr-FR","@id":"https:\/\/www.amstelhouse.de\/fr\/#\/schema\/logo\/image\/","url":"https:\/\/www.amstelhouse.de\/fr\/wp-content\/uploads\/sites\/32\/2017\/09\/logo.svg","contentUrl":"https:\/\/www.amstelhouse.de\/fr\/wp-content\/uploads\/sites\/32\/2017\/09\/logo.svg","width":1,"height":1,"caption":"Amstel Hostel Berlin"},"image":{"@id":"https:\/\/www.amstelhouse.de\/fr\/#\/schema\/logo\/image\/"},"sameAs":["https:\/\/www.facebook.com\/amstelhouse\/","https:\/\/twitter.com\/Amstelhouse","https:\/\/www.instagram.com\/amstelhouse\/","https:\/\/de.pinterest.com\/amstelhouse\/"]}]}},"_links":{"self":[{"href":"https:\/\/www.amstelhouse.de\/fr\/wp-json\/wp\/v2\/pages\/1975"}],"collection":[{"href":"https:\/\/www.amstelhouse.de\/fr\/wp-json\/wp\/v2\/pages"}],"about":[{"href":"https:\/\/www.amstelhouse.de\/fr\/wp-json\/wp\/v2\/types\/page"}],"author":[{"embeddable":true,"href":"https:\/\/www.amstelhouse.de\/fr\/wp-json\/wp\/v2\/users\/4"}],"replies":[{"embeddable":true,"href":"https:\/\/www.amstelhouse.de\/fr\/wp-json\/wp\/v2\/comments?post=1975"}],"version-history":[{"count":1,"href":"https:\/\/www.amstelhouse.de\/fr\/wp-json\/wp\/v2\/pages\/1975\/revisions"}],"predecessor-version":[{"id":1976,"href":"https:\/\/www.amstelhouse.de\/fr\/wp-json\/wp\/v2\/pages\/1975\/revisions\/1976"}],"wp:attachment":[{"href":"https:\/\/www.amstelhouse.de\/fr\/wp-json\/wp\/v2\/media?parent=1975"}],"curies":[{"name":"wp","href":"https:\/\/api.w.org\/{rel}","templated":true}]}}