{"id":1986,"date":"2017-12-18T16:05:49","date_gmt":"2017-12-18T16:05:49","guid":{"rendered":"http:\/\/www.amstelhouse.de\/staging-site\/?page_id=1986"},"modified":"2021-11-19T15:25:28","modified_gmt":"2021-11-19T15:25:28","slug":"a-propos-de-nous","status":"publish","type":"page","link":"https:\/\/www.amstelhouse.de\/fr\/a-propos-de-nous\/","title":{"rendered":"A PROPOS DE NOUS"},"content":{"rendered":"<h2 style=\"text-align: center;\">L\u2019HISTOIRE FANTASTIQUE D\u2019AMSTEL HOUSE<\/h2>\n<p style=\"text-align: left;\">L\u2019hospitalit\u00e9 chez Amstel House se fonde sur 3 id\u00e9es: la m\u00e9moire, l\u2019exp\u00e9rience et l\u2019accessibilit\u00e9. Influenc\u00e9 par l\u2019histoire centenaire et la beaut\u00e9 de notre h\u00e9ritage culturel de notre b\u00e2timent, nous nous d\u00e9finissons comme un lieu o\u00f9 se d\u00e9roule des rencontres et exp\u00e9riences m\u00e9moriales. Offrir de bonnes nuits de sommeil pour tous nos types de voyageurs ainsi qu\u2019un service \u00e0 360\u00b0 pourraient \u00eatre \u00e0 l\u2019origine de notre projet. C\u2019est \u00e9galement un point de rencontre o\u00f9 les gens se r\u00e9unissent et se voient comme nous sommes. Notre d\u00e9coration int\u00e9rieure dynamique par l\u2019architecte prim\u00e9 Harm Rensink de nos espaces communs accueillent nos \u00e9v\u00e9nements. Et tout cela \u00e0 des prix abordables. Venez, il y a beaucoup \u00e0 voir et apprendre \u00e0 notre sujet. D\u00e9couvrez l\u2019histoire fantastique d\u2019Amstel House, comment nous sommes devenus la meilleure auberge de jeunesse abordable et comment nous pers\u00e9v\u00e9rons.<\/p>\n","protected":false},"excerpt":{"rendered":"<p>L\u2019HISTOIRE FANTASTIQUE D\u2019AMSTEL HOUSE L\u2019hospitalit\u00e9 chez Amstel House se fonde sur 3 id\u00e9es: la m\u00e9moire, l\u2019exp\u00e9rience et l\u2019accessibilit\u00e9. Influenc\u00e9 par l\u2019histoire centenaire et la beaut\u00e9 de notre h\u00e9ritage culturel de notre b\u00e2timent, nous nous d\u00e9finissons comme un lieu o\u00f9 se d\u00e9roule des rencontres et exp\u00e9riences m\u00e9moriales. Offrir de bonnes nuits de sommeil pour tous nos [&hellip;]<\/p>\n","protected":false},"author":4,"featured_media":2989,"parent":0,"menu_order":1,"comment_status":"closed","ping_status":"closed","template":"page-offer-subpage-about.php","meta":{"footnotes":""},"class_list":["post-1986","page","type-page","status-publish","has-post-thumbnail","hentry"],"acf":[],"yoast_head":"<!-- This site is optimized with the Yoast SEO plugin v20.8 - https:\/\/yoast.com\/wordpress\/plugins\/seo\/ -->\n<title>A propos de nous | Concept \u2022 Histoire \u2022 Design | Amstel House Hostel Berlin<\/title>\n<meta name=\"description\" content=\"Apprenez-en plus sur nous et notre histoire fascinante ! Le b\u00e2timent de style Art nouveau, la d\u00e9coration originale et les chambres abordables.\" \/>\n<meta name=\"robots\" content=\"index, follow, max-snippet:-1, max-image-preview:large, max-video-preview:-1\" \/>\n<link rel=\"canonical\" href=\"https:\/\/www.amstelhouse.de\/fr\/a-propos-de-nous\/\" \/>\n<meta property=\"og:locale\" content=\"fr_FR\" \/>\n<meta property=\"og:type\" content=\"article\" \/>\n<meta property=\"og:title\" content=\"A propos de nous | Concept \u2022 Histoire \u2022 Design | Amstel House Hostel Berlin\" \/>\n<meta property=\"og:description\" content=\"Apprenez-en plus sur nous et notre histoire fascinante ! Le b\u00e2timent de style Art nouveau, la d\u00e9coration originale et les chambres abordables.\" \/>\n<meta property=\"og:url\" content=\"https:\/\/www.amstelhouse.de\/fr\/a-propos-de-nous\/\" \/>\n<meta property=\"og:site_name\" content=\"Amstel House (fr)\" \/>\n<meta property=\"article:publisher\" content=\"https:\/\/www.facebook.com\/amstelhouse\/\" \/>\n<meta property=\"article:modified_time\" content=\"2021-11-19T15:25:28+00:00\" \/>\n<meta property=\"og:image\" content=\"https:\/\/www.amstelhouse.de\/fr\/wp-content\/uploads\/sites\/32\/2019\/11\/design-hostel-fassade-art-nouveau-stylistique-propos-de-nous.jpg\" \/>\n\t<meta property=\"og:image:width\" content=\"1800\" \/>\n\t<meta property=\"og:image:height\" content=\"720\" \/>\n\t<meta property=\"og:image:type\" content=\"image\/jpeg\" \/>\n<meta name=\"twitter:label1\" content=\"Est. reading time\" \/>\n\t<meta name=\"twitter:data1\" content=\"1 minute\" \/>\n<script type=\"application\/ld+json\" class=\"yoast-schema-graph\">{\"@context\":\"https:\/\/schema.org\",\"@graph\":[{\"@type\":\"WebPage\",\"@id\":\"https:\/\/www.amstelhouse.de\/fr\/a-propos-de-nous\/\",\"url\":\"https:\/\/www.amstelhouse.de\/fr\/a-propos-de-nous\/\",\"name\":\"A propos de nous | Concept \u2022 Histoire \u2022 Design | Amstel House Hostel Berlin\",\"isPartOf\":{\"@id\":\"https:\/\/www.amstelhouse.de\/fr\/#website\"},\"datePublished\":\"2017-12-18T16:05:49+00:00\",\"dateModified\":\"2021-11-19T15:25:28+00:00\",\"description\":\"Apprenez-en plus sur nous et notre histoire fascinante ! Le b\u00e2timent de style Art nouveau, la d\u00e9coration originale et les chambres abordables.\",\"breadcrumb\":{\"@id\":\"https:\/\/www.amstelhouse.de\/fr\/a-propos-de-nous\/#breadcrumb\"},\"inLanguage\":\"fr-FR\",\"potentialAction\":[{\"@type\":\"ReadAction\",\"target\":[\"https:\/\/www.amstelhouse.de\/fr\/a-propos-de-nous\/\"]}]},{\"@type\":\"BreadcrumbList\",\"@id\":\"https:\/\/www.amstelhouse.de\/fr\/a-propos-de-nous\/#breadcrumb\",\"itemListElement\":[{\"@type\":\"ListItem\",\"position\":1,\"name\":\"Home\",\"item\":\"https:\/\/www.amstelhouse.de\/fr\/\"},{\"@type\":\"ListItem\",\"position\":2,\"name\":\"A PROPOS DE NOUS\"}]},{\"@type\":\"WebSite\",\"@id\":\"https:\/\/www.amstelhouse.de\/fr\/#website\",\"url\":\"https:\/\/www.amstelhouse.de\/fr\/\",\"name\":\"Amstel House (fr)\",\"description\":\"Zentral - Gut - Preiswert\",\"publisher\":{\"@id\":\"https:\/\/www.amstelhouse.de\/fr\/#organization\"},\"potentialAction\":[{\"@type\":\"SearchAction\",\"target\":{\"@type\":\"EntryPoint\",\"urlTemplate\":\"https:\/\/www.amstelhouse.de\/fr\/?s={search_term_string}\"},\"query-input\":\"required name=search_term_string\"}],\"inLanguage\":\"fr-FR\"},{\"@type\":\"Organization\",\"@id\":\"https:\/\/www.amstelhouse.de\/fr\/#organization\",\"name\":\"Amstel Hostel Berlin\",\"url\":\"https:\/\/www.amstelhouse.de\/fr\/\",\"logo\":{\"@type\":\"ImageObject\",\"inLanguage\":\"fr-FR\",\"@id\":\"https:\/\/www.amstelhouse.de\/fr\/#\/schema\/logo\/image\/\",\"url\":\"https:\/\/www.amstelhouse.de\/fr\/wp-content\/uploads\/sites\/32\/2017\/09\/logo.svg\",\"contentUrl\":\"https:\/\/www.amstelhouse.de\/fr\/wp-content\/uploads\/sites\/32\/2017\/09\/logo.svg\",\"width\":1,\"height\":1,\"caption\":\"Amstel Hostel Berlin\"},\"image\":{\"@id\":\"https:\/\/www.amstelhouse.de\/fr\/#\/schema\/logo\/image\/\"},\"sameAs\":[\"https:\/\/www.facebook.com\/amstelhouse\/\",\"https:\/\/twitter.com\/Amstelhouse\",\"https:\/\/www.instagram.com\/amstelhouse\/\",\"https:\/\/de.pinterest.com\/amstelhouse\/\"]}]}<\/script>\n<!-- \/ Yoast SEO plugin. -->","yoast_head_json":{"title":"A propos de nous | Concept \u2022 Histoire \u2022 Design | Amstel House Hostel Berlin","description":"Apprenez-en plus sur nous et notre histoire fascinante ! Le b\u00e2timent de style Art nouveau, la d\u00e9coration originale et les chambres abordables.","robots":{"index":"index","follow":"follow","max-snippet":"max-snippet:-1","max-image-preview":"max-image-preview:large","max-video-preview":"max-video-preview:-1"},"canonical":"https:\/\/www.amstelhouse.de\/fr\/a-propos-de-nous\/","og_locale":"fr_FR","og_type":"article","og_title":"A propos de nous | Concept \u2022 Histoire \u2022 Design | Amstel House Hostel Berlin","og_description":"Apprenez-en plus sur nous et notre histoire fascinante ! Le b\u00e2timent de style Art nouveau, la d\u00e9coration originale et les chambres abordables.","og_url":"https:\/\/www.amstelhouse.de\/fr\/a-propos-de-nous\/","og_site_name":"Amstel House (fr)","article_publisher":"https:\/\/www.facebook.com\/amstelhouse\/","article_modified_time":"2021-11-19T15:25:28+00:00","og_image":[{"width":1800,"height":720,"url":"https:\/\/www.amstelhouse.de\/fr\/wp-content\/uploads\/sites\/32\/2019\/11\/design-hostel-fassade-art-nouveau-stylistique-propos-de-nous.jpg","type":"image\/jpeg"}],"twitter_misc":{"Est. reading time":"1 minute"},"schema":{"@context":"https:\/\/schema.org","@graph":[{"@type":"WebPage","@id":"https:\/\/www.amstelhouse.de\/fr\/a-propos-de-nous\/","url":"https:\/\/www.amstelhouse.de\/fr\/a-propos-de-nous\/","name":"A propos de nous | Concept \u2022 Histoire \u2022 Design | Amstel House Hostel Berlin","isPartOf":{"@id":"https:\/\/www.amstelhouse.de\/fr\/#website"},"datePublished":"2017-12-18T16:05:49+00:00","dateModified":"2021-11-19T15:25:28+00:00","description":"Apprenez-en plus sur nous et notre histoire fascinante ! Le b\u00e2timent de style Art nouveau, la d\u00e9coration originale et les chambres abordables.","breadcrumb":{"@id":"https:\/\/www.amstelhouse.de\/fr\/a-propos-de-nous\/#breadcrumb"},"inLanguage":"fr-FR","potentialAction":[{"@type":"ReadAction","target":["https:\/\/www.amstelhouse.de\/fr\/a-propos-de-nous\/"]}]},{"@type":"BreadcrumbList","@id":"https:\/\/www.amstelhouse.de\/fr\/a-propos-de-nous\/#breadcrumb","itemListElement":[{"@type":"ListItem","position":1,"name":"Home","item":"https:\/\/www.amstelhouse.de\/fr\/"},{"@type":"ListItem","position":2,"name":"A PROPOS DE NOUS"}]},{"@type":"WebSite","@id":"https:\/\/www.amstelhouse.de\/fr\/#website","url":"https:\/\/www.amstelhouse.de\/fr\/","name":"Amstel House (fr)","description":"Zentral - Gut - Preiswert","publisher":{"@id":"https:\/\/www.amstelhouse.de\/fr\/#organization"},"potentialAction":[{"@type":"SearchAction","target":{"@type":"EntryPoint","urlTemplate":"https:\/\/www.amstelhouse.de\/fr\/?s={search_term_string}"},"query-input":"required name=search_term_string"}],"inLanguage":"fr-FR"},{"@type":"Organization","@id":"https:\/\/www.amstelhouse.de\/fr\/#organization","name":"Amstel Hostel Berlin","url":"https:\/\/www.amstelhouse.de\/fr\/","logo":{"@type":"ImageObject","inLanguage":"fr-FR","@id":"https:\/\/www.amstelhouse.de\/fr\/#\/schema\/logo\/image\/","url":"https:\/\/www.amstelhouse.de\/fr\/wp-content\/uploads\/sites\/32\/2017\/09\/logo.svg","contentUrl":"https:\/\/www.amstelhouse.de\/fr\/wp-content\/uploads\/sites\/32\/2017\/09\/logo.svg","width":1,"height":1,"caption":"Amstel Hostel Berlin"},"image":{"@id":"https:\/\/www.amstelhouse.de\/fr\/#\/schema\/logo\/image\/"},"sameAs":["https:\/\/www.facebook.com\/amstelhouse\/","https:\/\/twitter.com\/Amstelhouse","https:\/\/www.instagram.com\/amstelhouse\/","https:\/\/de.pinterest.com\/amstelhouse\/"]}]}},"_links":{"self":[{"href":"https:\/\/www.amstelhouse.de\/fr\/wp-json\/wp\/v2\/pages\/1986"}],"collection":[{"href":"https:\/\/www.amstelhouse.de\/fr\/wp-json\/wp\/v2\/pages"}],"about":[{"href":"https:\/\/www.amstelhouse.de\/fr\/wp-json\/wp\/v2\/types\/page"}],"author":[{"embeddable":true,"href":"https:\/\/www.amstelhouse.de\/fr\/wp-json\/wp\/v2\/users\/4"}],"replies":[{"embeddable":true,"href":"https:\/\/www.amstelhouse.de\/fr\/wp-json\/wp\/v2\/comments?post=1986"}],"version-history":[{"count":4,"href":"https:\/\/www.amstelhouse.de\/fr\/wp-json\/wp\/v2\/pages\/1986\/revisions"}],"predecessor-version":[{"id":3100,"href":"https:\/\/www.amstelhouse.de\/fr\/wp-json\/wp\/v2\/pages\/1986\/revisions\/3100"}],"wp:featuredmedia":[{"embeddable":true,"href":"https:\/\/www.amstelhouse.de\/fr\/wp-json\/wp\/v2\/media\/2989"}],"wp:attachment":[{"href":"https:\/\/www.amstelhouse.de\/fr\/wp-json\/wp\/v2\/media?parent=1986"}],"curies":[{"name":"wp","href":"https:\/\/api.w.org\/{rel}","templated":true}]}}