{"id":1988,"date":"2017-12-18T16:16:55","date_gmt":"2017-12-18T16:16:55","guid":{"rendered":"http:\/\/www.amstelhouse.de\/staging-site\/?page_id=1988"},"modified":"2021-11-19T15:27:55","modified_gmt":"2021-11-19T15:27:55","slug":"auberge-de-jeunesse-design","status":"publish","type":"page","link":"https:\/\/www.amstelhouse.de\/fr\/auberge-de-jeunesse-design\/","title":{"rendered":"AUBERGE DE JEUNESSE DESIGN"},"content":{"rendered":"<p>Nous sommes presque entrain de finir nos derni\u00e8re r\u00e9novations: Nous d\u00e9corons \u00e0 nouveau notre auberge de jeunesse pour devenir la plus design et originale de Berlin pour offrir un environnement stimulant et inspirant pour les voyageurs du monde entier. Pour assurer le succ\u00e8s de notre nouveau design, nous avons fait appel \u00e0 l&rsquo;aide professionnelle d\u2019un amoureux de Berlin n\u00e9erlandais Harm Rensink. Harm est un architecte d&rsquo;int\u00e9rieur talentueux et prim\u00e9. Son travail se caract\u00e9rise par la fusion entre l&rsquo;architecture, la mode et l&rsquo;art. Il consid\u00e8re que sa t\u00e2che principale est de cr\u00e9er une atmosph\u00e8re o\u00f9 les meilleurs souvenirs, amiti\u00e9s et exp\u00e9riences peuvent \u00eatre facilit\u00e9s. Nous ne pouvons m\u00eame pas dire \u00e0 quel point nous avons h\u00e2te!<\/p>\n","protected":false},"excerpt":{"rendered":"<p>Nous sommes presque entrain de finir nos derni\u00e8re r\u00e9novations: Nous d\u00e9corons \u00e0 nouveau notre auberge de jeunesse pour devenir la plus design et originale de Berlin pour offrir un environnement stimulant et inspirant pour les voyageurs du monde entier. Pour assurer le succ\u00e8s de notre nouveau design, nous avons fait appel \u00e0 l&rsquo;aide professionnelle d\u2019un [&hellip;]<\/p>\n","protected":false},"author":4,"featured_media":0,"parent":0,"menu_order":10,"comment_status":"closed","ping_status":"closed","template":"page-offer-subpage-newlook.php","meta":{"footnotes":""},"class_list":["post-1988","page","type-page","status-publish","hentry"],"acf":[],"yoast_head":"<!-- This site is optimized with the Yoast SEO plugin v20.8 - https:\/\/yoast.com\/wordpress\/plugins\/seo\/ -->\n<title>Hostel de design \u00e0 Berlin | Chambres de style<\/title>\n<meta name=\"description\" content=\"Restez dans l&#039;hostel design Amstel House, un b\u00e2timent art nouveau avec un int\u00e9rieur original et des dortoirs uniques. Un concept branch\u00e9 et des prix bas.\" \/>\n<meta name=\"robots\" content=\"index, follow, max-snippet:-1, max-image-preview:large, max-video-preview:-1\" \/>\n<link rel=\"canonical\" href=\"https:\/\/www.amstelhouse.de\/fr\/auberge-de-jeunesse-design\/\" \/>\n<meta property=\"og:locale\" content=\"fr_FR\" \/>\n<meta property=\"og:type\" content=\"article\" \/>\n<meta property=\"og:title\" content=\"Hostel de design \u00e0 Berlin | Chambres de style\" \/>\n<meta property=\"og:description\" content=\"Restez dans l&#039;hostel design Amstel House, un b\u00e2timent art nouveau avec un int\u00e9rieur original et des dortoirs uniques. Un concept branch\u00e9 et des prix bas.\" \/>\n<meta property=\"og:url\" content=\"https:\/\/www.amstelhouse.de\/fr\/auberge-de-jeunesse-design\/\" \/>\n<meta property=\"og:site_name\" content=\"Amstel House (fr)\" \/>\n<meta property=\"article:publisher\" content=\"https:\/\/www.facebook.com\/amstelhouse\/\" \/>\n<meta property=\"article:modified_time\" content=\"2021-11-19T15:27:55+00:00\" \/>\n<meta name=\"twitter:label1\" content=\"Est. reading time\" \/>\n\t<meta name=\"twitter:data1\" content=\"1 minute\" \/>\n<script type=\"application\/ld+json\" class=\"yoast-schema-graph\">{\"@context\":\"https:\/\/schema.org\",\"@graph\":[{\"@type\":\"WebPage\",\"@id\":\"https:\/\/www.amstelhouse.de\/fr\/auberge-de-jeunesse-design\/\",\"url\":\"https:\/\/www.amstelhouse.de\/fr\/auberge-de-jeunesse-design\/\",\"name\":\"Hostel de design \u00e0 Berlin | Chambres de style\",\"isPartOf\":{\"@id\":\"https:\/\/www.amstelhouse.de\/fr\/#website\"},\"datePublished\":\"2017-12-18T16:16:55+00:00\",\"dateModified\":\"2021-11-19T15:27:55+00:00\",\"description\":\"Restez dans l'hostel design Amstel House, un b\u00e2timent art nouveau avec un int\u00e9rieur original et des dortoirs uniques. Un concept branch\u00e9 et des prix bas.\",\"breadcrumb\":{\"@id\":\"https:\/\/www.amstelhouse.de\/fr\/auberge-de-jeunesse-design\/#breadcrumb\"},\"inLanguage\":\"fr-FR\",\"potentialAction\":[{\"@type\":\"ReadAction\",\"target\":[\"https:\/\/www.amstelhouse.de\/fr\/auberge-de-jeunesse-design\/\"]}]},{\"@type\":\"BreadcrumbList\",\"@id\":\"https:\/\/www.amstelhouse.de\/fr\/auberge-de-jeunesse-design\/#breadcrumb\",\"itemListElement\":[{\"@type\":\"ListItem\",\"position\":1,\"name\":\"Home\",\"item\":\"https:\/\/www.amstelhouse.de\/fr\/\"},{\"@type\":\"ListItem\",\"position\":2,\"name\":\"AUBERGE DE JEUNESSE DESIGN\"}]},{\"@type\":\"WebSite\",\"@id\":\"https:\/\/www.amstelhouse.de\/fr\/#website\",\"url\":\"https:\/\/www.amstelhouse.de\/fr\/\",\"name\":\"Amstel House (fr)\",\"description\":\"Zentral - Gut - Preiswert\",\"publisher\":{\"@id\":\"https:\/\/www.amstelhouse.de\/fr\/#organization\"},\"potentialAction\":[{\"@type\":\"SearchAction\",\"target\":{\"@type\":\"EntryPoint\",\"urlTemplate\":\"https:\/\/www.amstelhouse.de\/fr\/?s={search_term_string}\"},\"query-input\":\"required name=search_term_string\"}],\"inLanguage\":\"fr-FR\"},{\"@type\":\"Organization\",\"@id\":\"https:\/\/www.amstelhouse.de\/fr\/#organization\",\"name\":\"Amstel Hostel Berlin\",\"url\":\"https:\/\/www.amstelhouse.de\/fr\/\",\"logo\":{\"@type\":\"ImageObject\",\"inLanguage\":\"fr-FR\",\"@id\":\"https:\/\/www.amstelhouse.de\/fr\/#\/schema\/logo\/image\/\",\"url\":\"https:\/\/www.amstelhouse.de\/fr\/wp-content\/uploads\/sites\/32\/2017\/09\/logo.svg\",\"contentUrl\":\"https:\/\/www.amstelhouse.de\/fr\/wp-content\/uploads\/sites\/32\/2017\/09\/logo.svg\",\"width\":1,\"height\":1,\"caption\":\"Amstel Hostel Berlin\"},\"image\":{\"@id\":\"https:\/\/www.amstelhouse.de\/fr\/#\/schema\/logo\/image\/\"},\"sameAs\":[\"https:\/\/www.facebook.com\/amstelhouse\/\",\"https:\/\/twitter.com\/Amstelhouse\",\"https:\/\/www.instagram.com\/amstelhouse\/\",\"https:\/\/de.pinterest.com\/amstelhouse\/\"]}]}<\/script>\n<!-- \/ Yoast SEO plugin. -->","yoast_head_json":{"title":"Hostel de design \u00e0 Berlin | Chambres de style","description":"Restez dans l'hostel design Amstel House, un b\u00e2timent art nouveau avec un int\u00e9rieur original et des dortoirs uniques. Un concept branch\u00e9 et des prix bas.","robots":{"index":"index","follow":"follow","max-snippet":"max-snippet:-1","max-image-preview":"max-image-preview:large","max-video-preview":"max-video-preview:-1"},"canonical":"https:\/\/www.amstelhouse.de\/fr\/auberge-de-jeunesse-design\/","og_locale":"fr_FR","og_type":"article","og_title":"Hostel de design \u00e0 Berlin | Chambres de style","og_description":"Restez dans l'hostel design Amstel House, un b\u00e2timent art nouveau avec un int\u00e9rieur original et des dortoirs uniques. Un concept branch\u00e9 et des prix bas.","og_url":"https:\/\/www.amstelhouse.de\/fr\/auberge-de-jeunesse-design\/","og_site_name":"Amstel House (fr)","article_publisher":"https:\/\/www.facebook.com\/amstelhouse\/","article_modified_time":"2021-11-19T15:27:55+00:00","twitter_misc":{"Est. reading time":"1 minute"},"schema":{"@context":"https:\/\/schema.org","@graph":[{"@type":"WebPage","@id":"https:\/\/www.amstelhouse.de\/fr\/auberge-de-jeunesse-design\/","url":"https:\/\/www.amstelhouse.de\/fr\/auberge-de-jeunesse-design\/","name":"Hostel de design \u00e0 Berlin | Chambres de style","isPartOf":{"@id":"https:\/\/www.amstelhouse.de\/fr\/#website"},"datePublished":"2017-12-18T16:16:55+00:00","dateModified":"2021-11-19T15:27:55+00:00","description":"Restez dans l'hostel design Amstel House, un b\u00e2timent art nouveau avec un int\u00e9rieur original et des dortoirs uniques. Un concept branch\u00e9 et des prix bas.","breadcrumb":{"@id":"https:\/\/www.amstelhouse.de\/fr\/auberge-de-jeunesse-design\/#breadcrumb"},"inLanguage":"fr-FR","potentialAction":[{"@type":"ReadAction","target":["https:\/\/www.amstelhouse.de\/fr\/auberge-de-jeunesse-design\/"]}]},{"@type":"BreadcrumbList","@id":"https:\/\/www.amstelhouse.de\/fr\/auberge-de-jeunesse-design\/#breadcrumb","itemListElement":[{"@type":"ListItem","position":1,"name":"Home","item":"https:\/\/www.amstelhouse.de\/fr\/"},{"@type":"ListItem","position":2,"name":"AUBERGE DE JEUNESSE DESIGN"}]},{"@type":"WebSite","@id":"https:\/\/www.amstelhouse.de\/fr\/#website","url":"https:\/\/www.amstelhouse.de\/fr\/","name":"Amstel House (fr)","description":"Zentral - Gut - Preiswert","publisher":{"@id":"https:\/\/www.amstelhouse.de\/fr\/#organization"},"potentialAction":[{"@type":"SearchAction","target":{"@type":"EntryPoint","urlTemplate":"https:\/\/www.amstelhouse.de\/fr\/?s={search_term_string}"},"query-input":"required name=search_term_string"}],"inLanguage":"fr-FR"},{"@type":"Organization","@id":"https:\/\/www.amstelhouse.de\/fr\/#organization","name":"Amstel Hostel Berlin","url":"https:\/\/www.amstelhouse.de\/fr\/","logo":{"@type":"ImageObject","inLanguage":"fr-FR","@id":"https:\/\/www.amstelhouse.de\/fr\/#\/schema\/logo\/image\/","url":"https:\/\/www.amstelhouse.de\/fr\/wp-content\/uploads\/sites\/32\/2017\/09\/logo.svg","contentUrl":"https:\/\/www.amstelhouse.de\/fr\/wp-content\/uploads\/sites\/32\/2017\/09\/logo.svg","width":1,"height":1,"caption":"Amstel Hostel Berlin"},"image":{"@id":"https:\/\/www.amstelhouse.de\/fr\/#\/schema\/logo\/image\/"},"sameAs":["https:\/\/www.facebook.com\/amstelhouse\/","https:\/\/twitter.com\/Amstelhouse","https:\/\/www.instagram.com\/amstelhouse\/","https:\/\/de.pinterest.com\/amstelhouse\/"]}]}},"_links":{"self":[{"href":"https:\/\/www.amstelhouse.de\/fr\/wp-json\/wp\/v2\/pages\/1988"}],"collection":[{"href":"https:\/\/www.amstelhouse.de\/fr\/wp-json\/wp\/v2\/pages"}],"about":[{"href":"https:\/\/www.amstelhouse.de\/fr\/wp-json\/wp\/v2\/types\/page"}],"author":[{"embeddable":true,"href":"https:\/\/www.amstelhouse.de\/fr\/wp-json\/wp\/v2\/users\/4"}],"replies":[{"embeddable":true,"href":"https:\/\/www.amstelhouse.de\/fr\/wp-json\/wp\/v2\/comments?post=1988"}],"version-history":[{"count":5,"href":"https:\/\/www.amstelhouse.de\/fr\/wp-json\/wp\/v2\/pages\/1988\/revisions"}],"predecessor-version":[{"id":3043,"href":"https:\/\/www.amstelhouse.de\/fr\/wp-json\/wp\/v2\/pages\/1988\/revisions\/3043"}],"wp:attachment":[{"href":"https:\/\/www.amstelhouse.de\/fr\/wp-json\/wp\/v2\/media?parent=1988"}],"curies":[{"name":"wp","href":"https:\/\/api.w.org\/{rel}","templated":true}]}}