{"id":1990,"date":"2017-12-18T16:17:15","date_gmt":"2017-12-18T16:17:15","guid":{"rendered":"http:\/\/www.amstelhouse.de\/staging-site\/?page_id=1990"},"modified":"2021-11-19T15:29:01","modified_gmt":"2021-11-19T15:29:01","slug":"hebergement-gratuit","status":"publish","type":"page","link":"https:\/\/www.amstelhouse.de\/fr\/hebergement-gratuit\/","title":{"rendered":"H\u00c9BERGEMENT GRATUIT \u00c0 BERLIN"},"content":{"rendered":"<p>Tu es un artiste souhaitant voyager et \u00e9conomiser en m\u00eame temps? Es-tu \u00e0 la recherche du logement le moins cher? Tu viens peut-\u00eatre de trouver la mani\u00e8re la plus \u00e9conomique de venir visiter Berlin. A Amstel House, nous \u00e9changeons concerts, photographies, articles de blogs, cours de cuisine ou tout autre performance artistique contre un lit \u00e0 l\u2019auberge. Si tu as du talent et des fans pr\u00eats \u00e0 te suivre, fais nous signe. Envoie nous un email, partage ton histoire et envoie nous tes liens. Tu auras peut-\u00eatre I&rsquo; opportunit\u00e9 d&rsquo;obtenir un h\u00e9bergement gratuit chez nous!<\/p>\n","protected":false},"excerpt":{"rendered":"<p>Tu es un artiste souhaitant voyager et \u00e9conomiser en m\u00eame temps? Es-tu \u00e0 la recherche du logement le moins cher? Tu viens peut-\u00eatre de trouver la mani\u00e8re la plus \u00e9conomique de venir visiter Berlin. A Amstel House, nous \u00e9changeons concerts, photographies, articles de blogs, cours de cuisine ou tout autre performance artistique contre un lit [&hellip;]<\/p>\n","protected":false},"author":4,"featured_media":0,"parent":0,"menu_order":7,"comment_status":"closed","ping_status":"closed","template":"page-offer-subpage-stayfree.php","meta":{"footnotes":""},"class_list":["post-1990","page","type-page","status-publish","hentry"],"acf":[],"yoast_head":"<!-- This site is optimized with the Yoast SEO plugin v20.8 - https:\/\/yoast.com\/wordpress\/plugins\/seo\/ -->\n<title>H\u00e9bergement gratuit \u00e0 Berlin | Echange d&#039;Auberge<\/title>\n<meta name=\"description\" content=\"Si vous avez un talent artistique et un grand nombre de fans pr\u00eats \u00e0 vous suivre, contactez-nous ! Vous pourriez b\u00e9n\u00e9ficier d&#039;un logement gratuit \u00e0 Berlin.\" \/>\n<meta name=\"robots\" content=\"index, follow, max-snippet:-1, max-image-preview:large, max-video-preview:-1\" \/>\n<link rel=\"canonical\" href=\"https:\/\/www.amstelhouse.de\/fr\/hebergement-gratuit\/\" \/>\n<meta property=\"og:locale\" content=\"fr_FR\" \/>\n<meta property=\"og:type\" content=\"article\" \/>\n<meta property=\"og:title\" content=\"H\u00e9bergement gratuit \u00e0 Berlin | Echange d&#039;Auberge\" \/>\n<meta property=\"og:description\" content=\"Si vous avez un talent artistique et un grand nombre de fans pr\u00eats \u00e0 vous suivre, contactez-nous ! Vous pourriez b\u00e9n\u00e9ficier d&#039;un logement gratuit \u00e0 Berlin.\" \/>\n<meta property=\"og:url\" content=\"https:\/\/www.amstelhouse.de\/fr\/hebergement-gratuit\/\" \/>\n<meta property=\"og:site_name\" content=\"Amstel House (fr)\" \/>\n<meta property=\"article:publisher\" content=\"https:\/\/www.facebook.com\/amstelhouse\/\" \/>\n<meta property=\"article:modified_time\" content=\"2021-11-19T15:29:01+00:00\" \/>\n<script type=\"application\/ld+json\" class=\"yoast-schema-graph\">{\"@context\":\"https:\/\/schema.org\",\"@graph\":[{\"@type\":\"WebPage\",\"@id\":\"https:\/\/www.amstelhouse.de\/fr\/hebergement-gratuit\/\",\"url\":\"https:\/\/www.amstelhouse.de\/fr\/hebergement-gratuit\/\",\"name\":\"H\u00e9bergement gratuit \u00e0 Berlin | Echange d'Auberge\",\"isPartOf\":{\"@id\":\"https:\/\/www.amstelhouse.de\/fr\/#website\"},\"datePublished\":\"2017-12-18T16:17:15+00:00\",\"dateModified\":\"2021-11-19T15:29:01+00:00\",\"description\":\"Si vous avez un talent artistique et un grand nombre de fans pr\u00eats \u00e0 vous suivre, contactez-nous ! Vous pourriez b\u00e9n\u00e9ficier d'un logement gratuit \u00e0 Berlin.\",\"breadcrumb\":{\"@id\":\"https:\/\/www.amstelhouse.de\/fr\/hebergement-gratuit\/#breadcrumb\"},\"inLanguage\":\"fr-FR\",\"potentialAction\":[{\"@type\":\"ReadAction\",\"target\":[\"https:\/\/www.amstelhouse.de\/fr\/hebergement-gratuit\/\"]}]},{\"@type\":\"BreadcrumbList\",\"@id\":\"https:\/\/www.amstelhouse.de\/fr\/hebergement-gratuit\/#breadcrumb\",\"itemListElement\":[{\"@type\":\"ListItem\",\"position\":1,\"name\":\"Home\",\"item\":\"https:\/\/www.amstelhouse.de\/fr\/\"},{\"@type\":\"ListItem\",\"position\":2,\"name\":\"H\u00c9BERGEMENT GRATUIT \u00c0 BERLIN\"}]},{\"@type\":\"WebSite\",\"@id\":\"https:\/\/www.amstelhouse.de\/fr\/#website\",\"url\":\"https:\/\/www.amstelhouse.de\/fr\/\",\"name\":\"Amstel House (fr)\",\"description\":\"Zentral - Gut - Preiswert\",\"publisher\":{\"@id\":\"https:\/\/www.amstelhouse.de\/fr\/#organization\"},\"potentialAction\":[{\"@type\":\"SearchAction\",\"target\":{\"@type\":\"EntryPoint\",\"urlTemplate\":\"https:\/\/www.amstelhouse.de\/fr\/?s={search_term_string}\"},\"query-input\":\"required name=search_term_string\"}],\"inLanguage\":\"fr-FR\"},{\"@type\":\"Organization\",\"@id\":\"https:\/\/www.amstelhouse.de\/fr\/#organization\",\"name\":\"Amstel Hostel Berlin\",\"url\":\"https:\/\/www.amstelhouse.de\/fr\/\",\"logo\":{\"@type\":\"ImageObject\",\"inLanguage\":\"fr-FR\",\"@id\":\"https:\/\/www.amstelhouse.de\/fr\/#\/schema\/logo\/image\/\",\"url\":\"https:\/\/www.amstelhouse.de\/fr\/wp-content\/uploads\/sites\/32\/2017\/09\/logo.svg\",\"contentUrl\":\"https:\/\/www.amstelhouse.de\/fr\/wp-content\/uploads\/sites\/32\/2017\/09\/logo.svg\",\"width\":1,\"height\":1,\"caption\":\"Amstel Hostel Berlin\"},\"image\":{\"@id\":\"https:\/\/www.amstelhouse.de\/fr\/#\/schema\/logo\/image\/\"},\"sameAs\":[\"https:\/\/www.facebook.com\/amstelhouse\/\",\"https:\/\/twitter.com\/Amstelhouse\",\"https:\/\/www.instagram.com\/amstelhouse\/\",\"https:\/\/de.pinterest.com\/amstelhouse\/\"]}]}<\/script>\n<!-- \/ Yoast SEO plugin. -->","yoast_head_json":{"title":"H\u00e9bergement gratuit \u00e0 Berlin | Echange d'Auberge","description":"Si vous avez un talent artistique et un grand nombre de fans pr\u00eats \u00e0 vous suivre, contactez-nous ! Vous pourriez b\u00e9n\u00e9ficier d'un logement gratuit \u00e0 Berlin.","robots":{"index":"index","follow":"follow","max-snippet":"max-snippet:-1","max-image-preview":"max-image-preview:large","max-video-preview":"max-video-preview:-1"},"canonical":"https:\/\/www.amstelhouse.de\/fr\/hebergement-gratuit\/","og_locale":"fr_FR","og_type":"article","og_title":"H\u00e9bergement gratuit \u00e0 Berlin | Echange d'Auberge","og_description":"Si vous avez un talent artistique et un grand nombre de fans pr\u00eats \u00e0 vous suivre, contactez-nous ! Vous pourriez b\u00e9n\u00e9ficier d'un logement gratuit \u00e0 Berlin.","og_url":"https:\/\/www.amstelhouse.de\/fr\/hebergement-gratuit\/","og_site_name":"Amstel House (fr)","article_publisher":"https:\/\/www.facebook.com\/amstelhouse\/","article_modified_time":"2021-11-19T15:29:01+00:00","schema":{"@context":"https:\/\/schema.org","@graph":[{"@type":"WebPage","@id":"https:\/\/www.amstelhouse.de\/fr\/hebergement-gratuit\/","url":"https:\/\/www.amstelhouse.de\/fr\/hebergement-gratuit\/","name":"H\u00e9bergement gratuit \u00e0 Berlin | Echange d'Auberge","isPartOf":{"@id":"https:\/\/www.amstelhouse.de\/fr\/#website"},"datePublished":"2017-12-18T16:17:15+00:00","dateModified":"2021-11-19T15:29:01+00:00","description":"Si vous avez un talent artistique et un grand nombre de fans pr\u00eats \u00e0 vous suivre, contactez-nous ! Vous pourriez b\u00e9n\u00e9ficier d'un logement gratuit \u00e0 Berlin.","breadcrumb":{"@id":"https:\/\/www.amstelhouse.de\/fr\/hebergement-gratuit\/#breadcrumb"},"inLanguage":"fr-FR","potentialAction":[{"@type":"ReadAction","target":["https:\/\/www.amstelhouse.de\/fr\/hebergement-gratuit\/"]}]},{"@type":"BreadcrumbList","@id":"https:\/\/www.amstelhouse.de\/fr\/hebergement-gratuit\/#breadcrumb","itemListElement":[{"@type":"ListItem","position":1,"name":"Home","item":"https:\/\/www.amstelhouse.de\/fr\/"},{"@type":"ListItem","position":2,"name":"H\u00c9BERGEMENT GRATUIT \u00c0 BERLIN"}]},{"@type":"WebSite","@id":"https:\/\/www.amstelhouse.de\/fr\/#website","url":"https:\/\/www.amstelhouse.de\/fr\/","name":"Amstel House (fr)","description":"Zentral - Gut - Preiswert","publisher":{"@id":"https:\/\/www.amstelhouse.de\/fr\/#organization"},"potentialAction":[{"@type":"SearchAction","target":{"@type":"EntryPoint","urlTemplate":"https:\/\/www.amstelhouse.de\/fr\/?s={search_term_string}"},"query-input":"required name=search_term_string"}],"inLanguage":"fr-FR"},{"@type":"Organization","@id":"https:\/\/www.amstelhouse.de\/fr\/#organization","name":"Amstel Hostel Berlin","url":"https:\/\/www.amstelhouse.de\/fr\/","logo":{"@type":"ImageObject","inLanguage":"fr-FR","@id":"https:\/\/www.amstelhouse.de\/fr\/#\/schema\/logo\/image\/","url":"https:\/\/www.amstelhouse.de\/fr\/wp-content\/uploads\/sites\/32\/2017\/09\/logo.svg","contentUrl":"https:\/\/www.amstelhouse.de\/fr\/wp-content\/uploads\/sites\/32\/2017\/09\/logo.svg","width":1,"height":1,"caption":"Amstel Hostel Berlin"},"image":{"@id":"https:\/\/www.amstelhouse.de\/fr\/#\/schema\/logo\/image\/"},"sameAs":["https:\/\/www.facebook.com\/amstelhouse\/","https:\/\/twitter.com\/Amstelhouse","https:\/\/www.instagram.com\/amstelhouse\/","https:\/\/de.pinterest.com\/amstelhouse\/"]}]}},"_links":{"self":[{"href":"https:\/\/www.amstelhouse.de\/fr\/wp-json\/wp\/v2\/pages\/1990"}],"collection":[{"href":"https:\/\/www.amstelhouse.de\/fr\/wp-json\/wp\/v2\/pages"}],"about":[{"href":"https:\/\/www.amstelhouse.de\/fr\/wp-json\/wp\/v2\/types\/page"}],"author":[{"embeddable":true,"href":"https:\/\/www.amstelhouse.de\/fr\/wp-json\/wp\/v2\/users\/4"}],"replies":[{"embeddable":true,"href":"https:\/\/www.amstelhouse.de\/fr\/wp-json\/wp\/v2\/comments?post=1990"}],"version-history":[{"count":3,"href":"https:\/\/www.amstelhouse.de\/fr\/wp-json\/wp\/v2\/pages\/1990\/revisions"}],"predecessor-version":[{"id":3042,"href":"https:\/\/www.amstelhouse.de\/fr\/wp-json\/wp\/v2\/pages\/1990\/revisions\/3042"}],"wp:attachment":[{"href":"https:\/\/www.amstelhouse.de\/fr\/wp-json\/wp\/v2\/media?parent=1990"}],"curies":[{"name":"wp","href":"https:\/\/api.w.org\/{rel}","templated":true}]}}