{"id":24,"date":"2015-02-07T08:37:59","date_gmt":"2015-02-07T08:37:59","guid":{"rendered":"http:\/\/www.amstelhouse.de\/staging-site\/?page_id=24"},"modified":"2021-11-19T15:16:34","modified_gmt":"2021-11-19T15:16:34","slug":"hostel-photos","status":"publish","type":"page","link":"https:\/\/www.amstelhouse.de\/fr\/hostel-photos\/","title":{"rendered":"Photos"},"content":{"rendered":"<h1 style=\"text-align: center;\">PHOTOS DE L\u2019HOSTEL<span id=\"result_box\" class=\"short_text\" lang=\"en\"><\/span><\/h1>\n<h2 style=\"text-align: center;\">\u00a0CHAMBRES \u00c0 PETIT PRIX, ESPACES PARTAG\u00c9S ET \u00c9V\u00c9NEMENTS FUN<\/h2>\n<p>D\u00e9couvrez l\u2019Amstel House au travers de nos photos. Nous avons beaucoup \u00e0 offrir \u00e0 petit prix: une grande vari\u00e9t\u00e9 de chambres pas ch\u00e8res, du dortoire standard \u00e0 la chambre priv\u00e9e. Un design de l\u2019hostel unique amusant qui invite \u00e9galement les voyageurs \u00e0 d\u00e9couvrir nos espaces communs et services. Et enfin, notre calendrier d\u2019\u00e9v\u00e9nements. Con\u00e7us sp\u00e9cialement pour vous afin que vous rentriez chez vous avec des souvenirs inoubliables.<\/p>\n<p>&nbsp;<\/p>\n","protected":false},"excerpt":{"rendered":"<p>PHOTOS DE L\u2019HOSTEL \u00a0CHAMBRES \u00c0 PETIT PRIX, ESPACES PARTAG\u00c9S ET \u00c9V\u00c9NEMENTS FUN D\u00e9couvrez l\u2019Amstel House au travers de nos photos. Nous avons beaucoup \u00e0 offrir \u00e0 petit prix: une grande vari\u00e9t\u00e9 de chambres pas ch\u00e8res, du dortoire standard \u00e0 la chambre priv\u00e9e. Un design de l\u2019hostel unique amusant qui invite \u00e9galement les voyageurs \u00e0 d\u00e9couvrir [&hellip;]<\/p>\n","protected":false},"author":2,"featured_media":2576,"parent":0,"menu_order":13,"comment_status":"closed","ping_status":"closed","template":"page-gallery.php","meta":{"footnotes":""},"class_list":["post-24","page","type-page","status-publish","has-post-thumbnail","hentry"],"acf":[],"yoast_head":"<!-- This site is optimized with the Yoast SEO plugin v20.8 - https:\/\/yoast.com\/wordpress\/plugins\/seo\/ -->\n<title>Photos de l&#039;hostel \u00e0 Berlin | Chambres \u2022 Espaces communs \u2022 Ev\u00e9nements<\/title>\n<meta name=\"description\" content=\"Jetez un coup d&#039;\u0153il aux photos de notre auberge. D\u00e9couvrez notre disposition, les types de chambres, les \u00e9v\u00e9nements et les espaces partag\u00e9s.\" \/>\n<meta name=\"robots\" content=\"index, follow, max-snippet:-1, max-image-preview:large, max-video-preview:-1\" \/>\n<link rel=\"canonical\" href=\"https:\/\/www.amstelhouse.de\/fr\/hostel-photos\/\" \/>\n<meta property=\"og:locale\" content=\"fr_FR\" \/>\n<meta property=\"og:type\" content=\"article\" \/>\n<meta property=\"og:title\" content=\"Photos de l&#039;hostel \u00e0 Berlin | Chambres \u2022 Espaces communs \u2022 Ev\u00e9nements\" \/>\n<meta property=\"og:description\" content=\"Jetez un coup d&#039;\u0153il aux photos de notre auberge. D\u00e9couvrez notre disposition, les types de chambres, les \u00e9v\u00e9nements et les espaces partag\u00e9s.\" \/>\n<meta property=\"og:url\" content=\"https:\/\/www.amstelhouse.de\/fr\/hostel-photos\/\" \/>\n<meta property=\"og:site_name\" content=\"Amstel House (fr)\" \/>\n<meta property=\"article:publisher\" content=\"https:\/\/www.facebook.com\/amstelhouse\/\" \/>\n<meta property=\"article:modified_time\" content=\"2021-11-19T15:16:34+00:00\" \/>\n<meta property=\"og:image\" content=\"https:\/\/www.amstelhouse.de\/fr\/wp-content\/uploads\/sites\/32\/2018\/07\/meilleure-auberge-berlin-party.jpg\" \/>\n\t<meta property=\"og:image:width\" content=\"1800\" \/>\n\t<meta property=\"og:image:height\" content=\"720\" \/>\n\t<meta property=\"og:image:type\" content=\"image\/jpeg\" \/>\n<script type=\"application\/ld+json\" class=\"yoast-schema-graph\">{\"@context\":\"https:\/\/schema.org\",\"@graph\":[{\"@type\":\"WebPage\",\"@id\":\"https:\/\/www.amstelhouse.de\/fr\/hostel-photos\/\",\"url\":\"https:\/\/www.amstelhouse.de\/fr\/hostel-photos\/\",\"name\":\"Photos de l'hostel \u00e0 Berlin | Chambres \u2022 Espaces communs \u2022 Ev\u00e9nements\",\"isPartOf\":{\"@id\":\"https:\/\/www.amstelhouse.de\/fr\/#website\"},\"datePublished\":\"2015-02-07T08:37:59+00:00\",\"dateModified\":\"2021-11-19T15:16:34+00:00\",\"description\":\"Jetez un coup d'\u0153il aux photos de notre auberge. D\u00e9couvrez notre disposition, les types de chambres, les \u00e9v\u00e9nements et les espaces partag\u00e9s.\",\"breadcrumb\":{\"@id\":\"https:\/\/www.amstelhouse.de\/fr\/hostel-photos\/#breadcrumb\"},\"inLanguage\":\"fr-FR\",\"potentialAction\":[{\"@type\":\"ReadAction\",\"target\":[\"https:\/\/www.amstelhouse.de\/fr\/hostel-photos\/\"]}]},{\"@type\":\"BreadcrumbList\",\"@id\":\"https:\/\/www.amstelhouse.de\/fr\/hostel-photos\/#breadcrumb\",\"itemListElement\":[{\"@type\":\"ListItem\",\"position\":1,\"name\":\"Home\",\"item\":\"https:\/\/www.amstelhouse.de\/fr\/\"},{\"@type\":\"ListItem\",\"position\":2,\"name\":\"Photos\"}]},{\"@type\":\"WebSite\",\"@id\":\"https:\/\/www.amstelhouse.de\/fr\/#website\",\"url\":\"https:\/\/www.amstelhouse.de\/fr\/\",\"name\":\"Amstel House (fr)\",\"description\":\"Zentral - Gut - Preiswert\",\"publisher\":{\"@id\":\"https:\/\/www.amstelhouse.de\/fr\/#organization\"},\"potentialAction\":[{\"@type\":\"SearchAction\",\"target\":{\"@type\":\"EntryPoint\",\"urlTemplate\":\"https:\/\/www.amstelhouse.de\/fr\/?s={search_term_string}\"},\"query-input\":\"required name=search_term_string\"}],\"inLanguage\":\"fr-FR\"},{\"@type\":\"Organization\",\"@id\":\"https:\/\/www.amstelhouse.de\/fr\/#organization\",\"name\":\"Amstel Hostel Berlin\",\"url\":\"https:\/\/www.amstelhouse.de\/fr\/\",\"logo\":{\"@type\":\"ImageObject\",\"inLanguage\":\"fr-FR\",\"@id\":\"https:\/\/www.amstelhouse.de\/fr\/#\/schema\/logo\/image\/\",\"url\":\"https:\/\/www.amstelhouse.de\/fr\/wp-content\/uploads\/sites\/32\/2017\/09\/logo.svg\",\"contentUrl\":\"https:\/\/www.amstelhouse.de\/fr\/wp-content\/uploads\/sites\/32\/2017\/09\/logo.svg\",\"width\":1,\"height\":1,\"caption\":\"Amstel Hostel Berlin\"},\"image\":{\"@id\":\"https:\/\/www.amstelhouse.de\/fr\/#\/schema\/logo\/image\/\"},\"sameAs\":[\"https:\/\/www.facebook.com\/amstelhouse\/\",\"https:\/\/twitter.com\/Amstelhouse\",\"https:\/\/www.instagram.com\/amstelhouse\/\",\"https:\/\/de.pinterest.com\/amstelhouse\/\"]}]}<\/script>\n<!-- \/ Yoast SEO plugin. -->","yoast_head_json":{"title":"Photos de l'hostel \u00e0 Berlin | Chambres \u2022 Espaces communs \u2022 Ev\u00e9nements","description":"Jetez un coup d'\u0153il aux photos de notre auberge. D\u00e9couvrez notre disposition, les types de chambres, les \u00e9v\u00e9nements et les espaces partag\u00e9s.","robots":{"index":"index","follow":"follow","max-snippet":"max-snippet:-1","max-image-preview":"max-image-preview:large","max-video-preview":"max-video-preview:-1"},"canonical":"https:\/\/www.amstelhouse.de\/fr\/hostel-photos\/","og_locale":"fr_FR","og_type":"article","og_title":"Photos de l'hostel \u00e0 Berlin | Chambres \u2022 Espaces communs \u2022 Ev\u00e9nements","og_description":"Jetez un coup d'\u0153il aux photos de notre auberge. D\u00e9couvrez notre disposition, les types de chambres, les \u00e9v\u00e9nements et les espaces partag\u00e9s.","og_url":"https:\/\/www.amstelhouse.de\/fr\/hostel-photos\/","og_site_name":"Amstel House (fr)","article_publisher":"https:\/\/www.facebook.com\/amstelhouse\/","article_modified_time":"2021-11-19T15:16:34+00:00","og_image":[{"width":1800,"height":720,"url":"https:\/\/www.amstelhouse.de\/fr\/wp-content\/uploads\/sites\/32\/2018\/07\/meilleure-auberge-berlin-party.jpg","type":"image\/jpeg"}],"schema":{"@context":"https:\/\/schema.org","@graph":[{"@type":"WebPage","@id":"https:\/\/www.amstelhouse.de\/fr\/hostel-photos\/","url":"https:\/\/www.amstelhouse.de\/fr\/hostel-photos\/","name":"Photos de l'hostel \u00e0 Berlin | Chambres \u2022 Espaces communs \u2022 Ev\u00e9nements","isPartOf":{"@id":"https:\/\/www.amstelhouse.de\/fr\/#website"},"datePublished":"2015-02-07T08:37:59+00:00","dateModified":"2021-11-19T15:16:34+00:00","description":"Jetez un coup d'\u0153il aux photos de notre auberge. D\u00e9couvrez notre disposition, les types de chambres, les \u00e9v\u00e9nements et les espaces partag\u00e9s.","breadcrumb":{"@id":"https:\/\/www.amstelhouse.de\/fr\/hostel-photos\/#breadcrumb"},"inLanguage":"fr-FR","potentialAction":[{"@type":"ReadAction","target":["https:\/\/www.amstelhouse.de\/fr\/hostel-photos\/"]}]},{"@type":"BreadcrumbList","@id":"https:\/\/www.amstelhouse.de\/fr\/hostel-photos\/#breadcrumb","itemListElement":[{"@type":"ListItem","position":1,"name":"Home","item":"https:\/\/www.amstelhouse.de\/fr\/"},{"@type":"ListItem","position":2,"name":"Photos"}]},{"@type":"WebSite","@id":"https:\/\/www.amstelhouse.de\/fr\/#website","url":"https:\/\/www.amstelhouse.de\/fr\/","name":"Amstel House (fr)","description":"Zentral - Gut - Preiswert","publisher":{"@id":"https:\/\/www.amstelhouse.de\/fr\/#organization"},"potentialAction":[{"@type":"SearchAction","target":{"@type":"EntryPoint","urlTemplate":"https:\/\/www.amstelhouse.de\/fr\/?s={search_term_string}"},"query-input":"required name=search_term_string"}],"inLanguage":"fr-FR"},{"@type":"Organization","@id":"https:\/\/www.amstelhouse.de\/fr\/#organization","name":"Amstel Hostel Berlin","url":"https:\/\/www.amstelhouse.de\/fr\/","logo":{"@type":"ImageObject","inLanguage":"fr-FR","@id":"https:\/\/www.amstelhouse.de\/fr\/#\/schema\/logo\/image\/","url":"https:\/\/www.amstelhouse.de\/fr\/wp-content\/uploads\/sites\/32\/2017\/09\/logo.svg","contentUrl":"https:\/\/www.amstelhouse.de\/fr\/wp-content\/uploads\/sites\/32\/2017\/09\/logo.svg","width":1,"height":1,"caption":"Amstel Hostel Berlin"},"image":{"@id":"https:\/\/www.amstelhouse.de\/fr\/#\/schema\/logo\/image\/"},"sameAs":["https:\/\/www.facebook.com\/amstelhouse\/","https:\/\/twitter.com\/Amstelhouse","https:\/\/www.instagram.com\/amstelhouse\/","https:\/\/de.pinterest.com\/amstelhouse\/"]}]}},"_links":{"self":[{"href":"https:\/\/www.amstelhouse.de\/fr\/wp-json\/wp\/v2\/pages\/24"}],"collection":[{"href":"https:\/\/www.amstelhouse.de\/fr\/wp-json\/wp\/v2\/pages"}],"about":[{"href":"https:\/\/www.amstelhouse.de\/fr\/wp-json\/wp\/v2\/types\/page"}],"author":[{"embeddable":true,"href":"https:\/\/www.amstelhouse.de\/fr\/wp-json\/wp\/v2\/users\/2"}],"replies":[{"embeddable":true,"href":"https:\/\/www.amstelhouse.de\/fr\/wp-json\/wp\/v2\/comments?post=24"}],"version-history":[{"count":7,"href":"https:\/\/www.amstelhouse.de\/fr\/wp-json\/wp\/v2\/pages\/24\/revisions"}],"predecessor-version":[{"id":3036,"href":"https:\/\/www.amstelhouse.de\/fr\/wp-json\/wp\/v2\/pages\/24\/revisions\/3036"}],"wp:featuredmedia":[{"embeddable":true,"href":"https:\/\/www.amstelhouse.de\/fr\/wp-json\/wp\/v2\/media\/2576"}],"wp:attachment":[{"href":"https:\/\/www.amstelhouse.de\/fr\/wp-json\/wp\/v2\/media?parent=24"}],"curies":[{"name":"wp","href":"https:\/\/api.w.org\/{rel}","templated":true}]}}