{"id":2408,"date":"2015-02-05T17:46:58","date_gmt":"2015-02-05T17:46:58","guid":{"rendered":"http:\/\/www.amstelhouse.de\/fr\/?page_id=12"},"modified":"2021-11-19T15:04:24","modified_gmt":"2021-11-19T15:04:24","slug":"offres-de-voyage","status":"publish","type":"page","link":"https:\/\/www.amstelhouse.de\/fr\/offres-de-voyage\/","title":{"rendered":"Offres"},"content":{"rendered":"<h1 style=\"text-align: center;\">LES OFFRES VOYAGES A BERLIN<\/h1>\n<h2 style=\"text-align: center;\">NOS MEILLEURS OFFRES D&rsquo;H\u00c9BERGEMENT<\/h2>\n<p>Etudiant, voyageur solo, athl\u00e8tes, familles ou couples: chacun-e \u00e0 une raison sp\u00e9ciale de choisir Berlin comme destination \u2013 ainsi que des diff\u00e9rents aspects \u00e0 prendre en consid\u00e9ration dans la recherche d\u2019h\u00e9bergement. Il y a une chose que nous d\u00e9sirons tous: trouver le meilleur endroit o\u00f9 s\u00e9journer et \u00e0 petit prix.\u00a0 Spacieux et polyvalent, l\u2019Amstel House Berlin propose une s\u00e9rie d \u2019offres de voyage, con\u00e7ues pour chaque type de voyageur. Ces offres sp\u00e9ciales d\u2019auberge de jeunesse incluent le s\u00e9jour mais aussi des services \u00e0 prix r\u00e9duits. Vous trouverez une offre qui vous correspondra parfaitement. Jetez un coup d\u2019oeil et trouvez votre offre.<\/p>\n<p>&nbsp;<\/p>\n<p>&nbsp;<\/p>\n","protected":false},"excerpt":{"rendered":"<p>LES OFFRES VOYAGES A BERLIN NOS MEILLEURS OFFRES D&rsquo;H\u00c9BERGEMENT Etudiant, voyageur solo, athl\u00e8tes, familles ou couples: chacun-e \u00e0 une raison sp\u00e9ciale de choisir Berlin comme destination \u2013 ainsi que des diff\u00e9rents aspects \u00e0 prendre en consid\u00e9ration dans la recherche d\u2019h\u00e9bergement. Il y a une chose que nous d\u00e9sirons tous: trouver le meilleur endroit o\u00f9 s\u00e9journer [&hellip;]<\/p>\n","protected":false},"author":4,"featured_media":2984,"parent":0,"menu_order":12,"comment_status":"closed","ping_status":"closed","template":"page-offers.php","meta":{"footnotes":""},"class_list":["post-2408","page","type-page","status-publish","has-post-thumbnail","hentry"],"acf":[],"yoast_head":"<!-- This site is optimized with the Yoast SEO plugin v20.8 - https:\/\/yoast.com\/wordpress\/plugins\/seo\/ -->\n<title>Offres de voyage \u00e0 Berlin | Offres sp\u00e9ciales d&#039;hostel<\/title>\n<meta name=\"description\" content=\"Trouvez les offres de voyage id\u00e9ales pour votre s\u00e9jour \u00e0 Berlin. Des chambres familiales aux offres de week-end. Au centre de Berlin!\" \/>\n<meta name=\"robots\" content=\"index, follow, max-snippet:-1, max-image-preview:large, max-video-preview:-1\" \/>\n<link rel=\"canonical\" href=\"https:\/\/www.amstelhouse.de\/fr\/offres-de-voyage\/\" \/>\n<meta property=\"og:locale\" content=\"fr_FR\" \/>\n<meta property=\"og:type\" content=\"article\" \/>\n<meta property=\"og:title\" content=\"Offres de voyage \u00e0 Berlin | Offres sp\u00e9ciales d&#039;hostel\" \/>\n<meta property=\"og:description\" content=\"Trouvez les offres de voyage id\u00e9ales pour votre s\u00e9jour \u00e0 Berlin. Des chambres familiales aux offres de week-end. Au centre de Berlin!\" \/>\n<meta property=\"og:url\" content=\"https:\/\/www.amstelhouse.de\/fr\/offres-de-voyage\/\" \/>\n<meta property=\"og:site_name\" content=\"Amstel House (fr)\" \/>\n<meta property=\"article:publisher\" content=\"https:\/\/www.facebook.com\/amstelhouse\/\" \/>\n<meta property=\"article:modified_time\" content=\"2021-11-19T15:04:24+00:00\" \/>\n<meta property=\"og:image\" content=\"https:\/\/www.amstelhouse.de\/fr\/wp-content\/uploads\/sites\/32\/2019\/11\/auberge-amstel-berlin-budget-offres-de-voyage.jpg\" \/>\n\t<meta property=\"og:image:width\" content=\"1900\" \/>\n\t<meta property=\"og:image:height\" content=\"760\" \/>\n\t<meta property=\"og:image:type\" content=\"image\/jpeg\" \/>\n<meta name=\"twitter:label1\" content=\"Est. reading time\" \/>\n\t<meta name=\"twitter:data1\" content=\"1 minute\" \/>\n<script type=\"application\/ld+json\" class=\"yoast-schema-graph\">{\"@context\":\"https:\/\/schema.org\",\"@graph\":[{\"@type\":\"WebPage\",\"@id\":\"https:\/\/www.amstelhouse.de\/fr\/offres-de-voyage\/\",\"url\":\"https:\/\/www.amstelhouse.de\/fr\/offres-de-voyage\/\",\"name\":\"Offres de voyage \u00e0 Berlin | Offres sp\u00e9ciales d'hostel\",\"isPartOf\":{\"@id\":\"https:\/\/www.amstelhouse.de\/fr\/#website\"},\"datePublished\":\"2015-02-05T17:46:58+00:00\",\"dateModified\":\"2021-11-19T15:04:24+00:00\",\"description\":\"Trouvez les offres de voyage id\u00e9ales pour votre s\u00e9jour \u00e0 Berlin. Des chambres familiales aux offres de week-end. Au centre de Berlin!\",\"breadcrumb\":{\"@id\":\"https:\/\/www.amstelhouse.de\/fr\/offres-de-voyage\/#breadcrumb\"},\"inLanguage\":\"fr-FR\",\"potentialAction\":[{\"@type\":\"ReadAction\",\"target\":[\"https:\/\/www.amstelhouse.de\/fr\/offres-de-voyage\/\"]}]},{\"@type\":\"BreadcrumbList\",\"@id\":\"https:\/\/www.amstelhouse.de\/fr\/offres-de-voyage\/#breadcrumb\",\"itemListElement\":[{\"@type\":\"ListItem\",\"position\":1,\"name\":\"Home\",\"item\":\"https:\/\/www.amstelhouse.de\/fr\/\"},{\"@type\":\"ListItem\",\"position\":2,\"name\":\"Offres\"}]},{\"@type\":\"WebSite\",\"@id\":\"https:\/\/www.amstelhouse.de\/fr\/#website\",\"url\":\"https:\/\/www.amstelhouse.de\/fr\/\",\"name\":\"Amstel House (fr)\",\"description\":\"Zentral - Gut - Preiswert\",\"publisher\":{\"@id\":\"https:\/\/www.amstelhouse.de\/fr\/#organization\"},\"potentialAction\":[{\"@type\":\"SearchAction\",\"target\":{\"@type\":\"EntryPoint\",\"urlTemplate\":\"https:\/\/www.amstelhouse.de\/fr\/?s={search_term_string}\"},\"query-input\":\"required name=search_term_string\"}],\"inLanguage\":\"fr-FR\"},{\"@type\":\"Organization\",\"@id\":\"https:\/\/www.amstelhouse.de\/fr\/#organization\",\"name\":\"Amstel Hostel Berlin\",\"url\":\"https:\/\/www.amstelhouse.de\/fr\/\",\"logo\":{\"@type\":\"ImageObject\",\"inLanguage\":\"fr-FR\",\"@id\":\"https:\/\/www.amstelhouse.de\/fr\/#\/schema\/logo\/image\/\",\"url\":\"https:\/\/www.amstelhouse.de\/fr\/wp-content\/uploads\/sites\/32\/2017\/09\/logo.svg\",\"contentUrl\":\"https:\/\/www.amstelhouse.de\/fr\/wp-content\/uploads\/sites\/32\/2017\/09\/logo.svg\",\"width\":1,\"height\":1,\"caption\":\"Amstel Hostel Berlin\"},\"image\":{\"@id\":\"https:\/\/www.amstelhouse.de\/fr\/#\/schema\/logo\/image\/\"},\"sameAs\":[\"https:\/\/www.facebook.com\/amstelhouse\/\",\"https:\/\/twitter.com\/Amstelhouse\",\"https:\/\/www.instagram.com\/amstelhouse\/\",\"https:\/\/de.pinterest.com\/amstelhouse\/\"]}]}<\/script>\n<!-- \/ Yoast SEO plugin. -->","yoast_head_json":{"title":"Offres de voyage \u00e0 Berlin | Offres sp\u00e9ciales d'hostel","description":"Trouvez les offres de voyage id\u00e9ales pour votre s\u00e9jour \u00e0 Berlin. Des chambres familiales aux offres de week-end. Au centre de Berlin!","robots":{"index":"index","follow":"follow","max-snippet":"max-snippet:-1","max-image-preview":"max-image-preview:large","max-video-preview":"max-video-preview:-1"},"canonical":"https:\/\/www.amstelhouse.de\/fr\/offres-de-voyage\/","og_locale":"fr_FR","og_type":"article","og_title":"Offres de voyage \u00e0 Berlin | Offres sp\u00e9ciales d'hostel","og_description":"Trouvez les offres de voyage id\u00e9ales pour votre s\u00e9jour \u00e0 Berlin. Des chambres familiales aux offres de week-end. Au centre de Berlin!","og_url":"https:\/\/www.amstelhouse.de\/fr\/offres-de-voyage\/","og_site_name":"Amstel House (fr)","article_publisher":"https:\/\/www.facebook.com\/amstelhouse\/","article_modified_time":"2021-11-19T15:04:24+00:00","og_image":[{"width":1900,"height":760,"url":"https:\/\/www.amstelhouse.de\/fr\/wp-content\/uploads\/sites\/32\/2019\/11\/auberge-amstel-berlin-budget-offres-de-voyage.jpg","type":"image\/jpeg"}],"twitter_misc":{"Est. reading time":"1 minute"},"schema":{"@context":"https:\/\/schema.org","@graph":[{"@type":"WebPage","@id":"https:\/\/www.amstelhouse.de\/fr\/offres-de-voyage\/","url":"https:\/\/www.amstelhouse.de\/fr\/offres-de-voyage\/","name":"Offres de voyage \u00e0 Berlin | Offres sp\u00e9ciales d'hostel","isPartOf":{"@id":"https:\/\/www.amstelhouse.de\/fr\/#website"},"datePublished":"2015-02-05T17:46:58+00:00","dateModified":"2021-11-19T15:04:24+00:00","description":"Trouvez les offres de voyage id\u00e9ales pour votre s\u00e9jour \u00e0 Berlin. Des chambres familiales aux offres de week-end. Au centre de Berlin!","breadcrumb":{"@id":"https:\/\/www.amstelhouse.de\/fr\/offres-de-voyage\/#breadcrumb"},"inLanguage":"fr-FR","potentialAction":[{"@type":"ReadAction","target":["https:\/\/www.amstelhouse.de\/fr\/offres-de-voyage\/"]}]},{"@type":"BreadcrumbList","@id":"https:\/\/www.amstelhouse.de\/fr\/offres-de-voyage\/#breadcrumb","itemListElement":[{"@type":"ListItem","position":1,"name":"Home","item":"https:\/\/www.amstelhouse.de\/fr\/"},{"@type":"ListItem","position":2,"name":"Offres"}]},{"@type":"WebSite","@id":"https:\/\/www.amstelhouse.de\/fr\/#website","url":"https:\/\/www.amstelhouse.de\/fr\/","name":"Amstel House (fr)","description":"Zentral - Gut - Preiswert","publisher":{"@id":"https:\/\/www.amstelhouse.de\/fr\/#organization"},"potentialAction":[{"@type":"SearchAction","target":{"@type":"EntryPoint","urlTemplate":"https:\/\/www.amstelhouse.de\/fr\/?s={search_term_string}"},"query-input":"required name=search_term_string"}],"inLanguage":"fr-FR"},{"@type":"Organization","@id":"https:\/\/www.amstelhouse.de\/fr\/#organization","name":"Amstel Hostel Berlin","url":"https:\/\/www.amstelhouse.de\/fr\/","logo":{"@type":"ImageObject","inLanguage":"fr-FR","@id":"https:\/\/www.amstelhouse.de\/fr\/#\/schema\/logo\/image\/","url":"https:\/\/www.amstelhouse.de\/fr\/wp-content\/uploads\/sites\/32\/2017\/09\/logo.svg","contentUrl":"https:\/\/www.amstelhouse.de\/fr\/wp-content\/uploads\/sites\/32\/2017\/09\/logo.svg","width":1,"height":1,"caption":"Amstel Hostel Berlin"},"image":{"@id":"https:\/\/www.amstelhouse.de\/fr\/#\/schema\/logo\/image\/"},"sameAs":["https:\/\/www.facebook.com\/amstelhouse\/","https:\/\/twitter.com\/Amstelhouse","https:\/\/www.instagram.com\/amstelhouse\/","https:\/\/de.pinterest.com\/amstelhouse\/"]}]}},"_links":{"self":[{"href":"https:\/\/www.amstelhouse.de\/fr\/wp-json\/wp\/v2\/pages\/2408"}],"collection":[{"href":"https:\/\/www.amstelhouse.de\/fr\/wp-json\/wp\/v2\/pages"}],"about":[{"href":"https:\/\/www.amstelhouse.de\/fr\/wp-json\/wp\/v2\/types\/page"}],"author":[{"embeddable":true,"href":"https:\/\/www.amstelhouse.de\/fr\/wp-json\/wp\/v2\/users\/4"}],"replies":[{"embeddable":true,"href":"https:\/\/www.amstelhouse.de\/fr\/wp-json\/wp\/v2\/comments?post=2408"}],"version-history":[{"count":3,"href":"https:\/\/www.amstelhouse.de\/fr\/wp-json\/wp\/v2\/pages\/2408\/revisions"}],"predecessor-version":[{"id":3019,"href":"https:\/\/www.amstelhouse.de\/fr\/wp-json\/wp\/v2\/pages\/2408\/revisions\/3019"}],"wp:featuredmedia":[{"embeddable":true,"href":"https:\/\/www.amstelhouse.de\/fr\/wp-json\/wp\/v2\/media\/2984"}],"wp:attachment":[{"href":"https:\/\/www.amstelhouse.de\/fr\/wp-json\/wp\/v2\/media?parent=2408"}],"curies":[{"name":"wp","href":"https:\/\/api.w.org\/{rel}","templated":true}]}}