{"id":2411,"date":"2015-02-07T08:37:19","date_gmt":"2015-02-07T08:37:19","guid":{"rendered":"http:\/\/www.amstelhouse.de\/fr\/?page_id=20"},"modified":"2021-11-19T15:24:19","modified_gmt":"2021-11-19T15:24:19","slug":"berlin-liens","status":"publish","type":"page","link":"https:\/\/www.amstelhouse.de\/fr\/berlin-liens\/","title":{"rendered":"Berlin liens"},"content":{"rendered":"<h2>Pour les visiteurs et voyageurs, vous ne savez pas o\u00f9 commencer \u00e0 Berlin? <span id=\"result_box\" class=\"short_text\" lang=\"fr\"><span class=\"\">Ici \u00e0 Berlin liens utiles.\u00a0<\/span><\/span><\/h2>\n<p>Pour vous aider \u00e0 organiser votre voyage, nous avons s\u00e9lectionn\u00e9 des Berlin liens utiles. Ils contiennent des informations pratiques. Vous trouverez, entre autre, \u00a0le site officiel de l&rsquo;office de tourisme et le portail de la ville. Si vous arrivez en voiture, assurez-vous de vous informer sur la vignette environnementale. Notre blog vous donnera de nombreuse recommandation sur les \u00e9v\u00e8nements \u00e0 venir. Visitez la page du National Museum. Nous avons \u00e9galement inclus des pages concernant les transports et le trafic. Pour la prochaine \u00e9tape de votre voyage, vous trouverez les liens de nos partenaires \u00e0 travers l&rsquo;Europe.<\/p>\n<p><a href=\"https:\/\/www.amstelhouse.de\/fr\/wp-content\/uploads\/sites\/32\/2015\/02\/berlin-useful-links.png\"><img loading=\"lazy\" decoding=\"async\" class=\"alignnone size-full wp-image-1655\" src=\"https:\/\/www.amstelhouse.de\/fr\/wp-content\/uploads\/sites\/32\/2015\/02\/berlin-useful-links.png\" alt=\"Berlin liens\" width=\"32\" height=\"32\" \/><\/a><\/p>\n","protected":false},"excerpt":{"rendered":"<p>Pour les visiteurs et voyageurs, vous ne savez pas o\u00f9 commencer \u00e0 Berlin? Ici \u00e0 Berlin liens utiles.\u00a0 Pour vous aider \u00e0 organiser votre voyage, nous avons s\u00e9lectionn\u00e9 des Berlin liens utiles. Ils contiennent des informations pratiques. Vous trouverez, entre autre, \u00a0le site officiel de l&rsquo;office de tourisme et le portail de la ville. Si [&hellip;]<\/p>\n","protected":false},"author":4,"featured_media":0,"parent":0,"menu_order":3,"comment_status":"closed","ping_status":"closed","template":"page-links.php","meta":{"footnotes":""},"class_list":["post-2411","page","type-page","status-publish","hentry"],"acf":[],"yoast_head":"<!-- This site is optimized with the Yoast SEO plugin v20.8 - https:\/\/yoast.com\/wordpress\/plugins\/seo\/ -->\n<title>Guide de voyage de Berlin | Liens utiles<\/title>\n<meta name=\"description\" content=\"Notre guide de Berlin fournit une liste de liens utiles avec des informations de base sur les attractions touristiques, les transports et plus encore.\" \/>\n<meta name=\"robots\" content=\"index, follow, max-snippet:-1, max-image-preview:large, max-video-preview:-1\" \/>\n<link rel=\"canonical\" href=\"https:\/\/www.amstelhouse.de\/fr\/berlin-liens\/\" \/>\n<meta property=\"og:locale\" content=\"fr_FR\" \/>\n<meta property=\"og:type\" content=\"article\" \/>\n<meta property=\"og:title\" content=\"Guide de voyage de Berlin | Liens utiles\" \/>\n<meta property=\"og:description\" content=\"Notre guide de Berlin fournit une liste de liens utiles avec des informations de base sur les attractions touristiques, les transports et plus encore.\" \/>\n<meta property=\"og:url\" content=\"https:\/\/www.amstelhouse.de\/fr\/berlin-liens\/\" \/>\n<meta property=\"og:site_name\" content=\"Amstel House (fr)\" \/>\n<meta property=\"article:publisher\" content=\"https:\/\/www.facebook.com\/amstelhouse\/\" \/>\n<meta property=\"article:modified_time\" content=\"2021-11-19T15:24:19+00:00\" \/>\n<meta property=\"og:image\" content=\"https:\/\/www.amstelhouse.de\/fr\/wp-content\/uploads\/sites\/32\/2015\/02\/berlin-useful-links.png\" \/>\n<meta name=\"twitter:label1\" content=\"Est. reading time\" \/>\n\t<meta name=\"twitter:data1\" content=\"1 minute\" \/>\n<script type=\"application\/ld+json\" class=\"yoast-schema-graph\">{\"@context\":\"https:\/\/schema.org\",\"@graph\":[{\"@type\":\"WebPage\",\"@id\":\"https:\/\/www.amstelhouse.de\/fr\/berlin-liens\/\",\"url\":\"https:\/\/www.amstelhouse.de\/fr\/berlin-liens\/\",\"name\":\"Guide de voyage de Berlin | Liens utiles\",\"isPartOf\":{\"@id\":\"https:\/\/www.amstelhouse.de\/fr\/#website\"},\"datePublished\":\"2015-02-07T08:37:19+00:00\",\"dateModified\":\"2021-11-19T15:24:19+00:00\",\"description\":\"Notre guide de Berlin fournit une liste de liens utiles avec des informations de base sur les attractions touristiques, les transports et plus encore.\",\"breadcrumb\":{\"@id\":\"https:\/\/www.amstelhouse.de\/fr\/berlin-liens\/#breadcrumb\"},\"inLanguage\":\"fr-FR\",\"potentialAction\":[{\"@type\":\"ReadAction\",\"target\":[\"https:\/\/www.amstelhouse.de\/fr\/berlin-liens\/\"]}]},{\"@type\":\"BreadcrumbList\",\"@id\":\"https:\/\/www.amstelhouse.de\/fr\/berlin-liens\/#breadcrumb\",\"itemListElement\":[{\"@type\":\"ListItem\",\"position\":1,\"name\":\"Home\",\"item\":\"https:\/\/www.amstelhouse.de\/fr\/\"},{\"@type\":\"ListItem\",\"position\":2,\"name\":\"Berlin liens\"}]},{\"@type\":\"WebSite\",\"@id\":\"https:\/\/www.amstelhouse.de\/fr\/#website\",\"url\":\"https:\/\/www.amstelhouse.de\/fr\/\",\"name\":\"Amstel House (fr)\",\"description\":\"Zentral - Gut - Preiswert\",\"publisher\":{\"@id\":\"https:\/\/www.amstelhouse.de\/fr\/#organization\"},\"potentialAction\":[{\"@type\":\"SearchAction\",\"target\":{\"@type\":\"EntryPoint\",\"urlTemplate\":\"https:\/\/www.amstelhouse.de\/fr\/?s={search_term_string}\"},\"query-input\":\"required name=search_term_string\"}],\"inLanguage\":\"fr-FR\"},{\"@type\":\"Organization\",\"@id\":\"https:\/\/www.amstelhouse.de\/fr\/#organization\",\"name\":\"Amstel Hostel Berlin\",\"url\":\"https:\/\/www.amstelhouse.de\/fr\/\",\"logo\":{\"@type\":\"ImageObject\",\"inLanguage\":\"fr-FR\",\"@id\":\"https:\/\/www.amstelhouse.de\/fr\/#\/schema\/logo\/image\/\",\"url\":\"https:\/\/www.amstelhouse.de\/fr\/wp-content\/uploads\/sites\/32\/2017\/09\/logo.svg\",\"contentUrl\":\"https:\/\/www.amstelhouse.de\/fr\/wp-content\/uploads\/sites\/32\/2017\/09\/logo.svg\",\"width\":1,\"height\":1,\"caption\":\"Amstel Hostel Berlin\"},\"image\":{\"@id\":\"https:\/\/www.amstelhouse.de\/fr\/#\/schema\/logo\/image\/\"},\"sameAs\":[\"https:\/\/www.facebook.com\/amstelhouse\/\",\"https:\/\/twitter.com\/Amstelhouse\",\"https:\/\/www.instagram.com\/amstelhouse\/\",\"https:\/\/de.pinterest.com\/amstelhouse\/\"]}]}<\/script>\n<!-- \/ Yoast SEO plugin. -->","yoast_head_json":{"title":"Guide de voyage de Berlin | Liens utiles","description":"Notre guide de Berlin fournit une liste de liens utiles avec des informations de base sur les attractions touristiques, les transports et plus encore.","robots":{"index":"index","follow":"follow","max-snippet":"max-snippet:-1","max-image-preview":"max-image-preview:large","max-video-preview":"max-video-preview:-1"},"canonical":"https:\/\/www.amstelhouse.de\/fr\/berlin-liens\/","og_locale":"fr_FR","og_type":"article","og_title":"Guide de voyage de Berlin | Liens utiles","og_description":"Notre guide de Berlin fournit une liste de liens utiles avec des informations de base sur les attractions touristiques, les transports et plus encore.","og_url":"https:\/\/www.amstelhouse.de\/fr\/berlin-liens\/","og_site_name":"Amstel House (fr)","article_publisher":"https:\/\/www.facebook.com\/amstelhouse\/","article_modified_time":"2021-11-19T15:24:19+00:00","og_image":[{"url":"https:\/\/www.amstelhouse.de\/fr\/wp-content\/uploads\/sites\/32\/2015\/02\/berlin-useful-links.png"}],"twitter_misc":{"Est. reading time":"1 minute"},"schema":{"@context":"https:\/\/schema.org","@graph":[{"@type":"WebPage","@id":"https:\/\/www.amstelhouse.de\/fr\/berlin-liens\/","url":"https:\/\/www.amstelhouse.de\/fr\/berlin-liens\/","name":"Guide de voyage de Berlin | Liens utiles","isPartOf":{"@id":"https:\/\/www.amstelhouse.de\/fr\/#website"},"datePublished":"2015-02-07T08:37:19+00:00","dateModified":"2021-11-19T15:24:19+00:00","description":"Notre guide de Berlin fournit une liste de liens utiles avec des informations de base sur les attractions touristiques, les transports et plus encore.","breadcrumb":{"@id":"https:\/\/www.amstelhouse.de\/fr\/berlin-liens\/#breadcrumb"},"inLanguage":"fr-FR","potentialAction":[{"@type":"ReadAction","target":["https:\/\/www.amstelhouse.de\/fr\/berlin-liens\/"]}]},{"@type":"BreadcrumbList","@id":"https:\/\/www.amstelhouse.de\/fr\/berlin-liens\/#breadcrumb","itemListElement":[{"@type":"ListItem","position":1,"name":"Home","item":"https:\/\/www.amstelhouse.de\/fr\/"},{"@type":"ListItem","position":2,"name":"Berlin liens"}]},{"@type":"WebSite","@id":"https:\/\/www.amstelhouse.de\/fr\/#website","url":"https:\/\/www.amstelhouse.de\/fr\/","name":"Amstel House (fr)","description":"Zentral - Gut - Preiswert","publisher":{"@id":"https:\/\/www.amstelhouse.de\/fr\/#organization"},"potentialAction":[{"@type":"SearchAction","target":{"@type":"EntryPoint","urlTemplate":"https:\/\/www.amstelhouse.de\/fr\/?s={search_term_string}"},"query-input":"required name=search_term_string"}],"inLanguage":"fr-FR"},{"@type":"Organization","@id":"https:\/\/www.amstelhouse.de\/fr\/#organization","name":"Amstel Hostel Berlin","url":"https:\/\/www.amstelhouse.de\/fr\/","logo":{"@type":"ImageObject","inLanguage":"fr-FR","@id":"https:\/\/www.amstelhouse.de\/fr\/#\/schema\/logo\/image\/","url":"https:\/\/www.amstelhouse.de\/fr\/wp-content\/uploads\/sites\/32\/2017\/09\/logo.svg","contentUrl":"https:\/\/www.amstelhouse.de\/fr\/wp-content\/uploads\/sites\/32\/2017\/09\/logo.svg","width":1,"height":1,"caption":"Amstel Hostel Berlin"},"image":{"@id":"https:\/\/www.amstelhouse.de\/fr\/#\/schema\/logo\/image\/"},"sameAs":["https:\/\/www.facebook.com\/amstelhouse\/","https:\/\/twitter.com\/Amstelhouse","https:\/\/www.instagram.com\/amstelhouse\/","https:\/\/de.pinterest.com\/amstelhouse\/"]}]}},"_links":{"self":[{"href":"https:\/\/www.amstelhouse.de\/fr\/wp-json\/wp\/v2\/pages\/2411"}],"collection":[{"href":"https:\/\/www.amstelhouse.de\/fr\/wp-json\/wp\/v2\/pages"}],"about":[{"href":"https:\/\/www.amstelhouse.de\/fr\/wp-json\/wp\/v2\/types\/page"}],"author":[{"embeddable":true,"href":"https:\/\/www.amstelhouse.de\/fr\/wp-json\/wp\/v2\/users\/4"}],"replies":[{"embeddable":true,"href":"https:\/\/www.amstelhouse.de\/fr\/wp-json\/wp\/v2\/comments?post=2411"}],"version-history":[{"count":2,"href":"https:\/\/www.amstelhouse.de\/fr\/wp-json\/wp\/v2\/pages\/2411\/revisions"}],"predecessor-version":[{"id":2731,"href":"https:\/\/www.amstelhouse.de\/fr\/wp-json\/wp\/v2\/pages\/2411\/revisions\/2731"}],"wp:attachment":[{"href":"https:\/\/www.amstelhouse.de\/fr\/wp-json\/wp\/v2\/media?parent=2411"}],"curies":[{"name":"wp","href":"https:\/\/api.w.org\/{rel}","templated":true}]}}