{"id":2412,"date":"2015-02-07T08:37:50","date_gmt":"2015-02-07T08:37:50","guid":{"rendered":"http:\/\/www.amstelhouse.de\/fr\/?page_id=22"},"modified":"2025-01-29T15:30:08","modified_gmt":"2025-01-29T15:30:08","slug":"hostel-services","status":"publish","type":"page","link":"https:\/\/www.amstelhouse.de\/fr\/hostel-services\/","title":{"rendered":"Services"},"content":{"rendered":"<h1 style=\"text-align: center;\">Hostel Services<\/h1>\n<h2 style=\"text-align: center;\">CHOUCHOUTER VOTRE S\u00c9JOUR \u00c0 BERLIN \u00c0 PRIX ATTRACTIFS<\/h2>\n<p>L\u2019Amstel House Hostel Berlin prend soin de tout jusqu\u2019au moindre d\u00e9tails. Tous nos services sont \u00e0 prix abordables! On est d\u00e9licieux: petit-d\u00e9jeuner \u00e0 volont\u00e9 et cuisine partag\u00e9e bien \u00e9quip\u00e9e. Nous restons connect\u00e9s: Wi-Fi gratuite dans toute l\u2019auberge. Nous louons des v\u00e9los et offrons un service de buanderie. Il y a toujours un visage souriant pour veiller sur vous et vous servir un verre au bar (jour et nuit). Nous laissons \u00e0 disposition des cartes de la ville gratuites, pr\u00eatons des c\u00e2bles\/adaptateurs et vendons des produits d\u2019hygi\u00e8ne \u00e0 la r\u00e9ception. Nous proposons des services de bonne qualit\u00e9s \u00e0 petit prix.<\/p>\n<p>&nbsp;<\/p>\n","protected":false},"excerpt":{"rendered":"<p>Hostel Services CHOUCHOUTER VOTRE S\u00c9JOUR \u00c0 BERLIN \u00c0 PRIX ATTRACTIFS L\u2019Amstel House Hostel Berlin prend soin de tout jusqu\u2019au moindre d\u00e9tails. Tous nos services sont \u00e0 prix abordables! On est d\u00e9licieux: petit-d\u00e9jeuner \u00e0 volont\u00e9 et cuisine partag\u00e9e bien \u00e9quip\u00e9e. Nous restons connect\u00e9s: Wi-Fi gratuite dans toute l\u2019auberge. Nous louons des v\u00e9los et offrons un service [&hellip;]<\/p>\n","protected":false},"author":4,"featured_media":2618,"parent":0,"menu_order":16,"comment_status":"closed","ping_status":"closed","template":"page-services.php","meta":{"footnotes":""},"class_list":["post-2412","page","type-page","status-publish","has-post-thumbnail","hentry"],"acf":[],"yoast_head":"<!-- This site is optimized with the Yoast SEO plugin v20.8 - https:\/\/yoast.com\/wordpress\/plugins\/seo\/ -->\n<title>Service de l&#039;hostel \u00e0 Berlin | Top \u2022 Meilleur budget \u2022 24h\/7<\/title>\n<meta name=\"description\" content=\"Notre auberge offre divers services d&#039;hostel \u00e0 Berlin : Wi-Fi gratuit, r\u00e9ception et bar ouverts 24\/7, location de v\u00e9los, cuisine commune, happy-hour.\" \/>\n<meta name=\"robots\" content=\"index, follow, max-snippet:-1, max-image-preview:large, max-video-preview:-1\" \/>\n<link rel=\"canonical\" href=\"https:\/\/www.amstelhouse.de\/fr\/hostel-services\/\" \/>\n<meta property=\"og:locale\" content=\"fr_FR\" \/>\n<meta property=\"og:type\" content=\"article\" \/>\n<meta property=\"og:title\" content=\"Service de l&#039;hostel \u00e0 Berlin | Top \u2022 Meilleur budget \u2022 24h\/7\" \/>\n<meta property=\"og:description\" content=\"Notre auberge offre divers services d&#039;hostel \u00e0 Berlin : Wi-Fi gratuit, r\u00e9ception et bar ouverts 24\/7, location de v\u00e9los, cuisine commune, happy-hour.\" \/>\n<meta property=\"og:url\" content=\"https:\/\/www.amstelhouse.de\/fr\/hostel-services\/\" \/>\n<meta property=\"og:site_name\" content=\"Amstel House (fr)\" \/>\n<meta property=\"article:publisher\" content=\"https:\/\/www.facebook.com\/amstelhouse\/\" \/>\n<meta property=\"article:modified_time\" content=\"2025-01-29T15:30:08+00:00\" \/>\n<meta property=\"og:image\" content=\"https:\/\/www.amstelhouse.de\/fr\/wp-content\/uploads\/sites\/32\/2018\/07\/meilleure-auberge-berlin-caf\u00e9-alemanha.jpg\" \/>\n\t<meta property=\"og:image:width\" content=\"1800\" \/>\n\t<meta property=\"og:image:height\" content=\"720\" \/>\n\t<meta property=\"og:image:type\" content=\"image\/jpeg\" \/>\n<meta name=\"twitter:label1\" content=\"Est. reading time\" \/>\n\t<meta name=\"twitter:data1\" content=\"1 minute\" \/>\n<script type=\"application\/ld+json\" class=\"yoast-schema-graph\">{\"@context\":\"https:\/\/schema.org\",\"@graph\":[{\"@type\":\"WebPage\",\"@id\":\"https:\/\/www.amstelhouse.de\/fr\/hostel-services\/\",\"url\":\"https:\/\/www.amstelhouse.de\/fr\/hostel-services\/\",\"name\":\"Service de l'hostel \u00e0 Berlin | Top \u2022 Meilleur budget \u2022 24h\/7\",\"isPartOf\":{\"@id\":\"https:\/\/www.amstelhouse.de\/fr\/#website\"},\"datePublished\":\"2015-02-07T08:37:50+00:00\",\"dateModified\":\"2025-01-29T15:30:08+00:00\",\"description\":\"Notre auberge offre divers services d'hostel \u00e0 Berlin : Wi-Fi gratuit, r\u00e9ception et bar ouverts 24\/7, location de v\u00e9los, cuisine commune, happy-hour.\",\"breadcrumb\":{\"@id\":\"https:\/\/www.amstelhouse.de\/fr\/hostel-services\/#breadcrumb\"},\"inLanguage\":\"fr-FR\",\"potentialAction\":[{\"@type\":\"ReadAction\",\"target\":[\"https:\/\/www.amstelhouse.de\/fr\/hostel-services\/\"]}]},{\"@type\":\"BreadcrumbList\",\"@id\":\"https:\/\/www.amstelhouse.de\/fr\/hostel-services\/#breadcrumb\",\"itemListElement\":[{\"@type\":\"ListItem\",\"position\":1,\"name\":\"Home\",\"item\":\"https:\/\/www.amstelhouse.de\/fr\/\"},{\"@type\":\"ListItem\",\"position\":2,\"name\":\"Services\"}]},{\"@type\":\"WebSite\",\"@id\":\"https:\/\/www.amstelhouse.de\/fr\/#website\",\"url\":\"https:\/\/www.amstelhouse.de\/fr\/\",\"name\":\"Amstel House (fr)\",\"description\":\"Zentral - Gut - Preiswert\",\"publisher\":{\"@id\":\"https:\/\/www.amstelhouse.de\/fr\/#organization\"},\"potentialAction\":[{\"@type\":\"SearchAction\",\"target\":{\"@type\":\"EntryPoint\",\"urlTemplate\":\"https:\/\/www.amstelhouse.de\/fr\/?s={search_term_string}\"},\"query-input\":\"required name=search_term_string\"}],\"inLanguage\":\"fr-FR\"},{\"@type\":\"Organization\",\"@id\":\"https:\/\/www.amstelhouse.de\/fr\/#organization\",\"name\":\"Amstel Hostel Berlin\",\"url\":\"https:\/\/www.amstelhouse.de\/fr\/\",\"logo\":{\"@type\":\"ImageObject\",\"inLanguage\":\"fr-FR\",\"@id\":\"https:\/\/www.amstelhouse.de\/fr\/#\/schema\/logo\/image\/\",\"url\":\"https:\/\/www.amstelhouse.de\/fr\/wp-content\/uploads\/sites\/32\/2017\/09\/logo.svg\",\"contentUrl\":\"https:\/\/www.amstelhouse.de\/fr\/wp-content\/uploads\/sites\/32\/2017\/09\/logo.svg\",\"width\":1,\"height\":1,\"caption\":\"Amstel Hostel Berlin\"},\"image\":{\"@id\":\"https:\/\/www.amstelhouse.de\/fr\/#\/schema\/logo\/image\/\"},\"sameAs\":[\"https:\/\/www.facebook.com\/amstelhouse\/\",\"https:\/\/twitter.com\/Amstelhouse\",\"https:\/\/www.instagram.com\/amstelhouse\/\",\"https:\/\/de.pinterest.com\/amstelhouse\/\"]}]}<\/script>\n<!-- \/ Yoast SEO plugin. -->","yoast_head_json":{"title":"Service de l'hostel \u00e0 Berlin | Top \u2022 Meilleur budget \u2022 24h\/7","description":"Notre auberge offre divers services d'hostel \u00e0 Berlin : Wi-Fi gratuit, r\u00e9ception et bar ouverts 24\/7, location de v\u00e9los, cuisine commune, happy-hour.","robots":{"index":"index","follow":"follow","max-snippet":"max-snippet:-1","max-image-preview":"max-image-preview:large","max-video-preview":"max-video-preview:-1"},"canonical":"https:\/\/www.amstelhouse.de\/fr\/hostel-services\/","og_locale":"fr_FR","og_type":"article","og_title":"Service de l'hostel \u00e0 Berlin | Top \u2022 Meilleur budget \u2022 24h\/7","og_description":"Notre auberge offre divers services d'hostel \u00e0 Berlin : Wi-Fi gratuit, r\u00e9ception et bar ouverts 24\/7, location de v\u00e9los, cuisine commune, happy-hour.","og_url":"https:\/\/www.amstelhouse.de\/fr\/hostel-services\/","og_site_name":"Amstel House (fr)","article_publisher":"https:\/\/www.facebook.com\/amstelhouse\/","article_modified_time":"2025-01-29T15:30:08+00:00","og_image":[{"width":1800,"height":720,"url":"https:\/\/www.amstelhouse.de\/fr\/wp-content\/uploads\/sites\/32\/2018\/07\/meilleure-auberge-berlin-caf\u00e9-alemanha.jpg","type":"image\/jpeg"}],"twitter_misc":{"Est. reading time":"1 minute"},"schema":{"@context":"https:\/\/schema.org","@graph":[{"@type":"WebPage","@id":"https:\/\/www.amstelhouse.de\/fr\/hostel-services\/","url":"https:\/\/www.amstelhouse.de\/fr\/hostel-services\/","name":"Service de l'hostel \u00e0 Berlin | Top \u2022 Meilleur budget \u2022 24h\/7","isPartOf":{"@id":"https:\/\/www.amstelhouse.de\/fr\/#website"},"datePublished":"2015-02-07T08:37:50+00:00","dateModified":"2025-01-29T15:30:08+00:00","description":"Notre auberge offre divers services d'hostel \u00e0 Berlin : Wi-Fi gratuit, r\u00e9ception et bar ouverts 24\/7, location de v\u00e9los, cuisine commune, happy-hour.","breadcrumb":{"@id":"https:\/\/www.amstelhouse.de\/fr\/hostel-services\/#breadcrumb"},"inLanguage":"fr-FR","potentialAction":[{"@type":"ReadAction","target":["https:\/\/www.amstelhouse.de\/fr\/hostel-services\/"]}]},{"@type":"BreadcrumbList","@id":"https:\/\/www.amstelhouse.de\/fr\/hostel-services\/#breadcrumb","itemListElement":[{"@type":"ListItem","position":1,"name":"Home","item":"https:\/\/www.amstelhouse.de\/fr\/"},{"@type":"ListItem","position":2,"name":"Services"}]},{"@type":"WebSite","@id":"https:\/\/www.amstelhouse.de\/fr\/#website","url":"https:\/\/www.amstelhouse.de\/fr\/","name":"Amstel House (fr)","description":"Zentral - Gut - Preiswert","publisher":{"@id":"https:\/\/www.amstelhouse.de\/fr\/#organization"},"potentialAction":[{"@type":"SearchAction","target":{"@type":"EntryPoint","urlTemplate":"https:\/\/www.amstelhouse.de\/fr\/?s={search_term_string}"},"query-input":"required name=search_term_string"}],"inLanguage":"fr-FR"},{"@type":"Organization","@id":"https:\/\/www.amstelhouse.de\/fr\/#organization","name":"Amstel Hostel Berlin","url":"https:\/\/www.amstelhouse.de\/fr\/","logo":{"@type":"ImageObject","inLanguage":"fr-FR","@id":"https:\/\/www.amstelhouse.de\/fr\/#\/schema\/logo\/image\/","url":"https:\/\/www.amstelhouse.de\/fr\/wp-content\/uploads\/sites\/32\/2017\/09\/logo.svg","contentUrl":"https:\/\/www.amstelhouse.de\/fr\/wp-content\/uploads\/sites\/32\/2017\/09\/logo.svg","width":1,"height":1,"caption":"Amstel Hostel Berlin"},"image":{"@id":"https:\/\/www.amstelhouse.de\/fr\/#\/schema\/logo\/image\/"},"sameAs":["https:\/\/www.facebook.com\/amstelhouse\/","https:\/\/twitter.com\/Amstelhouse","https:\/\/www.instagram.com\/amstelhouse\/","https:\/\/de.pinterest.com\/amstelhouse\/"]}]}},"_links":{"self":[{"href":"https:\/\/www.amstelhouse.de\/fr\/wp-json\/wp\/v2\/pages\/2412"}],"collection":[{"href":"https:\/\/www.amstelhouse.de\/fr\/wp-json\/wp\/v2\/pages"}],"about":[{"href":"https:\/\/www.amstelhouse.de\/fr\/wp-json\/wp\/v2\/types\/page"}],"author":[{"embeddable":true,"href":"https:\/\/www.amstelhouse.de\/fr\/wp-json\/wp\/v2\/users\/4"}],"replies":[{"embeddable":true,"href":"https:\/\/www.amstelhouse.de\/fr\/wp-json\/wp\/v2\/comments?post=2412"}],"version-history":[{"count":5,"href":"https:\/\/www.amstelhouse.de\/fr\/wp-json\/wp\/v2\/pages\/2412\/revisions"}],"predecessor-version":[{"id":3343,"href":"https:\/\/www.amstelhouse.de\/fr\/wp-json\/wp\/v2\/pages\/2412\/revisions\/3343"}],"wp:featuredmedia":[{"embeddable":true,"href":"https:\/\/www.amstelhouse.de\/fr\/wp-json\/wp\/v2\/media\/2618"}],"wp:attachment":[{"href":"https:\/\/www.amstelhouse.de\/fr\/wp-json\/wp\/v2\/media?parent=2412"}],"curies":[{"name":"wp","href":"https:\/\/api.w.org\/{rel}","templated":true}]}}