{"id":2413,"date":"2015-02-07T08:38:27","date_gmt":"2015-02-07T08:38:27","guid":{"rendered":"http:\/\/www.amstelhouse.de\/fr\/?page_id=26"},"modified":"2021-11-19T15:03:14","modified_gmt":"2021-11-19T15:03:14","slug":"hostel-chambres","status":"publish","type":"page","link":"https:\/\/www.amstelhouse.de\/fr\/hostel-chambres\/","title":{"rendered":"Chambres"},"content":{"rendered":"<h1 style=\"text-align: center;\">Nos chambres \u00e0 Berlin<\/h1>\n<h2 style=\"text-align: center;\">LE MEILLEUR H\u00c9BERGEMENT ABORDABLE EN VILLE<\/h2>\n<p style=\"text-align: left;\">Vous \u00eates \u00e0 la recherche d\u2019un bon h\u00e9bergement et abordable? Nous proposons des chambres \u00e0 petits prix \u00e0 Berlin con\u00e7ues avec style tout en offrant confort et commodit\u00e9. De la chambre individuelle, double et twin avec salle de bain priv\u00e9e ou partag\u00e9e; du dortoire classique ou plus petit aux chambres familiales: notre auberge de jeunesse \u00e9l\u00e9gante et \u00e0 petit budget en surprendra plus d\u2019un par ses prix. Que vous soyez voyageur solo ou en couple, backpacker entre amis ou en s\u00e9jour familial, vous trouverez plusieurs types d\u2019options selon votre type de voyage.<\/p>\n<p>&nbsp;<\/p>\n<p style=\"text-align: center;\">\n","protected":false},"excerpt":{"rendered":"<p>Nos chambres \u00e0 Berlin LE MEILLEUR H\u00c9BERGEMENT ABORDABLE EN VILLE Vous \u00eates \u00e0 la recherche d\u2019un bon h\u00e9bergement et abordable? Nous proposons des chambres \u00e0 petits prix \u00e0 Berlin con\u00e7ues avec style tout en offrant confort et commodit\u00e9. De la chambre individuelle, double et twin avec salle de bain priv\u00e9e ou partag\u00e9e; du dortoire classique [&hellip;]<\/p>\n","protected":false},"author":4,"featured_media":2960,"parent":0,"menu_order":5,"comment_status":"closed","ping_status":"closed","template":"page-room.php","meta":{"footnotes":""},"class_list":["post-2413","page","type-page","status-publish","has-post-thumbnail","hentry"],"acf":[],"yoast_head":"<!-- This site is optimized with the Yoast SEO plugin v20.8 - https:\/\/yoast.com\/wordpress\/plugins\/seo\/ -->\n<title>Chambres d&#039;hostel \u00e0 Berlin | Logement priv\u00e9 et partag\u00e9<\/title>\n<meta name=\"description\" content=\"S\u00e9journez dans les meilleures chambres abordables de Berlin. Nous proposons 6 cat\u00e9gories d&#039;h\u00e9bergements abordables et modernes dans le centre-ville.\" \/>\n<meta name=\"robots\" content=\"index, follow, max-snippet:-1, max-image-preview:large, max-video-preview:-1\" \/>\n<link rel=\"canonical\" href=\"https:\/\/www.amstelhouse.de\/fr\/hostel-chambres\/\" \/>\n<meta property=\"og:locale\" content=\"fr_FR\" \/>\n<meta property=\"og:type\" content=\"article\" \/>\n<meta property=\"og:title\" content=\"Chambres d&#039;hostel \u00e0 Berlin | Logement priv\u00e9 et partag\u00e9\" \/>\n<meta property=\"og:description\" content=\"S\u00e9journez dans les meilleures chambres abordables de Berlin. Nous proposons 6 cat\u00e9gories d&#039;h\u00e9bergements abordables et modernes dans le centre-ville.\" \/>\n<meta property=\"og:url\" content=\"https:\/\/www.amstelhouse.de\/fr\/hostel-chambres\/\" \/>\n<meta property=\"og:site_name\" content=\"Amstel House (fr)\" \/>\n<meta property=\"article:publisher\" content=\"https:\/\/www.facebook.com\/amstelhouse\/\" \/>\n<meta property=\"article:modified_time\" content=\"2021-11-19T15:03:14+00:00\" \/>\n<meta property=\"og:image\" content=\"https:\/\/www.amstelhouse.de\/fr\/wp-content\/uploads\/sites\/32\/2019\/11\/amstel-hostel-berlin-budget-chambres.jpg\" \/>\n\t<meta property=\"og:image:width\" content=\"1900\" \/>\n\t<meta property=\"og:image:height\" content=\"760\" \/>\n\t<meta property=\"og:image:type\" content=\"image\/jpeg\" \/>\n<meta name=\"twitter:label1\" content=\"Est. reading time\" \/>\n\t<meta name=\"twitter:data1\" content=\"1 minute\" \/>\n<script type=\"application\/ld+json\" class=\"yoast-schema-graph\">{\"@context\":\"https:\/\/schema.org\",\"@graph\":[{\"@type\":\"WebPage\",\"@id\":\"https:\/\/www.amstelhouse.de\/fr\/hostel-chambres\/\",\"url\":\"https:\/\/www.amstelhouse.de\/fr\/hostel-chambres\/\",\"name\":\"Chambres d'hostel \u00e0 Berlin | Logement priv\u00e9 et partag\u00e9\",\"isPartOf\":{\"@id\":\"https:\/\/www.amstelhouse.de\/fr\/#website\"},\"datePublished\":\"2015-02-07T08:38:27+00:00\",\"dateModified\":\"2021-11-19T15:03:14+00:00\",\"description\":\"S\u00e9journez dans les meilleures chambres abordables de Berlin. Nous proposons 6 cat\u00e9gories d'h\u00e9bergements abordables et modernes dans le centre-ville.\",\"breadcrumb\":{\"@id\":\"https:\/\/www.amstelhouse.de\/fr\/hostel-chambres\/#breadcrumb\"},\"inLanguage\":\"fr-FR\",\"potentialAction\":[{\"@type\":\"ReadAction\",\"target\":[\"https:\/\/www.amstelhouse.de\/fr\/hostel-chambres\/\"]}]},{\"@type\":\"BreadcrumbList\",\"@id\":\"https:\/\/www.amstelhouse.de\/fr\/hostel-chambres\/#breadcrumb\",\"itemListElement\":[{\"@type\":\"ListItem\",\"position\":1,\"name\":\"Home\",\"item\":\"https:\/\/www.amstelhouse.de\/fr\/\"},{\"@type\":\"ListItem\",\"position\":2,\"name\":\"Chambres\"}]},{\"@type\":\"WebSite\",\"@id\":\"https:\/\/www.amstelhouse.de\/fr\/#website\",\"url\":\"https:\/\/www.amstelhouse.de\/fr\/\",\"name\":\"Amstel House (fr)\",\"description\":\"Zentral - Gut - Preiswert\",\"publisher\":{\"@id\":\"https:\/\/www.amstelhouse.de\/fr\/#organization\"},\"potentialAction\":[{\"@type\":\"SearchAction\",\"target\":{\"@type\":\"EntryPoint\",\"urlTemplate\":\"https:\/\/www.amstelhouse.de\/fr\/?s={search_term_string}\"},\"query-input\":\"required name=search_term_string\"}],\"inLanguage\":\"fr-FR\"},{\"@type\":\"Organization\",\"@id\":\"https:\/\/www.amstelhouse.de\/fr\/#organization\",\"name\":\"Amstel Hostel Berlin\",\"url\":\"https:\/\/www.amstelhouse.de\/fr\/\",\"logo\":{\"@type\":\"ImageObject\",\"inLanguage\":\"fr-FR\",\"@id\":\"https:\/\/www.amstelhouse.de\/fr\/#\/schema\/logo\/image\/\",\"url\":\"https:\/\/www.amstelhouse.de\/fr\/wp-content\/uploads\/sites\/32\/2017\/09\/logo.svg\",\"contentUrl\":\"https:\/\/www.amstelhouse.de\/fr\/wp-content\/uploads\/sites\/32\/2017\/09\/logo.svg\",\"width\":1,\"height\":1,\"caption\":\"Amstel Hostel Berlin\"},\"image\":{\"@id\":\"https:\/\/www.amstelhouse.de\/fr\/#\/schema\/logo\/image\/\"},\"sameAs\":[\"https:\/\/www.facebook.com\/amstelhouse\/\",\"https:\/\/twitter.com\/Amstelhouse\",\"https:\/\/www.instagram.com\/amstelhouse\/\",\"https:\/\/de.pinterest.com\/amstelhouse\/\"]}]}<\/script>\n<!-- \/ Yoast SEO plugin. -->","yoast_head_json":{"title":"Chambres d'hostel \u00e0 Berlin | Logement priv\u00e9 et partag\u00e9","description":"S\u00e9journez dans les meilleures chambres abordables de Berlin. Nous proposons 6 cat\u00e9gories d'h\u00e9bergements abordables et modernes dans le centre-ville.","robots":{"index":"index","follow":"follow","max-snippet":"max-snippet:-1","max-image-preview":"max-image-preview:large","max-video-preview":"max-video-preview:-1"},"canonical":"https:\/\/www.amstelhouse.de\/fr\/hostel-chambres\/","og_locale":"fr_FR","og_type":"article","og_title":"Chambres d'hostel \u00e0 Berlin | Logement priv\u00e9 et partag\u00e9","og_description":"S\u00e9journez dans les meilleures chambres abordables de Berlin. Nous proposons 6 cat\u00e9gories d'h\u00e9bergements abordables et modernes dans le centre-ville.","og_url":"https:\/\/www.amstelhouse.de\/fr\/hostel-chambres\/","og_site_name":"Amstel House (fr)","article_publisher":"https:\/\/www.facebook.com\/amstelhouse\/","article_modified_time":"2021-11-19T15:03:14+00:00","og_image":[{"width":1900,"height":760,"url":"https:\/\/www.amstelhouse.de\/fr\/wp-content\/uploads\/sites\/32\/2019\/11\/amstel-hostel-berlin-budget-chambres.jpg","type":"image\/jpeg"}],"twitter_misc":{"Est. reading time":"1 minute"},"schema":{"@context":"https:\/\/schema.org","@graph":[{"@type":"WebPage","@id":"https:\/\/www.amstelhouse.de\/fr\/hostel-chambres\/","url":"https:\/\/www.amstelhouse.de\/fr\/hostel-chambres\/","name":"Chambres d'hostel \u00e0 Berlin | Logement priv\u00e9 et partag\u00e9","isPartOf":{"@id":"https:\/\/www.amstelhouse.de\/fr\/#website"},"datePublished":"2015-02-07T08:38:27+00:00","dateModified":"2021-11-19T15:03:14+00:00","description":"S\u00e9journez dans les meilleures chambres abordables de Berlin. Nous proposons 6 cat\u00e9gories d'h\u00e9bergements abordables et modernes dans le centre-ville.","breadcrumb":{"@id":"https:\/\/www.amstelhouse.de\/fr\/hostel-chambres\/#breadcrumb"},"inLanguage":"fr-FR","potentialAction":[{"@type":"ReadAction","target":["https:\/\/www.amstelhouse.de\/fr\/hostel-chambres\/"]}]},{"@type":"BreadcrumbList","@id":"https:\/\/www.amstelhouse.de\/fr\/hostel-chambres\/#breadcrumb","itemListElement":[{"@type":"ListItem","position":1,"name":"Home","item":"https:\/\/www.amstelhouse.de\/fr\/"},{"@type":"ListItem","position":2,"name":"Chambres"}]},{"@type":"WebSite","@id":"https:\/\/www.amstelhouse.de\/fr\/#website","url":"https:\/\/www.amstelhouse.de\/fr\/","name":"Amstel House (fr)","description":"Zentral - Gut - Preiswert","publisher":{"@id":"https:\/\/www.amstelhouse.de\/fr\/#organization"},"potentialAction":[{"@type":"SearchAction","target":{"@type":"EntryPoint","urlTemplate":"https:\/\/www.amstelhouse.de\/fr\/?s={search_term_string}"},"query-input":"required name=search_term_string"}],"inLanguage":"fr-FR"},{"@type":"Organization","@id":"https:\/\/www.amstelhouse.de\/fr\/#organization","name":"Amstel Hostel Berlin","url":"https:\/\/www.amstelhouse.de\/fr\/","logo":{"@type":"ImageObject","inLanguage":"fr-FR","@id":"https:\/\/www.amstelhouse.de\/fr\/#\/schema\/logo\/image\/","url":"https:\/\/www.amstelhouse.de\/fr\/wp-content\/uploads\/sites\/32\/2017\/09\/logo.svg","contentUrl":"https:\/\/www.amstelhouse.de\/fr\/wp-content\/uploads\/sites\/32\/2017\/09\/logo.svg","width":1,"height":1,"caption":"Amstel Hostel Berlin"},"image":{"@id":"https:\/\/www.amstelhouse.de\/fr\/#\/schema\/logo\/image\/"},"sameAs":["https:\/\/www.facebook.com\/amstelhouse\/","https:\/\/twitter.com\/Amstelhouse","https:\/\/www.instagram.com\/amstelhouse\/","https:\/\/de.pinterest.com\/amstelhouse\/"]}]}},"_links":{"self":[{"href":"https:\/\/www.amstelhouse.de\/fr\/wp-json\/wp\/v2\/pages\/2413"}],"collection":[{"href":"https:\/\/www.amstelhouse.de\/fr\/wp-json\/wp\/v2\/pages"}],"about":[{"href":"https:\/\/www.amstelhouse.de\/fr\/wp-json\/wp\/v2\/types\/page"}],"author":[{"embeddable":true,"href":"https:\/\/www.amstelhouse.de\/fr\/wp-json\/wp\/v2\/users\/4"}],"replies":[{"embeddable":true,"href":"https:\/\/www.amstelhouse.de\/fr\/wp-json\/wp\/v2\/comments?post=2413"}],"version-history":[{"count":3,"href":"https:\/\/www.amstelhouse.de\/fr\/wp-json\/wp\/v2\/pages\/2413\/revisions"}],"predecessor-version":[{"id":3018,"href":"https:\/\/www.amstelhouse.de\/fr\/wp-json\/wp\/v2\/pages\/2413\/revisions\/3018"}],"wp:featuredmedia":[{"embeddable":true,"href":"https:\/\/www.amstelhouse.de\/fr\/wp-json\/wp\/v2\/media\/2960"}],"wp:attachment":[{"href":"https:\/\/www.amstelhouse.de\/fr\/wp-json\/wp\/v2\/media?parent=2413"}],"curies":[{"name":"wp","href":"https:\/\/api.w.org\/{rel}","templated":true}]}}