{"id":2414,"date":"2015-02-13T07:38:11","date_gmt":"2015-02-13T07:38:11","guid":{"rendered":"http:\/\/www.amstelhouse.de\/fr\/?page_id=256"},"modified":"2021-11-19T15:06:38","modified_gmt":"2021-11-19T15:06:38","slug":"chambres-familiales","status":"publish","type":"page","link":"https:\/\/www.amstelhouse.de\/fr\/offres-de-voyage\/chambres-familiales\/","title":{"rendered":"CHAMBRES FAMILIALES"},"content":{"rendered":"<h2 style=\"text-align: center;\">BERLIN AVEC VOS ENFANTS ET \u00c0 PETIT BUDGET<\/h2>\n<p>Amstel House est \u00e9galement une auberge de jeunesse pour famille. Les b\u00e9b\u00e9s jusqu\u2019\u00e0 3 ans s\u00e9journent chez nous gratuitement tandis que les 3-12 ans b\u00e9n\u00e9ficient d\u2019une r\u00e9duction de 50% du prix initial. Nos chambres familiales sont spacieuses et offrent un confort et une intimit\u00e9 \u00e0 prix abordables. Nous avons \u00e9galement une salle de jeu et une large gamme de services. Nous avons tout \u00e0 disposition pour un s\u00e9jour amusant et \u00e0 petit prix pour des vacances en famille \u00e0 Berlin.<\/p>\n<h3 style=\"text-align: center;\">\u00e0 partir de 49 euros *<\/h3>\n<p>* En fonction du prix par jour, du nombre d&rsquo;adulte, d&rsquo;enfant et de leurs \u00e2ges.<\/p>\n","protected":false},"excerpt":{"rendered":"<p>BERLIN AVEC VOS ENFANTS ET \u00c0 PETIT BUDGET Amstel House est \u00e9galement une auberge de jeunesse pour famille. Les b\u00e9b\u00e9s jusqu\u2019\u00e0 3 ans s\u00e9journent chez nous gratuitement tandis que les 3-12 ans b\u00e9n\u00e9ficient d\u2019une r\u00e9duction de 50% du prix initial. Nos chambres familiales sont spacieuses et offrent un confort et une intimit\u00e9 \u00e0 prix abordables. [&hellip;]<\/p>\n","protected":false},"author":4,"featured_media":0,"parent":2408,"menu_order":5,"comment_status":"closed","ping_status":"open","template":"page-offer-subpage.php","meta":{"footnotes":""},"class_list":["post-2414","page","type-page","status-publish","hentry"],"acf":[],"yoast_head":"<!-- This site is optimized with the Yoast SEO plugin v20.8 - https:\/\/yoast.com\/wordpress\/plugins\/seo\/ -->\n<title>Chambre familiale \u00e0 Berlin | Offres sp\u00e9ciales d&#039;auberges<\/title>\n<meta name=\"description\" content=\"Jetez un coup d&#039;\u0153il \u00e0 nos chambres familiales avec salle de bain. Nous offrons un service de qualit\u00e9, un design, des prix bas et un emplacement central.\" \/>\n<meta name=\"robots\" content=\"index, follow, max-snippet:-1, max-image-preview:large, max-video-preview:-1\" \/>\n<link rel=\"canonical\" href=\"https:\/\/www.amstelhouse.de\/fr\/offres-de-voyage\/chambres-familiales\/\" \/>\n<meta property=\"og:locale\" content=\"fr_FR\" \/>\n<meta property=\"og:type\" content=\"article\" \/>\n<meta property=\"og:title\" content=\"Chambre familiale \u00e0 Berlin | Offres sp\u00e9ciales d&#039;auberges\" \/>\n<meta property=\"og:description\" content=\"Jetez un coup d&#039;\u0153il \u00e0 nos chambres familiales avec salle de bain. Nous offrons un service de qualit\u00e9, un design, des prix bas et un emplacement central.\" \/>\n<meta property=\"og:url\" content=\"https:\/\/www.amstelhouse.de\/fr\/offres-de-voyage\/chambres-familiales\/\" \/>\n<meta property=\"og:site_name\" content=\"Amstel House (fr)\" \/>\n<meta property=\"article:publisher\" content=\"https:\/\/www.facebook.com\/amstelhouse\/\" \/>\n<meta property=\"article:modified_time\" content=\"2021-11-19T15:06:38+00:00\" \/>\n<meta name=\"twitter:label1\" content=\"Est. reading time\" \/>\n\t<meta name=\"twitter:data1\" content=\"1 minute\" \/>\n<script type=\"application\/ld+json\" class=\"yoast-schema-graph\">{\"@context\":\"https:\/\/schema.org\",\"@graph\":[{\"@type\":\"WebPage\",\"@id\":\"https:\/\/www.amstelhouse.de\/fr\/offres-de-voyage\/chambres-familiales\/\",\"url\":\"https:\/\/www.amstelhouse.de\/fr\/offres-de-voyage\/chambres-familiales\/\",\"name\":\"Chambre familiale \u00e0 Berlin | Offres sp\u00e9ciales d'auberges\",\"isPartOf\":{\"@id\":\"https:\/\/www.amstelhouse.de\/fr\/#website\"},\"datePublished\":\"2015-02-13T07:38:11+00:00\",\"dateModified\":\"2021-11-19T15:06:38+00:00\",\"description\":\"Jetez un coup d'\u0153il \u00e0 nos chambres familiales avec salle de bain. Nous offrons un service de qualit\u00e9, un design, des prix bas et un emplacement central.\",\"breadcrumb\":{\"@id\":\"https:\/\/www.amstelhouse.de\/fr\/offres-de-voyage\/chambres-familiales\/#breadcrumb\"},\"inLanguage\":\"fr-FR\",\"potentialAction\":[{\"@type\":\"ReadAction\",\"target\":[\"https:\/\/www.amstelhouse.de\/fr\/offres-de-voyage\/chambres-familiales\/\"]}]},{\"@type\":\"BreadcrumbList\",\"@id\":\"https:\/\/www.amstelhouse.de\/fr\/offres-de-voyage\/chambres-familiales\/#breadcrumb\",\"itemListElement\":[{\"@type\":\"ListItem\",\"position\":1,\"name\":\"Home\",\"item\":\"https:\/\/www.amstelhouse.de\/fr\/\"},{\"@type\":\"ListItem\",\"position\":2,\"name\":\"Offres\",\"item\":\"https:\/\/www.amstelhouse.de\/fr\/offres-de-voyage\/\"},{\"@type\":\"ListItem\",\"position\":3,\"name\":\"CHAMBRES FAMILIALES\"}]},{\"@type\":\"WebSite\",\"@id\":\"https:\/\/www.amstelhouse.de\/fr\/#website\",\"url\":\"https:\/\/www.amstelhouse.de\/fr\/\",\"name\":\"Amstel House (fr)\",\"description\":\"Zentral - Gut - Preiswert\",\"publisher\":{\"@id\":\"https:\/\/www.amstelhouse.de\/fr\/#organization\"},\"potentialAction\":[{\"@type\":\"SearchAction\",\"target\":{\"@type\":\"EntryPoint\",\"urlTemplate\":\"https:\/\/www.amstelhouse.de\/fr\/?s={search_term_string}\"},\"query-input\":\"required name=search_term_string\"}],\"inLanguage\":\"fr-FR\"},{\"@type\":\"Organization\",\"@id\":\"https:\/\/www.amstelhouse.de\/fr\/#organization\",\"name\":\"Amstel Hostel Berlin\",\"url\":\"https:\/\/www.amstelhouse.de\/fr\/\",\"logo\":{\"@type\":\"ImageObject\",\"inLanguage\":\"fr-FR\",\"@id\":\"https:\/\/www.amstelhouse.de\/fr\/#\/schema\/logo\/image\/\",\"url\":\"https:\/\/www.amstelhouse.de\/fr\/wp-content\/uploads\/sites\/32\/2017\/09\/logo.svg\",\"contentUrl\":\"https:\/\/www.amstelhouse.de\/fr\/wp-content\/uploads\/sites\/32\/2017\/09\/logo.svg\",\"width\":1,\"height\":1,\"caption\":\"Amstel Hostel Berlin\"},\"image\":{\"@id\":\"https:\/\/www.amstelhouse.de\/fr\/#\/schema\/logo\/image\/\"},\"sameAs\":[\"https:\/\/www.facebook.com\/amstelhouse\/\",\"https:\/\/twitter.com\/Amstelhouse\",\"https:\/\/www.instagram.com\/amstelhouse\/\",\"https:\/\/de.pinterest.com\/amstelhouse\/\"]}]}<\/script>\n<!-- \/ Yoast SEO plugin. -->","yoast_head_json":{"title":"Chambre familiale \u00e0 Berlin | Offres sp\u00e9ciales d'auberges","description":"Jetez un coup d'\u0153il \u00e0 nos chambres familiales avec salle de bain. Nous offrons un service de qualit\u00e9, un design, des prix bas et un emplacement central.","robots":{"index":"index","follow":"follow","max-snippet":"max-snippet:-1","max-image-preview":"max-image-preview:large","max-video-preview":"max-video-preview:-1"},"canonical":"https:\/\/www.amstelhouse.de\/fr\/offres-de-voyage\/chambres-familiales\/","og_locale":"fr_FR","og_type":"article","og_title":"Chambre familiale \u00e0 Berlin | Offres sp\u00e9ciales d'auberges","og_description":"Jetez un coup d'\u0153il \u00e0 nos chambres familiales avec salle de bain. Nous offrons un service de qualit\u00e9, un design, des prix bas et un emplacement central.","og_url":"https:\/\/www.amstelhouse.de\/fr\/offres-de-voyage\/chambres-familiales\/","og_site_name":"Amstel House (fr)","article_publisher":"https:\/\/www.facebook.com\/amstelhouse\/","article_modified_time":"2021-11-19T15:06:38+00:00","twitter_misc":{"Est. reading time":"1 minute"},"schema":{"@context":"https:\/\/schema.org","@graph":[{"@type":"WebPage","@id":"https:\/\/www.amstelhouse.de\/fr\/offres-de-voyage\/chambres-familiales\/","url":"https:\/\/www.amstelhouse.de\/fr\/offres-de-voyage\/chambres-familiales\/","name":"Chambre familiale \u00e0 Berlin | Offres sp\u00e9ciales d'auberges","isPartOf":{"@id":"https:\/\/www.amstelhouse.de\/fr\/#website"},"datePublished":"2015-02-13T07:38:11+00:00","dateModified":"2021-11-19T15:06:38+00:00","description":"Jetez un coup d'\u0153il \u00e0 nos chambres familiales avec salle de bain. Nous offrons un service de qualit\u00e9, un design, des prix bas et un emplacement central.","breadcrumb":{"@id":"https:\/\/www.amstelhouse.de\/fr\/offres-de-voyage\/chambres-familiales\/#breadcrumb"},"inLanguage":"fr-FR","potentialAction":[{"@type":"ReadAction","target":["https:\/\/www.amstelhouse.de\/fr\/offres-de-voyage\/chambres-familiales\/"]}]},{"@type":"BreadcrumbList","@id":"https:\/\/www.amstelhouse.de\/fr\/offres-de-voyage\/chambres-familiales\/#breadcrumb","itemListElement":[{"@type":"ListItem","position":1,"name":"Home","item":"https:\/\/www.amstelhouse.de\/fr\/"},{"@type":"ListItem","position":2,"name":"Offres","item":"https:\/\/www.amstelhouse.de\/fr\/offres-de-voyage\/"},{"@type":"ListItem","position":3,"name":"CHAMBRES FAMILIALES"}]},{"@type":"WebSite","@id":"https:\/\/www.amstelhouse.de\/fr\/#website","url":"https:\/\/www.amstelhouse.de\/fr\/","name":"Amstel House (fr)","description":"Zentral - Gut - Preiswert","publisher":{"@id":"https:\/\/www.amstelhouse.de\/fr\/#organization"},"potentialAction":[{"@type":"SearchAction","target":{"@type":"EntryPoint","urlTemplate":"https:\/\/www.amstelhouse.de\/fr\/?s={search_term_string}"},"query-input":"required name=search_term_string"}],"inLanguage":"fr-FR"},{"@type":"Organization","@id":"https:\/\/www.amstelhouse.de\/fr\/#organization","name":"Amstel Hostel Berlin","url":"https:\/\/www.amstelhouse.de\/fr\/","logo":{"@type":"ImageObject","inLanguage":"fr-FR","@id":"https:\/\/www.amstelhouse.de\/fr\/#\/schema\/logo\/image\/","url":"https:\/\/www.amstelhouse.de\/fr\/wp-content\/uploads\/sites\/32\/2017\/09\/logo.svg","contentUrl":"https:\/\/www.amstelhouse.de\/fr\/wp-content\/uploads\/sites\/32\/2017\/09\/logo.svg","width":1,"height":1,"caption":"Amstel Hostel Berlin"},"image":{"@id":"https:\/\/www.amstelhouse.de\/fr\/#\/schema\/logo\/image\/"},"sameAs":["https:\/\/www.facebook.com\/amstelhouse\/","https:\/\/twitter.com\/Amstelhouse","https:\/\/www.instagram.com\/amstelhouse\/","https:\/\/de.pinterest.com\/amstelhouse\/"]}]}},"_links":{"self":[{"href":"https:\/\/www.amstelhouse.de\/fr\/wp-json\/wp\/v2\/pages\/2414"}],"collection":[{"href":"https:\/\/www.amstelhouse.de\/fr\/wp-json\/wp\/v2\/pages"}],"about":[{"href":"https:\/\/www.amstelhouse.de\/fr\/wp-json\/wp\/v2\/types\/page"}],"author":[{"embeddable":true,"href":"https:\/\/www.amstelhouse.de\/fr\/wp-json\/wp\/v2\/users\/4"}],"replies":[{"embeddable":true,"href":"https:\/\/www.amstelhouse.de\/fr\/wp-json\/wp\/v2\/comments?post=2414"}],"version-history":[{"count":4,"href":"https:\/\/www.amstelhouse.de\/fr\/wp-json\/wp\/v2\/pages\/2414\/revisions"}],"predecessor-version":[{"id":3050,"href":"https:\/\/www.amstelhouse.de\/fr\/wp-json\/wp\/v2\/pages\/2414\/revisions\/3050"}],"up":[{"embeddable":true,"href":"https:\/\/www.amstelhouse.de\/fr\/wp-json\/wp\/v2\/pages\/2408"}],"wp:attachment":[{"href":"https:\/\/www.amstelhouse.de\/fr\/wp-json\/wp\/v2\/media?parent=2414"}],"curies":[{"name":"wp","href":"https:\/\/api.w.org\/{rel}","templated":true}]}}