{"id":2415,"date":"2015-04-09T00:28:57","date_gmt":"2015-04-09T00:28:57","guid":{"rendered":"http:\/\/www.amstelhouse.de\/fr\/?page_id=291"},"modified":"2021-11-19T15:07:50","modified_gmt":"2021-11-19T15:07:50","slug":"weekend-pour-2-a-berlin","status":"publish","type":"page","link":"https:\/\/www.amstelhouse.de\/fr\/offres-de-voyage\/weekend-pour-2-a-berlin\/","title":{"rendered":"WEEKEND POUR 2 A BERLIN"},"content":{"rendered":"<h2 style=\"text-align: center;\">OFFRE SP\u00c9CIALE CHAMBRE TWIN<\/h2>\n<p>Tout le monde a besoin de faire une pause de temps \u00e0 autre. Un court s\u00e9jour ou un weekend parfait \u00e0 2 dans un endroit fun. Pour une ambiance romantique ou entre amis, Amstel House Hostel propose des chambres twin avec ou sans salle de bain et des services \u00e0 prix promotionnels. Notre offre sp\u00e9ciale voyage <em>Weekend pour 2 \u00e0 Berlin<\/em> inclut:<\/p>\n<ul>\n<li>2 nuits en chambre double avec salle de bain priv\u00e9e<\/li>\n<li>2 x buffet petit-d\u00e9jeuner par personne<\/li>\n<li>2 x Berlin Welcome Card 48 (transports publics)<\/li>\n<li>2 boissons de bienvenue \u00e0 l&rsquo;arriv\u00e9e<\/li>\n<li>prolongement du s\u00e9jour possible avec une troisi\u00e8me nuit pour 25 euros par personne <strong><br \/>\n<\/strong><\/li>\n<\/ul>\n<h3 style=\"text-align: center;\"><strong>pour seulement 175 euros<\/strong><\/h3>\n","protected":false},"excerpt":{"rendered":"<p>OFFRE SP\u00c9CIALE CHAMBRE TWIN Tout le monde a besoin de faire une pause de temps \u00e0 autre. Un court s\u00e9jour ou un weekend parfait \u00e0 2 dans un endroit fun. Pour une ambiance romantique ou entre amis, Amstel House Hostel propose des chambres twin avec ou sans salle de bain et des services \u00e0 prix [&hellip;]<\/p>\n","protected":false},"author":4,"featured_media":0,"parent":2408,"menu_order":7,"comment_status":"closed","ping_status":"open","template":"page-offer-subpage.php","meta":{"footnotes":""},"class_list":["post-2415","page","type-page","status-publish","hentry"],"acf":[],"yoast_head":"<!-- This site is optimized with the Yoast SEO plugin v20.8 - https:\/\/yoast.com\/wordpress\/plugins\/seo\/ -->\n<title>Week-end pour 2 \u00e0 Berlin | Couples | Offres sp\u00e9ciales d&#039;auberges<\/title>\n<meta name=\"description\" content=\"Un week-end parfait pour 2 \u00e0 Berlin : notre offre propose des chambres doubles avec salle de bain, le petit-d\u00e9jeuner et un lieu central \u00e0 un prix r\u00e9duit.\" \/>\n<meta name=\"robots\" content=\"index, follow, max-snippet:-1, max-image-preview:large, max-video-preview:-1\" \/>\n<link rel=\"canonical\" href=\"https:\/\/www.amstelhouse.de\/fr\/offres-de-voyage\/weekend-pour-2-a-berlin\/\" \/>\n<meta property=\"og:locale\" content=\"fr_FR\" \/>\n<meta property=\"og:type\" content=\"article\" \/>\n<meta property=\"og:title\" content=\"Week-end pour 2 \u00e0 Berlin | Couples | Offres sp\u00e9ciales d&#039;auberges\" \/>\n<meta property=\"og:description\" content=\"Un week-end parfait pour 2 \u00e0 Berlin : notre offre propose des chambres doubles avec salle de bain, le petit-d\u00e9jeuner et un lieu central \u00e0 un prix r\u00e9duit.\" \/>\n<meta property=\"og:url\" content=\"https:\/\/www.amstelhouse.de\/fr\/offres-de-voyage\/weekend-pour-2-a-berlin\/\" \/>\n<meta property=\"og:site_name\" content=\"Amstel House (fr)\" \/>\n<meta property=\"article:publisher\" content=\"https:\/\/www.facebook.com\/amstelhouse\/\" \/>\n<meta property=\"article:modified_time\" content=\"2021-11-19T15:07:50+00:00\" \/>\n<meta name=\"twitter:label1\" content=\"Est. reading time\" \/>\n\t<meta name=\"twitter:data1\" content=\"1 minute\" \/>\n<script type=\"application\/ld+json\" class=\"yoast-schema-graph\">{\"@context\":\"https:\/\/schema.org\",\"@graph\":[{\"@type\":\"WebPage\",\"@id\":\"https:\/\/www.amstelhouse.de\/fr\/offres-de-voyage\/weekend-pour-2-a-berlin\/\",\"url\":\"https:\/\/www.amstelhouse.de\/fr\/offres-de-voyage\/weekend-pour-2-a-berlin\/\",\"name\":\"Week-end pour 2 \u00e0 Berlin | Couples | Offres sp\u00e9ciales d'auberges\",\"isPartOf\":{\"@id\":\"https:\/\/www.amstelhouse.de\/fr\/#website\"},\"datePublished\":\"2015-04-09T00:28:57+00:00\",\"dateModified\":\"2021-11-19T15:07:50+00:00\",\"description\":\"Un week-end parfait pour 2 \u00e0 Berlin : notre offre propose des chambres doubles avec salle de bain, le petit-d\u00e9jeuner et un lieu central \u00e0 un prix r\u00e9duit.\",\"breadcrumb\":{\"@id\":\"https:\/\/www.amstelhouse.de\/fr\/offres-de-voyage\/weekend-pour-2-a-berlin\/#breadcrumb\"},\"inLanguage\":\"fr-FR\",\"potentialAction\":[{\"@type\":\"ReadAction\",\"target\":[\"https:\/\/www.amstelhouse.de\/fr\/offres-de-voyage\/weekend-pour-2-a-berlin\/\"]}]},{\"@type\":\"BreadcrumbList\",\"@id\":\"https:\/\/www.amstelhouse.de\/fr\/offres-de-voyage\/weekend-pour-2-a-berlin\/#breadcrumb\",\"itemListElement\":[{\"@type\":\"ListItem\",\"position\":1,\"name\":\"Home\",\"item\":\"https:\/\/www.amstelhouse.de\/fr\/\"},{\"@type\":\"ListItem\",\"position\":2,\"name\":\"Offres\",\"item\":\"https:\/\/www.amstelhouse.de\/fr\/offres-de-voyage\/\"},{\"@type\":\"ListItem\",\"position\":3,\"name\":\"WEEKEND POUR 2 A BERLIN\"}]},{\"@type\":\"WebSite\",\"@id\":\"https:\/\/www.amstelhouse.de\/fr\/#website\",\"url\":\"https:\/\/www.amstelhouse.de\/fr\/\",\"name\":\"Amstel House (fr)\",\"description\":\"Zentral - Gut - Preiswert\",\"publisher\":{\"@id\":\"https:\/\/www.amstelhouse.de\/fr\/#organization\"},\"potentialAction\":[{\"@type\":\"SearchAction\",\"target\":{\"@type\":\"EntryPoint\",\"urlTemplate\":\"https:\/\/www.amstelhouse.de\/fr\/?s={search_term_string}\"},\"query-input\":\"required name=search_term_string\"}],\"inLanguage\":\"fr-FR\"},{\"@type\":\"Organization\",\"@id\":\"https:\/\/www.amstelhouse.de\/fr\/#organization\",\"name\":\"Amstel Hostel Berlin\",\"url\":\"https:\/\/www.amstelhouse.de\/fr\/\",\"logo\":{\"@type\":\"ImageObject\",\"inLanguage\":\"fr-FR\",\"@id\":\"https:\/\/www.amstelhouse.de\/fr\/#\/schema\/logo\/image\/\",\"url\":\"https:\/\/www.amstelhouse.de\/fr\/wp-content\/uploads\/sites\/32\/2017\/09\/logo.svg\",\"contentUrl\":\"https:\/\/www.amstelhouse.de\/fr\/wp-content\/uploads\/sites\/32\/2017\/09\/logo.svg\",\"width\":1,\"height\":1,\"caption\":\"Amstel Hostel Berlin\"},\"image\":{\"@id\":\"https:\/\/www.amstelhouse.de\/fr\/#\/schema\/logo\/image\/\"},\"sameAs\":[\"https:\/\/www.facebook.com\/amstelhouse\/\",\"https:\/\/twitter.com\/Amstelhouse\",\"https:\/\/www.instagram.com\/amstelhouse\/\",\"https:\/\/de.pinterest.com\/amstelhouse\/\"]}]}<\/script>\n<!-- \/ Yoast SEO plugin. -->","yoast_head_json":{"title":"Week-end pour 2 \u00e0 Berlin | Couples | Offres sp\u00e9ciales d'auberges","description":"Un week-end parfait pour 2 \u00e0 Berlin : notre offre propose des chambres doubles avec salle de bain, le petit-d\u00e9jeuner et un lieu central \u00e0 un prix r\u00e9duit.","robots":{"index":"index","follow":"follow","max-snippet":"max-snippet:-1","max-image-preview":"max-image-preview:large","max-video-preview":"max-video-preview:-1"},"canonical":"https:\/\/www.amstelhouse.de\/fr\/offres-de-voyage\/weekend-pour-2-a-berlin\/","og_locale":"fr_FR","og_type":"article","og_title":"Week-end pour 2 \u00e0 Berlin | Couples | Offres sp\u00e9ciales d'auberges","og_description":"Un week-end parfait pour 2 \u00e0 Berlin : notre offre propose des chambres doubles avec salle de bain, le petit-d\u00e9jeuner et un lieu central \u00e0 un prix r\u00e9duit.","og_url":"https:\/\/www.amstelhouse.de\/fr\/offres-de-voyage\/weekend-pour-2-a-berlin\/","og_site_name":"Amstel House (fr)","article_publisher":"https:\/\/www.facebook.com\/amstelhouse\/","article_modified_time":"2021-11-19T15:07:50+00:00","twitter_misc":{"Est. reading time":"1 minute"},"schema":{"@context":"https:\/\/schema.org","@graph":[{"@type":"WebPage","@id":"https:\/\/www.amstelhouse.de\/fr\/offres-de-voyage\/weekend-pour-2-a-berlin\/","url":"https:\/\/www.amstelhouse.de\/fr\/offres-de-voyage\/weekend-pour-2-a-berlin\/","name":"Week-end pour 2 \u00e0 Berlin | Couples | Offres sp\u00e9ciales d'auberges","isPartOf":{"@id":"https:\/\/www.amstelhouse.de\/fr\/#website"},"datePublished":"2015-04-09T00:28:57+00:00","dateModified":"2021-11-19T15:07:50+00:00","description":"Un week-end parfait pour 2 \u00e0 Berlin : notre offre propose des chambres doubles avec salle de bain, le petit-d\u00e9jeuner et un lieu central \u00e0 un prix r\u00e9duit.","breadcrumb":{"@id":"https:\/\/www.amstelhouse.de\/fr\/offres-de-voyage\/weekend-pour-2-a-berlin\/#breadcrumb"},"inLanguage":"fr-FR","potentialAction":[{"@type":"ReadAction","target":["https:\/\/www.amstelhouse.de\/fr\/offres-de-voyage\/weekend-pour-2-a-berlin\/"]}]},{"@type":"BreadcrumbList","@id":"https:\/\/www.amstelhouse.de\/fr\/offres-de-voyage\/weekend-pour-2-a-berlin\/#breadcrumb","itemListElement":[{"@type":"ListItem","position":1,"name":"Home","item":"https:\/\/www.amstelhouse.de\/fr\/"},{"@type":"ListItem","position":2,"name":"Offres","item":"https:\/\/www.amstelhouse.de\/fr\/offres-de-voyage\/"},{"@type":"ListItem","position":3,"name":"WEEKEND POUR 2 A BERLIN"}]},{"@type":"WebSite","@id":"https:\/\/www.amstelhouse.de\/fr\/#website","url":"https:\/\/www.amstelhouse.de\/fr\/","name":"Amstel House (fr)","description":"Zentral - Gut - Preiswert","publisher":{"@id":"https:\/\/www.amstelhouse.de\/fr\/#organization"},"potentialAction":[{"@type":"SearchAction","target":{"@type":"EntryPoint","urlTemplate":"https:\/\/www.amstelhouse.de\/fr\/?s={search_term_string}"},"query-input":"required name=search_term_string"}],"inLanguage":"fr-FR"},{"@type":"Organization","@id":"https:\/\/www.amstelhouse.de\/fr\/#organization","name":"Amstel Hostel Berlin","url":"https:\/\/www.amstelhouse.de\/fr\/","logo":{"@type":"ImageObject","inLanguage":"fr-FR","@id":"https:\/\/www.amstelhouse.de\/fr\/#\/schema\/logo\/image\/","url":"https:\/\/www.amstelhouse.de\/fr\/wp-content\/uploads\/sites\/32\/2017\/09\/logo.svg","contentUrl":"https:\/\/www.amstelhouse.de\/fr\/wp-content\/uploads\/sites\/32\/2017\/09\/logo.svg","width":1,"height":1,"caption":"Amstel Hostel Berlin"},"image":{"@id":"https:\/\/www.amstelhouse.de\/fr\/#\/schema\/logo\/image\/"},"sameAs":["https:\/\/www.facebook.com\/amstelhouse\/","https:\/\/twitter.com\/Amstelhouse","https:\/\/www.instagram.com\/amstelhouse\/","https:\/\/de.pinterest.com\/amstelhouse\/"]}]}},"_links":{"self":[{"href":"https:\/\/www.amstelhouse.de\/fr\/wp-json\/wp\/v2\/pages\/2415"}],"collection":[{"href":"https:\/\/www.amstelhouse.de\/fr\/wp-json\/wp\/v2\/pages"}],"about":[{"href":"https:\/\/www.amstelhouse.de\/fr\/wp-json\/wp\/v2\/types\/page"}],"author":[{"embeddable":true,"href":"https:\/\/www.amstelhouse.de\/fr\/wp-json\/wp\/v2\/users\/4"}],"replies":[{"embeddable":true,"href":"https:\/\/www.amstelhouse.de\/fr\/wp-json\/wp\/v2\/comments?post=2415"}],"version-history":[{"count":4,"href":"https:\/\/www.amstelhouse.de\/fr\/wp-json\/wp\/v2\/pages\/2415\/revisions"}],"predecessor-version":[{"id":3056,"href":"https:\/\/www.amstelhouse.de\/fr\/wp-json\/wp\/v2\/pages\/2415\/revisions\/3056"}],"up":[{"embeddable":true,"href":"https:\/\/www.amstelhouse.de\/fr\/wp-json\/wp\/v2\/pages\/2408"}],"wp:attachment":[{"href":"https:\/\/www.amstelhouse.de\/fr\/wp-json\/wp\/v2\/media?parent=2415"}],"curies":[{"name":"wp","href":"https:\/\/api.w.org\/{rel}","templated":true}]}}