{"id":2416,"date":"2015-04-09T16:35:25","date_gmt":"2015-04-09T16:35:25","guid":{"rendered":"http:\/\/www.amstelhouse.de\/fr\/?page_id=327"},"modified":"2021-11-19T15:12:28","modified_gmt":"2021-11-19T15:12:28","slug":"berlin-entre-amis","status":"publish","type":"page","link":"https:\/\/www.amstelhouse.de\/fr\/offres-de-voyage\/berlin-entre-amis\/","title":{"rendered":"Berlin entre amis"},"content":{"rendered":"<h2 style=\"text-align: center;\">H\u00c9BERGEMENT PETITS GROUPES A BUDGET JEUNES VOYAGEURS<\/h2>\n<p>Les Backpackers ont souvent un petit budget, soif d\u2019aventure et besoin de dormir quelques heures avant de s\u2019y remettre. Berlin fait partie d\u2019une de leur destination pr\u00e9f\u00e9r\u00e9e. Amstel House Hostel Berlin se soucient des backpackers et a con\u00e7u des tr\u00e8s bonnes offres convenant \u00e0 leur budget mais aussi besoins. Notre Offre voyage Berlin entre amis inclut:<\/p>\n<ul>\n<li>4 lits dans une chambre quadruple avec salle de bain et WC commun.<\/li>\n<li>S\u00e9jour de 2 nuits.<\/li>\n<li>Une boisson offerte a l&rsquo;arriv\u00e9 pour chaque voyageur.<\/li>\n<li>Petit-d\u00e9jeuner inclue pour les deux jours, et checkout tardif jusqu\u2019\u00e0\u00a0 13h inclus.<\/li>\n<\/ul>\n<h2>pour seulement 159 euros<\/h2>\n","protected":false},"excerpt":{"rendered":"<p>H\u00c9BERGEMENT PETITS GROUPES A BUDGET JEUNES VOYAGEURS Les Backpackers ont souvent un petit budget, soif d\u2019aventure et besoin de dormir quelques heures avant de s\u2019y remettre. Berlin fait partie d\u2019une de leur destination pr\u00e9f\u00e9r\u00e9e. Amstel House Hostel Berlin se soucient des backpackers et a con\u00e7u des tr\u00e8s bonnes offres convenant \u00e0 leur budget mais aussi [&hellip;]<\/p>\n","protected":false},"author":4,"featured_media":0,"parent":2408,"menu_order":3,"comment_status":"closed","ping_status":"open","template":"page-offer-subpage.php","meta":{"footnotes":""},"class_list":["post-2416","page","type-page","status-publish","hentry"],"acf":[],"yoast_head":"<!-- This site is optimized with the Yoast SEO plugin v20.8 - https:\/\/yoast.com\/wordpress\/plugins\/seo\/ -->\n<title>Berlin avec des amis | Offres sp\u00e9ciales d&#039;auberges<\/title>\n<meta name=\"description\" content=\"Parfait pour un groupe de routards en vacance, le \u00ab Berlin entre amis \u00bb propose une chambre priv\u00e9e pour 4 personnes, confortable et abordable.\" \/>\n<meta name=\"robots\" content=\"index, follow, max-snippet:-1, max-image-preview:large, max-video-preview:-1\" \/>\n<link rel=\"canonical\" href=\"https:\/\/www.amstelhouse.de\/fr\/offres-de-voyage\/berlin-entre-amis\/\" \/>\n<meta property=\"og:locale\" content=\"fr_FR\" \/>\n<meta property=\"og:type\" content=\"article\" \/>\n<meta property=\"og:title\" content=\"Berlin avec des amis | Offres sp\u00e9ciales d&#039;auberges\" \/>\n<meta property=\"og:description\" content=\"Parfait pour un groupe de routards en vacance, le \u00ab Berlin entre amis \u00bb propose une chambre priv\u00e9e pour 4 personnes, confortable et abordable.\" \/>\n<meta property=\"og:url\" content=\"https:\/\/www.amstelhouse.de\/fr\/offres-de-voyage\/berlin-entre-amis\/\" \/>\n<meta property=\"og:site_name\" content=\"Amstel House (fr)\" \/>\n<meta property=\"article:publisher\" content=\"https:\/\/www.facebook.com\/amstelhouse\/\" \/>\n<meta property=\"article:modified_time\" content=\"2021-11-19T15:12:28+00:00\" \/>\n<meta name=\"twitter:label1\" content=\"Est. reading time\" \/>\n\t<meta name=\"twitter:data1\" content=\"1 minute\" \/>\n<script type=\"application\/ld+json\" class=\"yoast-schema-graph\">{\"@context\":\"https:\/\/schema.org\",\"@graph\":[{\"@type\":\"WebPage\",\"@id\":\"https:\/\/www.amstelhouse.de\/fr\/offres-de-voyage\/berlin-entre-amis\/\",\"url\":\"https:\/\/www.amstelhouse.de\/fr\/offres-de-voyage\/berlin-entre-amis\/\",\"name\":\"Berlin avec des amis | Offres sp\u00e9ciales d'auberges\",\"isPartOf\":{\"@id\":\"https:\/\/www.amstelhouse.de\/fr\/#website\"},\"datePublished\":\"2015-04-09T16:35:25+00:00\",\"dateModified\":\"2021-11-19T15:12:28+00:00\",\"description\":\"Parfait pour un groupe de routards en vacance, le \u00ab Berlin entre amis \u00bb propose une chambre priv\u00e9e pour 4 personnes, confortable et abordable.\",\"breadcrumb\":{\"@id\":\"https:\/\/www.amstelhouse.de\/fr\/offres-de-voyage\/berlin-entre-amis\/#breadcrumb\"},\"inLanguage\":\"fr-FR\",\"potentialAction\":[{\"@type\":\"ReadAction\",\"target\":[\"https:\/\/www.amstelhouse.de\/fr\/offres-de-voyage\/berlin-entre-amis\/\"]}]},{\"@type\":\"BreadcrumbList\",\"@id\":\"https:\/\/www.amstelhouse.de\/fr\/offres-de-voyage\/berlin-entre-amis\/#breadcrumb\",\"itemListElement\":[{\"@type\":\"ListItem\",\"position\":1,\"name\":\"Home\",\"item\":\"https:\/\/www.amstelhouse.de\/fr\/\"},{\"@type\":\"ListItem\",\"position\":2,\"name\":\"Offres\",\"item\":\"https:\/\/www.amstelhouse.de\/fr\/offres-de-voyage\/\"},{\"@type\":\"ListItem\",\"position\":3,\"name\":\"Berlin entre amis\"}]},{\"@type\":\"WebSite\",\"@id\":\"https:\/\/www.amstelhouse.de\/fr\/#website\",\"url\":\"https:\/\/www.amstelhouse.de\/fr\/\",\"name\":\"Amstel House (fr)\",\"description\":\"Zentral - Gut - Preiswert\",\"publisher\":{\"@id\":\"https:\/\/www.amstelhouse.de\/fr\/#organization\"},\"potentialAction\":[{\"@type\":\"SearchAction\",\"target\":{\"@type\":\"EntryPoint\",\"urlTemplate\":\"https:\/\/www.amstelhouse.de\/fr\/?s={search_term_string}\"},\"query-input\":\"required name=search_term_string\"}],\"inLanguage\":\"fr-FR\"},{\"@type\":\"Organization\",\"@id\":\"https:\/\/www.amstelhouse.de\/fr\/#organization\",\"name\":\"Amstel Hostel Berlin\",\"url\":\"https:\/\/www.amstelhouse.de\/fr\/\",\"logo\":{\"@type\":\"ImageObject\",\"inLanguage\":\"fr-FR\",\"@id\":\"https:\/\/www.amstelhouse.de\/fr\/#\/schema\/logo\/image\/\",\"url\":\"https:\/\/www.amstelhouse.de\/fr\/wp-content\/uploads\/sites\/32\/2017\/09\/logo.svg\",\"contentUrl\":\"https:\/\/www.amstelhouse.de\/fr\/wp-content\/uploads\/sites\/32\/2017\/09\/logo.svg\",\"width\":1,\"height\":1,\"caption\":\"Amstel Hostel Berlin\"},\"image\":{\"@id\":\"https:\/\/www.amstelhouse.de\/fr\/#\/schema\/logo\/image\/\"},\"sameAs\":[\"https:\/\/www.facebook.com\/amstelhouse\/\",\"https:\/\/twitter.com\/Amstelhouse\",\"https:\/\/www.instagram.com\/amstelhouse\/\",\"https:\/\/de.pinterest.com\/amstelhouse\/\"]}]}<\/script>\n<!-- \/ Yoast SEO plugin. -->","yoast_head_json":{"title":"Berlin avec des amis | Offres sp\u00e9ciales d'auberges","description":"Parfait pour un groupe de routards en vacance, le \u00ab Berlin entre amis \u00bb propose une chambre priv\u00e9e pour 4 personnes, confortable et abordable.","robots":{"index":"index","follow":"follow","max-snippet":"max-snippet:-1","max-image-preview":"max-image-preview:large","max-video-preview":"max-video-preview:-1"},"canonical":"https:\/\/www.amstelhouse.de\/fr\/offres-de-voyage\/berlin-entre-amis\/","og_locale":"fr_FR","og_type":"article","og_title":"Berlin avec des amis | Offres sp\u00e9ciales d'auberges","og_description":"Parfait pour un groupe de routards en vacance, le \u00ab Berlin entre amis \u00bb propose une chambre priv\u00e9e pour 4 personnes, confortable et abordable.","og_url":"https:\/\/www.amstelhouse.de\/fr\/offres-de-voyage\/berlin-entre-amis\/","og_site_name":"Amstel House (fr)","article_publisher":"https:\/\/www.facebook.com\/amstelhouse\/","article_modified_time":"2021-11-19T15:12:28+00:00","twitter_misc":{"Est. reading time":"1 minute"},"schema":{"@context":"https:\/\/schema.org","@graph":[{"@type":"WebPage","@id":"https:\/\/www.amstelhouse.de\/fr\/offres-de-voyage\/berlin-entre-amis\/","url":"https:\/\/www.amstelhouse.de\/fr\/offres-de-voyage\/berlin-entre-amis\/","name":"Berlin avec des amis | Offres sp\u00e9ciales d'auberges","isPartOf":{"@id":"https:\/\/www.amstelhouse.de\/fr\/#website"},"datePublished":"2015-04-09T16:35:25+00:00","dateModified":"2021-11-19T15:12:28+00:00","description":"Parfait pour un groupe de routards en vacance, le \u00ab Berlin entre amis \u00bb propose une chambre priv\u00e9e pour 4 personnes, confortable et abordable.","breadcrumb":{"@id":"https:\/\/www.amstelhouse.de\/fr\/offres-de-voyage\/berlin-entre-amis\/#breadcrumb"},"inLanguage":"fr-FR","potentialAction":[{"@type":"ReadAction","target":["https:\/\/www.amstelhouse.de\/fr\/offres-de-voyage\/berlin-entre-amis\/"]}]},{"@type":"BreadcrumbList","@id":"https:\/\/www.amstelhouse.de\/fr\/offres-de-voyage\/berlin-entre-amis\/#breadcrumb","itemListElement":[{"@type":"ListItem","position":1,"name":"Home","item":"https:\/\/www.amstelhouse.de\/fr\/"},{"@type":"ListItem","position":2,"name":"Offres","item":"https:\/\/www.amstelhouse.de\/fr\/offres-de-voyage\/"},{"@type":"ListItem","position":3,"name":"Berlin entre amis"}]},{"@type":"WebSite","@id":"https:\/\/www.amstelhouse.de\/fr\/#website","url":"https:\/\/www.amstelhouse.de\/fr\/","name":"Amstel House (fr)","description":"Zentral - Gut - Preiswert","publisher":{"@id":"https:\/\/www.amstelhouse.de\/fr\/#organization"},"potentialAction":[{"@type":"SearchAction","target":{"@type":"EntryPoint","urlTemplate":"https:\/\/www.amstelhouse.de\/fr\/?s={search_term_string}"},"query-input":"required name=search_term_string"}],"inLanguage":"fr-FR"},{"@type":"Organization","@id":"https:\/\/www.amstelhouse.de\/fr\/#organization","name":"Amstel Hostel Berlin","url":"https:\/\/www.amstelhouse.de\/fr\/","logo":{"@type":"ImageObject","inLanguage":"fr-FR","@id":"https:\/\/www.amstelhouse.de\/fr\/#\/schema\/logo\/image\/","url":"https:\/\/www.amstelhouse.de\/fr\/wp-content\/uploads\/sites\/32\/2017\/09\/logo.svg","contentUrl":"https:\/\/www.amstelhouse.de\/fr\/wp-content\/uploads\/sites\/32\/2017\/09\/logo.svg","width":1,"height":1,"caption":"Amstel Hostel Berlin"},"image":{"@id":"https:\/\/www.amstelhouse.de\/fr\/#\/schema\/logo\/image\/"},"sameAs":["https:\/\/www.facebook.com\/amstelhouse\/","https:\/\/twitter.com\/Amstelhouse","https:\/\/www.instagram.com\/amstelhouse\/","https:\/\/de.pinterest.com\/amstelhouse\/"]}]}},"_links":{"self":[{"href":"https:\/\/www.amstelhouse.de\/fr\/wp-json\/wp\/v2\/pages\/2416"}],"collection":[{"href":"https:\/\/www.amstelhouse.de\/fr\/wp-json\/wp\/v2\/pages"}],"about":[{"href":"https:\/\/www.amstelhouse.de\/fr\/wp-json\/wp\/v2\/types\/page"}],"author":[{"embeddable":true,"href":"https:\/\/www.amstelhouse.de\/fr\/wp-json\/wp\/v2\/users\/4"}],"replies":[{"embeddable":true,"href":"https:\/\/www.amstelhouse.de\/fr\/wp-json\/wp\/v2\/comments?post=2416"}],"version-history":[{"count":3,"href":"https:\/\/www.amstelhouse.de\/fr\/wp-json\/wp\/v2\/pages\/2416\/revisions"}],"predecessor-version":[{"id":3054,"href":"https:\/\/www.amstelhouse.de\/fr\/wp-json\/wp\/v2\/pages\/2416\/revisions\/3054"}],"up":[{"embeddable":true,"href":"https:\/\/www.amstelhouse.de\/fr\/wp-json\/wp\/v2\/pages\/2408"}],"wp:attachment":[{"href":"https:\/\/www.amstelhouse.de\/fr\/wp-json\/wp\/v2\/media?parent=2416"}],"curies":[{"name":"wp","href":"https:\/\/api.w.org\/{rel}","templated":true}]}}