{"id":2417,"date":"2015-04-09T16:43:23","date_gmt":"2015-04-09T16:43:23","guid":{"rendered":"http:\/\/www.amstelhouse.de\/fr\/?page_id=333"},"modified":"2021-11-19T15:13:42","modified_gmt":"2021-11-19T15:13:42","slug":"nouvel-an-a-berlin","status":"publish","type":"page","link":"https:\/\/www.amstelhouse.de\/fr\/offres-de-voyage\/nouvel-an-a-berlin\/","title":{"rendered":"NOUVEL AN A BERLIN"},"content":{"rendered":"<h2 style=\"text-align: center;\"><strong>H\u00c9BERGEMENT PAS CHER AVEC DES SOIR\u00c9ES ANIM\u00c9E<\/strong><\/h2>\n<p>Quelle est la meilleure destination en Europe pour c\u00e9l\u00e9brer le nouvel an? Berlin, bien s\u00fbr! Amstel House Hostel a pr\u00e9vu une offre voyage sp\u00e9ciale afin que vous d\u00e9pensiez vos \u00e9conomies dans la meilleure soir\u00e9e.. des chambres d\u2019auberges de jeunesse pas ch\u00e8res, au design funky, beaucoup de bouffe, de teufs et de fun. Notre formule sp\u00e9ciale voyage <em>Nouvel An a Berlin<\/em> inclut:<\/p>\n<ul>\n<li>3 nuits dans un lit de dortoir mixe \u00e0 4 lits avec lavabo; douche et toilettes sont communes<\/li>\n<li>Arriv\u00e9e par vous-m\u00eame au plus tard le 30.12.<\/li>\n<li>Buffet \u00e0 volont\u00e9 &lsquo;All-You-Can-Eat-Burger-BBQ&rsquo; inclus<\/li>\n<li>\u00c9norme buffet petit-d\u00e9jeuner le 1er janvier jusqu&rsquo;\u00e0 13h<\/li>\n<\/ul>\n<h3 style=\"text-align: center;\"><strong>seulement 119,- euros par personne<\/strong><\/h3>\n","protected":false},"excerpt":{"rendered":"<p>H\u00c9BERGEMENT PAS CHER AVEC DES SOIR\u00c9ES ANIM\u00c9E Quelle est la meilleure destination en Europe pour c\u00e9l\u00e9brer le nouvel an? Berlin, bien s\u00fbr! Amstel House Hostel a pr\u00e9vu une offre voyage sp\u00e9ciale afin que vous d\u00e9pensiez vos \u00e9conomies dans la meilleure soir\u00e9e.. des chambres d\u2019auberges de jeunesse pas ch\u00e8res, au design funky, beaucoup de bouffe, de [&hellip;]<\/p>\n","protected":false},"author":4,"featured_media":0,"parent":2408,"menu_order":6,"comment_status":"closed","ping_status":"open","template":"page-offer-subpage.php","meta":{"footnotes":""},"class_list":["post-2417","page","type-page","status-publish","hentry"],"acf":[],"yoast_head":"<!-- This site is optimized with the Yoast SEO plugin v20.8 - https:\/\/yoast.com\/wordpress\/plugins\/seo\/ -->\n<title>Nouvel an \u00e0 Berlin | Offres sp\u00e9ciales d&#039;auberges<\/title>\n<meta name=\"description\" content=\"C\u00e9l\u00e9brez le r\u00e9veillon du Nouvel An \u00e0 Berlin, la meilleure ville pour les soir\u00e9es en Europe. Des chambres d\u2019hostel pas ch\u00e8res, au design funky et de f\u00eates.\" \/>\n<meta name=\"robots\" content=\"index, follow, max-snippet:-1, max-image-preview:large, max-video-preview:-1\" \/>\n<link rel=\"canonical\" href=\"https:\/\/www.amstelhouse.de\/fr\/offres-de-voyage\/nouvel-an-a-berlin\/\" \/>\n<meta property=\"og:locale\" content=\"fr_FR\" \/>\n<meta property=\"og:type\" content=\"article\" \/>\n<meta property=\"og:title\" content=\"Nouvel an \u00e0 Berlin | Offres sp\u00e9ciales d&#039;auberges\" \/>\n<meta property=\"og:description\" content=\"C\u00e9l\u00e9brez le r\u00e9veillon du Nouvel An \u00e0 Berlin, la meilleure ville pour les soir\u00e9es en Europe. Des chambres d\u2019hostel pas ch\u00e8res, au design funky et de f\u00eates.\" \/>\n<meta property=\"og:url\" content=\"https:\/\/www.amstelhouse.de\/fr\/offres-de-voyage\/nouvel-an-a-berlin\/\" \/>\n<meta property=\"og:site_name\" content=\"Amstel House (fr)\" \/>\n<meta property=\"article:publisher\" content=\"https:\/\/www.facebook.com\/amstelhouse\/\" \/>\n<meta property=\"article:modified_time\" content=\"2021-11-19T15:13:42+00:00\" \/>\n<meta name=\"twitter:label1\" content=\"Est. reading time\" \/>\n\t<meta name=\"twitter:data1\" content=\"1 minute\" \/>\n<script type=\"application\/ld+json\" class=\"yoast-schema-graph\">{\"@context\":\"https:\/\/schema.org\",\"@graph\":[{\"@type\":\"WebPage\",\"@id\":\"https:\/\/www.amstelhouse.de\/fr\/offres-de-voyage\/nouvel-an-a-berlin\/\",\"url\":\"https:\/\/www.amstelhouse.de\/fr\/offres-de-voyage\/nouvel-an-a-berlin\/\",\"name\":\"Nouvel an \u00e0 Berlin | Offres sp\u00e9ciales d'auberges\",\"isPartOf\":{\"@id\":\"https:\/\/www.amstelhouse.de\/fr\/#website\"},\"datePublished\":\"2015-04-09T16:43:23+00:00\",\"dateModified\":\"2021-11-19T15:13:42+00:00\",\"description\":\"C\u00e9l\u00e9brez le r\u00e9veillon du Nouvel An \u00e0 Berlin, la meilleure ville pour les soir\u00e9es en Europe. Des chambres d\u2019hostel pas ch\u00e8res, au design funky et de f\u00eates.\",\"breadcrumb\":{\"@id\":\"https:\/\/www.amstelhouse.de\/fr\/offres-de-voyage\/nouvel-an-a-berlin\/#breadcrumb\"},\"inLanguage\":\"fr-FR\",\"potentialAction\":[{\"@type\":\"ReadAction\",\"target\":[\"https:\/\/www.amstelhouse.de\/fr\/offres-de-voyage\/nouvel-an-a-berlin\/\"]}]},{\"@type\":\"BreadcrumbList\",\"@id\":\"https:\/\/www.amstelhouse.de\/fr\/offres-de-voyage\/nouvel-an-a-berlin\/#breadcrumb\",\"itemListElement\":[{\"@type\":\"ListItem\",\"position\":1,\"name\":\"Home\",\"item\":\"https:\/\/www.amstelhouse.de\/fr\/\"},{\"@type\":\"ListItem\",\"position\":2,\"name\":\"Offres\",\"item\":\"https:\/\/www.amstelhouse.de\/fr\/offres-de-voyage\/\"},{\"@type\":\"ListItem\",\"position\":3,\"name\":\"NOUVEL AN A BERLIN\"}]},{\"@type\":\"WebSite\",\"@id\":\"https:\/\/www.amstelhouse.de\/fr\/#website\",\"url\":\"https:\/\/www.amstelhouse.de\/fr\/\",\"name\":\"Amstel House (fr)\",\"description\":\"Zentral - Gut - Preiswert\",\"publisher\":{\"@id\":\"https:\/\/www.amstelhouse.de\/fr\/#organization\"},\"potentialAction\":[{\"@type\":\"SearchAction\",\"target\":{\"@type\":\"EntryPoint\",\"urlTemplate\":\"https:\/\/www.amstelhouse.de\/fr\/?s={search_term_string}\"},\"query-input\":\"required name=search_term_string\"}],\"inLanguage\":\"fr-FR\"},{\"@type\":\"Organization\",\"@id\":\"https:\/\/www.amstelhouse.de\/fr\/#organization\",\"name\":\"Amstel Hostel Berlin\",\"url\":\"https:\/\/www.amstelhouse.de\/fr\/\",\"logo\":{\"@type\":\"ImageObject\",\"inLanguage\":\"fr-FR\",\"@id\":\"https:\/\/www.amstelhouse.de\/fr\/#\/schema\/logo\/image\/\",\"url\":\"https:\/\/www.amstelhouse.de\/fr\/wp-content\/uploads\/sites\/32\/2017\/09\/logo.svg\",\"contentUrl\":\"https:\/\/www.amstelhouse.de\/fr\/wp-content\/uploads\/sites\/32\/2017\/09\/logo.svg\",\"width\":1,\"height\":1,\"caption\":\"Amstel Hostel Berlin\"},\"image\":{\"@id\":\"https:\/\/www.amstelhouse.de\/fr\/#\/schema\/logo\/image\/\"},\"sameAs\":[\"https:\/\/www.facebook.com\/amstelhouse\/\",\"https:\/\/twitter.com\/Amstelhouse\",\"https:\/\/www.instagram.com\/amstelhouse\/\",\"https:\/\/de.pinterest.com\/amstelhouse\/\"]}]}<\/script>\n<!-- \/ Yoast SEO plugin. -->","yoast_head_json":{"title":"Nouvel an \u00e0 Berlin | Offres sp\u00e9ciales d'auberges","description":"C\u00e9l\u00e9brez le r\u00e9veillon du Nouvel An \u00e0 Berlin, la meilleure ville pour les soir\u00e9es en Europe. Des chambres d\u2019hostel pas ch\u00e8res, au design funky et de f\u00eates.","robots":{"index":"index","follow":"follow","max-snippet":"max-snippet:-1","max-image-preview":"max-image-preview:large","max-video-preview":"max-video-preview:-1"},"canonical":"https:\/\/www.amstelhouse.de\/fr\/offres-de-voyage\/nouvel-an-a-berlin\/","og_locale":"fr_FR","og_type":"article","og_title":"Nouvel an \u00e0 Berlin | Offres sp\u00e9ciales d'auberges","og_description":"C\u00e9l\u00e9brez le r\u00e9veillon du Nouvel An \u00e0 Berlin, la meilleure ville pour les soir\u00e9es en Europe. Des chambres d\u2019hostel pas ch\u00e8res, au design funky et de f\u00eates.","og_url":"https:\/\/www.amstelhouse.de\/fr\/offres-de-voyage\/nouvel-an-a-berlin\/","og_site_name":"Amstel House (fr)","article_publisher":"https:\/\/www.facebook.com\/amstelhouse\/","article_modified_time":"2021-11-19T15:13:42+00:00","twitter_misc":{"Est. reading time":"1 minute"},"schema":{"@context":"https:\/\/schema.org","@graph":[{"@type":"WebPage","@id":"https:\/\/www.amstelhouse.de\/fr\/offres-de-voyage\/nouvel-an-a-berlin\/","url":"https:\/\/www.amstelhouse.de\/fr\/offres-de-voyage\/nouvel-an-a-berlin\/","name":"Nouvel an \u00e0 Berlin | Offres sp\u00e9ciales d'auberges","isPartOf":{"@id":"https:\/\/www.amstelhouse.de\/fr\/#website"},"datePublished":"2015-04-09T16:43:23+00:00","dateModified":"2021-11-19T15:13:42+00:00","description":"C\u00e9l\u00e9brez le r\u00e9veillon du Nouvel An \u00e0 Berlin, la meilleure ville pour les soir\u00e9es en Europe. Des chambres d\u2019hostel pas ch\u00e8res, au design funky et de f\u00eates.","breadcrumb":{"@id":"https:\/\/www.amstelhouse.de\/fr\/offres-de-voyage\/nouvel-an-a-berlin\/#breadcrumb"},"inLanguage":"fr-FR","potentialAction":[{"@type":"ReadAction","target":["https:\/\/www.amstelhouse.de\/fr\/offres-de-voyage\/nouvel-an-a-berlin\/"]}]},{"@type":"BreadcrumbList","@id":"https:\/\/www.amstelhouse.de\/fr\/offres-de-voyage\/nouvel-an-a-berlin\/#breadcrumb","itemListElement":[{"@type":"ListItem","position":1,"name":"Home","item":"https:\/\/www.amstelhouse.de\/fr\/"},{"@type":"ListItem","position":2,"name":"Offres","item":"https:\/\/www.amstelhouse.de\/fr\/offres-de-voyage\/"},{"@type":"ListItem","position":3,"name":"NOUVEL AN A BERLIN"}]},{"@type":"WebSite","@id":"https:\/\/www.amstelhouse.de\/fr\/#website","url":"https:\/\/www.amstelhouse.de\/fr\/","name":"Amstel House (fr)","description":"Zentral - Gut - Preiswert","publisher":{"@id":"https:\/\/www.amstelhouse.de\/fr\/#organization"},"potentialAction":[{"@type":"SearchAction","target":{"@type":"EntryPoint","urlTemplate":"https:\/\/www.amstelhouse.de\/fr\/?s={search_term_string}"},"query-input":"required name=search_term_string"}],"inLanguage":"fr-FR"},{"@type":"Organization","@id":"https:\/\/www.amstelhouse.de\/fr\/#organization","name":"Amstel Hostel Berlin","url":"https:\/\/www.amstelhouse.de\/fr\/","logo":{"@type":"ImageObject","inLanguage":"fr-FR","@id":"https:\/\/www.amstelhouse.de\/fr\/#\/schema\/logo\/image\/","url":"https:\/\/www.amstelhouse.de\/fr\/wp-content\/uploads\/sites\/32\/2017\/09\/logo.svg","contentUrl":"https:\/\/www.amstelhouse.de\/fr\/wp-content\/uploads\/sites\/32\/2017\/09\/logo.svg","width":1,"height":1,"caption":"Amstel Hostel Berlin"},"image":{"@id":"https:\/\/www.amstelhouse.de\/fr\/#\/schema\/logo\/image\/"},"sameAs":["https:\/\/www.facebook.com\/amstelhouse\/","https:\/\/twitter.com\/Amstelhouse","https:\/\/www.instagram.com\/amstelhouse\/","https:\/\/de.pinterest.com\/amstelhouse\/"]}]}},"_links":{"self":[{"href":"https:\/\/www.amstelhouse.de\/fr\/wp-json\/wp\/v2\/pages\/2417"}],"collection":[{"href":"https:\/\/www.amstelhouse.de\/fr\/wp-json\/wp\/v2\/pages"}],"about":[{"href":"https:\/\/www.amstelhouse.de\/fr\/wp-json\/wp\/v2\/types\/page"}],"author":[{"embeddable":true,"href":"https:\/\/www.amstelhouse.de\/fr\/wp-json\/wp\/v2\/users\/4"}],"replies":[{"embeddable":true,"href":"https:\/\/www.amstelhouse.de\/fr\/wp-json\/wp\/v2\/comments?post=2417"}],"version-history":[{"count":3,"href":"https:\/\/www.amstelhouse.de\/fr\/wp-json\/wp\/v2\/pages\/2417\/revisions"}],"predecessor-version":[{"id":3055,"href":"https:\/\/www.amstelhouse.de\/fr\/wp-json\/wp\/v2\/pages\/2417\/revisions\/3055"}],"up":[{"embeddable":true,"href":"https:\/\/www.amstelhouse.de\/fr\/wp-json\/wp\/v2\/pages\/2408"}],"wp:attachment":[{"href":"https:\/\/www.amstelhouse.de\/fr\/wp-json\/wp\/v2\/media?parent=2417"}],"curies":[{"name":"wp","href":"https:\/\/api.w.org\/{rel}","templated":true}]}}