{"id":2702,"date":"2018-07-29T09:14:55","date_gmt":"2018-07-29T09:14:55","guid":{"rendered":"https:\/\/www.amstelhouse.de\/fr\/?page_id=2702"},"modified":"2021-11-19T15:11:28","modified_gmt":"2021-11-19T15:11:28","slug":"berlin-marathon","status":"publish","type":"page","link":"https:\/\/www.amstelhouse.de\/fr\/offres-de-voyage\/berlin-marathon\/","title":{"rendered":"Berlin Marathon"},"content":{"rendered":"<h2>ECONOMISEZ VOTRE BUDGET ET SOYEZ PR\u00c8S DE LA LIGNE DE D\u00c9PART<\/h2>\n<p>Pr\u00eat pour la course? Avec notre offre BMW Berlin Marathon offre sp\u00e9ciale voyageur vous \u00eates pr\u00eat de la ligne de d\u00e9part \u00e0 un prix r\u00e9duit. Cette offre inclut:<\/p>\n<ul>\n<li id=\"stcpDiv\">2 nuits <span id=\"result_box\" class=\"short_text\" lang=\"fr\">pour <span class=\"\">deux<\/span><\/span> dans une chambre twin avec lits superpos\u00e9s \/ duche et toilettes communes*<\/li>\n<li>2x 48 h Berlin Welcome Card (carte de transports publics)<\/li>\n<li>2x petit-d\u00e9jeuner <span id=\"result_box\" class=\"short_text\" lang=\"fr\"><span class=\"\">par personne<\/span><\/span><\/li>\n<li>2x buffet \u00e0 volont\u00e9 &lsquo;All-You-Can-Eat Pasta&rsquo;<\/li>\n<\/ul>\n<h3 style=\"text-align: center;\"><strong>POUR SEULEMENT 219 EUROS <a href=\"https:\/\/www.amstelhouse.de\/fr\/wp-content\/uploads\/sites\/32\/2015\/04\/friends-in-berlin.png\"><img loading=\"lazy\" decoding=\"async\" class=\"alignnone size-full wp-image-1632\" src=\"https:\/\/www.amstelhouse.de\/fr\/wp-content\/uploads\/sites\/32\/2015\/04\/friends-in-berlin.png\" alt=\"Berlin Marathon Offre h\u00e9bergement \" width=\"24\" height=\"24\" \/><\/a><\/strong><\/h3>\n","protected":false},"excerpt":{"rendered":"<p>ECONOMISEZ VOTRE BUDGET ET SOYEZ PR\u00c8S DE LA LIGNE DE D\u00c9PART Pr\u00eat pour la course? Avec notre offre BMW Berlin Marathon offre sp\u00e9ciale voyageur vous \u00eates pr\u00eat de la ligne de d\u00e9part \u00e0 un prix r\u00e9duit. Cette offre inclut: 2 nuits pour deux dans une chambre twin avec lits superpos\u00e9s \/ duche et toilettes communes* [&hellip;]<\/p>\n","protected":false},"author":1,"featured_media":0,"parent":2408,"menu_order":4,"comment_status":"closed","ping_status":"closed","template":"page-offer-subpage.php","meta":{"footnotes":""},"class_list":["post-2702","page","type-page","status-publish","hentry"],"acf":[],"yoast_head":"<!-- This site is optimized with the Yoast SEO plugin v20.8 - https:\/\/yoast.com\/wordpress\/plugins\/seo\/ -->\n<title>Hostel \u00e0 proximit\u00e9 du marathon de Berlin | Offres sp\u00e9ciales d&#039;auberges<\/title>\n<meta name=\"description\" content=\"Restez \u00e9conomique et soyez pr\u00eat de la ligne de d\u00e9part pour le Berlin Marathon. Jetez un oeil \u00e0 notre offre voyage Marathon.\" \/>\n<meta name=\"robots\" content=\"index, follow, max-snippet:-1, max-image-preview:large, max-video-preview:-1\" \/>\n<link rel=\"canonical\" href=\"https:\/\/www.amstelhouse.de\/fr\/offres-de-voyage\/berlin-marathon\/\" \/>\n<meta property=\"og:locale\" content=\"fr_FR\" \/>\n<meta property=\"og:type\" content=\"article\" \/>\n<meta property=\"og:title\" content=\"Hostel \u00e0 proximit\u00e9 du marathon de Berlin | Offres sp\u00e9ciales d&#039;auberges\" \/>\n<meta property=\"og:description\" content=\"Restez \u00e9conomique et soyez pr\u00eat de la ligne de d\u00e9part pour le Berlin Marathon. Jetez un oeil \u00e0 notre offre voyage Marathon.\" \/>\n<meta property=\"og:url\" content=\"https:\/\/www.amstelhouse.de\/fr\/offres-de-voyage\/berlin-marathon\/\" \/>\n<meta property=\"og:site_name\" content=\"Amstel House (fr)\" \/>\n<meta property=\"article:publisher\" content=\"https:\/\/www.facebook.com\/amstelhouse\/\" \/>\n<meta property=\"article:modified_time\" content=\"2021-11-19T15:11:28+00:00\" \/>\n<meta property=\"og:image\" content=\"https:\/\/www.amstelhouse.de\/fr\/wp-content\/uploads\/sites\/32\/2015\/04\/friends-in-berlin.png\" \/>\n<script type=\"application\/ld+json\" class=\"yoast-schema-graph\">{\"@context\":\"https:\/\/schema.org\",\"@graph\":[{\"@type\":\"WebPage\",\"@id\":\"https:\/\/www.amstelhouse.de\/fr\/offres-de-voyage\/berlin-marathon\/\",\"url\":\"https:\/\/www.amstelhouse.de\/fr\/offres-de-voyage\/berlin-marathon\/\",\"name\":\"Hostel \u00e0 proximit\u00e9 du marathon de Berlin | Offres sp\u00e9ciales d'auberges\",\"isPartOf\":{\"@id\":\"https:\/\/www.amstelhouse.de\/fr\/#website\"},\"datePublished\":\"2018-07-29T09:14:55+00:00\",\"dateModified\":\"2021-11-19T15:11:28+00:00\",\"description\":\"Restez \u00e9conomique et soyez pr\u00eat de la ligne de d\u00e9part pour le Berlin Marathon. Jetez un oeil \u00e0 notre offre voyage Marathon.\",\"breadcrumb\":{\"@id\":\"https:\/\/www.amstelhouse.de\/fr\/offres-de-voyage\/berlin-marathon\/#breadcrumb\"},\"inLanguage\":\"fr-FR\",\"potentialAction\":[{\"@type\":\"ReadAction\",\"target\":[\"https:\/\/www.amstelhouse.de\/fr\/offres-de-voyage\/berlin-marathon\/\"]}]},{\"@type\":\"BreadcrumbList\",\"@id\":\"https:\/\/www.amstelhouse.de\/fr\/offres-de-voyage\/berlin-marathon\/#breadcrumb\",\"itemListElement\":[{\"@type\":\"ListItem\",\"position\":1,\"name\":\"Home\",\"item\":\"https:\/\/www.amstelhouse.de\/fr\/\"},{\"@type\":\"ListItem\",\"position\":2,\"name\":\"Offres\",\"item\":\"https:\/\/www.amstelhouse.de\/fr\/offres-de-voyage\/\"},{\"@type\":\"ListItem\",\"position\":3,\"name\":\"Berlin Marathon\"}]},{\"@type\":\"WebSite\",\"@id\":\"https:\/\/www.amstelhouse.de\/fr\/#website\",\"url\":\"https:\/\/www.amstelhouse.de\/fr\/\",\"name\":\"Amstel House (fr)\",\"description\":\"Zentral - Gut - Preiswert\",\"publisher\":{\"@id\":\"https:\/\/www.amstelhouse.de\/fr\/#organization\"},\"potentialAction\":[{\"@type\":\"SearchAction\",\"target\":{\"@type\":\"EntryPoint\",\"urlTemplate\":\"https:\/\/www.amstelhouse.de\/fr\/?s={search_term_string}\"},\"query-input\":\"required name=search_term_string\"}],\"inLanguage\":\"fr-FR\"},{\"@type\":\"Organization\",\"@id\":\"https:\/\/www.amstelhouse.de\/fr\/#organization\",\"name\":\"Amstel Hostel Berlin\",\"url\":\"https:\/\/www.amstelhouse.de\/fr\/\",\"logo\":{\"@type\":\"ImageObject\",\"inLanguage\":\"fr-FR\",\"@id\":\"https:\/\/www.amstelhouse.de\/fr\/#\/schema\/logo\/image\/\",\"url\":\"https:\/\/www.amstelhouse.de\/fr\/wp-content\/uploads\/sites\/32\/2017\/09\/logo.svg\",\"contentUrl\":\"https:\/\/www.amstelhouse.de\/fr\/wp-content\/uploads\/sites\/32\/2017\/09\/logo.svg\",\"width\":1,\"height\":1,\"caption\":\"Amstel Hostel Berlin\"},\"image\":{\"@id\":\"https:\/\/www.amstelhouse.de\/fr\/#\/schema\/logo\/image\/\"},\"sameAs\":[\"https:\/\/www.facebook.com\/amstelhouse\/\",\"https:\/\/twitter.com\/Amstelhouse\",\"https:\/\/www.instagram.com\/amstelhouse\/\",\"https:\/\/de.pinterest.com\/amstelhouse\/\"]}]}<\/script>\n<!-- \/ Yoast SEO plugin. -->","yoast_head_json":{"title":"Hostel \u00e0 proximit\u00e9 du marathon de Berlin | Offres sp\u00e9ciales d'auberges","description":"Restez \u00e9conomique et soyez pr\u00eat de la ligne de d\u00e9part pour le Berlin Marathon. Jetez un oeil \u00e0 notre offre voyage Marathon.","robots":{"index":"index","follow":"follow","max-snippet":"max-snippet:-1","max-image-preview":"max-image-preview:large","max-video-preview":"max-video-preview:-1"},"canonical":"https:\/\/www.amstelhouse.de\/fr\/offres-de-voyage\/berlin-marathon\/","og_locale":"fr_FR","og_type":"article","og_title":"Hostel \u00e0 proximit\u00e9 du marathon de Berlin | Offres sp\u00e9ciales d'auberges","og_description":"Restez \u00e9conomique et soyez pr\u00eat de la ligne de d\u00e9part pour le Berlin Marathon. Jetez un oeil \u00e0 notre offre voyage Marathon.","og_url":"https:\/\/www.amstelhouse.de\/fr\/offres-de-voyage\/berlin-marathon\/","og_site_name":"Amstel House (fr)","article_publisher":"https:\/\/www.facebook.com\/amstelhouse\/","article_modified_time":"2021-11-19T15:11:28+00:00","og_image":[{"url":"https:\/\/www.amstelhouse.de\/fr\/wp-content\/uploads\/sites\/32\/2015\/04\/friends-in-berlin.png"}],"schema":{"@context":"https:\/\/schema.org","@graph":[{"@type":"WebPage","@id":"https:\/\/www.amstelhouse.de\/fr\/offres-de-voyage\/berlin-marathon\/","url":"https:\/\/www.amstelhouse.de\/fr\/offres-de-voyage\/berlin-marathon\/","name":"Hostel \u00e0 proximit\u00e9 du marathon de Berlin | Offres sp\u00e9ciales d'auberges","isPartOf":{"@id":"https:\/\/www.amstelhouse.de\/fr\/#website"},"datePublished":"2018-07-29T09:14:55+00:00","dateModified":"2021-11-19T15:11:28+00:00","description":"Restez \u00e9conomique et soyez pr\u00eat de la ligne de d\u00e9part pour le Berlin Marathon. Jetez un oeil \u00e0 notre offre voyage Marathon.","breadcrumb":{"@id":"https:\/\/www.amstelhouse.de\/fr\/offres-de-voyage\/berlin-marathon\/#breadcrumb"},"inLanguage":"fr-FR","potentialAction":[{"@type":"ReadAction","target":["https:\/\/www.amstelhouse.de\/fr\/offres-de-voyage\/berlin-marathon\/"]}]},{"@type":"BreadcrumbList","@id":"https:\/\/www.amstelhouse.de\/fr\/offres-de-voyage\/berlin-marathon\/#breadcrumb","itemListElement":[{"@type":"ListItem","position":1,"name":"Home","item":"https:\/\/www.amstelhouse.de\/fr\/"},{"@type":"ListItem","position":2,"name":"Offres","item":"https:\/\/www.amstelhouse.de\/fr\/offres-de-voyage\/"},{"@type":"ListItem","position":3,"name":"Berlin Marathon"}]},{"@type":"WebSite","@id":"https:\/\/www.amstelhouse.de\/fr\/#website","url":"https:\/\/www.amstelhouse.de\/fr\/","name":"Amstel House (fr)","description":"Zentral - Gut - Preiswert","publisher":{"@id":"https:\/\/www.amstelhouse.de\/fr\/#organization"},"potentialAction":[{"@type":"SearchAction","target":{"@type":"EntryPoint","urlTemplate":"https:\/\/www.amstelhouse.de\/fr\/?s={search_term_string}"},"query-input":"required name=search_term_string"}],"inLanguage":"fr-FR"},{"@type":"Organization","@id":"https:\/\/www.amstelhouse.de\/fr\/#organization","name":"Amstel Hostel Berlin","url":"https:\/\/www.amstelhouse.de\/fr\/","logo":{"@type":"ImageObject","inLanguage":"fr-FR","@id":"https:\/\/www.amstelhouse.de\/fr\/#\/schema\/logo\/image\/","url":"https:\/\/www.amstelhouse.de\/fr\/wp-content\/uploads\/sites\/32\/2017\/09\/logo.svg","contentUrl":"https:\/\/www.amstelhouse.de\/fr\/wp-content\/uploads\/sites\/32\/2017\/09\/logo.svg","width":1,"height":1,"caption":"Amstel Hostel Berlin"},"image":{"@id":"https:\/\/www.amstelhouse.de\/fr\/#\/schema\/logo\/image\/"},"sameAs":["https:\/\/www.facebook.com\/amstelhouse\/","https:\/\/twitter.com\/Amstelhouse","https:\/\/www.instagram.com\/amstelhouse\/","https:\/\/de.pinterest.com\/amstelhouse\/"]}]}},"_links":{"self":[{"href":"https:\/\/www.amstelhouse.de\/fr\/wp-json\/wp\/v2\/pages\/2702"}],"collection":[{"href":"https:\/\/www.amstelhouse.de\/fr\/wp-json\/wp\/v2\/pages"}],"about":[{"href":"https:\/\/www.amstelhouse.de\/fr\/wp-json\/wp\/v2\/types\/page"}],"author":[{"embeddable":true,"href":"https:\/\/www.amstelhouse.de\/fr\/wp-json\/wp\/v2\/users\/1"}],"replies":[{"embeddable":true,"href":"https:\/\/www.amstelhouse.de\/fr\/wp-json\/wp\/v2\/comments?post=2702"}],"version-history":[{"count":4,"href":"https:\/\/www.amstelhouse.de\/fr\/wp-json\/wp\/v2\/pages\/2702\/revisions"}],"predecessor-version":[{"id":3053,"href":"https:\/\/www.amstelhouse.de\/fr\/wp-json\/wp\/v2\/pages\/2702\/revisions\/3053"}],"up":[{"embeddable":true,"href":"https:\/\/www.amstelhouse.de\/fr\/wp-json\/wp\/v2\/pages\/2408"}],"wp:attachment":[{"href":"https:\/\/www.amstelhouse.de\/fr\/wp-json\/wp\/v2\/media?parent=2702"}],"curies":[{"name":"wp","href":"https:\/\/api.w.org\/{rel}","templated":true}]}}