{"id":3021,"date":"2019-12-03T12:47:46","date_gmt":"2019-12-03T12:47:46","guid":{"rendered":"https:\/\/www.amstelhouse.de\/fr\/?page_id=3021"},"modified":"2022-07-08T12:07:22","modified_gmt":"2022-07-08T12:07:22","slug":"berlin-voyageur-solo","status":"publish","type":"page","link":"https:\/\/www.amstelhouse.de\/fr\/offres-de-voyage\/berlin-voyageur-solo\/","title":{"rendered":"Berlin voyageur solo"},"content":{"rendered":"<h2 style=\"text-align: center;\">BUDGET H\u00c9BERGEMENT POUR CEUX QUI VOYAGENT SEUL<\/h2>\n<p>Il n\u2019y a pas meilleur endroit o\u00f9 loger quand on est voyageur solo qu\u2019une auberge de jeunesse. Et il n\u2019y pas de meilleure offre que celle d\u2019Amstel House. Petit prix mais ayant du style, id\u00e9al pour r\u00e9unir les esprits voyageurs. Entre nos espaces communs et \u00e9v\u00e9nements, personne ne sent seul. Notre offre sp\u00e9ciale Berlin voyageur solo comprend:<\/p>\n<ul>\n<li>3 nuits dans un dortoire pour 4 personnes avec salle de bain partag\u00e9e<\/li>\n<li>Petit d\u00e9jeuner<\/li>\n<li>Une boisson gratuite au bar<\/li>\n<li>1x sac Amstel<\/li>\n<\/ul>\n<h3 style=\"text-align: center;\"><strong>Le tout pour 139\u20ac<\/strong><\/h3>\n","protected":false},"excerpt":{"rendered":"<p>BUDGET H\u00c9BERGEMENT POUR CEUX QUI VOYAGENT SEUL Il n\u2019y a pas meilleur endroit o\u00f9 loger quand on est voyageur solo qu\u2019une auberge de jeunesse. Et il n\u2019y pas de meilleure offre que celle d\u2019Amstel House. Petit prix mais ayant du style, id\u00e9al pour r\u00e9unir les esprits voyageurs. Entre nos espaces communs et \u00e9v\u00e9nements, personne ne [&hellip;]<\/p>\n","protected":false},"author":4,"featured_media":0,"parent":2408,"menu_order":1,"comment_status":"closed","ping_status":"closed","template":"page-offer-subpage.php","meta":{"footnotes":""},"class_list":["post-3021","page","type-page","status-publish","hentry"],"acf":[],"yoast_head":"<!-- This site is optimized with the Yoast SEO plugin v20.8 - https:\/\/yoast.com\/wordpress\/plugins\/seo\/ -->\n<title>Voyageur solo \u00e0 Berlin | Offres sp\u00e9ciales d&#039;auberges<\/title>\n<meta name=\"description\" content=\"R\u00e9servez votre voyage en solo \u00e0 Berlin. \u00c9conomisez de l&#039;argent, restez dans le centre et rencontrez d&#039;autres voyageurs.\" \/>\n<meta name=\"robots\" content=\"index, follow, max-snippet:-1, max-image-preview:large, max-video-preview:-1\" \/>\n<link rel=\"canonical\" href=\"https:\/\/www.amstelhouse.de\/fr\/offres-de-voyage\/berlin-voyageur-solo\/\" \/>\n<meta property=\"og:locale\" content=\"fr_FR\" \/>\n<meta property=\"og:type\" content=\"article\" \/>\n<meta property=\"og:title\" content=\"Voyageur solo \u00e0 Berlin | Offres sp\u00e9ciales d&#039;auberges\" \/>\n<meta property=\"og:description\" content=\"R\u00e9servez votre voyage en solo \u00e0 Berlin. \u00c9conomisez de l&#039;argent, restez dans le centre et rencontrez d&#039;autres voyageurs.\" \/>\n<meta property=\"og:url\" content=\"https:\/\/www.amstelhouse.de\/fr\/offres-de-voyage\/berlin-voyageur-solo\/\" \/>\n<meta property=\"og:site_name\" content=\"Amstel House (fr)\" \/>\n<meta property=\"article:publisher\" content=\"https:\/\/www.facebook.com\/amstelhouse\/\" \/>\n<meta property=\"article:modified_time\" content=\"2022-07-08T12:07:22+00:00\" \/>\n<script type=\"application\/ld+json\" class=\"yoast-schema-graph\">{\"@context\":\"https:\/\/schema.org\",\"@graph\":[{\"@type\":\"WebPage\",\"@id\":\"https:\/\/www.amstelhouse.de\/fr\/offres-de-voyage\/berlin-voyageur-solo\/\",\"url\":\"https:\/\/www.amstelhouse.de\/fr\/offres-de-voyage\/berlin-voyageur-solo\/\",\"name\":\"Voyageur solo \u00e0 Berlin | Offres sp\u00e9ciales d'auberges\",\"isPartOf\":{\"@id\":\"https:\/\/www.amstelhouse.de\/fr\/#website\"},\"datePublished\":\"2019-12-03T12:47:46+00:00\",\"dateModified\":\"2022-07-08T12:07:22+00:00\",\"description\":\"R\u00e9servez votre voyage en solo \u00e0 Berlin. \u00c9conomisez de l'argent, restez dans le centre et rencontrez d'autres voyageurs.\",\"breadcrumb\":{\"@id\":\"https:\/\/www.amstelhouse.de\/fr\/offres-de-voyage\/berlin-voyageur-solo\/#breadcrumb\"},\"inLanguage\":\"fr-FR\",\"potentialAction\":[{\"@type\":\"ReadAction\",\"target\":[\"https:\/\/www.amstelhouse.de\/fr\/offres-de-voyage\/berlin-voyageur-solo\/\"]}]},{\"@type\":\"BreadcrumbList\",\"@id\":\"https:\/\/www.amstelhouse.de\/fr\/offres-de-voyage\/berlin-voyageur-solo\/#breadcrumb\",\"itemListElement\":[{\"@type\":\"ListItem\",\"position\":1,\"name\":\"Home\",\"item\":\"https:\/\/www.amstelhouse.de\/fr\/\"},{\"@type\":\"ListItem\",\"position\":2,\"name\":\"Offres\",\"item\":\"https:\/\/www.amstelhouse.de\/fr\/offres-de-voyage\/\"},{\"@type\":\"ListItem\",\"position\":3,\"name\":\"Berlin voyageur solo\"}]},{\"@type\":\"WebSite\",\"@id\":\"https:\/\/www.amstelhouse.de\/fr\/#website\",\"url\":\"https:\/\/www.amstelhouse.de\/fr\/\",\"name\":\"Amstel House (fr)\",\"description\":\"Zentral - Gut - Preiswert\",\"publisher\":{\"@id\":\"https:\/\/www.amstelhouse.de\/fr\/#organization\"},\"potentialAction\":[{\"@type\":\"SearchAction\",\"target\":{\"@type\":\"EntryPoint\",\"urlTemplate\":\"https:\/\/www.amstelhouse.de\/fr\/?s={search_term_string}\"},\"query-input\":\"required name=search_term_string\"}],\"inLanguage\":\"fr-FR\"},{\"@type\":\"Organization\",\"@id\":\"https:\/\/www.amstelhouse.de\/fr\/#organization\",\"name\":\"Amstel Hostel Berlin\",\"url\":\"https:\/\/www.amstelhouse.de\/fr\/\",\"logo\":{\"@type\":\"ImageObject\",\"inLanguage\":\"fr-FR\",\"@id\":\"https:\/\/www.amstelhouse.de\/fr\/#\/schema\/logo\/image\/\",\"url\":\"https:\/\/www.amstelhouse.de\/fr\/wp-content\/uploads\/sites\/32\/2017\/09\/logo.svg\",\"contentUrl\":\"https:\/\/www.amstelhouse.de\/fr\/wp-content\/uploads\/sites\/32\/2017\/09\/logo.svg\",\"width\":1,\"height\":1,\"caption\":\"Amstel Hostel Berlin\"},\"image\":{\"@id\":\"https:\/\/www.amstelhouse.de\/fr\/#\/schema\/logo\/image\/\"},\"sameAs\":[\"https:\/\/www.facebook.com\/amstelhouse\/\",\"https:\/\/twitter.com\/Amstelhouse\",\"https:\/\/www.instagram.com\/amstelhouse\/\",\"https:\/\/de.pinterest.com\/amstelhouse\/\"]}]}<\/script>\n<!-- \/ Yoast SEO plugin. -->","yoast_head_json":{"title":"Voyageur solo \u00e0 Berlin | Offres sp\u00e9ciales d'auberges","description":"R\u00e9servez votre voyage en solo \u00e0 Berlin. \u00c9conomisez de l'argent, restez dans le centre et rencontrez d'autres voyageurs.","robots":{"index":"index","follow":"follow","max-snippet":"max-snippet:-1","max-image-preview":"max-image-preview:large","max-video-preview":"max-video-preview:-1"},"canonical":"https:\/\/www.amstelhouse.de\/fr\/offres-de-voyage\/berlin-voyageur-solo\/","og_locale":"fr_FR","og_type":"article","og_title":"Voyageur solo \u00e0 Berlin | Offres sp\u00e9ciales d'auberges","og_description":"R\u00e9servez votre voyage en solo \u00e0 Berlin. \u00c9conomisez de l'argent, restez dans le centre et rencontrez d'autres voyageurs.","og_url":"https:\/\/www.amstelhouse.de\/fr\/offres-de-voyage\/berlin-voyageur-solo\/","og_site_name":"Amstel House (fr)","article_publisher":"https:\/\/www.facebook.com\/amstelhouse\/","article_modified_time":"2022-07-08T12:07:22+00:00","schema":{"@context":"https:\/\/schema.org","@graph":[{"@type":"WebPage","@id":"https:\/\/www.amstelhouse.de\/fr\/offres-de-voyage\/berlin-voyageur-solo\/","url":"https:\/\/www.amstelhouse.de\/fr\/offres-de-voyage\/berlin-voyageur-solo\/","name":"Voyageur solo \u00e0 Berlin | Offres sp\u00e9ciales d'auberges","isPartOf":{"@id":"https:\/\/www.amstelhouse.de\/fr\/#website"},"datePublished":"2019-12-03T12:47:46+00:00","dateModified":"2022-07-08T12:07:22+00:00","description":"R\u00e9servez votre voyage en solo \u00e0 Berlin. \u00c9conomisez de l'argent, restez dans le centre et rencontrez d'autres voyageurs.","breadcrumb":{"@id":"https:\/\/www.amstelhouse.de\/fr\/offres-de-voyage\/berlin-voyageur-solo\/#breadcrumb"},"inLanguage":"fr-FR","potentialAction":[{"@type":"ReadAction","target":["https:\/\/www.amstelhouse.de\/fr\/offres-de-voyage\/berlin-voyageur-solo\/"]}]},{"@type":"BreadcrumbList","@id":"https:\/\/www.amstelhouse.de\/fr\/offres-de-voyage\/berlin-voyageur-solo\/#breadcrumb","itemListElement":[{"@type":"ListItem","position":1,"name":"Home","item":"https:\/\/www.amstelhouse.de\/fr\/"},{"@type":"ListItem","position":2,"name":"Offres","item":"https:\/\/www.amstelhouse.de\/fr\/offres-de-voyage\/"},{"@type":"ListItem","position":3,"name":"Berlin voyageur solo"}]},{"@type":"WebSite","@id":"https:\/\/www.amstelhouse.de\/fr\/#website","url":"https:\/\/www.amstelhouse.de\/fr\/","name":"Amstel House (fr)","description":"Zentral - Gut - Preiswert","publisher":{"@id":"https:\/\/www.amstelhouse.de\/fr\/#organization"},"potentialAction":[{"@type":"SearchAction","target":{"@type":"EntryPoint","urlTemplate":"https:\/\/www.amstelhouse.de\/fr\/?s={search_term_string}"},"query-input":"required name=search_term_string"}],"inLanguage":"fr-FR"},{"@type":"Organization","@id":"https:\/\/www.amstelhouse.de\/fr\/#organization","name":"Amstel Hostel Berlin","url":"https:\/\/www.amstelhouse.de\/fr\/","logo":{"@type":"ImageObject","inLanguage":"fr-FR","@id":"https:\/\/www.amstelhouse.de\/fr\/#\/schema\/logo\/image\/","url":"https:\/\/www.amstelhouse.de\/fr\/wp-content\/uploads\/sites\/32\/2017\/09\/logo.svg","contentUrl":"https:\/\/www.amstelhouse.de\/fr\/wp-content\/uploads\/sites\/32\/2017\/09\/logo.svg","width":1,"height":1,"caption":"Amstel Hostel Berlin"},"image":{"@id":"https:\/\/www.amstelhouse.de\/fr\/#\/schema\/logo\/image\/"},"sameAs":["https:\/\/www.facebook.com\/amstelhouse\/","https:\/\/twitter.com\/Amstelhouse","https:\/\/www.instagram.com\/amstelhouse\/","https:\/\/de.pinterest.com\/amstelhouse\/"]}]}},"_links":{"self":[{"href":"https:\/\/www.amstelhouse.de\/fr\/wp-json\/wp\/v2\/pages\/3021"}],"collection":[{"href":"https:\/\/www.amstelhouse.de\/fr\/wp-json\/wp\/v2\/pages"}],"about":[{"href":"https:\/\/www.amstelhouse.de\/fr\/wp-json\/wp\/v2\/types\/page"}],"author":[{"embeddable":true,"href":"https:\/\/www.amstelhouse.de\/fr\/wp-json\/wp\/v2\/users\/4"}],"replies":[{"embeddable":true,"href":"https:\/\/www.amstelhouse.de\/fr\/wp-json\/wp\/v2\/comments?post=3021"}],"version-history":[{"count":4,"href":"https:\/\/www.amstelhouse.de\/fr\/wp-json\/wp\/v2\/pages\/3021\/revisions"}],"predecessor-version":[{"id":3338,"href":"https:\/\/www.amstelhouse.de\/fr\/wp-json\/wp\/v2\/pages\/3021\/revisions\/3338"}],"up":[{"embeddable":true,"href":"https:\/\/www.amstelhouse.de\/fr\/wp-json\/wp\/v2\/pages\/2408"}],"wp:attachment":[{"href":"https:\/\/www.amstelhouse.de\/fr\/wp-json\/wp\/v2\/media?parent=3021"}],"curies":[{"name":"wp","href":"https:\/\/api.w.org\/{rel}","templated":true}]}}