{"id":76,"date":"2015-02-10T19:54:19","date_gmt":"2015-02-10T19:54:19","guid":{"rendered":"http:\/\/www.amstelhouse.de\/staging-site\/?page_id=76"},"modified":"2021-11-19T15:26:34","modified_gmt":"2021-11-19T15:26:34","slug":"best-price-guarantee","status":"publish","type":"page","link":"https:\/\/www.amstelhouse.de\/fr\/best-price-guarantee\/","title":{"rendered":"Best Price Guarantee"},"content":{"rendered":"<h2>The best prices always on our website!<\/h2>\n<p><span id=\"result_box\" class=\"short_text\" lang=\"en\"><\/span>As a hostel and as passionate travellers ourselves we understand the significance of well spent money during a trip. Especially for backpackers and low budget tourists every penny saved with accommodation can be invested in <span id=\"result_box\" class=\"short_text\" lang=\"en\"><span class=\"\">exploring the visited city<\/span><\/span>. It can even mean an extra destination in the travel plan. Thinking about this the Amstel House &#8211; together with many other hostels &#8211; would like to clarify an important detail about the<strong> Online Booking Channels.<\/strong><\/p>\n<p>We are certainly grateful to Hostelworld, Booking.com and all our booking channel partners. Many of our guests get to us thanks to their services. However the price for such services is getting way too high. A commission of 10% to 20% &#8211; depending on the channel &#8211; is charged over every reservation. This means the same beds\/rooms categories are more expensive on their websites than they originally cost by us. And you are the one paying for it!<\/p>\n<p>How to avoid it? Simply book directly on our website. Beside the BEST PRICE GUARANTEE you get access to more room categories and availabilities, special offers, photos and information. Likewise modifications and cancellations are more easily made when directly with us.<\/p>\n<p>Why get complicated when you can make it easy? Why pay expensive prices when you can have it cheaper?<\/p>\n","protected":false},"excerpt":{"rendered":"<p>The best prices always on our website! As a hostel and as passionate travellers ourselves we understand the significance of well spent money during a trip. Especially for backpackers and low budget tourists every penny saved with accommodation can be invested in exploring the visited city. It can even mean an extra destination in the [&hellip;]<\/p>\n","protected":false},"author":2,"featured_media":0,"parent":0,"menu_order":4,"comment_status":"closed","ping_status":"closed","template":"","meta":{"footnotes":""},"class_list":["post-76","page","type-page","status-publish","hentry"],"acf":[],"yoast_head":"<!-- This site is optimized with the Yoast SEO plugin v20.8 - https:\/\/yoast.com\/wordpress\/plugins\/seo\/ -->\n<title>Meilleur prix pour les chambres \u00e0 Berlin | Hostel \u00e9conomique<\/title>\n<meta name=\"description\" content=\"Obtenez la garantie du meilleur prix sur une hostel \u00e0 Berlin. R\u00e9servez sur notre site web. C&#039;est moins cher et vous donne acc\u00e8s \u00e0 de nombreux avantages.\" \/>\n<meta name=\"robots\" content=\"index, follow, max-snippet:-1, max-image-preview:large, max-video-preview:-1\" \/>\n<link rel=\"canonical\" href=\"https:\/\/www.amstelhouse.de\/fr\/best-price-guarantee\/\" \/>\n<meta property=\"og:locale\" content=\"fr_FR\" \/>\n<meta property=\"og:type\" content=\"article\" \/>\n<meta property=\"og:title\" content=\"Meilleur prix pour les chambres \u00e0 Berlin | Hostel \u00e9conomique\" \/>\n<meta property=\"og:description\" content=\"Obtenez la garantie du meilleur prix sur une hostel \u00e0 Berlin. R\u00e9servez sur notre site web. C&#039;est moins cher et vous donne acc\u00e8s \u00e0 de nombreux avantages.\" \/>\n<meta property=\"og:url\" content=\"https:\/\/www.amstelhouse.de\/fr\/best-price-guarantee\/\" \/>\n<meta property=\"og:site_name\" content=\"Amstel House (fr)\" \/>\n<meta property=\"article:publisher\" content=\"https:\/\/www.facebook.com\/amstelhouse\/\" \/>\n<meta property=\"article:modified_time\" content=\"2021-11-19T15:26:34+00:00\" \/>\n<meta name=\"twitter:label1\" content=\"Est. reading time\" \/>\n\t<meta name=\"twitter:data1\" content=\"1 minute\" \/>\n<script type=\"application\/ld+json\" class=\"yoast-schema-graph\">{\"@context\":\"https:\/\/schema.org\",\"@graph\":[{\"@type\":\"WebPage\",\"@id\":\"https:\/\/www.amstelhouse.de\/fr\/best-price-guarantee\/\",\"url\":\"https:\/\/www.amstelhouse.de\/fr\/best-price-guarantee\/\",\"name\":\"Meilleur prix pour les chambres \u00e0 Berlin | Hostel \u00e9conomique\",\"isPartOf\":{\"@id\":\"https:\/\/www.amstelhouse.de\/fr\/#website\"},\"datePublished\":\"2015-02-10T19:54:19+00:00\",\"dateModified\":\"2021-11-19T15:26:34+00:00\",\"description\":\"Obtenez la garantie du meilleur prix sur une hostel \u00e0 Berlin. R\u00e9servez sur notre site web. C'est moins cher et vous donne acc\u00e8s \u00e0 de nombreux avantages.\",\"breadcrumb\":{\"@id\":\"https:\/\/www.amstelhouse.de\/fr\/best-price-guarantee\/#breadcrumb\"},\"inLanguage\":\"fr-FR\",\"potentialAction\":[{\"@type\":\"ReadAction\",\"target\":[\"https:\/\/www.amstelhouse.de\/fr\/best-price-guarantee\/\"]}]},{\"@type\":\"BreadcrumbList\",\"@id\":\"https:\/\/www.amstelhouse.de\/fr\/best-price-guarantee\/#breadcrumb\",\"itemListElement\":[{\"@type\":\"ListItem\",\"position\":1,\"name\":\"Home\",\"item\":\"https:\/\/www.amstelhouse.de\/fr\/\"},{\"@type\":\"ListItem\",\"position\":2,\"name\":\"Best Price Guarantee\"}]},{\"@type\":\"WebSite\",\"@id\":\"https:\/\/www.amstelhouse.de\/fr\/#website\",\"url\":\"https:\/\/www.amstelhouse.de\/fr\/\",\"name\":\"Amstel House (fr)\",\"description\":\"Zentral - Gut - Preiswert\",\"publisher\":{\"@id\":\"https:\/\/www.amstelhouse.de\/fr\/#organization\"},\"potentialAction\":[{\"@type\":\"SearchAction\",\"target\":{\"@type\":\"EntryPoint\",\"urlTemplate\":\"https:\/\/www.amstelhouse.de\/fr\/?s={search_term_string}\"},\"query-input\":\"required name=search_term_string\"}],\"inLanguage\":\"fr-FR\"},{\"@type\":\"Organization\",\"@id\":\"https:\/\/www.amstelhouse.de\/fr\/#organization\",\"name\":\"Amstel Hostel Berlin\",\"url\":\"https:\/\/www.amstelhouse.de\/fr\/\",\"logo\":{\"@type\":\"ImageObject\",\"inLanguage\":\"fr-FR\",\"@id\":\"https:\/\/www.amstelhouse.de\/fr\/#\/schema\/logo\/image\/\",\"url\":\"https:\/\/www.amstelhouse.de\/fr\/wp-content\/uploads\/sites\/32\/2017\/09\/logo.svg\",\"contentUrl\":\"https:\/\/www.amstelhouse.de\/fr\/wp-content\/uploads\/sites\/32\/2017\/09\/logo.svg\",\"width\":1,\"height\":1,\"caption\":\"Amstel Hostel Berlin\"},\"image\":{\"@id\":\"https:\/\/www.amstelhouse.de\/fr\/#\/schema\/logo\/image\/\"},\"sameAs\":[\"https:\/\/www.facebook.com\/amstelhouse\/\",\"https:\/\/twitter.com\/Amstelhouse\",\"https:\/\/www.instagram.com\/amstelhouse\/\",\"https:\/\/de.pinterest.com\/amstelhouse\/\"]}]}<\/script>\n<!-- \/ Yoast SEO plugin. -->","yoast_head_json":{"title":"Meilleur prix pour les chambres \u00e0 Berlin | Hostel \u00e9conomique","description":"Obtenez la garantie du meilleur prix sur une hostel \u00e0 Berlin. R\u00e9servez sur notre site web. C'est moins cher et vous donne acc\u00e8s \u00e0 de nombreux avantages.","robots":{"index":"index","follow":"follow","max-snippet":"max-snippet:-1","max-image-preview":"max-image-preview:large","max-video-preview":"max-video-preview:-1"},"canonical":"https:\/\/www.amstelhouse.de\/fr\/best-price-guarantee\/","og_locale":"fr_FR","og_type":"article","og_title":"Meilleur prix pour les chambres \u00e0 Berlin | Hostel \u00e9conomique","og_description":"Obtenez la garantie du meilleur prix sur une hostel \u00e0 Berlin. R\u00e9servez sur notre site web. C'est moins cher et vous donne acc\u00e8s \u00e0 de nombreux avantages.","og_url":"https:\/\/www.amstelhouse.de\/fr\/best-price-guarantee\/","og_site_name":"Amstel House (fr)","article_publisher":"https:\/\/www.facebook.com\/amstelhouse\/","article_modified_time":"2021-11-19T15:26:34+00:00","twitter_misc":{"Est. reading time":"1 minute"},"schema":{"@context":"https:\/\/schema.org","@graph":[{"@type":"WebPage","@id":"https:\/\/www.amstelhouse.de\/fr\/best-price-guarantee\/","url":"https:\/\/www.amstelhouse.de\/fr\/best-price-guarantee\/","name":"Meilleur prix pour les chambres \u00e0 Berlin | Hostel \u00e9conomique","isPartOf":{"@id":"https:\/\/www.amstelhouse.de\/fr\/#website"},"datePublished":"2015-02-10T19:54:19+00:00","dateModified":"2021-11-19T15:26:34+00:00","description":"Obtenez la garantie du meilleur prix sur une hostel \u00e0 Berlin. R\u00e9servez sur notre site web. C'est moins cher et vous donne acc\u00e8s \u00e0 de nombreux avantages.","breadcrumb":{"@id":"https:\/\/www.amstelhouse.de\/fr\/best-price-guarantee\/#breadcrumb"},"inLanguage":"fr-FR","potentialAction":[{"@type":"ReadAction","target":["https:\/\/www.amstelhouse.de\/fr\/best-price-guarantee\/"]}]},{"@type":"BreadcrumbList","@id":"https:\/\/www.amstelhouse.de\/fr\/best-price-guarantee\/#breadcrumb","itemListElement":[{"@type":"ListItem","position":1,"name":"Home","item":"https:\/\/www.amstelhouse.de\/fr\/"},{"@type":"ListItem","position":2,"name":"Best Price Guarantee"}]},{"@type":"WebSite","@id":"https:\/\/www.amstelhouse.de\/fr\/#website","url":"https:\/\/www.amstelhouse.de\/fr\/","name":"Amstel House (fr)","description":"Zentral - Gut - Preiswert","publisher":{"@id":"https:\/\/www.amstelhouse.de\/fr\/#organization"},"potentialAction":[{"@type":"SearchAction","target":{"@type":"EntryPoint","urlTemplate":"https:\/\/www.amstelhouse.de\/fr\/?s={search_term_string}"},"query-input":"required name=search_term_string"}],"inLanguage":"fr-FR"},{"@type":"Organization","@id":"https:\/\/www.amstelhouse.de\/fr\/#organization","name":"Amstel Hostel Berlin","url":"https:\/\/www.amstelhouse.de\/fr\/","logo":{"@type":"ImageObject","inLanguage":"fr-FR","@id":"https:\/\/www.amstelhouse.de\/fr\/#\/schema\/logo\/image\/","url":"https:\/\/www.amstelhouse.de\/fr\/wp-content\/uploads\/sites\/32\/2017\/09\/logo.svg","contentUrl":"https:\/\/www.amstelhouse.de\/fr\/wp-content\/uploads\/sites\/32\/2017\/09\/logo.svg","width":1,"height":1,"caption":"Amstel Hostel Berlin"},"image":{"@id":"https:\/\/www.amstelhouse.de\/fr\/#\/schema\/logo\/image\/"},"sameAs":["https:\/\/www.facebook.com\/amstelhouse\/","https:\/\/twitter.com\/Amstelhouse","https:\/\/www.instagram.com\/amstelhouse\/","https:\/\/de.pinterest.com\/amstelhouse\/"]}]}},"_links":{"self":[{"href":"https:\/\/www.amstelhouse.de\/fr\/wp-json\/wp\/v2\/pages\/76"}],"collection":[{"href":"https:\/\/www.amstelhouse.de\/fr\/wp-json\/wp\/v2\/pages"}],"about":[{"href":"https:\/\/www.amstelhouse.de\/fr\/wp-json\/wp\/v2\/types\/page"}],"author":[{"embeddable":true,"href":"https:\/\/www.amstelhouse.de\/fr\/wp-json\/wp\/v2\/users\/2"}],"replies":[{"embeddable":true,"href":"https:\/\/www.amstelhouse.de\/fr\/wp-json\/wp\/v2\/comments?post=76"}],"version-history":[{"count":6,"href":"https:\/\/www.amstelhouse.de\/fr\/wp-json\/wp\/v2\/pages\/76\/revisions"}],"predecessor-version":[{"id":2302,"href":"https:\/\/www.amstelhouse.de\/fr\/wp-json\/wp\/v2\/pages\/76\/revisions\/2302"}],"wp:attachment":[{"href":"https:\/\/www.amstelhouse.de\/fr\/wp-json\/wp\/v2\/media?parent=76"}],"curies":[{"name":"wp","href":"https:\/\/api.w.org\/{rel}","templated":true}]}}