{"id":327,"date":"2015-04-09T16:35:25","date_gmt":"2015-04-09T16:35:25","guid":{"rendered":"http:\/\/www.amstelhouse.de\/it\/?page_id=327"},"modified":"2021-11-19T15:53:04","modified_gmt":"2021-11-19T15:53:04","slug":"berlino-con-gli-amici","status":"publish","type":"page","link":"https:\/\/www.amstelhouse.de\/it\/offerte-di-viaggio-a-berlino\/berlino-con-gli-amici\/","title":{"rendered":"BERLINO CON GLI AMICI"},"content":{"rendered":"<h2 style=\"text-align: center;\">RIFUGIO PER PICCOLI GRUPPI DI GIOVANI VIAGGIATORI DAL BUDGET LIMITATO<\/h2>\n<p>I backpackers hanno per lo pi\u00f9 un budget ridotto, una grande fame e la voglia di dormire per qualche ora in pi\u00f9. Berlino \u00e8 anche la loro amata destinazione. L&#8217;Amstel House Hostel Berlin ha pensato ad un ottimo pacchetto che si adatta al loro stile di vita ed e \u2018accessibile per le loro tasche. La nostra offerta Berlino con gli amici include:<\/p>\n<ul>\n<li>4 letti in una quadrupla con lavabo in camera e bagno\/WC in comune<\/li>\n<li>soggiorno per 2 notti<\/li>\n<li>1 free drink per ogni ospite all\u00b4arrivo<\/li>\n<li>colazione per entrambi i giorni e check out posticipato fino alle 13.00<\/li>\n<\/ul>\n<h3 style=\"text-align: center;\"><strong>a soli 159,- Euro<\/strong><\/h3>\n","protected":false},"excerpt":{"rendered":"<p>RIFUGIO PER PICCOLI GRUPPI DI GIOVANI VIAGGIATORI DAL BUDGET LIMITATO I backpackers hanno per lo pi\u00f9 un budget ridotto, una grande fame e la voglia di dormire per qualche ora in pi\u00f9. Berlino \u00e8 anche la loro amata destinazione. L&#8217;Amstel House Hostel Berlin ha pensato ad un ottimo pacchetto che si adatta al loro stile [&hellip;]<\/p>\n","protected":false},"author":3,"featured_media":0,"parent":12,"menu_order":5,"comment_status":"closed","ping_status":"open","template":"page-offer-subpage.php","meta":{"footnotes":""},"class_list":["post-327","page","type-page","status-publish","hentry"],"acf":[],"yoast_head":"<!-- This site is optimized with the Yoast SEO plugin v20.8 - https:\/\/yoast.com\/wordpress\/plugins\/seo\/ -->\n<title>Berlino con gli amici | Offerta ostello<\/title>\n<meta name=\"description\" content=\"Fai un viaggio a Berlino con gli amici. Dormi a buon costo e nel centro della citt\u00e0 con la nostra offerta. Camere di design e colazione inclusi.\" \/>\n<meta name=\"robots\" content=\"index, follow, max-snippet:-1, max-image-preview:large, max-video-preview:-1\" \/>\n<link rel=\"canonical\" href=\"https:\/\/www.amstelhouse.de\/it\/offerte-di-viaggio-a-berlino\/berlino-con-gli-amici\/\" \/>\n<meta property=\"og:locale\" content=\"it_IT\" \/>\n<meta property=\"og:type\" content=\"article\" \/>\n<meta property=\"og:title\" content=\"Berlino con gli amici | Offerta ostello\" \/>\n<meta property=\"og:description\" content=\"Fai un viaggio a Berlino con gli amici. Dormi a buon costo e nel centro della citt\u00e0 con la nostra offerta. Camere di design e colazione inclusi.\" \/>\n<meta property=\"og:url\" content=\"https:\/\/www.amstelhouse.de\/it\/offerte-di-viaggio-a-berlino\/berlino-con-gli-amici\/\" \/>\n<meta property=\"og:site_name\" content=\"Amstel House (it)\" \/>\n<meta property=\"article:modified_time\" content=\"2021-11-19T15:53:04+00:00\" \/>\n<meta name=\"twitter:label1\" content=\"Est. reading time\" \/>\n\t<meta name=\"twitter:data1\" content=\"1 minute\" \/>\n<script type=\"application\/ld+json\" class=\"yoast-schema-graph\">{\"@context\":\"https:\/\/schema.org\",\"@graph\":[{\"@type\":\"WebPage\",\"@id\":\"https:\/\/www.amstelhouse.de\/it\/offerte-di-viaggio-a-berlino\/berlino-con-gli-amici\/\",\"url\":\"https:\/\/www.amstelhouse.de\/it\/offerte-di-viaggio-a-berlino\/berlino-con-gli-amici\/\",\"name\":\"Berlino con gli amici | Offerta ostello\",\"isPartOf\":{\"@id\":\"https:\/\/www.amstelhouse.de\/it\/#website\"},\"datePublished\":\"2015-04-09T16:35:25+00:00\",\"dateModified\":\"2021-11-19T15:53:04+00:00\",\"description\":\"Fai un viaggio a Berlino con gli amici. Dormi a buon costo e nel centro della citt\u00e0 con la nostra offerta. Camere di design e colazione inclusi.\",\"breadcrumb\":{\"@id\":\"https:\/\/www.amstelhouse.de\/it\/offerte-di-viaggio-a-berlino\/berlino-con-gli-amici\/#breadcrumb\"},\"inLanguage\":\"it-IT\",\"potentialAction\":[{\"@type\":\"ReadAction\",\"target\":[\"https:\/\/www.amstelhouse.de\/it\/offerte-di-viaggio-a-berlino\/berlino-con-gli-amici\/\"]}]},{\"@type\":\"BreadcrumbList\",\"@id\":\"https:\/\/www.amstelhouse.de\/it\/offerte-di-viaggio-a-berlino\/berlino-con-gli-amici\/#breadcrumb\",\"itemListElement\":[{\"@type\":\"ListItem\",\"position\":1,\"name\":\"Home\",\"item\":\"https:\/\/www.amstelhouse.de\/it\/\"},{\"@type\":\"ListItem\",\"position\":2,\"name\":\"offerte\",\"item\":\"https:\/\/www.amstelhouse.de\/it\/offerte-di-viaggio-a-berlino\/\"},{\"@type\":\"ListItem\",\"position\":3,\"name\":\"BERLINO CON GLI AMICI\"}]},{\"@type\":\"WebSite\",\"@id\":\"https:\/\/www.amstelhouse.de\/it\/#website\",\"url\":\"https:\/\/www.amstelhouse.de\/it\/\",\"name\":\"Amstel House (it)\",\"description\":\"Just another WordPress site\",\"potentialAction\":[{\"@type\":\"SearchAction\",\"target\":{\"@type\":\"EntryPoint\",\"urlTemplate\":\"https:\/\/www.amstelhouse.de\/it\/?s={search_term_string}\"},\"query-input\":\"required name=search_term_string\"}],\"inLanguage\":\"it-IT\"}]}<\/script>\n<!-- \/ Yoast SEO plugin. -->","yoast_head_json":{"title":"Berlino con gli amici | Offerta ostello","description":"Fai un viaggio a Berlino con gli amici. Dormi a buon costo e nel centro della citt\u00e0 con la nostra offerta. Camere di design e colazione inclusi.","robots":{"index":"index","follow":"follow","max-snippet":"max-snippet:-1","max-image-preview":"max-image-preview:large","max-video-preview":"max-video-preview:-1"},"canonical":"https:\/\/www.amstelhouse.de\/it\/offerte-di-viaggio-a-berlino\/berlino-con-gli-amici\/","og_locale":"it_IT","og_type":"article","og_title":"Berlino con gli amici | Offerta ostello","og_description":"Fai un viaggio a Berlino con gli amici. Dormi a buon costo e nel centro della citt\u00e0 con la nostra offerta. Camere di design e colazione inclusi.","og_url":"https:\/\/www.amstelhouse.de\/it\/offerte-di-viaggio-a-berlino\/berlino-con-gli-amici\/","og_site_name":"Amstel House (it)","article_modified_time":"2021-11-19T15:53:04+00:00","twitter_misc":{"Est. reading time":"1 minute"},"schema":{"@context":"https:\/\/schema.org","@graph":[{"@type":"WebPage","@id":"https:\/\/www.amstelhouse.de\/it\/offerte-di-viaggio-a-berlino\/berlino-con-gli-amici\/","url":"https:\/\/www.amstelhouse.de\/it\/offerte-di-viaggio-a-berlino\/berlino-con-gli-amici\/","name":"Berlino con gli amici | Offerta ostello","isPartOf":{"@id":"https:\/\/www.amstelhouse.de\/it\/#website"},"datePublished":"2015-04-09T16:35:25+00:00","dateModified":"2021-11-19T15:53:04+00:00","description":"Fai un viaggio a Berlino con gli amici. Dormi a buon costo e nel centro della citt\u00e0 con la nostra offerta. Camere di design e colazione inclusi.","breadcrumb":{"@id":"https:\/\/www.amstelhouse.de\/it\/offerte-di-viaggio-a-berlino\/berlino-con-gli-amici\/#breadcrumb"},"inLanguage":"it-IT","potentialAction":[{"@type":"ReadAction","target":["https:\/\/www.amstelhouse.de\/it\/offerte-di-viaggio-a-berlino\/berlino-con-gli-amici\/"]}]},{"@type":"BreadcrumbList","@id":"https:\/\/www.amstelhouse.de\/it\/offerte-di-viaggio-a-berlino\/berlino-con-gli-amici\/#breadcrumb","itemListElement":[{"@type":"ListItem","position":1,"name":"Home","item":"https:\/\/www.amstelhouse.de\/it\/"},{"@type":"ListItem","position":2,"name":"offerte","item":"https:\/\/www.amstelhouse.de\/it\/offerte-di-viaggio-a-berlino\/"},{"@type":"ListItem","position":3,"name":"BERLINO CON GLI AMICI"}]},{"@type":"WebSite","@id":"https:\/\/www.amstelhouse.de\/it\/#website","url":"https:\/\/www.amstelhouse.de\/it\/","name":"Amstel House (it)","description":"Just another WordPress site","potentialAction":[{"@type":"SearchAction","target":{"@type":"EntryPoint","urlTemplate":"https:\/\/www.amstelhouse.de\/it\/?s={search_term_string}"},"query-input":"required name=search_term_string"}],"inLanguage":"it-IT"}]}},"_links":{"self":[{"href":"https:\/\/www.amstelhouse.de\/it\/wp-json\/wp\/v2\/pages\/327"}],"collection":[{"href":"https:\/\/www.amstelhouse.de\/it\/wp-json\/wp\/v2\/pages"}],"about":[{"href":"https:\/\/www.amstelhouse.de\/it\/wp-json\/wp\/v2\/types\/page"}],"author":[{"embeddable":true,"href":"https:\/\/www.amstelhouse.de\/it\/wp-json\/wp\/v2\/users\/3"}],"replies":[{"embeddable":true,"href":"https:\/\/www.amstelhouse.de\/it\/wp-json\/wp\/v2\/comments?post=327"}],"version-history":[{"count":4,"href":"https:\/\/www.amstelhouse.de\/it\/wp-json\/wp\/v2\/pages\/327\/revisions"}],"predecessor-version":[{"id":3006,"href":"https:\/\/www.amstelhouse.de\/it\/wp-json\/wp\/v2\/pages\/327\/revisions\/3006"}],"up":[{"embeddable":true,"href":"https:\/\/www.amstelhouse.de\/it\/wp-json\/wp\/v2\/pages\/12"}],"wp:attachment":[{"href":"https:\/\/www.amstelhouse.de\/it\/wp-json\/wp\/v2\/media?parent=327"}],"curies":[{"name":"wp","href":"https:\/\/api.w.org\/{rel}","templated":true}]}}