{"id":76,"date":"2015-02-10T19:54:19","date_gmt":"2015-02-10T19:54:19","guid":{"rendered":"http:\/\/www.amstelhouse.de\/it\/?page_id=76"},"modified":"2021-11-19T16:03:43","modified_gmt":"2021-11-19T16:03:43","slug":"best-price-guarantee","status":"publish","type":"page","link":"https:\/\/www.amstelhouse.de\/it\/best-price-guarantee\/","title":{"rendered":"Best Price Guarantee"},"content":{"rendered":"<h2><span id=\"result_box\" class=\"short_text\" lang=\"en\">For <span class=\"\">visitors and travelers<\/span><\/span><\/h2>\n<p>As a Hostel and as passionate travellers ourselves we understand the significance of well spent money during a trip. Especially for backpackers and low budget travellers every penny saved with accommodation, for example, can be invested in more fun in the city visited or even mean an extra destination in the travel plan. Thinking about this and with respect to you, the Amstel House &#8211; together with many other hostels &#8211; would like to clarify an important detail about the<strong> Online Booking Channels<\/strong>, such as Hostelworld, Hostelbookers and Booking.com.<\/p>\n<p>We are certainly grateful to them. Many of our guests get to us thanks to their services, which in return makes it easier to find and book hostels online. However, the price for such services is getting too high. A commission of 10% to 20% &#8211; depending on the channel &#8211; is charged over every reservation. This means the identical beds\/rooms get more expensive on these websites, than they originally are. And you are the one paying for it!<\/p>\n<p>How to avoid it? Simply book directly on our website! Beside the BEST PRICE GUARANTEE, you get access to more room categories and availability, special offers, photos and information. Also, modifications, that you usually have to do over the booking channels you used, can be made with us directly.<\/p>\n<p>Why make it complicated when you can make it easy? Why make it expensive when you can have it cheap?<\/p>\n","protected":false},"excerpt":{"rendered":"<p>For visitors and travelers As a Hostel and as passionate travellers ourselves we understand the significance of well spent money during a trip. Especially for backpackers and low budget travellers every penny saved with accommodation, for example, can be invested in more fun in the city visited or even mean an extra destination in the [&hellip;]<\/p>\n","protected":false},"author":2,"featured_media":0,"parent":0,"menu_order":0,"comment_status":"closed","ping_status":"closed","template":"","meta":{"footnotes":""},"class_list":["post-76","page","type-page","status-publish","hentry"],"acf":[],"yoast_head":"<!-- This site is optimized with the Yoast SEO plugin v20.8 - https:\/\/yoast.com\/wordpress\/plugins\/seo\/ -->\n<title>Miglior prezzo per le camere a Berlino | Ostello economico<\/title>\n<meta name=\"description\" content=\"Ottieni il miglior prezzo garantito per un ostello a Berlino. Prenota dal nostro sito web. \u00c8 pi\u00f9 economico e ti d\u00e0 accesso a molti pi\u00f9 vantaggi.\" \/>\n<meta name=\"robots\" content=\"index, follow, max-snippet:-1, max-image-preview:large, max-video-preview:-1\" \/>\n<link rel=\"canonical\" href=\"https:\/\/www.amstelhouse.de\/it\/best-price-guarantee\/\" \/>\n<meta property=\"og:locale\" content=\"it_IT\" \/>\n<meta property=\"og:type\" content=\"article\" \/>\n<meta property=\"og:title\" content=\"Miglior prezzo per le camere a Berlino | Ostello economico\" \/>\n<meta property=\"og:description\" content=\"Ottieni il miglior prezzo garantito per un ostello a Berlino. Prenota dal nostro sito web. \u00c8 pi\u00f9 economico e ti d\u00e0 accesso a molti pi\u00f9 vantaggi.\" \/>\n<meta property=\"og:url\" content=\"https:\/\/www.amstelhouse.de\/it\/best-price-guarantee\/\" \/>\n<meta property=\"og:site_name\" content=\"Amstel House (it)\" \/>\n<meta property=\"article:modified_time\" content=\"2021-11-19T16:03:43+00:00\" \/>\n<meta name=\"twitter:label1\" content=\"Est. reading time\" \/>\n\t<meta name=\"twitter:data1\" content=\"1 minute\" \/>\n<script type=\"application\/ld+json\" class=\"yoast-schema-graph\">{\"@context\":\"https:\/\/schema.org\",\"@graph\":[{\"@type\":\"WebPage\",\"@id\":\"https:\/\/www.amstelhouse.de\/it\/best-price-guarantee\/\",\"url\":\"https:\/\/www.amstelhouse.de\/it\/best-price-guarantee\/\",\"name\":\"Miglior prezzo per le camere a Berlino | Ostello economico\",\"isPartOf\":{\"@id\":\"https:\/\/www.amstelhouse.de\/it\/#website\"},\"datePublished\":\"2015-02-10T19:54:19+00:00\",\"dateModified\":\"2021-11-19T16:03:43+00:00\",\"description\":\"Ottieni il miglior prezzo garantito per un ostello a Berlino. Prenota dal nostro sito web. \u00c8 pi\u00f9 economico e ti d\u00e0 accesso a molti pi\u00f9 vantaggi.\",\"breadcrumb\":{\"@id\":\"https:\/\/www.amstelhouse.de\/it\/best-price-guarantee\/#breadcrumb\"},\"inLanguage\":\"it-IT\",\"potentialAction\":[{\"@type\":\"ReadAction\",\"target\":[\"https:\/\/www.amstelhouse.de\/it\/best-price-guarantee\/\"]}]},{\"@type\":\"BreadcrumbList\",\"@id\":\"https:\/\/www.amstelhouse.de\/it\/best-price-guarantee\/#breadcrumb\",\"itemListElement\":[{\"@type\":\"ListItem\",\"position\":1,\"name\":\"Home\",\"item\":\"https:\/\/www.amstelhouse.de\/it\/\"},{\"@type\":\"ListItem\",\"position\":2,\"name\":\"Best Price Guarantee\"}]},{\"@type\":\"WebSite\",\"@id\":\"https:\/\/www.amstelhouse.de\/it\/#website\",\"url\":\"https:\/\/www.amstelhouse.de\/it\/\",\"name\":\"Amstel House (it)\",\"description\":\"Just another WordPress site\",\"potentialAction\":[{\"@type\":\"SearchAction\",\"target\":{\"@type\":\"EntryPoint\",\"urlTemplate\":\"https:\/\/www.amstelhouse.de\/it\/?s={search_term_string}\"},\"query-input\":\"required name=search_term_string\"}],\"inLanguage\":\"it-IT\"}]}<\/script>\n<!-- \/ Yoast SEO plugin. -->","yoast_head_json":{"title":"Miglior prezzo per le camere a Berlino | Ostello economico","description":"Ottieni il miglior prezzo garantito per un ostello a Berlino. Prenota dal nostro sito web. \u00c8 pi\u00f9 economico e ti d\u00e0 accesso a molti pi\u00f9 vantaggi.","robots":{"index":"index","follow":"follow","max-snippet":"max-snippet:-1","max-image-preview":"max-image-preview:large","max-video-preview":"max-video-preview:-1"},"canonical":"https:\/\/www.amstelhouse.de\/it\/best-price-guarantee\/","og_locale":"it_IT","og_type":"article","og_title":"Miglior prezzo per le camere a Berlino | Ostello economico","og_description":"Ottieni il miglior prezzo garantito per un ostello a Berlino. Prenota dal nostro sito web. \u00c8 pi\u00f9 economico e ti d\u00e0 accesso a molti pi\u00f9 vantaggi.","og_url":"https:\/\/www.amstelhouse.de\/it\/best-price-guarantee\/","og_site_name":"Amstel House (it)","article_modified_time":"2021-11-19T16:03:43+00:00","twitter_misc":{"Est. reading time":"1 minute"},"schema":{"@context":"https:\/\/schema.org","@graph":[{"@type":"WebPage","@id":"https:\/\/www.amstelhouse.de\/it\/best-price-guarantee\/","url":"https:\/\/www.amstelhouse.de\/it\/best-price-guarantee\/","name":"Miglior prezzo per le camere a Berlino | Ostello economico","isPartOf":{"@id":"https:\/\/www.amstelhouse.de\/it\/#website"},"datePublished":"2015-02-10T19:54:19+00:00","dateModified":"2021-11-19T16:03:43+00:00","description":"Ottieni il miglior prezzo garantito per un ostello a Berlino. Prenota dal nostro sito web. \u00c8 pi\u00f9 economico e ti d\u00e0 accesso a molti pi\u00f9 vantaggi.","breadcrumb":{"@id":"https:\/\/www.amstelhouse.de\/it\/best-price-guarantee\/#breadcrumb"},"inLanguage":"it-IT","potentialAction":[{"@type":"ReadAction","target":["https:\/\/www.amstelhouse.de\/it\/best-price-guarantee\/"]}]},{"@type":"BreadcrumbList","@id":"https:\/\/www.amstelhouse.de\/it\/best-price-guarantee\/#breadcrumb","itemListElement":[{"@type":"ListItem","position":1,"name":"Home","item":"https:\/\/www.amstelhouse.de\/it\/"},{"@type":"ListItem","position":2,"name":"Best Price Guarantee"}]},{"@type":"WebSite","@id":"https:\/\/www.amstelhouse.de\/it\/#website","url":"https:\/\/www.amstelhouse.de\/it\/","name":"Amstel House (it)","description":"Just another WordPress site","potentialAction":[{"@type":"SearchAction","target":{"@type":"EntryPoint","urlTemplate":"https:\/\/www.amstelhouse.de\/it\/?s={search_term_string}"},"query-input":"required name=search_term_string"}],"inLanguage":"it-IT"}]}},"_links":{"self":[{"href":"https:\/\/www.amstelhouse.de\/it\/wp-json\/wp\/v2\/pages\/76"}],"collection":[{"href":"https:\/\/www.amstelhouse.de\/it\/wp-json\/wp\/v2\/pages"}],"about":[{"href":"https:\/\/www.amstelhouse.de\/it\/wp-json\/wp\/v2\/types\/page"}],"author":[{"embeddable":true,"href":"https:\/\/www.amstelhouse.de\/it\/wp-json\/wp\/v2\/users\/2"}],"replies":[{"embeddable":true,"href":"https:\/\/www.amstelhouse.de\/it\/wp-json\/wp\/v2\/comments?post=76"}],"version-history":[{"count":4,"href":"https:\/\/www.amstelhouse.de\/it\/wp-json\/wp\/v2\/pages\/76\/revisions"}],"predecessor-version":[{"id":970,"href":"https:\/\/www.amstelhouse.de\/it\/wp-json\/wp\/v2\/pages\/76\/revisions\/970"}],"wp:attachment":[{"href":"https:\/\/www.amstelhouse.de\/it\/wp-json\/wp\/v2\/media?parent=76"}],"curies":[{"name":"wp","href":"https:\/\/api.w.org\/{rel}","templated":true}]}}