{"id":12,"date":"2015-02-05T17:46:58","date_gmt":"2015-02-05T17:46:58","guid":{"rendered":"http:\/\/www.amstelhouse.de\/pl\/?page_id=12"},"modified":"2021-11-26T10:25:02","modified_gmt":"2021-11-26T10:25:02","slug":"oferty","status":"publish","type":"page","link":"https:\/\/www.amstelhouse.de\/pl\/oferty\/","title":{"rendered":"Oferty"},"content":{"rendered":"<h1 style=\"text-align: center;\"><strong>OFERTY I ZNI\u017bKI NA WAKACJE W BERLINIE<\/strong><\/h1>\n<h2><strong>NASZE <\/strong><strong>NAJLEPSZE OFERTY NA ZAKWATEROWANIE W HOSTELU\u00a0<\/strong><\/h2>\n<p>Studenci, osoby podr\u00f3\u017cuj\u0105ce solo, sportowcy, rodziny i pary: ka\u017cdy z nich ma szczeg\u00f3lny pow\u00f3d, aby wybra\u0107 Berlin jako cel podr\u00f3\u017cy &#8211; jak r\u00f3wnie\u017c ka\u017cdy ma personalne aspekty, kt\u00f3re nale\u017cy wzi\u0105\u0107 pod uwag\u0119 szukaj\u0105c zakwaterowania. Istnieje jednak jedno pragnienie, kt\u00f3re \u0142\u0105czy ich wszystkich: znale\u017a\u0107 najlepsze miejsce za najni\u017csz\u0105 cen\u0119.\u00a0Przestronny i wszechstronny Amstel House Hostel Berlin oferuje seri\u0119 oferte dla podr\u00f3\u017cuj\u0105cych, z kt\u00f3rych ka\u017cda jest starannie zaprojektowana dla wyj\u0105tkowego typu podr\u00f3\u017cnego. Te specjalne oferty hostelu obejmuj\u0105 noclegi i us\u0142ugi w promocyjnych cenach. Jeden z nich na pewno idealnie pasuje do Ciebie! Sprawd\u017a to i wybierz ofert\u0119 skrojon\u0105 na miar\u0119.<\/p>\n","protected":false},"excerpt":{"rendered":"<p>OFERTY I ZNI\u017bKI NA WAKACJE W BERLINIE NASZE NAJLEPSZE OFERTY NA ZAKWATEROWANIE W HOSTELU\u00a0 Studenci, osoby podr\u00f3\u017cuj\u0105ce solo, sportowcy, rodziny i pary: ka\u017cdy z nich ma szczeg\u00f3lny pow\u00f3d, aby wybra\u0107 Berlin jako cel podr\u00f3\u017cy &#8211; jak r\u00f3wnie\u017c ka\u017cdy ma personalne aspekty, kt\u00f3re nale\u017cy wzi\u0105\u0107 pod uwag\u0119 szukaj\u0105c zakwaterowania. Istnieje jednak jedno pragnienie, kt\u00f3re \u0142\u0105czy ich [&hellip;]<\/p>\n","protected":false},"author":2,"featured_media":2988,"parent":0,"menu_order":13,"comment_status":"closed","ping_status":"closed","template":"page-offers.php","meta":{"footnotes":""},"class_list":["post-12","page","type-page","status-publish","has-post-thumbnail","hentry"],"acf":[],"yoast_head":"<!-- This site is optimized with the Yoast SEO plugin v20.8 - https:\/\/yoast.com\/wordpress\/plugins\/seo\/ -->\n<title>Oferty podr\u00f3\u017cy w Berlinie | Oferty specjalne na zakwaterowanie<\/title>\n<meta name=\"description\" content=\"Znajd\u017a idealn\u0105 oferty podr\u00f3\u017cy na pobyt w Berlinie. Od pokoi rodzinnych do pokoi weekendowych, oferujemy tanie pakiety na stylowe dni w centrum Berlina.\" \/>\n<meta name=\"robots\" content=\"noindex, follow\" \/>\n<meta property=\"og:locale\" content=\"pl_PL\" \/>\n<meta property=\"og:type\" content=\"article\" \/>\n<meta property=\"og:title\" content=\"Oferty podr\u00f3\u017cy w Berlinie | Oferty specjalne na zakwaterowanie\" \/>\n<meta property=\"og:description\" content=\"Znajd\u017a idealn\u0105 oferty podr\u00f3\u017cy na pobyt w Berlinie. Od pokoi rodzinnych do pokoi weekendowych, oferujemy tanie pakiety na stylowe dni w centrum Berlina.\" \/>\n<meta property=\"og:url\" content=\"https:\/\/www.amstelhouse.de\/pl\/oferty\/\" \/>\n<meta property=\"og:site_name\" content=\"Amstel House (PL)\" \/>\n<meta property=\"article:modified_time\" content=\"2021-11-26T10:25:02+00:00\" \/>\n<meta property=\"og:image\" content=\"https:\/\/www.amstelhouse.de\/pl\/wp-content\/uploads\/sites\/33\/2020\/01\/amstel-hostel-berlin-oferty-podr\u00f3\u017cy-bud\u017cetowych.jpg\" \/>\n\t<meta property=\"og:image:width\" content=\"1900\" \/>\n\t<meta property=\"og:image:height\" content=\"760\" \/>\n\t<meta property=\"og:image:type\" content=\"image\/jpeg\" \/>\n<meta name=\"twitter:label1\" content=\"Est. reading time\" \/>\n\t<meta name=\"twitter:data1\" content=\"1 minute\" \/>\n<script type=\"application\/ld+json\" class=\"yoast-schema-graph\">{\"@context\":\"https:\/\/schema.org\",\"@graph\":[{\"@type\":\"WebPage\",\"@id\":\"https:\/\/www.amstelhouse.de\/pl\/oferty\/\",\"url\":\"https:\/\/www.amstelhouse.de\/pl\/oferty\/\",\"name\":\"Oferty podr\u00f3\u017cy w Berlinie | Oferty specjalne na zakwaterowanie\",\"isPartOf\":{\"@id\":\"https:\/\/www.amstelhouse.de\/pl\/#website\"},\"datePublished\":\"2015-02-05T17:46:58+00:00\",\"dateModified\":\"2021-11-26T10:25:02+00:00\",\"description\":\"Znajd\u017a idealn\u0105 oferty podr\u00f3\u017cy na pobyt w Berlinie. Od pokoi rodzinnych do pokoi weekendowych, oferujemy tanie pakiety na stylowe dni w centrum Berlina.\",\"breadcrumb\":{\"@id\":\"https:\/\/www.amstelhouse.de\/pl\/oferty\/#breadcrumb\"},\"inLanguage\":\"pl-PL\",\"potentialAction\":[{\"@type\":\"ReadAction\",\"target\":[\"https:\/\/www.amstelhouse.de\/pl\/oferty\/\"]}]},{\"@type\":\"BreadcrumbList\",\"@id\":\"https:\/\/www.amstelhouse.de\/pl\/oferty\/#breadcrumb\",\"itemListElement\":[{\"@type\":\"ListItem\",\"position\":1,\"name\":\"Home\",\"item\":\"https:\/\/www.amstelhouse.de\/pl\/\"},{\"@type\":\"ListItem\",\"position\":2,\"name\":\"Oferty\"}]},{\"@type\":\"WebSite\",\"@id\":\"https:\/\/www.amstelhouse.de\/pl\/#website\",\"url\":\"https:\/\/www.amstelhouse.de\/pl\/\",\"name\":\"Amstel House (PL)\",\"description\":\"Just another WordPress site\",\"potentialAction\":[{\"@type\":\"SearchAction\",\"target\":{\"@type\":\"EntryPoint\",\"urlTemplate\":\"https:\/\/www.amstelhouse.de\/pl\/?s={search_term_string}\"},\"query-input\":\"required name=search_term_string\"}],\"inLanguage\":\"pl-PL\"}]}<\/script>\n<!-- \/ Yoast SEO plugin. -->","yoast_head_json":{"title":"Oferty podr\u00f3\u017cy w Berlinie | Oferty specjalne na zakwaterowanie","description":"Znajd\u017a idealn\u0105 oferty podr\u00f3\u017cy na pobyt w Berlinie. Od pokoi rodzinnych do pokoi weekendowych, oferujemy tanie pakiety na stylowe dni w centrum Berlina.","robots":{"index":"noindex","follow":"follow"},"og_locale":"pl_PL","og_type":"article","og_title":"Oferty podr\u00f3\u017cy w Berlinie | Oferty specjalne na zakwaterowanie","og_description":"Znajd\u017a idealn\u0105 oferty podr\u00f3\u017cy na pobyt w Berlinie. Od pokoi rodzinnych do pokoi weekendowych, oferujemy tanie pakiety na stylowe dni w centrum Berlina.","og_url":"https:\/\/www.amstelhouse.de\/pl\/oferty\/","og_site_name":"Amstel House (PL)","article_modified_time":"2021-11-26T10:25:02+00:00","og_image":[{"width":1900,"height":760,"url":"https:\/\/www.amstelhouse.de\/pl\/wp-content\/uploads\/sites\/33\/2020\/01\/amstel-hostel-berlin-oferty-podr\u00f3\u017cy-bud\u017cetowych.jpg","type":"image\/jpeg"}],"twitter_misc":{"Est. reading time":"1 minute"},"schema":{"@context":"https:\/\/schema.org","@graph":[{"@type":"WebPage","@id":"https:\/\/www.amstelhouse.de\/pl\/oferty\/","url":"https:\/\/www.amstelhouse.de\/pl\/oferty\/","name":"Oferty podr\u00f3\u017cy w Berlinie | Oferty specjalne na zakwaterowanie","isPartOf":{"@id":"https:\/\/www.amstelhouse.de\/pl\/#website"},"datePublished":"2015-02-05T17:46:58+00:00","dateModified":"2021-11-26T10:25:02+00:00","description":"Znajd\u017a idealn\u0105 oferty podr\u00f3\u017cy na pobyt w Berlinie. Od pokoi rodzinnych do pokoi weekendowych, oferujemy tanie pakiety na stylowe dni w centrum Berlina.","breadcrumb":{"@id":"https:\/\/www.amstelhouse.de\/pl\/oferty\/#breadcrumb"},"inLanguage":"pl-PL","potentialAction":[{"@type":"ReadAction","target":["https:\/\/www.amstelhouse.de\/pl\/oferty\/"]}]},{"@type":"BreadcrumbList","@id":"https:\/\/www.amstelhouse.de\/pl\/oferty\/#breadcrumb","itemListElement":[{"@type":"ListItem","position":1,"name":"Home","item":"https:\/\/www.amstelhouse.de\/pl\/"},{"@type":"ListItem","position":2,"name":"Oferty"}]},{"@type":"WebSite","@id":"https:\/\/www.amstelhouse.de\/pl\/#website","url":"https:\/\/www.amstelhouse.de\/pl\/","name":"Amstel House (PL)","description":"Just another WordPress site","potentialAction":[{"@type":"SearchAction","target":{"@type":"EntryPoint","urlTemplate":"https:\/\/www.amstelhouse.de\/pl\/?s={search_term_string}"},"query-input":"required name=search_term_string"}],"inLanguage":"pl-PL"}]}},"_links":{"self":[{"href":"https:\/\/www.amstelhouse.de\/pl\/wp-json\/wp\/v2\/pages\/12"}],"collection":[{"href":"https:\/\/www.amstelhouse.de\/pl\/wp-json\/wp\/v2\/pages"}],"about":[{"href":"https:\/\/www.amstelhouse.de\/pl\/wp-json\/wp\/v2\/types\/page"}],"author":[{"embeddable":true,"href":"https:\/\/www.amstelhouse.de\/pl\/wp-json\/wp\/v2\/users\/2"}],"replies":[{"embeddable":true,"href":"https:\/\/www.amstelhouse.de\/pl\/wp-json\/wp\/v2\/comments?post=12"}],"version-history":[{"count":3,"href":"https:\/\/www.amstelhouse.de\/pl\/wp-json\/wp\/v2\/pages\/12\/revisions"}],"predecessor-version":[{"id":3011,"href":"https:\/\/www.amstelhouse.de\/pl\/wp-json\/wp\/v2\/pages\/12\/revisions\/3011"}],"wp:featuredmedia":[{"embeddable":true,"href":"https:\/\/www.amstelhouse.de\/pl\/wp-json\/wp\/v2\/media\/2988"}],"wp:attachment":[{"href":"https:\/\/www.amstelhouse.de\/pl\/wp-json\/wp\/v2\/media?parent=12"}],"curies":[{"name":"wp","href":"https:\/\/api.w.org\/{rel}","templated":true}]}}