{"id":14,"date":"2015-02-05T17:44:17","date_gmt":"2015-02-05T17:44:17","guid":{"rendered":"http:\/\/www.amstelhouse.de\/pl\/?page_id=14"},"modified":"2021-11-26T10:35:46","modified_gmt":"2021-11-26T10:35:46","slug":"noclegi-grupowe","status":"publish","type":"page","link":"https:\/\/www.amstelhouse.de\/pl\/noclegi-grupowe\/","title":{"rendered":"GRUPY"},"content":{"rendered":"<h1 style=\"text-align: center;\"><strong>Noclegi grupowe<\/strong><\/h1>\n<h2 style=\"text-align: center;\">ZAKWATEROWANIE W HOSTELU DLA 12 LUB WI\u0118CEJ OS\u00d3B<\/h2>\n<p>Amstel House Hostel Berlin ma ponad 10 lat do\u015bwiadczenia w zakwaterowaniu grupowe. Oferujemy zr\u00f3\u017cnicowan\u0105 gam\u0119 czystych, wygodnych i niedrogich pokoi hostelowych &#8211; w tym prywatne apartamenty dla przewodnik\u00f3w i nauczycieli. Nasze obiekty s\u0105 nowoczesne\u00a0i dobrze wyposa\u017cone. Kawiarnia mo\u017ce pomie\u015bci\u0107 do 120 os\u00f3b i oferuje \u015bniadania lub\u00a0 ca\u0142odzienne wy\u017cywienie, jak r\u00f3wnie\u017c pakiety obiadowe i Burger BBQs. Oferujemy r\u00f3wnie\u017c wiele mo\u017cliwo\u015bci sp\u0119dzania wolnego czasu. Idealne miejsce dla grup szkolnych.\u00a0Skorzystaj z wiedzy i know-how naszego zespo\u0142u oraz z naszych kontakt\u00f3w i program\u00f3w partnerskich jakie przygotowali\u015bmy, z przyjemno\u015bci\u0105 pomo\u017cemy Ci zaplanowa\u0107 pobyt w Berlinie w najbardziej efektywny i kreatywny spos\u00f3b.<\/p>\n<p>&nbsp;<\/p>\n","protected":false},"excerpt":{"rendered":"<p>Noclegi grupowe ZAKWATEROWANIE W HOSTELU DLA 12 LUB WI\u0118CEJ OS\u00d3B Amstel House Hostel Berlin ma ponad 10 lat do\u015bwiadczenia w zakwaterowaniu grupowe. Oferujemy zr\u00f3\u017cnicowan\u0105 gam\u0119 czystych, wygodnych i niedrogich pokoi hostelowych &#8211; w tym prywatne apartamenty dla przewodnik\u00f3w i nauczycieli. Nasze obiekty s\u0105 nowoczesne\u00a0i dobrze wyposa\u017cone. Kawiarnia mo\u017ce pomie\u015bci\u0107 do 120 os\u00f3b i oferuje \u015bniadania [&hellip;]<\/p>\n","protected":false},"author":2,"featured_media":2574,"parent":0,"menu_order":12,"comment_status":"closed","ping_status":"closed","template":"page-offer-groups.php","meta":{"footnotes":""},"class_list":["post-14","page","type-page","status-publish","has-post-thumbnail","hentry"],"acf":[],"yoast_head":"<!-- This site is optimized with the Yoast SEO plugin v20.8 - https:\/\/yoast.com\/wordpress\/plugins\/seo\/ -->\n<title>Noclegi grupowe w Berlinie | Wycieczki szkolne<\/title>\n<meta name=\"description\" content=\"Mamy ponad 10-letnie do\u015bwiadczenie w Noclegi grupowe. Opr\u00f3cz okazyjnych cen i wielu innych udogodnie\u0144, mamy ekspert\u00f3w, kt\u00f3rzy pomog\u0105 Ci zaplanowa\u0107 pobyt.\" \/>\n<meta name=\"robots\" content=\"index, follow, max-snippet:-1, max-image-preview:large, max-video-preview:-1\" \/>\n<link rel=\"canonical\" href=\"https:\/\/www.amstelhouse.de\/pl\/noclegi-grupowe\/\" \/>\n<meta property=\"og:locale\" content=\"pl_PL\" \/>\n<meta property=\"og:type\" content=\"article\" \/>\n<meta property=\"og:title\" content=\"Noclegi grupowe w Berlinie | Wycieczki szkolne\" \/>\n<meta property=\"og:description\" content=\"Mamy ponad 10-letnie do\u015bwiadczenie w Noclegi grupowe. Opr\u00f3cz okazyjnych cen i wielu innych udogodnie\u0144, mamy ekspert\u00f3w, kt\u00f3rzy pomog\u0105 Ci zaplanowa\u0107 pobyt.\" \/>\n<meta property=\"og:url\" content=\"https:\/\/www.amstelhouse.de\/pl\/noclegi-grupowe\/\" \/>\n<meta property=\"og:site_name\" content=\"Amstel House (PL)\" \/>\n<meta property=\"article:modified_time\" content=\"2021-11-26T10:35:46+00:00\" \/>\n<meta property=\"og:image\" content=\"https:\/\/www.amstelhouse.de\/pl\/wp-content\/uploads\/sites\/33\/2018\/06\/zakwaterowanie-grup-Berlin.jpg\" \/>\n\t<meta property=\"og:image:width\" content=\"1800\" \/>\n\t<meta property=\"og:image:height\" content=\"720\" \/>\n\t<meta property=\"og:image:type\" content=\"image\/jpeg\" \/>\n<meta name=\"twitter:label1\" content=\"Est. reading time\" \/>\n\t<meta name=\"twitter:data1\" content=\"1 minute\" \/>\n<script type=\"application\/ld+json\" class=\"yoast-schema-graph\">{\"@context\":\"https:\/\/schema.org\",\"@graph\":[{\"@type\":\"WebPage\",\"@id\":\"https:\/\/www.amstelhouse.de\/pl\/noclegi-grupowe\/\",\"url\":\"https:\/\/www.amstelhouse.de\/pl\/noclegi-grupowe\/\",\"name\":\"Noclegi grupowe w Berlinie | Wycieczki szkolne\",\"isPartOf\":{\"@id\":\"https:\/\/www.amstelhouse.de\/pl\/#website\"},\"datePublished\":\"2015-02-05T17:44:17+00:00\",\"dateModified\":\"2021-11-26T10:35:46+00:00\",\"description\":\"Mamy ponad 10-letnie do\u015bwiadczenie w Noclegi grupowe. Opr\u00f3cz okazyjnych cen i wielu innych udogodnie\u0144, mamy ekspert\u00f3w, kt\u00f3rzy pomog\u0105 Ci zaplanowa\u0107 pobyt.\",\"breadcrumb\":{\"@id\":\"https:\/\/www.amstelhouse.de\/pl\/noclegi-grupowe\/#breadcrumb\"},\"inLanguage\":\"pl-PL\",\"potentialAction\":[{\"@type\":\"ReadAction\",\"target\":[\"https:\/\/www.amstelhouse.de\/pl\/noclegi-grupowe\/\"]}]},{\"@type\":\"BreadcrumbList\",\"@id\":\"https:\/\/www.amstelhouse.de\/pl\/noclegi-grupowe\/#breadcrumb\",\"itemListElement\":[{\"@type\":\"ListItem\",\"position\":1,\"name\":\"Home\",\"item\":\"https:\/\/www.amstelhouse.de\/pl\/\"},{\"@type\":\"ListItem\",\"position\":2,\"name\":\"GRUPY\"}]},{\"@type\":\"WebSite\",\"@id\":\"https:\/\/www.amstelhouse.de\/pl\/#website\",\"url\":\"https:\/\/www.amstelhouse.de\/pl\/\",\"name\":\"Amstel House (PL)\",\"description\":\"Just another WordPress site\",\"potentialAction\":[{\"@type\":\"SearchAction\",\"target\":{\"@type\":\"EntryPoint\",\"urlTemplate\":\"https:\/\/www.amstelhouse.de\/pl\/?s={search_term_string}\"},\"query-input\":\"required name=search_term_string\"}],\"inLanguage\":\"pl-PL\"}]}<\/script>\n<!-- \/ Yoast SEO plugin. -->","yoast_head_json":{"title":"Noclegi grupowe w Berlinie | Wycieczki szkolne","description":"Mamy ponad 10-letnie do\u015bwiadczenie w Noclegi grupowe. Opr\u00f3cz okazyjnych cen i wielu innych udogodnie\u0144, mamy ekspert\u00f3w, kt\u00f3rzy pomog\u0105 Ci zaplanowa\u0107 pobyt.","robots":{"index":"index","follow":"follow","max-snippet":"max-snippet:-1","max-image-preview":"max-image-preview:large","max-video-preview":"max-video-preview:-1"},"canonical":"https:\/\/www.amstelhouse.de\/pl\/noclegi-grupowe\/","og_locale":"pl_PL","og_type":"article","og_title":"Noclegi grupowe w Berlinie | Wycieczki szkolne","og_description":"Mamy ponad 10-letnie do\u015bwiadczenie w Noclegi grupowe. Opr\u00f3cz okazyjnych cen i wielu innych udogodnie\u0144, mamy ekspert\u00f3w, kt\u00f3rzy pomog\u0105 Ci zaplanowa\u0107 pobyt.","og_url":"https:\/\/www.amstelhouse.de\/pl\/noclegi-grupowe\/","og_site_name":"Amstel House (PL)","article_modified_time":"2021-11-26T10:35:46+00:00","og_image":[{"width":1800,"height":720,"url":"https:\/\/www.amstelhouse.de\/pl\/wp-content\/uploads\/sites\/33\/2018\/06\/zakwaterowanie-grup-Berlin.jpg","type":"image\/jpeg"}],"twitter_misc":{"Est. reading time":"1 minute"},"schema":{"@context":"https:\/\/schema.org","@graph":[{"@type":"WebPage","@id":"https:\/\/www.amstelhouse.de\/pl\/noclegi-grupowe\/","url":"https:\/\/www.amstelhouse.de\/pl\/noclegi-grupowe\/","name":"Noclegi grupowe w Berlinie | Wycieczki szkolne","isPartOf":{"@id":"https:\/\/www.amstelhouse.de\/pl\/#website"},"datePublished":"2015-02-05T17:44:17+00:00","dateModified":"2021-11-26T10:35:46+00:00","description":"Mamy ponad 10-letnie do\u015bwiadczenie w Noclegi grupowe. Opr\u00f3cz okazyjnych cen i wielu innych udogodnie\u0144, mamy ekspert\u00f3w, kt\u00f3rzy pomog\u0105 Ci zaplanowa\u0107 pobyt.","breadcrumb":{"@id":"https:\/\/www.amstelhouse.de\/pl\/noclegi-grupowe\/#breadcrumb"},"inLanguage":"pl-PL","potentialAction":[{"@type":"ReadAction","target":["https:\/\/www.amstelhouse.de\/pl\/noclegi-grupowe\/"]}]},{"@type":"BreadcrumbList","@id":"https:\/\/www.amstelhouse.de\/pl\/noclegi-grupowe\/#breadcrumb","itemListElement":[{"@type":"ListItem","position":1,"name":"Home","item":"https:\/\/www.amstelhouse.de\/pl\/"},{"@type":"ListItem","position":2,"name":"GRUPY"}]},{"@type":"WebSite","@id":"https:\/\/www.amstelhouse.de\/pl\/#website","url":"https:\/\/www.amstelhouse.de\/pl\/","name":"Amstel House (PL)","description":"Just another WordPress site","potentialAction":[{"@type":"SearchAction","target":{"@type":"EntryPoint","urlTemplate":"https:\/\/www.amstelhouse.de\/pl\/?s={search_term_string}"},"query-input":"required name=search_term_string"}],"inLanguage":"pl-PL"}]}},"_links":{"self":[{"href":"https:\/\/www.amstelhouse.de\/pl\/wp-json\/wp\/v2\/pages\/14"}],"collection":[{"href":"https:\/\/www.amstelhouse.de\/pl\/wp-json\/wp\/v2\/pages"}],"about":[{"href":"https:\/\/www.amstelhouse.de\/pl\/wp-json\/wp\/v2\/types\/page"}],"author":[{"embeddable":true,"href":"https:\/\/www.amstelhouse.de\/pl\/wp-json\/wp\/v2\/users\/2"}],"replies":[{"embeddable":true,"href":"https:\/\/www.amstelhouse.de\/pl\/wp-json\/wp\/v2\/comments?post=14"}],"version-history":[{"count":5,"href":"https:\/\/www.amstelhouse.de\/pl\/wp-json\/wp\/v2\/pages\/14\/revisions"}],"predecessor-version":[{"id":3027,"href":"https:\/\/www.amstelhouse.de\/pl\/wp-json\/wp\/v2\/pages\/14\/revisions\/3027"}],"wp:featuredmedia":[{"embeddable":true,"href":"https:\/\/www.amstelhouse.de\/pl\/wp-json\/wp\/v2\/media\/2574"}],"wp:attachment":[{"href":"https:\/\/www.amstelhouse.de\/pl\/wp-json\/wp\/v2\/media?parent=14"}],"curies":[{"name":"wp","href":"https:\/\/api.w.org\/{rel}","templated":true}]}}