{"id":149,"date":"2015-02-11T04:25:47","date_gmt":"2015-02-11T04:25:47","guid":{"rendered":"http:\/\/www.amstelhouse.de\/pl\/?page_id=149"},"modified":"2021-11-25T14:42:57","modified_gmt":"2021-11-25T14:42:57","slug":"home-page","status":"publish","type":"page","link":"https:\/\/www.amstelhouse.de\/pl\/","title":{"rendered":"Amstel House Hostel Berlin"},"content":{"rendered":"<h2>Witajcie w Amstel House Hostel Berlin<\/h2>\n<p>\u015awiadek burzliwej historii, serce sceny alternatywnej, \u015bwi\u0105tynia muzyki elektronicznej i sztuki wsp\u00f3\u0142czesnej: bez w\u0105tpnienia modny Berlin jest jednym z najbardziej interesuj\u0105cych miast na \u015bwiecie. Amstel House Hostel Berlin ma przyjemno\u015b\u0107 towarzyszy\u0107 Wam w tej fascynuj\u0105cej podr\u00f3\u017cy. Po\u0142o\u017cony na Moabicie, najnowszym hotspocie dzielnicy Mitte, nasz hostel otoczony jest najwa\u017cniejszymi atrakcjami turystycznymi.<\/p>\n<p>Wybrany dwa razy jako najlepsza za\u0142oga hostelowa w Europe, nasz team jest zawsze do dyspozycji naszych go\u015bci. Nasza recepcja i bar otwarte s\u0105 24 godziny na dob\u0119. Nasz stuletni historyczny budynek utrzymany w stylu art nouveau zosta\u0142 ca\u0142kowicie odnowiony i zapewnia wygodne zakwaterowanie oraz szerogi wachlarz us\u0142ug takich jak \u015bniadanie, wypo\u017cyczalnia rower\u00f3w, pok\u00f3j do gier, w pe\u0142ni wyposa\u017cona kuchnia dla go\u015bci, darmowy internet, dost\u0119p do Wifi i znaczenie wi\u0119cej. Posiadamy szerok\u0105 ofert\u0119 niedrogich pokoj\u00f3w zaopatrzonych w pojedyncze i podw\u00f3jne \u0142\u00f3\u017cka. Oferujemy tak\u017ce pokoje z czterema \u0142\u00f3\u017ckami i dormitoria, jak r\u00f3wnie\u017c dormitoria kobiece, pokoje rodzinne, i inne oferty specjalne takie jak pakiet Maraton Berli\u0144ski czy Nowy Jork.<\/p>\n<p>Amstel House Hostel jest \u015bwietnym wyborem. Przeznaczony dla ka\u017cdego typu podr\u00f3\u017cnika, z ka\u017cdego zak\u0105tka \u015bwiata, Amstel House Hostel oferuje niedrogie i wygodne zakwaterowanie . Wspania\u0142e miejsce do rozpocz\u0119cia Twojej podr\u00f3\u017cy przez berli\u0144ski styl \u017cycia.<\/p>\n","protected":false},"excerpt":{"rendered":"<p>Witajcie w Amstel House Hostel Berlin \u015awiadek burzliwej historii, serce sceny alternatywnej, \u015bwi\u0105tynia muzyki elektronicznej i sztuki wsp\u00f3\u0142czesnej: bez w\u0105tpnienia modny Berlin jest jednym z najbardziej interesuj\u0105cych miast na \u015bwiecie. Amstel House Hostel Berlin ma przyjemno\u015b\u0107 towarzyszy\u0107 Wam w tej fascynuj\u0105cej podr\u00f3\u017cy. Po\u0142o\u017cony na Moabicie, najnowszym hotspocie dzielnicy Mitte, nasz hostel otoczony jest najwa\u017cniejszymi atrakcjami [&hellip;]<\/p>\n","protected":false},"author":2,"featured_media":0,"parent":0,"menu_order":2,"comment_status":"closed","ping_status":"open","template":"front-page.php","meta":{"footnotes":""},"class_list":["post-149","page","type-page","status-publish","hentry"],"acf":[],"yoast_head":"<!-- This site is optimized with the Yoast SEO plugin v20.8 - https:\/\/yoast.com\/wordpress\/plugins\/seo\/ -->\n<title>Najlepszy hostel w centrum Berlina<\/title>\n<meta name=\"description\" content=\"Zatrzymaj si\u0119 w najlepszym hostelu bud\u017cetowym w centrum Berlina. Oferujemy \u015bwietny design i pokoje w przyst\u0119pnej cenie. Sprawd\u017a nasze ceny i dost\u0119pno\u015b\u0107.\" \/>\n<meta name=\"robots\" content=\"index, follow, max-snippet:-1, max-image-preview:large, max-video-preview:-1\" \/>\n<link rel=\"canonical\" href=\"https:\/\/www.amstelhouse.de\/pl\/\" \/>\n<meta property=\"og:locale\" content=\"pl_PL\" \/>\n<meta property=\"og:type\" content=\"article\" \/>\n<meta property=\"og:title\" content=\"Najlepszy hostel w centrum Berlina\" \/>\n<meta property=\"og:description\" content=\"Zatrzymaj si\u0119 w najlepszym hostelu bud\u017cetowym w centrum Berlina. Oferujemy \u015bwietny design i pokoje w przyst\u0119pnej cenie. Sprawd\u017a nasze ceny i dost\u0119pno\u015b\u0107.\" \/>\n<meta property=\"og:url\" content=\"https:\/\/www.amstelhouse.de\/pl\/\" \/>\n<meta property=\"og:site_name\" content=\"Amstel House (PL)\" \/>\n<meta property=\"article:modified_time\" content=\"2021-11-25T14:42:57+00:00\" \/>\n<meta name=\"twitter:label1\" content=\"Est. reading time\" \/>\n\t<meta name=\"twitter:data1\" content=\"1 minute\" \/>\n<script type=\"application\/ld+json\" class=\"yoast-schema-graph\">{\"@context\":\"https:\/\/schema.org\",\"@graph\":[{\"@type\":\"WebPage\",\"@id\":\"https:\/\/www.amstelhouse.de\/pl\/\",\"url\":\"https:\/\/www.amstelhouse.de\/pl\/\",\"name\":\"Najlepszy hostel w centrum Berlina\",\"isPartOf\":{\"@id\":\"https:\/\/www.amstelhouse.de\/pl\/#website\"},\"datePublished\":\"2015-02-11T04:25:47+00:00\",\"dateModified\":\"2021-11-25T14:42:57+00:00\",\"description\":\"Zatrzymaj si\u0119 w najlepszym hostelu bud\u017cetowym w centrum Berlina. Oferujemy \u015bwietny design i pokoje w przyst\u0119pnej cenie. Sprawd\u017a nasze ceny i dost\u0119pno\u015b\u0107.\",\"breadcrumb\":{\"@id\":\"https:\/\/www.amstelhouse.de\/pl\/#breadcrumb\"},\"inLanguage\":\"pl-PL\",\"potentialAction\":[{\"@type\":\"ReadAction\",\"target\":[\"https:\/\/www.amstelhouse.de\/pl\/\"]}]},{\"@type\":\"BreadcrumbList\",\"@id\":\"https:\/\/www.amstelhouse.de\/pl\/#breadcrumb\",\"itemListElement\":[{\"@type\":\"ListItem\",\"position\":1,\"name\":\"Home\",\"item\":\"https:\/\/www.amstelhouse.de\/pl\/\"},{\"@type\":\"ListItem\",\"position\":2,\"name\":\"Amstel House Hostel Berlin\"}]},{\"@type\":\"WebSite\",\"@id\":\"https:\/\/www.amstelhouse.de\/pl\/#website\",\"url\":\"https:\/\/www.amstelhouse.de\/pl\/\",\"name\":\"Amstel House (PL)\",\"description\":\"Just another WordPress site\",\"potentialAction\":[{\"@type\":\"SearchAction\",\"target\":{\"@type\":\"EntryPoint\",\"urlTemplate\":\"https:\/\/www.amstelhouse.de\/pl\/?s={search_term_string}\"},\"query-input\":\"required name=search_term_string\"}],\"inLanguage\":\"pl-PL\"}]}<\/script>\n<!-- \/ Yoast SEO plugin. -->","yoast_head_json":{"title":"Najlepszy hostel w centrum Berlina","description":"Zatrzymaj si\u0119 w najlepszym hostelu bud\u017cetowym w centrum Berlina. Oferujemy \u015bwietny design i pokoje w przyst\u0119pnej cenie. Sprawd\u017a nasze ceny i dost\u0119pno\u015b\u0107.","robots":{"index":"index","follow":"follow","max-snippet":"max-snippet:-1","max-image-preview":"max-image-preview:large","max-video-preview":"max-video-preview:-1"},"canonical":"https:\/\/www.amstelhouse.de\/pl\/","og_locale":"pl_PL","og_type":"article","og_title":"Najlepszy hostel w centrum Berlina","og_description":"Zatrzymaj si\u0119 w najlepszym hostelu bud\u017cetowym w centrum Berlina. Oferujemy \u015bwietny design i pokoje w przyst\u0119pnej cenie. Sprawd\u017a nasze ceny i dost\u0119pno\u015b\u0107.","og_url":"https:\/\/www.amstelhouse.de\/pl\/","og_site_name":"Amstel House (PL)","article_modified_time":"2021-11-25T14:42:57+00:00","twitter_misc":{"Est. reading time":"1 minute"},"schema":{"@context":"https:\/\/schema.org","@graph":[{"@type":"WebPage","@id":"https:\/\/www.amstelhouse.de\/pl\/","url":"https:\/\/www.amstelhouse.de\/pl\/","name":"Najlepszy hostel w centrum Berlina","isPartOf":{"@id":"https:\/\/www.amstelhouse.de\/pl\/#website"},"datePublished":"2015-02-11T04:25:47+00:00","dateModified":"2021-11-25T14:42:57+00:00","description":"Zatrzymaj si\u0119 w najlepszym hostelu bud\u017cetowym w centrum Berlina. Oferujemy \u015bwietny design i pokoje w przyst\u0119pnej cenie. Sprawd\u017a nasze ceny i dost\u0119pno\u015b\u0107.","breadcrumb":{"@id":"https:\/\/www.amstelhouse.de\/pl\/#breadcrumb"},"inLanguage":"pl-PL","potentialAction":[{"@type":"ReadAction","target":["https:\/\/www.amstelhouse.de\/pl\/"]}]},{"@type":"BreadcrumbList","@id":"https:\/\/www.amstelhouse.de\/pl\/#breadcrumb","itemListElement":[{"@type":"ListItem","position":1,"name":"Home","item":"https:\/\/www.amstelhouse.de\/pl\/"},{"@type":"ListItem","position":2,"name":"Amstel House Hostel Berlin"}]},{"@type":"WebSite","@id":"https:\/\/www.amstelhouse.de\/pl\/#website","url":"https:\/\/www.amstelhouse.de\/pl\/","name":"Amstel House (PL)","description":"Just another WordPress site","potentialAction":[{"@type":"SearchAction","target":{"@type":"EntryPoint","urlTemplate":"https:\/\/www.amstelhouse.de\/pl\/?s={search_term_string}"},"query-input":"required name=search_term_string"}],"inLanguage":"pl-PL"}]}},"_links":{"self":[{"href":"https:\/\/www.amstelhouse.de\/pl\/wp-json\/wp\/v2\/pages\/149"}],"collection":[{"href":"https:\/\/www.amstelhouse.de\/pl\/wp-json\/wp\/v2\/pages"}],"about":[{"href":"https:\/\/www.amstelhouse.de\/pl\/wp-json\/wp\/v2\/types\/page"}],"author":[{"embeddable":true,"href":"https:\/\/www.amstelhouse.de\/pl\/wp-json\/wp\/v2\/users\/2"}],"replies":[{"embeddable":true,"href":"https:\/\/www.amstelhouse.de\/pl\/wp-json\/wp\/v2\/comments?post=149"}],"version-history":[{"count":4,"href":"https:\/\/www.amstelhouse.de\/pl\/wp-json\/wp\/v2\/pages\/149\/revisions"}],"predecessor-version":[{"id":3073,"href":"https:\/\/www.amstelhouse.de\/pl\/wp-json\/wp\/v2\/pages\/149\/revisions\/3073"}],"wp:attachment":[{"href":"https:\/\/www.amstelhouse.de\/pl\/wp-json\/wp\/v2\/media?parent=149"}],"curies":[{"name":"wp","href":"https:\/\/api.w.org\/{rel}","templated":true}]}}