{"id":18,"date":"2015-02-07T08:37:08","date_gmt":"2015-02-07T08:37:08","guid":{"rendered":"http:\/\/www.amstelhouse.de\/pl\/?page_id=18"},"modified":"2023-12-14T10:29:16","modified_gmt":"2023-12-14T10:29:16","slug":"centralna-lokalizacja-w-berlinie","status":"publish","type":"page","link":"https:\/\/www.amstelhouse.de\/pl\/centralna-lokalizacja-w-berlinie\/","title":{"rendered":"lokalizacja"},"content":{"rendered":"<h1 style=\"text-align: center;\"><strong>CENTRALNA LOKALIZACJA\u00a0\u00a0<\/strong><\/h1>\n<h2 style=\"text-align: center;\"><strong>TANI PODYT W SAMYM SERCU BERLINA\u00a0<\/strong><\/h2>\n<p style=\"text-align: left;\">Znajdujemy si\u0119 w Moabit, spokojniejszej cz\u0119\u015b\u0107 centralnej dzielnicy Berlina &#8211; Mitte. Z jednej strony jeste\u015bmy otoczeni przez wiele g\u0142\u00f3wnych atrakcji turystycznych i widokowych miasta. Z drugiej strony oferujemy urok i przytulno\u015b\u0107 berli\u0144skich dzielnic mieszkaniowych. Jako odskocznie dla m\u0142odych ludzi, student\u00f3w i niezale\u017cnych artyst\u00f3w nasza okolica oferuje parki, wspania\u0142e widoki na rzek\u0119 Sprew\u0119 i spacery wzd\u0142u\u017c jej brzeg\u00f3w. Stuletnia sala targowa, wielokulturowe doznania kulinarne oraz bardzo dobre po\u0142\u0105czenie z ka\u017cd\u0105 cz\u0119\u015bci\u0105 miasta r\u00f3wnie\u017c przyczyniaj\u0105 si\u0119 do tego, \u017ce jest to wyj\u0105tkowy obszar. Od g\u0142\u00f3wnego dworca kolejowego dzieli nas pi\u0119\u0107 przystank\u00f3w tramwajem M10 w ci\u0105gu dziewi\u0119ciu minut. Dojazd z hostelu Amstel House na lotnisko Berlin-Brandenburg BER zajmuje nieca\u0142e 40 minut. Jeste\u015bmy nowocze\u015bnie zaprojektowanym hostelem i wieloma udogodnieniami a jednak z przyst\u0119pnymi cenami i centraln\u0105 lokalizacj\u0105.<\/p>\n<p>&nbsp;<\/p>\n<h5 style=\"text-align: justify;\">Waldenserstra\u00dfe 31 | 10551 Berlin \u200e<\/h5>\n","protected":false},"excerpt":{"rendered":"<p>CENTRALNA LOKALIZACJA\u00a0\u00a0 TANI PODYT W SAMYM SERCU BERLINA\u00a0 Znajdujemy si\u0119 w Moabit, spokojniejszej cz\u0119\u015b\u0107 centralnej dzielnicy Berlina &#8211; Mitte. Z jednej strony jeste\u015bmy otoczeni przez wiele g\u0142\u00f3wnych atrakcji turystycznych i widokowych miasta. Z drugiej strony oferujemy urok i przytulno\u015b\u0107 berli\u0144skich dzielnic mieszkaniowych. Jako odskocznie dla m\u0142odych ludzi, student\u00f3w i niezale\u017cnych artyst\u00f3w nasza okolica oferuje parki, [&hellip;]<\/p>\n","protected":false},"author":2,"featured_media":2635,"parent":0,"menu_order":9,"comment_status":"closed","ping_status":"closed","template":"page-location.php","meta":{"footnotes":""},"class_list":["post-18","page","type-page","status-publish","has-post-thumbnail","hentry"],"acf":[],"yoast_head":"<!-- This site is optimized with the Yoast SEO plugin v20.8 - https:\/\/yoast.com\/wordpress\/plugins\/seo\/ -->\n<title>Najlepiej po\u0142o\u017cony hostel w Berlinie | Centralna lokalizacja<\/title>\n<meta name=\"description\" content=\"Centralna lokalizacja w Berlinie: jeste\u015bmy hostelem oddalonym zaledwie kilka minut od najwi\u0119kszych atrakcji turystycznych.\" \/>\n<meta name=\"robots\" content=\"index, follow, max-snippet:-1, max-image-preview:large, max-video-preview:-1\" \/>\n<link rel=\"canonical\" href=\"https:\/\/www.amstelhouse.de\/pl\/centralna-lokalizacja-w-berlinie\/\" \/>\n<meta property=\"og:locale\" content=\"pl_PL\" \/>\n<meta property=\"og:type\" content=\"article\" \/>\n<meta property=\"og:title\" content=\"Najlepiej po\u0142o\u017cony hostel w Berlinie | Centralna lokalizacja\" \/>\n<meta property=\"og:description\" content=\"Centralna lokalizacja w Berlinie: jeste\u015bmy hostelem oddalonym zaledwie kilka minut od najwi\u0119kszych atrakcji turystycznych.\" \/>\n<meta property=\"og:url\" content=\"https:\/\/www.amstelhouse.de\/pl\/centralna-lokalizacja-w-berlinie\/\" \/>\n<meta property=\"og:site_name\" content=\"Amstel House (PL)\" \/>\n<meta property=\"article:modified_time\" content=\"2023-12-14T10:29:16+00:00\" \/>\n<meta property=\"og:image\" content=\"https:\/\/www.amstelhouse.de\/pl\/wp-content\/uploads\/sites\/33\/2018\/06\/hostel-w-centrum-Berlina.jpg\" \/>\n\t<meta property=\"og:image:width\" content=\"2100\" \/>\n\t<meta property=\"og:image:height\" content=\"840\" \/>\n\t<meta property=\"og:image:type\" content=\"image\/jpeg\" \/>\n<meta name=\"twitter:label1\" content=\"Est. reading time\" \/>\n\t<meta name=\"twitter:data1\" content=\"1 minute\" \/>\n<script type=\"application\/ld+json\" class=\"yoast-schema-graph\">{\"@context\":\"https:\/\/schema.org\",\"@graph\":[{\"@type\":\"WebPage\",\"@id\":\"https:\/\/www.amstelhouse.de\/pl\/centralna-lokalizacja-w-berlinie\/\",\"url\":\"https:\/\/www.amstelhouse.de\/pl\/centralna-lokalizacja-w-berlinie\/\",\"name\":\"Najlepiej po\u0142o\u017cony hostel w Berlinie | Centralna lokalizacja\",\"isPartOf\":{\"@id\":\"https:\/\/www.amstelhouse.de\/pl\/#website\"},\"datePublished\":\"2015-02-07T08:37:08+00:00\",\"dateModified\":\"2023-12-14T10:29:16+00:00\",\"description\":\"Centralna lokalizacja w Berlinie: jeste\u015bmy hostelem oddalonym zaledwie kilka minut od najwi\u0119kszych atrakcji turystycznych.\",\"breadcrumb\":{\"@id\":\"https:\/\/www.amstelhouse.de\/pl\/centralna-lokalizacja-w-berlinie\/#breadcrumb\"},\"inLanguage\":\"pl-PL\",\"potentialAction\":[{\"@type\":\"ReadAction\",\"target\":[\"https:\/\/www.amstelhouse.de\/pl\/centralna-lokalizacja-w-berlinie\/\"]}]},{\"@type\":\"BreadcrumbList\",\"@id\":\"https:\/\/www.amstelhouse.de\/pl\/centralna-lokalizacja-w-berlinie\/#breadcrumb\",\"itemListElement\":[{\"@type\":\"ListItem\",\"position\":1,\"name\":\"Home\",\"item\":\"https:\/\/www.amstelhouse.de\/pl\/\"},{\"@type\":\"ListItem\",\"position\":2,\"name\":\"lokalizacja\"}]},{\"@type\":\"WebSite\",\"@id\":\"https:\/\/www.amstelhouse.de\/pl\/#website\",\"url\":\"https:\/\/www.amstelhouse.de\/pl\/\",\"name\":\"Amstel House (PL)\",\"description\":\"Just another WordPress site\",\"potentialAction\":[{\"@type\":\"SearchAction\",\"target\":{\"@type\":\"EntryPoint\",\"urlTemplate\":\"https:\/\/www.amstelhouse.de\/pl\/?s={search_term_string}\"},\"query-input\":\"required name=search_term_string\"}],\"inLanguage\":\"pl-PL\"}]}<\/script>\n<!-- \/ Yoast SEO plugin. -->","yoast_head_json":{"title":"Najlepiej po\u0142o\u017cony hostel w Berlinie | Centralna lokalizacja","description":"Centralna lokalizacja w Berlinie: jeste\u015bmy hostelem oddalonym zaledwie kilka minut od najwi\u0119kszych atrakcji turystycznych.","robots":{"index":"index","follow":"follow","max-snippet":"max-snippet:-1","max-image-preview":"max-image-preview:large","max-video-preview":"max-video-preview:-1"},"canonical":"https:\/\/www.amstelhouse.de\/pl\/centralna-lokalizacja-w-berlinie\/","og_locale":"pl_PL","og_type":"article","og_title":"Najlepiej po\u0142o\u017cony hostel w Berlinie | Centralna lokalizacja","og_description":"Centralna lokalizacja w Berlinie: jeste\u015bmy hostelem oddalonym zaledwie kilka minut od najwi\u0119kszych atrakcji turystycznych.","og_url":"https:\/\/www.amstelhouse.de\/pl\/centralna-lokalizacja-w-berlinie\/","og_site_name":"Amstel House (PL)","article_modified_time":"2023-12-14T10:29:16+00:00","og_image":[{"width":"2100","height":"840","url":"https:\/\/www.amstelhouse.de\/pl\/wp-content\/uploads\/sites\/33\/2018\/06\/hostel-w-centrum-Berlina.jpg","type":"image\/jpeg"}],"twitter_misc":{"Est. reading time":"1 minute"},"schema":{"@context":"https:\/\/schema.org","@graph":[{"@type":"WebPage","@id":"https:\/\/www.amstelhouse.de\/pl\/centralna-lokalizacja-w-berlinie\/","url":"https:\/\/www.amstelhouse.de\/pl\/centralna-lokalizacja-w-berlinie\/","name":"Najlepiej po\u0142o\u017cony hostel w Berlinie | Centralna lokalizacja","isPartOf":{"@id":"https:\/\/www.amstelhouse.de\/pl\/#website"},"datePublished":"2015-02-07T08:37:08+00:00","dateModified":"2023-12-14T10:29:16+00:00","description":"Centralna lokalizacja w Berlinie: jeste\u015bmy hostelem oddalonym zaledwie kilka minut od najwi\u0119kszych atrakcji turystycznych.","breadcrumb":{"@id":"https:\/\/www.amstelhouse.de\/pl\/centralna-lokalizacja-w-berlinie\/#breadcrumb"},"inLanguage":"pl-PL","potentialAction":[{"@type":"ReadAction","target":["https:\/\/www.amstelhouse.de\/pl\/centralna-lokalizacja-w-berlinie\/"]}]},{"@type":"BreadcrumbList","@id":"https:\/\/www.amstelhouse.de\/pl\/centralna-lokalizacja-w-berlinie\/#breadcrumb","itemListElement":[{"@type":"ListItem","position":1,"name":"Home","item":"https:\/\/www.amstelhouse.de\/pl\/"},{"@type":"ListItem","position":2,"name":"lokalizacja"}]},{"@type":"WebSite","@id":"https:\/\/www.amstelhouse.de\/pl\/#website","url":"https:\/\/www.amstelhouse.de\/pl\/","name":"Amstel House (PL)","description":"Just another WordPress site","potentialAction":[{"@type":"SearchAction","target":{"@type":"EntryPoint","urlTemplate":"https:\/\/www.amstelhouse.de\/pl\/?s={search_term_string}"},"query-input":"required name=search_term_string"}],"inLanguage":"pl-PL"}]}},"_links":{"self":[{"href":"https:\/\/www.amstelhouse.de\/pl\/wp-json\/wp\/v2\/pages\/18"}],"collection":[{"href":"https:\/\/www.amstelhouse.de\/pl\/wp-json\/wp\/v2\/pages"}],"about":[{"href":"https:\/\/www.amstelhouse.de\/pl\/wp-json\/wp\/v2\/types\/page"}],"author":[{"embeddable":true,"href":"https:\/\/www.amstelhouse.de\/pl\/wp-json\/wp\/v2\/users\/2"}],"replies":[{"embeddable":true,"href":"https:\/\/www.amstelhouse.de\/pl\/wp-json\/wp\/v2\/comments?post=18"}],"version-history":[{"count":5,"href":"https:\/\/www.amstelhouse.de\/pl\/wp-json\/wp\/v2\/pages\/18\/revisions"}],"predecessor-version":[{"id":3332,"href":"https:\/\/www.amstelhouse.de\/pl\/wp-json\/wp\/v2\/pages\/18\/revisions\/3332"}],"wp:featuredmedia":[{"embeddable":true,"href":"https:\/\/www.amstelhouse.de\/pl\/wp-json\/wp\/v2\/media\/2635"}],"wp:attachment":[{"href":"https:\/\/www.amstelhouse.de\/pl\/wp-json\/wp\/v2\/media?parent=18"}],"curies":[{"name":"wp","href":"https:\/\/api.w.org\/{rel}","templated":true}]}}