{"id":1986,"date":"2017-12-18T16:05:49","date_gmt":"2017-12-18T16:05:49","guid":{"rendered":"http:\/\/www.amstelhouse.de\/staging-site\/?page_id=1986"},"modified":"2021-11-26T10:53:31","modified_gmt":"2021-11-26T10:53:31","slug":"o-nas","status":"publish","type":"page","link":"https:\/\/www.amstelhouse.de\/pl\/o-nas\/","title":{"rendered":"O NAS"},"content":{"rendered":"<h1 style=\"text-align: center;\"><strong>O NAS<\/strong><\/h1>\n<h2 style=\"text-align: center;\"><strong>FANTASTYCZNA HISTORIA DOMU AMSTEL\u00a0\u00a0<\/strong><\/h2>\n<p style=\"text-align: left;\">Koncepcja go\u015bcinno\u015bci domu Amstel House sk\u0142ada si\u0119 z trzech wzajemnie oddzia\u0142uj\u0105cych na siebie czynnik\u00f3w: pami\u0119ci, do\u015bwiadczenia i dost\u0119pno\u015bci. Kieruj\u0105c si\u0119 stuletni\u0105 histori\u0105 i pi\u0119knem naszego budynku. to, co nas porusza, to miejsce, w kt\u00f3rym odbywaj\u0105 si\u0119 niezapomniane spotkania i do\u015bwiadczenia. Oferowanie taniego, dobrego wypoczynku i snu dla najbardziej zr\u00f3\u017cnicowanych podr\u00f3\u017cnych, jak r\u00f3wnie\u017c 360\u00b0 do\u015bwiadczenia w zakresie us\u0142ug, mo\u017ce by\u0107 nasz\u0105 genez\u0105. Ale jest to gor\u0105cy punkt, w kt\u00f3rym ludzie spotykaj\u0105 si\u0119 razem, a my widzimy samych siebie. Dzi\u0119ki naszemu dynamicznemu projektowi &#8211; autorstwa wielokrotnie nagradzanego architekta Harm Rensinka -, naszym wielu wsp\u00f3lnym obszarom i naszemu \u017cywemu programowi wydarze\u0144. Wszystko &#8211; oczywi\u015bcie &#8211; w przyst\u0119pnych cenach. Wejd\u017a, jest o nas wiele do powiedzenia. Poznaj fantastyczn\u0105 histori\u0119 domu Amstel House, jak stali\u015bmy si\u0119 najlepszym hostelem bud\u017cetowym w Berlinie i dok\u0105d zmierzamy.<\/p>\n","protected":false},"excerpt":{"rendered":"<p>O NAS FANTASTYCZNA HISTORIA DOMU AMSTEL\u00a0\u00a0 Koncepcja go\u015bcinno\u015bci domu Amstel House sk\u0142ada si\u0119 z trzech wzajemnie oddzia\u0142uj\u0105cych na siebie czynnik\u00f3w: pami\u0119ci, do\u015bwiadczenia i dost\u0119pno\u015bci. Kieruj\u0105c si\u0119 stuletni\u0105 histori\u0105 i pi\u0119knem naszego budynku. to, co nas porusza, to miejsce, w kt\u00f3rym odbywaj\u0105 si\u0119 niezapomniane spotkania i do\u015bwiadczenia. Oferowanie taniego, dobrego wypoczynku i snu dla najbardziej zr\u00f3\u017cnicowanych [&hellip;]<\/p>\n","protected":false},"author":4,"featured_media":2950,"parent":0,"menu_order":1,"comment_status":"closed","ping_status":"closed","template":"page-offer-subpage-about.php","meta":{"footnotes":""},"class_list":["post-1986","page","type-page","status-publish","has-post-thumbnail","hentry"],"acf":[],"yoast_head":"<!-- This site is optimized with the Yoast SEO plugin v20.8 - https:\/\/yoast.com\/wordpress\/plugins\/seo\/ -->\n<title>O nas | Koncepcja \u2022 historia \u2022 design | Amstel House Hostel Berlin<\/title>\n<meta name=\"description\" content=\"Dowiedz si\u0119 wi\u0119cej o nas i naszej fantastycznej historii! Budynek hostelu w stylu secesyjnym, oryginalny wystr\u00f3j wn\u0119trz oraz us\u0142ugi i pokoje w przyst\u0119pnych cenach.\" \/>\n<meta name=\"robots\" content=\"index, follow, max-snippet:-1, max-image-preview:large, max-video-preview:-1\" \/>\n<link rel=\"canonical\" href=\"https:\/\/www.amstelhouse.de\/pl\/o-nas\/\" \/>\n<meta property=\"og:locale\" content=\"pl_PL\" \/>\n<meta property=\"og:type\" content=\"article\" \/>\n<meta property=\"og:title\" content=\"O nas | Koncepcja \u2022 historia \u2022 design | Amstel House Hostel Berlin\" \/>\n<meta property=\"og:description\" content=\"Dowiedz si\u0119 wi\u0119cej o nas i naszej fantastycznej historii! Budynek hostelu w stylu secesyjnym, oryginalny wystr\u00f3j wn\u0119trz oraz us\u0142ugi i pokoje w przyst\u0119pnych cenach.\" \/>\n<meta property=\"og:url\" content=\"https:\/\/www.amstelhouse.de\/pl\/o-nas\/\" \/>\n<meta property=\"og:site_name\" content=\"Amstel House (PL)\" \/>\n<meta property=\"article:modified_time\" content=\"2021-11-26T10:53:31+00:00\" \/>\n<meta property=\"og:image\" content=\"https:\/\/www.amstelhouse.de\/pl\/wp-content\/uploads\/sites\/33\/2020\/01\/design-hostel-fassade-art-nouveau-style-about-us-.jpg\" \/>\n\t<meta property=\"og:image:width\" content=\"1800\" \/>\n\t<meta property=\"og:image:height\" content=\"720\" \/>\n\t<meta property=\"og:image:type\" content=\"image\/jpeg\" \/>\n<meta name=\"twitter:label1\" content=\"Est. reading time\" \/>\n\t<meta name=\"twitter:data1\" content=\"1 minute\" \/>\n<script type=\"application\/ld+json\" class=\"yoast-schema-graph\">{\"@context\":\"https:\/\/schema.org\",\"@graph\":[{\"@type\":\"WebPage\",\"@id\":\"https:\/\/www.amstelhouse.de\/pl\/o-nas\/\",\"url\":\"https:\/\/www.amstelhouse.de\/pl\/o-nas\/\",\"name\":\"O nas | Koncepcja \u2022 historia \u2022 design | Amstel House Hostel Berlin\",\"isPartOf\":{\"@id\":\"https:\/\/www.amstelhouse.de\/pl\/#website\"},\"datePublished\":\"2017-12-18T16:05:49+00:00\",\"dateModified\":\"2021-11-26T10:53:31+00:00\",\"description\":\"Dowiedz si\u0119 wi\u0119cej o nas i naszej fantastycznej historii! Budynek hostelu w stylu secesyjnym, oryginalny wystr\u00f3j wn\u0119trz oraz us\u0142ugi i pokoje w przyst\u0119pnych cenach.\",\"breadcrumb\":{\"@id\":\"https:\/\/www.amstelhouse.de\/pl\/o-nas\/#breadcrumb\"},\"inLanguage\":\"pl-PL\",\"potentialAction\":[{\"@type\":\"ReadAction\",\"target\":[\"https:\/\/www.amstelhouse.de\/pl\/o-nas\/\"]}]},{\"@type\":\"BreadcrumbList\",\"@id\":\"https:\/\/www.amstelhouse.de\/pl\/o-nas\/#breadcrumb\",\"itemListElement\":[{\"@type\":\"ListItem\",\"position\":1,\"name\":\"Home\",\"item\":\"https:\/\/www.amstelhouse.de\/pl\/\"},{\"@type\":\"ListItem\",\"position\":2,\"name\":\"O NAS\"}]},{\"@type\":\"WebSite\",\"@id\":\"https:\/\/www.amstelhouse.de\/pl\/#website\",\"url\":\"https:\/\/www.amstelhouse.de\/pl\/\",\"name\":\"Amstel House (PL)\",\"description\":\"Just another WordPress site\",\"potentialAction\":[{\"@type\":\"SearchAction\",\"target\":{\"@type\":\"EntryPoint\",\"urlTemplate\":\"https:\/\/www.amstelhouse.de\/pl\/?s={search_term_string}\"},\"query-input\":\"required name=search_term_string\"}],\"inLanguage\":\"pl-PL\"}]}<\/script>\n<!-- \/ Yoast SEO plugin. -->","yoast_head_json":{"title":"O nas | Koncepcja \u2022 historia \u2022 design | Amstel House Hostel Berlin","description":"Dowiedz si\u0119 wi\u0119cej o nas i naszej fantastycznej historii! Budynek hostelu w stylu secesyjnym, oryginalny wystr\u00f3j wn\u0119trz oraz us\u0142ugi i pokoje w przyst\u0119pnych cenach.","robots":{"index":"index","follow":"follow","max-snippet":"max-snippet:-1","max-image-preview":"max-image-preview:large","max-video-preview":"max-video-preview:-1"},"canonical":"https:\/\/www.amstelhouse.de\/pl\/o-nas\/","og_locale":"pl_PL","og_type":"article","og_title":"O nas | Koncepcja \u2022 historia \u2022 design | Amstel House Hostel Berlin","og_description":"Dowiedz si\u0119 wi\u0119cej o nas i naszej fantastycznej historii! Budynek hostelu w stylu secesyjnym, oryginalny wystr\u00f3j wn\u0119trz oraz us\u0142ugi i pokoje w przyst\u0119pnych cenach.","og_url":"https:\/\/www.amstelhouse.de\/pl\/o-nas\/","og_site_name":"Amstel House (PL)","article_modified_time":"2021-11-26T10:53:31+00:00","og_image":[{"width":1800,"height":720,"url":"https:\/\/www.amstelhouse.de\/pl\/wp-content\/uploads\/sites\/33\/2020\/01\/design-hostel-fassade-art-nouveau-style-about-us-.jpg","type":"image\/jpeg"}],"twitter_misc":{"Est. reading time":"1 minute"},"schema":{"@context":"https:\/\/schema.org","@graph":[{"@type":"WebPage","@id":"https:\/\/www.amstelhouse.de\/pl\/o-nas\/","url":"https:\/\/www.amstelhouse.de\/pl\/o-nas\/","name":"O nas | Koncepcja \u2022 historia \u2022 design | Amstel House Hostel Berlin","isPartOf":{"@id":"https:\/\/www.amstelhouse.de\/pl\/#website"},"datePublished":"2017-12-18T16:05:49+00:00","dateModified":"2021-11-26T10:53:31+00:00","description":"Dowiedz si\u0119 wi\u0119cej o nas i naszej fantastycznej historii! Budynek hostelu w stylu secesyjnym, oryginalny wystr\u00f3j wn\u0119trz oraz us\u0142ugi i pokoje w przyst\u0119pnych cenach.","breadcrumb":{"@id":"https:\/\/www.amstelhouse.de\/pl\/o-nas\/#breadcrumb"},"inLanguage":"pl-PL","potentialAction":[{"@type":"ReadAction","target":["https:\/\/www.amstelhouse.de\/pl\/o-nas\/"]}]},{"@type":"BreadcrumbList","@id":"https:\/\/www.amstelhouse.de\/pl\/o-nas\/#breadcrumb","itemListElement":[{"@type":"ListItem","position":1,"name":"Home","item":"https:\/\/www.amstelhouse.de\/pl\/"},{"@type":"ListItem","position":2,"name":"O NAS"}]},{"@type":"WebSite","@id":"https:\/\/www.amstelhouse.de\/pl\/#website","url":"https:\/\/www.amstelhouse.de\/pl\/","name":"Amstel House (PL)","description":"Just another WordPress site","potentialAction":[{"@type":"SearchAction","target":{"@type":"EntryPoint","urlTemplate":"https:\/\/www.amstelhouse.de\/pl\/?s={search_term_string}"},"query-input":"required name=search_term_string"}],"inLanguage":"pl-PL"}]}},"_links":{"self":[{"href":"https:\/\/www.amstelhouse.de\/pl\/wp-json\/wp\/v2\/pages\/1986"}],"collection":[{"href":"https:\/\/www.amstelhouse.de\/pl\/wp-json\/wp\/v2\/pages"}],"about":[{"href":"https:\/\/www.amstelhouse.de\/pl\/wp-json\/wp\/v2\/types\/page"}],"author":[{"embeddable":true,"href":"https:\/\/www.amstelhouse.de\/pl\/wp-json\/wp\/v2\/users\/4"}],"replies":[{"embeddable":true,"href":"https:\/\/www.amstelhouse.de\/pl\/wp-json\/wp\/v2\/comments?post=1986"}],"version-history":[{"count":4,"href":"https:\/\/www.amstelhouse.de\/pl\/wp-json\/wp\/v2\/pages\/1986\/revisions"}],"predecessor-version":[{"id":3077,"href":"https:\/\/www.amstelhouse.de\/pl\/wp-json\/wp\/v2\/pages\/1986\/revisions\/3077"}],"wp:featuredmedia":[{"embeddable":true,"href":"https:\/\/www.amstelhouse.de\/pl\/wp-json\/wp\/v2\/media\/2950"}],"wp:attachment":[{"href":"https:\/\/www.amstelhouse.de\/pl\/wp-json\/wp\/v2\/media?parent=1986"}],"curies":[{"name":"wp","href":"https:\/\/api.w.org\/{rel}","templated":true}]}}