{"id":1988,"date":"2017-12-18T16:16:55","date_gmt":"2017-12-18T16:16:55","guid":{"rendered":"http:\/\/www.amstelhouse.de\/staging-site\/?page_id=1988"},"modified":"2021-11-26T10:56:52","modified_gmt":"2021-11-26T10:56:52","slug":"designerski-hostel","status":"publish","type":"page","link":"https:\/\/www.amstelhouse.de\/pl\/designerski-hostel\/","title":{"rendered":"DESIGNERSKI HOSTEL"},"content":{"rendered":"<p>Zbli\u017camy si\u0119 do ko\u0144ca wielkiej transformacji polegaj\u0105cej na modernizacja naszych us\u0142ug i ca\u0142kowitej zmiana wystroju wn\u0119trza. Zostaniemy najnowocze\u015bniejszym i najbardziej oryginalnym hostelem w Berlinie &#8211; jednocze\u015bnie b\u0119dziemy wierni naszej filozofii utrzymywania przyst\u0119pnych cen za nasze us\u0142ugi. Chcemy si\u0119 zmienia\u0107 nie tylko po to, by wygl\u0105da\u0107 nowocze\u015bnie, ale tak\u017ce po to, by zapewni\u0107 stymuluj\u0105ce, inspiruj\u0105ce wra\u017cenia i \u0142\u0105cz\u0105czy\u0107 poszukiwaczy przyg\u00f3d z ca\u0142ego \u015bwiata w Berlinie. Aby wyj\u015b\u0107 naprzeciw tym zwr\u00f3cili\u015bmy si\u0119 o pomoc do mi\u0142o\u015bnika Berlina, utalentowanego i wielokrotnie nagradzanego architekta wn\u0119trz &#8211; Harm\u2019a Rensink\u2019a Jego prace \u0142\u0105cz\u0105 w sobie elementy architektury, mody i sztuki. Tworz\u0105c projekt dla naszego hostelu za swoje g\u0142\u00f3wne zadanie wybra\u0142 stworzenie atmosfery sprzyjaj\u0105cej nawi\u0105zywaniu nowych przyja\u017ani i prze\u017cywaniu niezapomnianych do\u015bwiadcze\u0144. Jeste\u015bmy bardzo podekscytowani.<\/p>\n","protected":false},"excerpt":{"rendered":"<p>Zbli\u017camy si\u0119 do ko\u0144ca wielkiej transformacji polegaj\u0105cej na modernizacja naszych us\u0142ug i ca\u0142kowitej zmiana wystroju wn\u0119trza. Zostaniemy najnowocze\u015bniejszym i najbardziej oryginalnym hostelem w Berlinie &#8211; jednocze\u015bnie b\u0119dziemy wierni naszej filozofii utrzymywania przyst\u0119pnych cen za nasze us\u0142ugi. Chcemy si\u0119 zmienia\u0107 nie tylko po to, by wygl\u0105da\u0107 nowocze\u015bnie, ale tak\u017ce po to, by zapewni\u0107 stymuluj\u0105ce, inspiruj\u0105ce wra\u017cenia [&hellip;]<\/p>\n","protected":false},"author":4,"featured_media":0,"parent":0,"menu_order":10,"comment_status":"closed","ping_status":"closed","template":"page-offer-subpage-newlook.php","meta":{"footnotes":""},"class_list":["post-1988","page","type-page","status-publish","hentry"],"acf":[],"yoast_head":"<!-- This site is optimized with the Yoast SEO plugin v20.8 - https:\/\/yoast.com\/wordpress\/plugins\/seo\/ -->\n<title>Hostel designerski w Berlinie | Pokoje w stylu<\/title>\n<meta name=\"description\" content=\"Pobyt w designerskim hostelu Amstel House. Jeste\u015bmy niskobud\u017cetowi, stylowi i centralnie po\u0142o\u017ceni. Sprawd\u017a nasze niskie ceny i wiele kategorii pokoi.\" \/>\n<meta name=\"robots\" content=\"index, follow, max-snippet:-1, max-image-preview:large, max-video-preview:-1\" \/>\n<link rel=\"canonical\" href=\"https:\/\/www.amstelhouse.de\/pl\/designerski-hostel\/\" \/>\n<meta property=\"og:locale\" content=\"pl_PL\" \/>\n<meta property=\"og:type\" content=\"article\" \/>\n<meta property=\"og:title\" content=\"Hostel designerski w Berlinie | Pokoje w stylu\" \/>\n<meta property=\"og:description\" content=\"Pobyt w designerskim hostelu Amstel House. Jeste\u015bmy niskobud\u017cetowi, stylowi i centralnie po\u0142o\u017ceni. Sprawd\u017a nasze niskie ceny i wiele kategorii pokoi.\" \/>\n<meta property=\"og:url\" content=\"https:\/\/www.amstelhouse.de\/pl\/designerski-hostel\/\" \/>\n<meta property=\"og:site_name\" content=\"Amstel House (PL)\" \/>\n<meta property=\"article:modified_time\" content=\"2021-11-26T10:56:52+00:00\" \/>\n<meta name=\"twitter:label1\" content=\"Est. reading time\" \/>\n\t<meta name=\"twitter:data1\" content=\"1 minute\" \/>\n<script type=\"application\/ld+json\" class=\"yoast-schema-graph\">{\"@context\":\"https:\/\/schema.org\",\"@graph\":[{\"@type\":\"WebPage\",\"@id\":\"https:\/\/www.amstelhouse.de\/pl\/designerski-hostel\/\",\"url\":\"https:\/\/www.amstelhouse.de\/pl\/designerski-hostel\/\",\"name\":\"Hostel designerski w Berlinie | Pokoje w stylu\",\"isPartOf\":{\"@id\":\"https:\/\/www.amstelhouse.de\/pl\/#website\"},\"datePublished\":\"2017-12-18T16:16:55+00:00\",\"dateModified\":\"2021-11-26T10:56:52+00:00\",\"description\":\"Pobyt w designerskim hostelu Amstel House. Jeste\u015bmy niskobud\u017cetowi, stylowi i centralnie po\u0142o\u017ceni. Sprawd\u017a nasze niskie ceny i wiele kategorii pokoi.\",\"breadcrumb\":{\"@id\":\"https:\/\/www.amstelhouse.de\/pl\/designerski-hostel\/#breadcrumb\"},\"inLanguage\":\"pl-PL\",\"potentialAction\":[{\"@type\":\"ReadAction\",\"target\":[\"https:\/\/www.amstelhouse.de\/pl\/designerski-hostel\/\"]}]},{\"@type\":\"BreadcrumbList\",\"@id\":\"https:\/\/www.amstelhouse.de\/pl\/designerski-hostel\/#breadcrumb\",\"itemListElement\":[{\"@type\":\"ListItem\",\"position\":1,\"name\":\"Home\",\"item\":\"https:\/\/www.amstelhouse.de\/pl\/\"},{\"@type\":\"ListItem\",\"position\":2,\"name\":\"DESIGNERSKI HOSTEL\"}]},{\"@type\":\"WebSite\",\"@id\":\"https:\/\/www.amstelhouse.de\/pl\/#website\",\"url\":\"https:\/\/www.amstelhouse.de\/pl\/\",\"name\":\"Amstel House (PL)\",\"description\":\"Just another WordPress site\",\"potentialAction\":[{\"@type\":\"SearchAction\",\"target\":{\"@type\":\"EntryPoint\",\"urlTemplate\":\"https:\/\/www.amstelhouse.de\/pl\/?s={search_term_string}\"},\"query-input\":\"required name=search_term_string\"}],\"inLanguage\":\"pl-PL\"}]}<\/script>\n<!-- \/ Yoast SEO plugin. -->","yoast_head_json":{"title":"Hostel designerski w Berlinie | Pokoje w stylu","description":"Pobyt w designerskim hostelu Amstel House. Jeste\u015bmy niskobud\u017cetowi, stylowi i centralnie po\u0142o\u017ceni. Sprawd\u017a nasze niskie ceny i wiele kategorii pokoi.","robots":{"index":"index","follow":"follow","max-snippet":"max-snippet:-1","max-image-preview":"max-image-preview:large","max-video-preview":"max-video-preview:-1"},"canonical":"https:\/\/www.amstelhouse.de\/pl\/designerski-hostel\/","og_locale":"pl_PL","og_type":"article","og_title":"Hostel designerski w Berlinie | Pokoje w stylu","og_description":"Pobyt w designerskim hostelu Amstel House. Jeste\u015bmy niskobud\u017cetowi, stylowi i centralnie po\u0142o\u017ceni. Sprawd\u017a nasze niskie ceny i wiele kategorii pokoi.","og_url":"https:\/\/www.amstelhouse.de\/pl\/designerski-hostel\/","og_site_name":"Amstel House (PL)","article_modified_time":"2021-11-26T10:56:52+00:00","twitter_misc":{"Est. reading time":"1 minute"},"schema":{"@context":"https:\/\/schema.org","@graph":[{"@type":"WebPage","@id":"https:\/\/www.amstelhouse.de\/pl\/designerski-hostel\/","url":"https:\/\/www.amstelhouse.de\/pl\/designerski-hostel\/","name":"Hostel designerski w Berlinie | Pokoje w stylu","isPartOf":{"@id":"https:\/\/www.amstelhouse.de\/pl\/#website"},"datePublished":"2017-12-18T16:16:55+00:00","dateModified":"2021-11-26T10:56:52+00:00","description":"Pobyt w designerskim hostelu Amstel House. Jeste\u015bmy niskobud\u017cetowi, stylowi i centralnie po\u0142o\u017ceni. Sprawd\u017a nasze niskie ceny i wiele kategorii pokoi.","breadcrumb":{"@id":"https:\/\/www.amstelhouse.de\/pl\/designerski-hostel\/#breadcrumb"},"inLanguage":"pl-PL","potentialAction":[{"@type":"ReadAction","target":["https:\/\/www.amstelhouse.de\/pl\/designerski-hostel\/"]}]},{"@type":"BreadcrumbList","@id":"https:\/\/www.amstelhouse.de\/pl\/designerski-hostel\/#breadcrumb","itemListElement":[{"@type":"ListItem","position":1,"name":"Home","item":"https:\/\/www.amstelhouse.de\/pl\/"},{"@type":"ListItem","position":2,"name":"DESIGNERSKI HOSTEL"}]},{"@type":"WebSite","@id":"https:\/\/www.amstelhouse.de\/pl\/#website","url":"https:\/\/www.amstelhouse.de\/pl\/","name":"Amstel House (PL)","description":"Just another WordPress site","potentialAction":[{"@type":"SearchAction","target":{"@type":"EntryPoint","urlTemplate":"https:\/\/www.amstelhouse.de\/pl\/?s={search_term_string}"},"query-input":"required name=search_term_string"}],"inLanguage":"pl-PL"}]}},"_links":{"self":[{"href":"https:\/\/www.amstelhouse.de\/pl\/wp-json\/wp\/v2\/pages\/1988"}],"collection":[{"href":"https:\/\/www.amstelhouse.de\/pl\/wp-json\/wp\/v2\/pages"}],"about":[{"href":"https:\/\/www.amstelhouse.de\/pl\/wp-json\/wp\/v2\/types\/page"}],"author":[{"embeddable":true,"href":"https:\/\/www.amstelhouse.de\/pl\/wp-json\/wp\/v2\/users\/4"}],"replies":[{"embeddable":true,"href":"https:\/\/www.amstelhouse.de\/pl\/wp-json\/wp\/v2\/comments?post=1988"}],"version-history":[{"count":3,"href":"https:\/\/www.amstelhouse.de\/pl\/wp-json\/wp\/v2\/pages\/1988\/revisions"}],"predecessor-version":[{"id":3036,"href":"https:\/\/www.amstelhouse.de\/pl\/wp-json\/wp\/v2\/pages\/1988\/revisions\/3036"}],"wp:attachment":[{"href":"https:\/\/www.amstelhouse.de\/pl\/wp-json\/wp\/v2\/media?parent=1988"}],"curies":[{"name":"wp","href":"https:\/\/api.w.org\/{rel}","templated":true}]}}