{"id":1990,"date":"2017-12-18T16:17:15","date_gmt":"2017-12-18T16:17:15","guid":{"rendered":"http:\/\/www.amstelhouse.de\/staging-site\/?page_id=1990"},"modified":"2020-01-14T12:12:48","modified_gmt":"2020-01-14T12:12:48","slug":"bezplatne-zakwaterowanie","status":"publish","type":"page","link":"https:\/\/www.amstelhouse.de\/pl\/bezplatne-zakwaterowanie\/","title":{"rendered":"BEZP\u0141ATNE ZAKWATEROWANIE W BERLINIE"},"content":{"rendered":"<p>Jeste\u015b artyst\u0105, kt\u00f3ry lubi podr\u00f3\u017cowa\u0107 po \u015bwiecie, ale musi by\u0107 oszcz\u0119dny w swoich wydatkach? Zawsze szukasz najta\u0144szego miejsca na pobyt? By\u0107 mo\u017ce w\u0142a\u015bnie znalaz\u0142e\u015b najbardziej ekonomiczny spos\u00f3b na poznanie Berlina. Amstel House wymienia koncerty muzyczne, zdj\u0119cia, wpisy na blogu, lekcje gotowania lub jakikolwiek owoc kreatywno\u015bci na bezp\u0142atne \u0142\u00f3\u017cko hostelowe. Je\u015bli masz talent i wielu fan\u00f3w obserujacych Ci\u0119 na mediach spo\u0142eczno\u015bciowych, mo\u017cesz podzieli\u0107 si\u0119 z nami swoj\u0105 prac\u0105. Napisz do nas e-mail, opowied\u017a nam swoj\u0105 histori\u0119, wy\u015blij nam linki do swoich kont. Mo\u017ce otrzyma\u0107 propozycj\u0119 darmowego zakwaterowania!<\/p>\n","protected":false},"excerpt":{"rendered":"<p>Jeste\u015b artyst\u0105, kt\u00f3ry lubi podr\u00f3\u017cowa\u0107 po \u015bwiecie, ale musi by\u0107 oszcz\u0119dny w swoich wydatkach? Zawsze szukasz najta\u0144szego miejsca na pobyt? By\u0107 mo\u017ce w\u0142a\u015bnie znalaz\u0142e\u015b najbardziej ekonomiczny spos\u00f3b na poznanie Berlina. Amstel House wymienia koncerty muzyczne, zdj\u0119cia, wpisy na blogu, lekcje gotowania lub jakikolwiek owoc kreatywno\u015bci na bezp\u0142atne \u0142\u00f3\u017cko hostelowe. Je\u015bli masz talent i wielu fan\u00f3w [&hellip;]<\/p>\n","protected":false},"author":4,"featured_media":0,"parent":0,"menu_order":6,"comment_status":"closed","ping_status":"closed","template":"page-offer-subpage-stayfree.php","meta":{"footnotes":""},"class_list":["post-1990","page","type-page","status-publish","hentry"],"acf":[],"yoast_head":"<!-- This site is optimized with the Yoast SEO plugin v20.8 - https:\/\/yoast.com\/wordpress\/plugins\/seo\/ -->\n<title>Bezp\u0142atne zakwaterowanie I Wymiana Hostelu Berlin I Amstel House Hostel Berlin<\/title>\n<meta name=\"description\" content=\"Uzyskaj bezp\u0142atne zakwaterowanie w Berlinie. Je\u015bli masz talent i kilku fan\u00f3w obserwuj\u0105cych Ci\u0119, skontaktuj si\u0119 z nami! Mo\u017ce zaproponujemy Ci bezp\u0142atny pobyt\" \/>\n<meta name=\"robots\" content=\"index, follow, max-snippet:-1, max-image-preview:large, max-video-preview:-1\" \/>\n<link rel=\"canonical\" href=\"https:\/\/www.amstelhouse.de\/pl\/bezplatne-zakwaterowanie\/\" \/>\n<meta property=\"og:locale\" content=\"pl_PL\" \/>\n<meta property=\"og:type\" content=\"article\" \/>\n<meta property=\"og:title\" content=\"Bezp\u0142atne zakwaterowanie I Wymiana Hostelu Berlin I Amstel House Hostel Berlin\" \/>\n<meta property=\"og:description\" content=\"Uzyskaj bezp\u0142atne zakwaterowanie w Berlinie. Je\u015bli masz talent i kilku fan\u00f3w obserwuj\u0105cych Ci\u0119, skontaktuj si\u0119 z nami! Mo\u017ce zaproponujemy Ci bezp\u0142atny pobyt\" \/>\n<meta property=\"og:url\" content=\"https:\/\/www.amstelhouse.de\/pl\/bezplatne-zakwaterowanie\/\" \/>\n<meta property=\"og:site_name\" content=\"Amstel House (PL)\" \/>\n<meta property=\"article:modified_time\" content=\"2020-01-14T12:12:48+00:00\" \/>\n<meta name=\"twitter:label1\" content=\"Est. reading time\" \/>\n\t<meta name=\"twitter:data1\" content=\"1 minute\" \/>\n<script type=\"application\/ld+json\" class=\"yoast-schema-graph\">{\"@context\":\"https:\/\/schema.org\",\"@graph\":[{\"@type\":\"WebPage\",\"@id\":\"https:\/\/www.amstelhouse.de\/pl\/bezplatne-zakwaterowanie\/\",\"url\":\"https:\/\/www.amstelhouse.de\/pl\/bezplatne-zakwaterowanie\/\",\"name\":\"Bezp\u0142atne zakwaterowanie I Wymiana Hostelu Berlin I Amstel House Hostel Berlin\",\"isPartOf\":{\"@id\":\"https:\/\/www.amstelhouse.de\/pl\/#website\"},\"datePublished\":\"2017-12-18T16:17:15+00:00\",\"dateModified\":\"2020-01-14T12:12:48+00:00\",\"description\":\"Uzyskaj bezp\u0142atne zakwaterowanie w Berlinie. Je\u015bli masz talent i kilku fan\u00f3w obserwuj\u0105cych Ci\u0119, skontaktuj si\u0119 z nami! Mo\u017ce zaproponujemy Ci bezp\u0142atny pobyt\",\"breadcrumb\":{\"@id\":\"https:\/\/www.amstelhouse.de\/pl\/bezplatne-zakwaterowanie\/#breadcrumb\"},\"inLanguage\":\"pl-PL\",\"potentialAction\":[{\"@type\":\"ReadAction\",\"target\":[\"https:\/\/www.amstelhouse.de\/pl\/bezplatne-zakwaterowanie\/\"]}]},{\"@type\":\"BreadcrumbList\",\"@id\":\"https:\/\/www.amstelhouse.de\/pl\/bezplatne-zakwaterowanie\/#breadcrumb\",\"itemListElement\":[{\"@type\":\"ListItem\",\"position\":1,\"name\":\"Home\",\"item\":\"https:\/\/www.amstelhouse.de\/pl\/\"},{\"@type\":\"ListItem\",\"position\":2,\"name\":\"BEZP\u0141ATNE ZAKWATEROWANIE W BERLINIE\"}]},{\"@type\":\"WebSite\",\"@id\":\"https:\/\/www.amstelhouse.de\/pl\/#website\",\"url\":\"https:\/\/www.amstelhouse.de\/pl\/\",\"name\":\"Amstel House (PL)\",\"description\":\"Just another WordPress site\",\"potentialAction\":[{\"@type\":\"SearchAction\",\"target\":{\"@type\":\"EntryPoint\",\"urlTemplate\":\"https:\/\/www.amstelhouse.de\/pl\/?s={search_term_string}\"},\"query-input\":\"required name=search_term_string\"}],\"inLanguage\":\"pl-PL\"}]}<\/script>\n<!-- \/ Yoast SEO plugin. -->","yoast_head_json":{"title":"Bezp\u0142atne zakwaterowanie I Wymiana Hostelu Berlin I Amstel House Hostel Berlin","description":"Uzyskaj bezp\u0142atne zakwaterowanie w Berlinie. Je\u015bli masz talent i kilku fan\u00f3w obserwuj\u0105cych Ci\u0119, skontaktuj si\u0119 z nami! Mo\u017ce zaproponujemy Ci bezp\u0142atny pobyt","robots":{"index":"index","follow":"follow","max-snippet":"max-snippet:-1","max-image-preview":"max-image-preview:large","max-video-preview":"max-video-preview:-1"},"canonical":"https:\/\/www.amstelhouse.de\/pl\/bezplatne-zakwaterowanie\/","og_locale":"pl_PL","og_type":"article","og_title":"Bezp\u0142atne zakwaterowanie I Wymiana Hostelu Berlin I Amstel House Hostel Berlin","og_description":"Uzyskaj bezp\u0142atne zakwaterowanie w Berlinie. Je\u015bli masz talent i kilku fan\u00f3w obserwuj\u0105cych Ci\u0119, skontaktuj si\u0119 z nami! Mo\u017ce zaproponujemy Ci bezp\u0142atny pobyt","og_url":"https:\/\/www.amstelhouse.de\/pl\/bezplatne-zakwaterowanie\/","og_site_name":"Amstel House (PL)","article_modified_time":"2020-01-14T12:12:48+00:00","twitter_misc":{"Est. reading time":"1 minute"},"schema":{"@context":"https:\/\/schema.org","@graph":[{"@type":"WebPage","@id":"https:\/\/www.amstelhouse.de\/pl\/bezplatne-zakwaterowanie\/","url":"https:\/\/www.amstelhouse.de\/pl\/bezplatne-zakwaterowanie\/","name":"Bezp\u0142atne zakwaterowanie I Wymiana Hostelu Berlin I Amstel House Hostel Berlin","isPartOf":{"@id":"https:\/\/www.amstelhouse.de\/pl\/#website"},"datePublished":"2017-12-18T16:17:15+00:00","dateModified":"2020-01-14T12:12:48+00:00","description":"Uzyskaj bezp\u0142atne zakwaterowanie w Berlinie. Je\u015bli masz talent i kilku fan\u00f3w obserwuj\u0105cych Ci\u0119, skontaktuj si\u0119 z nami! Mo\u017ce zaproponujemy Ci bezp\u0142atny pobyt","breadcrumb":{"@id":"https:\/\/www.amstelhouse.de\/pl\/bezplatne-zakwaterowanie\/#breadcrumb"},"inLanguage":"pl-PL","potentialAction":[{"@type":"ReadAction","target":["https:\/\/www.amstelhouse.de\/pl\/bezplatne-zakwaterowanie\/"]}]},{"@type":"BreadcrumbList","@id":"https:\/\/www.amstelhouse.de\/pl\/bezplatne-zakwaterowanie\/#breadcrumb","itemListElement":[{"@type":"ListItem","position":1,"name":"Home","item":"https:\/\/www.amstelhouse.de\/pl\/"},{"@type":"ListItem","position":2,"name":"BEZP\u0141ATNE ZAKWATEROWANIE W BERLINIE"}]},{"@type":"WebSite","@id":"https:\/\/www.amstelhouse.de\/pl\/#website","url":"https:\/\/www.amstelhouse.de\/pl\/","name":"Amstel House (PL)","description":"Just another WordPress site","potentialAction":[{"@type":"SearchAction","target":{"@type":"EntryPoint","urlTemplate":"https:\/\/www.amstelhouse.de\/pl\/?s={search_term_string}"},"query-input":"required name=search_term_string"}],"inLanguage":"pl-PL"}]}},"_links":{"self":[{"href":"https:\/\/www.amstelhouse.de\/pl\/wp-json\/wp\/v2\/pages\/1990"}],"collection":[{"href":"https:\/\/www.amstelhouse.de\/pl\/wp-json\/wp\/v2\/pages"}],"about":[{"href":"https:\/\/www.amstelhouse.de\/pl\/wp-json\/wp\/v2\/types\/page"}],"author":[{"embeddable":true,"href":"https:\/\/www.amstelhouse.de\/pl\/wp-json\/wp\/v2\/users\/4"}],"replies":[{"embeddable":true,"href":"https:\/\/www.amstelhouse.de\/pl\/wp-json\/wp\/v2\/comments?post=1990"}],"version-history":[{"count":3,"href":"https:\/\/www.amstelhouse.de\/pl\/wp-json\/wp\/v2\/pages\/1990\/revisions"}],"predecessor-version":[{"id":3034,"href":"https:\/\/www.amstelhouse.de\/pl\/wp-json\/wp\/v2\/pages\/1990\/revisions\/3034"}],"wp:attachment":[{"href":"https:\/\/www.amstelhouse.de\/pl\/wp-json\/wp\/v2\/media?parent=1990"}],"curies":[{"name":"wp","href":"https:\/\/api.w.org\/{rel}","templated":true}]}}