{"id":20,"date":"2015-02-07T08:37:19","date_gmt":"2015-02-07T08:37:19","guid":{"rendered":"http:\/\/www.amstelhouse.de\/pl\/?page_id=20"},"modified":"2021-11-26T10:52:27","modified_gmt":"2021-11-26T10:52:27","slug":"berlin-przydatne-linki","status":"publish","type":"page","link":"https:\/\/www.amstelhouse.de\/pl\/berlin-przydatne-linki\/","title":{"rendered":"Berlin przydatne linki"},"content":{"rendered":"<h2>Dla odwiedzaj\u0105cych i dla podr\u00f3\u017cnik\u00f3w<\/h2>\n<p>Nie wiesz jak zacz\u0105\u0107 zwiedzanie Berlina? \u017beby Ci pom\u00f3c w zaplanowaniu wycieczki, przygotowali\u015bmy kilka przydatnych link\u00f3w. To s\u0105 nasze nie tylko ulubione, ale tak\u017ce przydatne strony z istotnymi informacjami. Tutaj odwiedzaj\u0105cy mog\u0105 znale\u017a\u0107 turystyczne i miejskie portale dotycz\u0105ce Berlina. Je\u017celi przyjecha\u0142e\u015b\/a\u015b samochodem, upewnij si\u0119, czy masz specjaln\u0105 ekologiczn\u0105 naklejk\u0119 na samochodzie. Na naszym blogu znajdziesz przydatne wskaz\u00f3wki i aktualne informacje o wydarzeniach. Wejd\u017a na stron\u0119 Muzeum Narodowego. Jako \u017ce jest ich mn\u00f3stwo w Berlinie, najlepiej jest wybra\u0107 wcze\u015bniej swoje ulubione. Umie\u015bcili\u015bmy tak\u017ce strony z transportem publicznym i informacj\u0105 o ruchu drogowym. Wybiegaj\u0105c krok w prz\u00f3d, znajdziesz tak\u017ce linki do naszych zaprzyja\u017anionych i ulubionych hosteli w ca\u0142ej Europie.<\/p>\n<p><a href=\"https:\/\/www.amstelhouse.de\/pl\/wp-content\/uploads\/sites\/33\/2015\/02\/berlin-przydatne-linki.png\"><img loading=\"lazy\" decoding=\"async\" class=\"alignnone size-full wp-image-841\" src=\"https:\/\/www.amstelhouse.de\/pl\/wp-content\/uploads\/sites\/33\/2015\/02\/berlin-przydatne-linki.png\" alt=\"berlin przydatne linki\" width=\"32\" height=\"32\" \/><\/a><\/p>\n","protected":false},"excerpt":{"rendered":"<p>Dla odwiedzaj\u0105cych i dla podr\u00f3\u017cnik\u00f3w Nie wiesz jak zacz\u0105\u0107 zwiedzanie Berlina? \u017beby Ci pom\u00f3c w zaplanowaniu wycieczki, przygotowali\u015bmy kilka przydatnych link\u00f3w. To s\u0105 nasze nie tylko ulubione, ale tak\u017ce przydatne strony z istotnymi informacjami. Tutaj odwiedzaj\u0105cy mog\u0105 znale\u017a\u0107 turystyczne i miejskie portale dotycz\u0105ce Berlina. Je\u017celi przyjecha\u0142e\u015b\/a\u015b samochodem, upewnij si\u0119, czy masz specjaln\u0105 ekologiczn\u0105 naklejk\u0119 na [&hellip;]<\/p>\n","protected":false},"author":2,"featured_media":0,"parent":0,"menu_order":3,"comment_status":"closed","ping_status":"closed","template":"page-links.php","meta":{"footnotes":""},"class_list":["post-20","page","type-page","status-publish","hentry"],"acf":[],"yoast_head":"<!-- This site is optimized with the Yoast SEO plugin v20.8 - https:\/\/yoast.com\/wordpress\/plugins\/seo\/ -->\n<title>Przewodnik turystyczny po Berlinie | Przydatne linki<\/title>\n<meta name=\"description\" content=\"Berlin Przydatne linki i specjalnie strony z wa\u017cnymi informacjami, takie jak transport publiczny czy atrakcje turystyczne.\" \/>\n<meta name=\"robots\" content=\"index, follow, max-snippet:-1, max-image-preview:large, max-video-preview:-1\" \/>\n<link rel=\"canonical\" href=\"https:\/\/www.amstelhouse.de\/pl\/berlin-przydatne-linki\/\" \/>\n<meta property=\"og:locale\" content=\"pl_PL\" \/>\n<meta property=\"og:type\" content=\"article\" \/>\n<meta property=\"og:title\" content=\"Przewodnik turystyczny po Berlinie | Przydatne linki\" \/>\n<meta property=\"og:description\" content=\"Berlin Przydatne linki i specjalnie strony z wa\u017cnymi informacjami, takie jak transport publiczny czy atrakcje turystyczne.\" \/>\n<meta property=\"og:url\" content=\"https:\/\/www.amstelhouse.de\/pl\/berlin-przydatne-linki\/\" \/>\n<meta property=\"og:site_name\" content=\"Amstel House (PL)\" \/>\n<meta property=\"article:modified_time\" content=\"2021-11-26T10:52:27+00:00\" \/>\n<meta property=\"og:image\" content=\"https:\/\/www.amstelhouse.de\/pl\/wp-content\/uploads\/sites\/33\/2015\/02\/berlin-przydatne-linki.png\" \/>\n<meta name=\"twitter:label1\" content=\"Est. reading time\" \/>\n\t<meta name=\"twitter:data1\" content=\"1 minute\" \/>\n<script type=\"application\/ld+json\" class=\"yoast-schema-graph\">{\"@context\":\"https:\/\/schema.org\",\"@graph\":[{\"@type\":\"WebPage\",\"@id\":\"https:\/\/www.amstelhouse.de\/pl\/berlin-przydatne-linki\/\",\"url\":\"https:\/\/www.amstelhouse.de\/pl\/berlin-przydatne-linki\/\",\"name\":\"Przewodnik turystyczny po Berlinie | Przydatne linki\",\"isPartOf\":{\"@id\":\"https:\/\/www.amstelhouse.de\/pl\/#website\"},\"datePublished\":\"2015-02-07T08:37:19+00:00\",\"dateModified\":\"2021-11-26T10:52:27+00:00\",\"description\":\"Berlin Przydatne linki i specjalnie strony z wa\u017cnymi informacjami, takie jak transport publiczny czy atrakcje turystyczne.\",\"breadcrumb\":{\"@id\":\"https:\/\/www.amstelhouse.de\/pl\/berlin-przydatne-linki\/#breadcrumb\"},\"inLanguage\":\"pl-PL\",\"potentialAction\":[{\"@type\":\"ReadAction\",\"target\":[\"https:\/\/www.amstelhouse.de\/pl\/berlin-przydatne-linki\/\"]}]},{\"@type\":\"BreadcrumbList\",\"@id\":\"https:\/\/www.amstelhouse.de\/pl\/berlin-przydatne-linki\/#breadcrumb\",\"itemListElement\":[{\"@type\":\"ListItem\",\"position\":1,\"name\":\"Home\",\"item\":\"https:\/\/www.amstelhouse.de\/pl\/\"},{\"@type\":\"ListItem\",\"position\":2,\"name\":\"Berlin przydatne linki\"}]},{\"@type\":\"WebSite\",\"@id\":\"https:\/\/www.amstelhouse.de\/pl\/#website\",\"url\":\"https:\/\/www.amstelhouse.de\/pl\/\",\"name\":\"Amstel House (PL)\",\"description\":\"Just another WordPress site\",\"potentialAction\":[{\"@type\":\"SearchAction\",\"target\":{\"@type\":\"EntryPoint\",\"urlTemplate\":\"https:\/\/www.amstelhouse.de\/pl\/?s={search_term_string}\"},\"query-input\":\"required name=search_term_string\"}],\"inLanguage\":\"pl-PL\"}]}<\/script>\n<!-- \/ Yoast SEO plugin. -->","yoast_head_json":{"title":"Przewodnik turystyczny po Berlinie | Przydatne linki","description":"Berlin Przydatne linki i specjalnie strony z wa\u017cnymi informacjami, takie jak transport publiczny czy atrakcje turystyczne.","robots":{"index":"index","follow":"follow","max-snippet":"max-snippet:-1","max-image-preview":"max-image-preview:large","max-video-preview":"max-video-preview:-1"},"canonical":"https:\/\/www.amstelhouse.de\/pl\/berlin-przydatne-linki\/","og_locale":"pl_PL","og_type":"article","og_title":"Przewodnik turystyczny po Berlinie | Przydatne linki","og_description":"Berlin Przydatne linki i specjalnie strony z wa\u017cnymi informacjami, takie jak transport publiczny czy atrakcje turystyczne.","og_url":"https:\/\/www.amstelhouse.de\/pl\/berlin-przydatne-linki\/","og_site_name":"Amstel House (PL)","article_modified_time":"2021-11-26T10:52:27+00:00","og_image":[{"url":"https:\/\/www.amstelhouse.de\/pl\/wp-content\/uploads\/sites\/33\/2015\/02\/berlin-przydatne-linki.png"}],"twitter_misc":{"Est. reading time":"1 minute"},"schema":{"@context":"https:\/\/schema.org","@graph":[{"@type":"WebPage","@id":"https:\/\/www.amstelhouse.de\/pl\/berlin-przydatne-linki\/","url":"https:\/\/www.amstelhouse.de\/pl\/berlin-przydatne-linki\/","name":"Przewodnik turystyczny po Berlinie | Przydatne linki","isPartOf":{"@id":"https:\/\/www.amstelhouse.de\/pl\/#website"},"datePublished":"2015-02-07T08:37:19+00:00","dateModified":"2021-11-26T10:52:27+00:00","description":"Berlin Przydatne linki i specjalnie strony z wa\u017cnymi informacjami, takie jak transport publiczny czy atrakcje turystyczne.","breadcrumb":{"@id":"https:\/\/www.amstelhouse.de\/pl\/berlin-przydatne-linki\/#breadcrumb"},"inLanguage":"pl-PL","potentialAction":[{"@type":"ReadAction","target":["https:\/\/www.amstelhouse.de\/pl\/berlin-przydatne-linki\/"]}]},{"@type":"BreadcrumbList","@id":"https:\/\/www.amstelhouse.de\/pl\/berlin-przydatne-linki\/#breadcrumb","itemListElement":[{"@type":"ListItem","position":1,"name":"Home","item":"https:\/\/www.amstelhouse.de\/pl\/"},{"@type":"ListItem","position":2,"name":"Berlin przydatne linki"}]},{"@type":"WebSite","@id":"https:\/\/www.amstelhouse.de\/pl\/#website","url":"https:\/\/www.amstelhouse.de\/pl\/","name":"Amstel House (PL)","description":"Just another WordPress site","potentialAction":[{"@type":"SearchAction","target":{"@type":"EntryPoint","urlTemplate":"https:\/\/www.amstelhouse.de\/pl\/?s={search_term_string}"},"query-input":"required name=search_term_string"}],"inLanguage":"pl-PL"}]}},"_links":{"self":[{"href":"https:\/\/www.amstelhouse.de\/pl\/wp-json\/wp\/v2\/pages\/20"}],"collection":[{"href":"https:\/\/www.amstelhouse.de\/pl\/wp-json\/wp\/v2\/pages"}],"about":[{"href":"https:\/\/www.amstelhouse.de\/pl\/wp-json\/wp\/v2\/types\/page"}],"author":[{"embeddable":true,"href":"https:\/\/www.amstelhouse.de\/pl\/wp-json\/wp\/v2\/users\/2"}],"replies":[{"embeddable":true,"href":"https:\/\/www.amstelhouse.de\/pl\/wp-json\/wp\/v2\/comments?post=20"}],"version-history":[{"count":6,"href":"https:\/\/www.amstelhouse.de\/pl\/wp-json\/wp\/v2\/pages\/20\/revisions"}],"predecessor-version":[{"id":2741,"href":"https:\/\/www.amstelhouse.de\/pl\/wp-json\/wp\/v2\/pages\/20\/revisions\/2741"}],"wp:attachment":[{"href":"https:\/\/www.amstelhouse.de\/pl\/wp-json\/wp\/v2\/media?parent=20"}],"curies":[{"name":"wp","href":"https:\/\/api.w.org\/{rel}","templated":true}]}}