{"id":22,"date":"2015-02-07T08:37:50","date_gmt":"2015-02-07T08:37:50","guid":{"rendered":"http:\/\/www.amstelhouse.de\/pl\/?page_id=22"},"modified":"2025-01-29T15:35:33","modified_gmt":"2025-01-29T15:35:33","slug":"serwis-hostelowy","status":"publish","type":"page","link":"https:\/\/www.amstelhouse.de\/pl\/serwis-hostelowy\/","title":{"rendered":"Serwis"},"content":{"rendered":"<h1 style=\"text-align: center;\"><strong>SERWIS HOSTELOWY<\/strong><\/h1>\n<h2 style=\"text-align: center;\"><strong>DBAMY O TWOJ\u0104 PODR\u00d3\u017b DO BERLINA W PRZYJAZNYCH CENACH\u00a0<\/strong><\/h2>\n<p>Amstel House Hostel Berlin dba o wszystko a\u017c do ostatniego szczeg\u00f3\u0142u. Wszystkie us\u0142ugi hostelu s\u0105 w przyst\u0119pnych cenach! Jeste\u015bmy pyszni: \u015bniadanie w formie bufetu i dobrze wyposa\u017cona kuchnia dla go\u015bci. Jeste\u015bmy po\u0142\u0105czeni ze \u015bwiatem: bezp\u0142atny bezprzewodowy dost\u0119p do Internetu w ca\u0142ym domu. Wypo\u017cyczamy rowery i robimy pranie. Zawsze z u\u015bmiechem na twarzy jeste\u015bmy do twojej dyspozycji aby zameldowa\u0107 Ci\u0119 lub poda\u0107 Ci drinka w barze &#8211; w dzie\u0144 i w nocy. Mo\u017cesz r\u00f3wnie\u017c otrzyma\u0107 darmowe mapy, wypo\u017cyczy\u0107 urz\u0105dzenia elektroniczne i kupi\u0107 produkty higieniczne w recepcji. Oferujemy najlepsze us\u0142ugi w przyst\u0119pnych cenach.<\/p>\n","protected":false},"excerpt":{"rendered":"<p>SERWIS HOSTELOWY DBAMY O TWOJ\u0104 PODR\u00d3\u017b DO BERLINA W PRZYJAZNYCH CENACH\u00a0 Amstel House Hostel Berlin dba o wszystko a\u017c do ostatniego szczeg\u00f3\u0142u. Wszystkie us\u0142ugi hostelu s\u0105 w przyst\u0119pnych cenach! Jeste\u015bmy pyszni: \u015bniadanie w formie bufetu i dobrze wyposa\u017cona kuchnia dla go\u015bci. Jeste\u015bmy po\u0142\u0105czeni ze \u015bwiatem: bezp\u0142atny bezprzewodowy dost\u0119p do Internetu w ca\u0142ym domu. Wypo\u017cyczamy rowery [&hellip;]<\/p>\n","protected":false},"author":2,"featured_media":2633,"parent":0,"menu_order":16,"comment_status":"closed","ping_status":"closed","template":"page-services.php","meta":{"footnotes":""},"class_list":["post-22","page","type-page","status-publish","has-post-thumbnail","hentry"],"acf":[],"yoast_head":"<!-- This site is optimized with the Yoast SEO plugin v20.8 - https:\/\/yoast.com\/wordpress\/plugins\/seo\/ -->\n<title>Serwis Hostelowy w Berlinie | Najlepszy \u2022 Tani bud\u017cet \u2022 24h\/7<\/title>\n<meta name=\"description\" content=\"Nasza serwis hostelowy obejmuje bezp\u0142atny i bezprzewodowy dost\u0119p do Internetu, ca\u0142odobowa recepcja i bar, wypo\u017cyczalnia rower\u00f3w, happy hour i inne.\" \/>\n<meta name=\"robots\" content=\"index, follow, max-snippet:-1, max-image-preview:large, max-video-preview:-1\" \/>\n<link rel=\"canonical\" href=\"https:\/\/www.amstelhouse.de\/pl\/serwis-hostelowy\/\" \/>\n<meta property=\"og:locale\" content=\"pl_PL\" \/>\n<meta property=\"og:type\" content=\"article\" \/>\n<meta property=\"og:title\" content=\"Serwis Hostelowy w Berlinie | Najlepszy \u2022 Tani bud\u017cet \u2022 24h\/7\" \/>\n<meta property=\"og:description\" content=\"Nasza serwis hostelowy obejmuje bezp\u0142atny i bezprzewodowy dost\u0119p do Internetu, ca\u0142odobowa recepcja i bar, wypo\u017cyczalnia rower\u00f3w, happy hour i inne.\" \/>\n<meta property=\"og:url\" content=\"https:\/\/www.amstelhouse.de\/pl\/serwis-hostelowy\/\" \/>\n<meta property=\"og:site_name\" content=\"Amstel House (PL)\" \/>\n<meta property=\"article:modified_time\" content=\"2025-01-29T15:35:33+00:00\" \/>\n<meta property=\"og:image\" content=\"https:\/\/www.amstelhouse.de\/pl\/wp-content\/uploads\/sites\/33\/2018\/06\/best-cafe-berlin-hostel.jpg\" \/>\n\t<meta property=\"og:image:width\" content=\"1800\" \/>\n\t<meta property=\"og:image:height\" content=\"720\" \/>\n\t<meta property=\"og:image:type\" content=\"image\/jpeg\" \/>\n<meta name=\"twitter:label1\" content=\"Est. reading time\" \/>\n\t<meta name=\"twitter:data1\" content=\"1 minute\" \/>\n<script type=\"application\/ld+json\" class=\"yoast-schema-graph\">{\"@context\":\"https:\/\/schema.org\",\"@graph\":[{\"@type\":\"WebPage\",\"@id\":\"https:\/\/www.amstelhouse.de\/pl\/serwis-hostelowy\/\",\"url\":\"https:\/\/www.amstelhouse.de\/pl\/serwis-hostelowy\/\",\"name\":\"Serwis Hostelowy w Berlinie | Najlepszy \u2022 Tani bud\u017cet \u2022 24h\/7\",\"isPartOf\":{\"@id\":\"https:\/\/www.amstelhouse.de\/pl\/#website\"},\"datePublished\":\"2015-02-07T08:37:50+00:00\",\"dateModified\":\"2025-01-29T15:35:33+00:00\",\"description\":\"Nasza serwis hostelowy obejmuje bezp\u0142atny i bezprzewodowy dost\u0119p do Internetu, ca\u0142odobowa recepcja i bar, wypo\u017cyczalnia rower\u00f3w, happy hour i inne.\",\"breadcrumb\":{\"@id\":\"https:\/\/www.amstelhouse.de\/pl\/serwis-hostelowy\/#breadcrumb\"},\"inLanguage\":\"pl-PL\",\"potentialAction\":[{\"@type\":\"ReadAction\",\"target\":[\"https:\/\/www.amstelhouse.de\/pl\/serwis-hostelowy\/\"]}]},{\"@type\":\"BreadcrumbList\",\"@id\":\"https:\/\/www.amstelhouse.de\/pl\/serwis-hostelowy\/#breadcrumb\",\"itemListElement\":[{\"@type\":\"ListItem\",\"position\":1,\"name\":\"Home\",\"item\":\"https:\/\/www.amstelhouse.de\/pl\/\"},{\"@type\":\"ListItem\",\"position\":2,\"name\":\"Serwis\"}]},{\"@type\":\"WebSite\",\"@id\":\"https:\/\/www.amstelhouse.de\/pl\/#website\",\"url\":\"https:\/\/www.amstelhouse.de\/pl\/\",\"name\":\"Amstel House (PL)\",\"description\":\"Just another WordPress site\",\"potentialAction\":[{\"@type\":\"SearchAction\",\"target\":{\"@type\":\"EntryPoint\",\"urlTemplate\":\"https:\/\/www.amstelhouse.de\/pl\/?s={search_term_string}\"},\"query-input\":\"required name=search_term_string\"}],\"inLanguage\":\"pl-PL\"}]}<\/script>\n<!-- \/ Yoast SEO plugin. -->","yoast_head_json":{"title":"Serwis Hostelowy w Berlinie | Najlepszy \u2022 Tani bud\u017cet \u2022 24h\/7","description":"Nasza serwis hostelowy obejmuje bezp\u0142atny i bezprzewodowy dost\u0119p do Internetu, ca\u0142odobowa recepcja i bar, wypo\u017cyczalnia rower\u00f3w, happy hour i inne.","robots":{"index":"index","follow":"follow","max-snippet":"max-snippet:-1","max-image-preview":"max-image-preview:large","max-video-preview":"max-video-preview:-1"},"canonical":"https:\/\/www.amstelhouse.de\/pl\/serwis-hostelowy\/","og_locale":"pl_PL","og_type":"article","og_title":"Serwis Hostelowy w Berlinie | Najlepszy \u2022 Tani bud\u017cet \u2022 24h\/7","og_description":"Nasza serwis hostelowy obejmuje bezp\u0142atny i bezprzewodowy dost\u0119p do Internetu, ca\u0142odobowa recepcja i bar, wypo\u017cyczalnia rower\u00f3w, happy hour i inne.","og_url":"https:\/\/www.amstelhouse.de\/pl\/serwis-hostelowy\/","og_site_name":"Amstel House (PL)","article_modified_time":"2025-01-29T15:35:33+00:00","og_image":[{"width":1800,"height":720,"url":"https:\/\/www.amstelhouse.de\/pl\/wp-content\/uploads\/sites\/33\/2018\/06\/best-cafe-berlin-hostel.jpg","type":"image\/jpeg"}],"twitter_misc":{"Est. reading time":"1 minute"},"schema":{"@context":"https:\/\/schema.org","@graph":[{"@type":"WebPage","@id":"https:\/\/www.amstelhouse.de\/pl\/serwis-hostelowy\/","url":"https:\/\/www.amstelhouse.de\/pl\/serwis-hostelowy\/","name":"Serwis Hostelowy w Berlinie | Najlepszy \u2022 Tani bud\u017cet \u2022 24h\/7","isPartOf":{"@id":"https:\/\/www.amstelhouse.de\/pl\/#website"},"datePublished":"2015-02-07T08:37:50+00:00","dateModified":"2025-01-29T15:35:33+00:00","description":"Nasza serwis hostelowy obejmuje bezp\u0142atny i bezprzewodowy dost\u0119p do Internetu, ca\u0142odobowa recepcja i bar, wypo\u017cyczalnia rower\u00f3w, happy hour i inne.","breadcrumb":{"@id":"https:\/\/www.amstelhouse.de\/pl\/serwis-hostelowy\/#breadcrumb"},"inLanguage":"pl-PL","potentialAction":[{"@type":"ReadAction","target":["https:\/\/www.amstelhouse.de\/pl\/serwis-hostelowy\/"]}]},{"@type":"BreadcrumbList","@id":"https:\/\/www.amstelhouse.de\/pl\/serwis-hostelowy\/#breadcrumb","itemListElement":[{"@type":"ListItem","position":1,"name":"Home","item":"https:\/\/www.amstelhouse.de\/pl\/"},{"@type":"ListItem","position":2,"name":"Serwis"}]},{"@type":"WebSite","@id":"https:\/\/www.amstelhouse.de\/pl\/#website","url":"https:\/\/www.amstelhouse.de\/pl\/","name":"Amstel House (PL)","description":"Just another WordPress site","potentialAction":[{"@type":"SearchAction","target":{"@type":"EntryPoint","urlTemplate":"https:\/\/www.amstelhouse.de\/pl\/?s={search_term_string}"},"query-input":"required name=search_term_string"}],"inLanguage":"pl-PL"}]}},"_links":{"self":[{"href":"https:\/\/www.amstelhouse.de\/pl\/wp-json\/wp\/v2\/pages\/22"}],"collection":[{"href":"https:\/\/www.amstelhouse.de\/pl\/wp-json\/wp\/v2\/pages"}],"about":[{"href":"https:\/\/www.amstelhouse.de\/pl\/wp-json\/wp\/v2\/types\/page"}],"author":[{"embeddable":true,"href":"https:\/\/www.amstelhouse.de\/pl\/wp-json\/wp\/v2\/users\/2"}],"replies":[{"embeddable":true,"href":"https:\/\/www.amstelhouse.de\/pl\/wp-json\/wp\/v2\/comments?post=22"}],"version-history":[{"count":6,"href":"https:\/\/www.amstelhouse.de\/pl\/wp-json\/wp\/v2\/pages\/22\/revisions"}],"predecessor-version":[{"id":3335,"href":"https:\/\/www.amstelhouse.de\/pl\/wp-json\/wp\/v2\/pages\/22\/revisions\/3335"}],"wp:featuredmedia":[{"embeddable":true,"href":"https:\/\/www.amstelhouse.de\/pl\/wp-json\/wp\/v2\/media\/2633"}],"wp:attachment":[{"href":"https:\/\/www.amstelhouse.de\/pl\/wp-json\/wp\/v2\/media?parent=22"}],"curies":[{"name":"wp","href":"https:\/\/api.w.org\/{rel}","templated":true}]}}