{"id":256,"date":"2015-02-13T07:38:11","date_gmt":"2015-02-13T07:38:11","guid":{"rendered":"http:\/\/www.amstelhouse.de\/pl\/?page_id=256"},"modified":"2020-01-14T12:42:24","modified_gmt":"2020-01-14T12:42:24","slug":"pokoje-rodzinne","status":"publish","type":"page","link":"https:\/\/www.amstelhouse.de\/pl\/oferty\/pokoje-rodzinne\/","title":{"rendered":"Pokoje rodzinne"},"content":{"rendered":"<h2 style=\"text-align: center;\"><strong>EKONOMICZNA WYCIECZKA DO BERLINA Z DZIE\u0106MI\u00a0<\/strong><\/h2>\n<p>Dom Amstel jest przyjazny rodzinom z dzie\u0107mi hostelem. Dzieci do lat 3 przebywaj\u0105 w nim za darmo, a dzieci do lat 12 otrzymuj\u0105 50% zni\u017cki od stawki dziennej. Nasz przestronny pok\u00f3j rodzinny z \u0142azienk\u0105 oferuje komfort i prywatno\u015b\u0107 w przyst\u0119pnych cenach. Mamy plac zabaw tu\u017c za rogiem budynku i szeroki wachlarz us\u0142ug. Wszystko, co potrzebne do zabawy, ale jednocze\u015bnie tanie, rodzinne wakacje w Berlinie.<\/p>\n<h3 style=\"text-align: center;\"><strong>od 49,00 Euro<\/strong> *<a href=\"https:\/\/www.amstelhouse.de\/pl\/wp-content\/uploads\/sites\/33\/2015\/04\/weekend-dla-2-osob.png\"><img loading=\"lazy\" decoding=\"async\" class=\"alignnone size-full wp-image-881\" src=\"https:\/\/www.amstelhouse.de\/pl\/wp-content\/uploads\/sites\/33\/2015\/04\/weekend-dla-2-osob.png\" alt=\"pokoje rodzinne\" width=\"32\" height=\"32\" \/><\/a><\/h3>\n<p>* Zale\u017cy od stawki dziennej, liczby doros\u0142ych i dzieci oraz ich wieku.<\/p>\n","protected":false},"excerpt":{"rendered":"<p>EKONOMICZNA WYCIECZKA DO BERLINA Z DZIE\u0106MI\u00a0 Dom Amstel jest przyjazny rodzinom z dzie\u0107mi hostelem. Dzieci do lat 3 przebywaj\u0105 w nim za darmo, a dzieci do lat 12 otrzymuj\u0105 50% zni\u017cki od stawki dziennej. Nasz przestronny pok\u00f3j rodzinny z \u0142azienk\u0105 oferuje komfort i prywatno\u015b\u0107 w przyst\u0119pnych cenach. Mamy plac zabaw tu\u017c za rogiem budynku i [&hellip;]<\/p>\n","protected":false},"author":2,"featured_media":0,"parent":12,"menu_order":4,"comment_status":"closed","ping_status":"open","template":"page-offer-subpage.php","meta":{"footnotes":""},"class_list":["post-256","page","type-page","status-publish","hentry"],"acf":[],"yoast_head":"<!-- This site is optimized with the Yoast SEO plugin v20.8 - https:\/\/yoast.com\/wordpress\/plugins\/seo\/ -->\n<title>Pokoje rodzinne | Specjalna oferta zakwaterowania | Amstel House Hostel Berlin<\/title>\n<meta name=\"description\" content=\"Przyje\u017cd\u017casz do Berlina na wycieczk\u0119 rodzinn\u0105? Oferujemy wygodne i tanie pokoje rodzinne z \u0142azienk\u0105 i specjaln\u0105 zni\u017ck\u0105 dla dzieci. Tanie rodzinne wakacje.\" \/>\n<meta name=\"robots\" content=\"index, follow, max-snippet:-1, max-image-preview:large, max-video-preview:-1\" \/>\n<link rel=\"canonical\" href=\"https:\/\/www.amstelhouse.de\/pl\/oferty\/pokoje-rodzinne\/\" \/>\n<meta property=\"og:locale\" content=\"pl_PL\" \/>\n<meta property=\"og:type\" content=\"article\" \/>\n<meta property=\"og:title\" content=\"Pokoje rodzinne | Specjalna oferta zakwaterowania | Amstel House Hostel Berlin\" \/>\n<meta property=\"og:description\" content=\"Przyje\u017cd\u017casz do Berlina na wycieczk\u0119 rodzinn\u0105? Oferujemy wygodne i tanie pokoje rodzinne z \u0142azienk\u0105 i specjaln\u0105 zni\u017ck\u0105 dla dzieci. Tanie rodzinne wakacje.\" \/>\n<meta property=\"og:url\" content=\"https:\/\/www.amstelhouse.de\/pl\/oferty\/pokoje-rodzinne\/\" \/>\n<meta property=\"og:site_name\" content=\"Amstel House (PL)\" \/>\n<meta property=\"article:modified_time\" content=\"2020-01-14T12:42:24+00:00\" \/>\n<meta property=\"og:image\" content=\"https:\/\/www.amstelhouse.de\/pl\/wp-content\/uploads\/sites\/33\/2015\/04\/weekend-dla-2-osob.png\" \/>\n<script type=\"application\/ld+json\" class=\"yoast-schema-graph\">{\"@context\":\"https:\/\/schema.org\",\"@graph\":[{\"@type\":\"WebPage\",\"@id\":\"https:\/\/www.amstelhouse.de\/pl\/oferty\/pokoje-rodzinne\/\",\"url\":\"https:\/\/www.amstelhouse.de\/pl\/oferty\/pokoje-rodzinne\/\",\"name\":\"Pokoje rodzinne | Specjalna oferta zakwaterowania | Amstel House Hostel Berlin\",\"isPartOf\":{\"@id\":\"https:\/\/www.amstelhouse.de\/pl\/#website\"},\"datePublished\":\"2015-02-13T07:38:11+00:00\",\"dateModified\":\"2020-01-14T12:42:24+00:00\",\"description\":\"Przyje\u017cd\u017casz do Berlina na wycieczk\u0119 rodzinn\u0105? Oferujemy wygodne i tanie pokoje rodzinne z \u0142azienk\u0105 i specjaln\u0105 zni\u017ck\u0105 dla dzieci. Tanie rodzinne wakacje.\",\"breadcrumb\":{\"@id\":\"https:\/\/www.amstelhouse.de\/pl\/oferty\/pokoje-rodzinne\/#breadcrumb\"},\"inLanguage\":\"pl-PL\",\"potentialAction\":[{\"@type\":\"ReadAction\",\"target\":[\"https:\/\/www.amstelhouse.de\/pl\/oferty\/pokoje-rodzinne\/\"]}]},{\"@type\":\"BreadcrumbList\",\"@id\":\"https:\/\/www.amstelhouse.de\/pl\/oferty\/pokoje-rodzinne\/#breadcrumb\",\"itemListElement\":[{\"@type\":\"ListItem\",\"position\":1,\"name\":\"Home\",\"item\":\"https:\/\/www.amstelhouse.de\/pl\/\"},{\"@type\":\"ListItem\",\"position\":2,\"name\":\"Oferty\",\"item\":\"https:\/\/www.amstelhouse.de\/pl\/oferty\/\"},{\"@type\":\"ListItem\",\"position\":3,\"name\":\"Pokoje rodzinne\"}]},{\"@type\":\"WebSite\",\"@id\":\"https:\/\/www.amstelhouse.de\/pl\/#website\",\"url\":\"https:\/\/www.amstelhouse.de\/pl\/\",\"name\":\"Amstel House (PL)\",\"description\":\"Just another WordPress site\",\"potentialAction\":[{\"@type\":\"SearchAction\",\"target\":{\"@type\":\"EntryPoint\",\"urlTemplate\":\"https:\/\/www.amstelhouse.de\/pl\/?s={search_term_string}\"},\"query-input\":\"required name=search_term_string\"}],\"inLanguage\":\"pl-PL\"}]}<\/script>\n<!-- \/ Yoast SEO plugin. -->","yoast_head_json":{"title":"Pokoje rodzinne | Specjalna oferta zakwaterowania | Amstel House Hostel Berlin","description":"Przyje\u017cd\u017casz do Berlina na wycieczk\u0119 rodzinn\u0105? Oferujemy wygodne i tanie pokoje rodzinne z \u0142azienk\u0105 i specjaln\u0105 zni\u017ck\u0105 dla dzieci. Tanie rodzinne wakacje.","robots":{"index":"index","follow":"follow","max-snippet":"max-snippet:-1","max-image-preview":"max-image-preview:large","max-video-preview":"max-video-preview:-1"},"canonical":"https:\/\/www.amstelhouse.de\/pl\/oferty\/pokoje-rodzinne\/","og_locale":"pl_PL","og_type":"article","og_title":"Pokoje rodzinne | Specjalna oferta zakwaterowania | Amstel House Hostel Berlin","og_description":"Przyje\u017cd\u017casz do Berlina na wycieczk\u0119 rodzinn\u0105? Oferujemy wygodne i tanie pokoje rodzinne z \u0142azienk\u0105 i specjaln\u0105 zni\u017ck\u0105 dla dzieci. Tanie rodzinne wakacje.","og_url":"https:\/\/www.amstelhouse.de\/pl\/oferty\/pokoje-rodzinne\/","og_site_name":"Amstel House (PL)","article_modified_time":"2020-01-14T12:42:24+00:00","og_image":[{"url":"https:\/\/www.amstelhouse.de\/pl\/wp-content\/uploads\/sites\/33\/2015\/04\/weekend-dla-2-osob.png"}],"schema":{"@context":"https:\/\/schema.org","@graph":[{"@type":"WebPage","@id":"https:\/\/www.amstelhouse.de\/pl\/oferty\/pokoje-rodzinne\/","url":"https:\/\/www.amstelhouse.de\/pl\/oferty\/pokoje-rodzinne\/","name":"Pokoje rodzinne | Specjalna oferta zakwaterowania | Amstel House Hostel Berlin","isPartOf":{"@id":"https:\/\/www.amstelhouse.de\/pl\/#website"},"datePublished":"2015-02-13T07:38:11+00:00","dateModified":"2020-01-14T12:42:24+00:00","description":"Przyje\u017cd\u017casz do Berlina na wycieczk\u0119 rodzinn\u0105? Oferujemy wygodne i tanie pokoje rodzinne z \u0142azienk\u0105 i specjaln\u0105 zni\u017ck\u0105 dla dzieci. Tanie rodzinne wakacje.","breadcrumb":{"@id":"https:\/\/www.amstelhouse.de\/pl\/oferty\/pokoje-rodzinne\/#breadcrumb"},"inLanguage":"pl-PL","potentialAction":[{"@type":"ReadAction","target":["https:\/\/www.amstelhouse.de\/pl\/oferty\/pokoje-rodzinne\/"]}]},{"@type":"BreadcrumbList","@id":"https:\/\/www.amstelhouse.de\/pl\/oferty\/pokoje-rodzinne\/#breadcrumb","itemListElement":[{"@type":"ListItem","position":1,"name":"Home","item":"https:\/\/www.amstelhouse.de\/pl\/"},{"@type":"ListItem","position":2,"name":"Oferty","item":"https:\/\/www.amstelhouse.de\/pl\/oferty\/"},{"@type":"ListItem","position":3,"name":"Pokoje rodzinne"}]},{"@type":"WebSite","@id":"https:\/\/www.amstelhouse.de\/pl\/#website","url":"https:\/\/www.amstelhouse.de\/pl\/","name":"Amstel House (PL)","description":"Just another WordPress site","potentialAction":[{"@type":"SearchAction","target":{"@type":"EntryPoint","urlTemplate":"https:\/\/www.amstelhouse.de\/pl\/?s={search_term_string}"},"query-input":"required name=search_term_string"}],"inLanguage":"pl-PL"}]}},"_links":{"self":[{"href":"https:\/\/www.amstelhouse.de\/pl\/wp-json\/wp\/v2\/pages\/256"}],"collection":[{"href":"https:\/\/www.amstelhouse.de\/pl\/wp-json\/wp\/v2\/pages"}],"about":[{"href":"https:\/\/www.amstelhouse.de\/pl\/wp-json\/wp\/v2\/types\/page"}],"author":[{"embeddable":true,"href":"https:\/\/www.amstelhouse.de\/pl\/wp-json\/wp\/v2\/users\/2"}],"replies":[{"embeddable":true,"href":"https:\/\/www.amstelhouse.de\/pl\/wp-json\/wp\/v2\/comments?post=256"}],"version-history":[{"count":5,"href":"https:\/\/www.amstelhouse.de\/pl\/wp-json\/wp\/v2\/pages\/256\/revisions"}],"predecessor-version":[{"id":3055,"href":"https:\/\/www.amstelhouse.de\/pl\/wp-json\/wp\/v2\/pages\/256\/revisions\/3055"}],"up":[{"embeddable":true,"href":"https:\/\/www.amstelhouse.de\/pl\/wp-json\/wp\/v2\/pages\/12"}],"wp:attachment":[{"href":"https:\/\/www.amstelhouse.de\/pl\/wp-json\/wp\/v2\/media?parent=256"}],"curies":[{"name":"wp","href":"https:\/\/api.w.org\/{rel}","templated":true}]}}