{"id":26,"date":"2015-02-07T08:38:27","date_gmt":"2015-02-07T08:38:27","guid":{"rendered":"http:\/\/www.amstelhouse.de\/pl\/?page_id=26"},"modified":"2021-11-26T10:21:59","modified_gmt":"2021-11-26T10:21:59","slug":"pokoje-w-berlinie","status":"publish","type":"page","link":"https:\/\/www.amstelhouse.de\/pl\/pokoje-w-berlinie\/","title":{"rendered":"Pokoje"},"content":{"rendered":"<h1 style=\"text-align: center;\"><strong>Nasze pokoje hostelowe w Berlinie<\/strong><\/h1>\n<h2 style=\"text-align: center;\"><strong>NAJLEPSZE NIEDROGIE ZAKWATEROWANIE W MIE\u015aCIE<\/strong><\/h2>\n<p>Szukasz dobrego i niedrogiego miejsca na pobyt? Oferujemy niedrogie pokoje w Berlinie, zaprojektowanych w stylu zapewniaj\u0105cym komfort i wygod\u0119. Od pokoi jednoosobowych, dwuosobowych z dwoma pojedynczymi \u0142\u00f3\u017ckami (Twin Room) lub ma\u0142\u017ce\u0144skim \u0142o\u017cem (Double Room), z prywatn\u0105 \u0142azienk\u0105 lub wsp\u00f3lnym wyposa\u017ceniem; od klasycznych i mniejszych pokoi wieloosobowych po pokoje rodzinne: nasz stylowy hostel zaskoczy mnogo\u015bci\u0105 oferty utrzymuj\u0105c jednoczesnie niskie koszta. Czy to jako osoba podr\u00f3\u017cuj\u0105ca samotnie, czy przyje\u017cd\u017caj\u0105ca z partnerem, z plecakiem z przyjaci\u00f3\u0142mi lub podczas wakacji rodzinnych, mamy r\u00f3\u017cne opcje, aby lepiej dopasowa\u0107 si\u0119 do twojego stylu podr\u00f3\u017cy.<\/p>\n<p>&nbsp;<\/p>\n<p>&nbsp;<\/p>\n","protected":false},"excerpt":{"rendered":"<p>Nasze pokoje hostelowe w Berlinie NAJLEPSZE NIEDROGIE ZAKWATEROWANIE W MIE\u015aCIE Szukasz dobrego i niedrogiego miejsca na pobyt? Oferujemy niedrogie pokoje w Berlinie, zaprojektowanych w stylu zapewniaj\u0105cym komfort i wygod\u0119. Od pokoi jednoosobowych, dwuosobowych z dwoma pojedynczymi \u0142\u00f3\u017ckami (Twin Room) lub ma\u0142\u017ce\u0144skim \u0142o\u017cem (Double Room), z prywatn\u0105 \u0142azienk\u0105 lub wsp\u00f3lnym wyposa\u017ceniem; od klasycznych i mniejszych pokoi [&hellip;]<\/p>\n","protected":false},"author":2,"featured_media":2991,"parent":0,"menu_order":11,"comment_status":"closed","ping_status":"closed","template":"page-room.php","meta":{"footnotes":""},"class_list":["post-26","page","type-page","status-publish","has-post-thumbnail","hentry"],"acf":[],"yoast_head":"<!-- This site is optimized with the Yoast SEO plugin v20.8 - https:\/\/yoast.com\/wordpress\/plugins\/seo\/ -->\n<title>Pokoje rodzinne w Berlinie | Hostele Oferty Specjalne<\/title>\n<meta name=\"description\" content=\"Przyje\u017cd\u017casz do Berlina na wycieczk\u0119 rodzinn\u0105? Oferujemy wygodne i tanie pokoje rodzinne z \u0142azienk\u0105 i specjaln\u0105 zni\u017ck\u0105 dla dzieci. Tanie rodzinne wakacje.\" \/>\n<meta name=\"robots\" content=\"index, follow, max-snippet:-1, max-image-preview:large, max-video-preview:-1\" \/>\n<link rel=\"canonical\" href=\"https:\/\/www.amstelhouse.de\/pl\/pokoje-w-berlinie\/\" \/>\n<meta property=\"og:locale\" content=\"pl_PL\" \/>\n<meta property=\"og:type\" content=\"article\" \/>\n<meta property=\"og:title\" content=\"Pokoje rodzinne w Berlinie | Hostele Oferty Specjalne\" \/>\n<meta property=\"og:description\" content=\"Przyje\u017cd\u017casz do Berlina na wycieczk\u0119 rodzinn\u0105? Oferujemy wygodne i tanie pokoje rodzinne z \u0142azienk\u0105 i specjaln\u0105 zni\u017ck\u0105 dla dzieci. Tanie rodzinne wakacje.\" \/>\n<meta property=\"og:url\" content=\"https:\/\/www.amstelhouse.de\/pl\/pokoje-w-berlinie\/\" \/>\n<meta property=\"og:site_name\" content=\"Amstel House (PL)\" \/>\n<meta property=\"article:modified_time\" content=\"2021-11-26T10:21:59+00:00\" \/>\n<meta property=\"og:image\" content=\"https:\/\/www.amstelhouse.de\/pl\/wp-content\/uploads\/sites\/33\/2020\/01\/amstel-Hostel-berlin-pokoje-bud\u017cetowe.jpg\" \/>\n\t<meta property=\"og:image:width\" content=\"1900\" \/>\n\t<meta property=\"og:image:height\" content=\"760\" \/>\n\t<meta property=\"og:image:type\" content=\"image\/jpeg\" \/>\n<meta name=\"twitter:label1\" content=\"Est. reading time\" \/>\n\t<meta name=\"twitter:data1\" content=\"1 minute\" \/>\n<script type=\"application\/ld+json\" class=\"yoast-schema-graph\">{\"@context\":\"https:\/\/schema.org\",\"@graph\":[{\"@type\":\"WebPage\",\"@id\":\"https:\/\/www.amstelhouse.de\/pl\/pokoje-w-berlinie\/\",\"url\":\"https:\/\/www.amstelhouse.de\/pl\/pokoje-w-berlinie\/\",\"name\":\"Pokoje rodzinne w Berlinie | Hostele Oferty Specjalne\",\"isPartOf\":{\"@id\":\"https:\/\/www.amstelhouse.de\/pl\/#website\"},\"datePublished\":\"2015-02-07T08:38:27+00:00\",\"dateModified\":\"2021-11-26T10:21:59+00:00\",\"description\":\"Przyje\u017cd\u017casz do Berlina na wycieczk\u0119 rodzinn\u0105? Oferujemy wygodne i tanie pokoje rodzinne z \u0142azienk\u0105 i specjaln\u0105 zni\u017ck\u0105 dla dzieci. Tanie rodzinne wakacje.\",\"breadcrumb\":{\"@id\":\"https:\/\/www.amstelhouse.de\/pl\/pokoje-w-berlinie\/#breadcrumb\"},\"inLanguage\":\"pl-PL\",\"potentialAction\":[{\"@type\":\"ReadAction\",\"target\":[\"https:\/\/www.amstelhouse.de\/pl\/pokoje-w-berlinie\/\"]}]},{\"@type\":\"BreadcrumbList\",\"@id\":\"https:\/\/www.amstelhouse.de\/pl\/pokoje-w-berlinie\/#breadcrumb\",\"itemListElement\":[{\"@type\":\"ListItem\",\"position\":1,\"name\":\"Home\",\"item\":\"https:\/\/www.amstelhouse.de\/pl\/\"},{\"@type\":\"ListItem\",\"position\":2,\"name\":\"Pokoje\"}]},{\"@type\":\"WebSite\",\"@id\":\"https:\/\/www.amstelhouse.de\/pl\/#website\",\"url\":\"https:\/\/www.amstelhouse.de\/pl\/\",\"name\":\"Amstel House (PL)\",\"description\":\"Just another WordPress site\",\"potentialAction\":[{\"@type\":\"SearchAction\",\"target\":{\"@type\":\"EntryPoint\",\"urlTemplate\":\"https:\/\/www.amstelhouse.de\/pl\/?s={search_term_string}\"},\"query-input\":\"required name=search_term_string\"}],\"inLanguage\":\"pl-PL\"}]}<\/script>\n<!-- \/ Yoast SEO plugin. -->","yoast_head_json":{"title":"Pokoje rodzinne w Berlinie | Hostele Oferty Specjalne","description":"Przyje\u017cd\u017casz do Berlina na wycieczk\u0119 rodzinn\u0105? Oferujemy wygodne i tanie pokoje rodzinne z \u0142azienk\u0105 i specjaln\u0105 zni\u017ck\u0105 dla dzieci. Tanie rodzinne wakacje.","robots":{"index":"index","follow":"follow","max-snippet":"max-snippet:-1","max-image-preview":"max-image-preview:large","max-video-preview":"max-video-preview:-1"},"canonical":"https:\/\/www.amstelhouse.de\/pl\/pokoje-w-berlinie\/","og_locale":"pl_PL","og_type":"article","og_title":"Pokoje rodzinne w Berlinie | Hostele Oferty Specjalne","og_description":"Przyje\u017cd\u017casz do Berlina na wycieczk\u0119 rodzinn\u0105? Oferujemy wygodne i tanie pokoje rodzinne z \u0142azienk\u0105 i specjaln\u0105 zni\u017ck\u0105 dla dzieci. Tanie rodzinne wakacje.","og_url":"https:\/\/www.amstelhouse.de\/pl\/pokoje-w-berlinie\/","og_site_name":"Amstel House (PL)","article_modified_time":"2021-11-26T10:21:59+00:00","og_image":[{"width":1900,"height":760,"url":"https:\/\/www.amstelhouse.de\/pl\/wp-content\/uploads\/sites\/33\/2020\/01\/amstel-Hostel-berlin-pokoje-bud\u017cetowe.jpg","type":"image\/jpeg"}],"twitter_misc":{"Est. reading time":"1 minute"},"schema":{"@context":"https:\/\/schema.org","@graph":[{"@type":"WebPage","@id":"https:\/\/www.amstelhouse.de\/pl\/pokoje-w-berlinie\/","url":"https:\/\/www.amstelhouse.de\/pl\/pokoje-w-berlinie\/","name":"Pokoje rodzinne w Berlinie | Hostele Oferty Specjalne","isPartOf":{"@id":"https:\/\/www.amstelhouse.de\/pl\/#website"},"datePublished":"2015-02-07T08:38:27+00:00","dateModified":"2021-11-26T10:21:59+00:00","description":"Przyje\u017cd\u017casz do Berlina na wycieczk\u0119 rodzinn\u0105? Oferujemy wygodne i tanie pokoje rodzinne z \u0142azienk\u0105 i specjaln\u0105 zni\u017ck\u0105 dla dzieci. Tanie rodzinne wakacje.","breadcrumb":{"@id":"https:\/\/www.amstelhouse.de\/pl\/pokoje-w-berlinie\/#breadcrumb"},"inLanguage":"pl-PL","potentialAction":[{"@type":"ReadAction","target":["https:\/\/www.amstelhouse.de\/pl\/pokoje-w-berlinie\/"]}]},{"@type":"BreadcrumbList","@id":"https:\/\/www.amstelhouse.de\/pl\/pokoje-w-berlinie\/#breadcrumb","itemListElement":[{"@type":"ListItem","position":1,"name":"Home","item":"https:\/\/www.amstelhouse.de\/pl\/"},{"@type":"ListItem","position":2,"name":"Pokoje"}]},{"@type":"WebSite","@id":"https:\/\/www.amstelhouse.de\/pl\/#website","url":"https:\/\/www.amstelhouse.de\/pl\/","name":"Amstel House (PL)","description":"Just another WordPress site","potentialAction":[{"@type":"SearchAction","target":{"@type":"EntryPoint","urlTemplate":"https:\/\/www.amstelhouse.de\/pl\/?s={search_term_string}"},"query-input":"required name=search_term_string"}],"inLanguage":"pl-PL"}]}},"_links":{"self":[{"href":"https:\/\/www.amstelhouse.de\/pl\/wp-json\/wp\/v2\/pages\/26"}],"collection":[{"href":"https:\/\/www.amstelhouse.de\/pl\/wp-json\/wp\/v2\/pages"}],"about":[{"href":"https:\/\/www.amstelhouse.de\/pl\/wp-json\/wp\/v2\/types\/page"}],"author":[{"embeddable":true,"href":"https:\/\/www.amstelhouse.de\/pl\/wp-json\/wp\/v2\/users\/2"}],"replies":[{"embeddable":true,"href":"https:\/\/www.amstelhouse.de\/pl\/wp-json\/wp\/v2\/comments?post=26"}],"version-history":[{"count":5,"href":"https:\/\/www.amstelhouse.de\/pl\/wp-json\/wp\/v2\/pages\/26\/revisions"}],"predecessor-version":[{"id":3009,"href":"https:\/\/www.amstelhouse.de\/pl\/wp-json\/wp\/v2\/pages\/26\/revisions\/3009"}],"wp:featuredmedia":[{"embeddable":true,"href":"https:\/\/www.amstelhouse.de\/pl\/wp-json\/wp\/v2\/media\/2991"}],"wp:attachment":[{"href":"https:\/\/www.amstelhouse.de\/pl\/wp-json\/wp\/v2\/media?parent=26"}],"curies":[{"name":"wp","href":"https:\/\/api.w.org\/{rel}","templated":true}]}}