{"id":291,"date":"2015-04-09T00:28:57","date_gmt":"2015-04-09T00:28:57","guid":{"rendered":"http:\/\/www.amstelhouse.de\/pl\/?page_id=291"},"modified":"2021-11-26T10:23:58","modified_gmt":"2021-11-26T10:23:58","slug":"weekend-dla-2-osob","status":"publish","type":"page","link":"https:\/\/www.amstelhouse.de\/pl\/oferty\/weekend-dla-2-osob\/","title":{"rendered":"Weekend dla 2 os\u00f3b"},"content":{"rendered":"<h2 style=\"text-align: center;\"><strong>POK\u00d3J DWUOSOBOWY OFERTA SPECJALNA\u00a0\u00a0\u00a0<\/strong><\/h2>\n<p>Ka\u017cdy potrzebuje czasem przerwy. Kr\u00f3tka wycieczka lub idealny weekend dla dwojga w uroczy\u00a0 miejscu. W romantycznym nastroju lub w\u015br\u00f3d przyjaci\u00f3\u0142. Amstel House Hostel oferuje pokoje dwuosobowe z \u0142azienk\u0105 i us\u0142ugami w promocyjnych cenach. Nasz specjalny &#8222;Weekend dla 2 Os\u00f3b&#8221; obejmuje:<\/p>\n<ul>\n<li>2 noce w dwuosobowym pokoju z \u0142azienk\u0105<\/li>\n<li>2 x \u015bniadanie dla ka\u017cdej osoby<\/li>\n<li>2 x Berlin Welcome Card 48 (darmowy transport publiczny)<\/li>\n<li>2 powitalne drinki przy rejestracji<\/li>\n<li>mo\u017cliwo\u015b\u0107 przed\u0142u\u017cenia o trzeci\u0105 a noc za jedyne 25.00 Euro<\/li>\n<\/ul>\n<h3 style=\"text-align: center;\"><strong>za jedyne 175,- Euro<\/strong><a href=\"https:\/\/www.amstelhouse.de\/pl\/wp-content\/uploads\/sites\/33\/2015\/04\/weekend-dla-2-osob.png\"><img loading=\"lazy\" decoding=\"async\" class=\"alignnone size-full wp-image-881\" src=\"https:\/\/www.amstelhouse.de\/pl\/wp-content\/uploads\/sites\/33\/2015\/04\/weekend-dla-2-osob.png\" alt=\"Weekend dla 2 os\u00f3b\" width=\"32\" height=\"32\" \/><\/a><\/h3>\n","protected":false},"excerpt":{"rendered":"<p>POK\u00d3J DWUOSOBOWY OFERTA SPECJALNA\u00a0\u00a0\u00a0 Ka\u017cdy potrzebuje czasem przerwy. Kr\u00f3tka wycieczka lub idealny weekend dla dwojga w uroczy\u00a0 miejscu. W romantycznym nastroju lub w\u015br\u00f3d przyjaci\u00f3\u0142. Amstel House Hostel oferuje pokoje dwuosobowe z \u0142azienk\u0105 i us\u0142ugami w promocyjnych cenach. Nasz specjalny &#8222;Weekend dla 2 Os\u00f3b&#8221; obejmuje: 2 noce w dwuosobowym pokoju z \u0142azienk\u0105 2 x \u015bniadanie dla [&hellip;]<\/p>\n","protected":false},"author":3,"featured_media":0,"parent":12,"menu_order":7,"comment_status":"closed","ping_status":"open","template":"page-offer-subpage.php","meta":{"footnotes":""},"class_list":["post-291","page","type-page","status-publish","hentry"],"acf":[],"yoast_head":"<!-- This site is optimized with the Yoast SEO plugin v20.8 - https:\/\/yoast.com\/wordpress\/plugins\/seo\/ -->\n<title>Weekend dla 2 os\u00f3b w Berlinie | Pary | Hostele Oferty Specjalne<\/title>\n<meta name=\"description\" content=\"Zarezerwuj idealny weekend dla 2 os\u00f3b w Berlinie. W naszej ofercie znajduj\u0105 si\u0119 zaprojektowane pokoje dwuosobowe z \u0142azienkami i \u015bniadaniami.\" \/>\n<meta name=\"robots\" content=\"index, follow, max-snippet:-1, max-image-preview:large, max-video-preview:-1\" \/>\n<link rel=\"canonical\" href=\"https:\/\/www.amstelhouse.de\/pl\/oferty\/weekend-dla-2-osob\/\" \/>\n<meta property=\"og:locale\" content=\"pl_PL\" \/>\n<meta property=\"og:type\" content=\"article\" \/>\n<meta property=\"og:title\" content=\"Weekend dla 2 os\u00f3b w Berlinie | Pary | Hostele Oferty Specjalne\" \/>\n<meta property=\"og:description\" content=\"Zarezerwuj idealny weekend dla 2 os\u00f3b w Berlinie. W naszej ofercie znajduj\u0105 si\u0119 zaprojektowane pokoje dwuosobowe z \u0142azienkami i \u015bniadaniami.\" \/>\n<meta property=\"og:url\" content=\"https:\/\/www.amstelhouse.de\/pl\/oferty\/weekend-dla-2-osob\/\" \/>\n<meta property=\"og:site_name\" content=\"Amstel House (PL)\" \/>\n<meta property=\"article:modified_time\" content=\"2021-11-26T10:23:58+00:00\" \/>\n<meta property=\"og:image\" content=\"https:\/\/www.amstelhouse.de\/pl\/wp-content\/uploads\/sites\/33\/2015\/04\/weekend-dla-2-osob.png\" \/>\n<script type=\"application\/ld+json\" class=\"yoast-schema-graph\">{\"@context\":\"https:\/\/schema.org\",\"@graph\":[{\"@type\":\"WebPage\",\"@id\":\"https:\/\/www.amstelhouse.de\/pl\/oferty\/weekend-dla-2-osob\/\",\"url\":\"https:\/\/www.amstelhouse.de\/pl\/oferty\/weekend-dla-2-osob\/\",\"name\":\"Weekend dla 2 os\u00f3b w Berlinie | Pary | Hostele Oferty Specjalne\",\"isPartOf\":{\"@id\":\"https:\/\/www.amstelhouse.de\/pl\/#website\"},\"datePublished\":\"2015-04-09T00:28:57+00:00\",\"dateModified\":\"2021-11-26T10:23:58+00:00\",\"description\":\"Zarezerwuj idealny weekend dla 2 os\u00f3b w Berlinie. W naszej ofercie znajduj\u0105 si\u0119 zaprojektowane pokoje dwuosobowe z \u0142azienkami i \u015bniadaniami.\",\"breadcrumb\":{\"@id\":\"https:\/\/www.amstelhouse.de\/pl\/oferty\/weekend-dla-2-osob\/#breadcrumb\"},\"inLanguage\":\"pl-PL\",\"potentialAction\":[{\"@type\":\"ReadAction\",\"target\":[\"https:\/\/www.amstelhouse.de\/pl\/oferty\/weekend-dla-2-osob\/\"]}]},{\"@type\":\"BreadcrumbList\",\"@id\":\"https:\/\/www.amstelhouse.de\/pl\/oferty\/weekend-dla-2-osob\/#breadcrumb\",\"itemListElement\":[{\"@type\":\"ListItem\",\"position\":1,\"name\":\"Home\",\"item\":\"https:\/\/www.amstelhouse.de\/pl\/\"},{\"@type\":\"ListItem\",\"position\":2,\"name\":\"Oferty\",\"item\":\"https:\/\/www.amstelhouse.de\/pl\/oferty\/\"},{\"@type\":\"ListItem\",\"position\":3,\"name\":\"Weekend dla 2 os\u00f3b\"}]},{\"@type\":\"WebSite\",\"@id\":\"https:\/\/www.amstelhouse.de\/pl\/#website\",\"url\":\"https:\/\/www.amstelhouse.de\/pl\/\",\"name\":\"Amstel House (PL)\",\"description\":\"Just another WordPress site\",\"potentialAction\":[{\"@type\":\"SearchAction\",\"target\":{\"@type\":\"EntryPoint\",\"urlTemplate\":\"https:\/\/www.amstelhouse.de\/pl\/?s={search_term_string}\"},\"query-input\":\"required name=search_term_string\"}],\"inLanguage\":\"pl-PL\"}]}<\/script>\n<!-- \/ Yoast SEO plugin. -->","yoast_head_json":{"title":"Weekend dla 2 os\u00f3b w Berlinie | Pary | Hostele Oferty Specjalne","description":"Zarezerwuj idealny weekend dla 2 os\u00f3b w Berlinie. W naszej ofercie znajduj\u0105 si\u0119 zaprojektowane pokoje dwuosobowe z \u0142azienkami i \u015bniadaniami.","robots":{"index":"index","follow":"follow","max-snippet":"max-snippet:-1","max-image-preview":"max-image-preview:large","max-video-preview":"max-video-preview:-1"},"canonical":"https:\/\/www.amstelhouse.de\/pl\/oferty\/weekend-dla-2-osob\/","og_locale":"pl_PL","og_type":"article","og_title":"Weekend dla 2 os\u00f3b w Berlinie | Pary | Hostele Oferty Specjalne","og_description":"Zarezerwuj idealny weekend dla 2 os\u00f3b w Berlinie. W naszej ofercie znajduj\u0105 si\u0119 zaprojektowane pokoje dwuosobowe z \u0142azienkami i \u015bniadaniami.","og_url":"https:\/\/www.amstelhouse.de\/pl\/oferty\/weekend-dla-2-osob\/","og_site_name":"Amstel House (PL)","article_modified_time":"2021-11-26T10:23:58+00:00","og_image":[{"url":"https:\/\/www.amstelhouse.de\/pl\/wp-content\/uploads\/sites\/33\/2015\/04\/weekend-dla-2-osob.png"}],"schema":{"@context":"https:\/\/schema.org","@graph":[{"@type":"WebPage","@id":"https:\/\/www.amstelhouse.de\/pl\/oferty\/weekend-dla-2-osob\/","url":"https:\/\/www.amstelhouse.de\/pl\/oferty\/weekend-dla-2-osob\/","name":"Weekend dla 2 os\u00f3b w Berlinie | Pary | Hostele Oferty Specjalne","isPartOf":{"@id":"https:\/\/www.amstelhouse.de\/pl\/#website"},"datePublished":"2015-04-09T00:28:57+00:00","dateModified":"2021-11-26T10:23:58+00:00","description":"Zarezerwuj idealny weekend dla 2 os\u00f3b w Berlinie. W naszej ofercie znajduj\u0105 si\u0119 zaprojektowane pokoje dwuosobowe z \u0142azienkami i \u015bniadaniami.","breadcrumb":{"@id":"https:\/\/www.amstelhouse.de\/pl\/oferty\/weekend-dla-2-osob\/#breadcrumb"},"inLanguage":"pl-PL","potentialAction":[{"@type":"ReadAction","target":["https:\/\/www.amstelhouse.de\/pl\/oferty\/weekend-dla-2-osob\/"]}]},{"@type":"BreadcrumbList","@id":"https:\/\/www.amstelhouse.de\/pl\/oferty\/weekend-dla-2-osob\/#breadcrumb","itemListElement":[{"@type":"ListItem","position":1,"name":"Home","item":"https:\/\/www.amstelhouse.de\/pl\/"},{"@type":"ListItem","position":2,"name":"Oferty","item":"https:\/\/www.amstelhouse.de\/pl\/oferty\/"},{"@type":"ListItem","position":3,"name":"Weekend dla 2 os\u00f3b"}]},{"@type":"WebSite","@id":"https:\/\/www.amstelhouse.de\/pl\/#website","url":"https:\/\/www.amstelhouse.de\/pl\/","name":"Amstel House (PL)","description":"Just another WordPress site","potentialAction":[{"@type":"SearchAction","target":{"@type":"EntryPoint","urlTemplate":"https:\/\/www.amstelhouse.de\/pl\/?s={search_term_string}"},"query-input":"required name=search_term_string"}],"inLanguage":"pl-PL"}]}},"_links":{"self":[{"href":"https:\/\/www.amstelhouse.de\/pl\/wp-json\/wp\/v2\/pages\/291"}],"collection":[{"href":"https:\/\/www.amstelhouse.de\/pl\/wp-json\/wp\/v2\/pages"}],"about":[{"href":"https:\/\/www.amstelhouse.de\/pl\/wp-json\/wp\/v2\/types\/page"}],"author":[{"embeddable":true,"href":"https:\/\/www.amstelhouse.de\/pl\/wp-json\/wp\/v2\/users\/3"}],"replies":[{"embeddable":true,"href":"https:\/\/www.amstelhouse.de\/pl\/wp-json\/wp\/v2\/comments?post=291"}],"version-history":[{"count":5,"href":"https:\/\/www.amstelhouse.de\/pl\/wp-json\/wp\/v2\/pages\/291\/revisions"}],"predecessor-version":[{"id":3052,"href":"https:\/\/www.amstelhouse.de\/pl\/wp-json\/wp\/v2\/pages\/291\/revisions\/3052"}],"up":[{"embeddable":true,"href":"https:\/\/www.amstelhouse.de\/pl\/wp-json\/wp\/v2\/pages\/12"}],"wp:attachment":[{"href":"https:\/\/www.amstelhouse.de\/pl\/wp-json\/wp\/v2\/media?parent=291"}],"curies":[{"name":"wp","href":"https:\/\/api.w.org\/{rel}","templated":true}]}}