{"id":3014,"date":"2020-01-14T10:43:45","date_gmt":"2020-01-14T10:43:45","guid":{"rendered":"https:\/\/www.amstelhouse.de\/pl\/?page_id=3014"},"modified":"2022-07-08T12:12:08","modified_gmt":"2022-07-08T12:12:08","slug":"podrozujacy-solo-po-berlinie","status":"publish","type":"page","link":"https:\/\/www.amstelhouse.de\/pl\/oferty\/podrozujacy-solo-po-berlinie\/","title":{"rendered":"PODR\u00d3\u017bUJ\u0104CY SOLO PO BERLINIE"},"content":{"rendered":"<h2 style=\"text-align: center;\"><strong>NISKOBUD\u017bETOWE ZAKWATEROWANIE DLA OS\u00d3B PODR\u00d3\u017bUJ\u0104CYCH SAMEMU<\/strong><\/h2>\n<p style=\"text-align: left;\">Nie ma lepszego miejsca dla samotnego podr\u00f3\u017cnika ni\u017c hostel. I nie ma lepszej oferty ni\u017c w Amstel House. Komfort przy niskich kosztach, stworzony by \u0142\u0105czy\u0107 ludzi otwartych, kt\u00f3rzy kochaj\u0105 przygody i podr\u00f3\u017ce. Pomi\u0119dzy wieloma naszymi wsp\u00f3lnymi obszarami i wydarzeniami nikt nie czuje si\u0119 samotny. Nasza specjalna oferta &#8222;Podr\u00f3\u017cuj\u0105cy solo po Berlinie&#8221; obejmuje:<\/p>\n<ul>\n<li style=\"text-align: left;\">3 noce w przytulnym 4-osobowym akademiku z wsp\u00f3ln\u0105 \u0142azienk\u0105.<\/li>\n<li style=\"text-align: left;\">\u015aniadanie<\/li>\n<li style=\"text-align: left;\">1x darmowy drink w naszym barze<\/li>\n<li style=\"text-align: left;\">1x Torba Amstel Bag<\/li>\n<\/ul>\n<h3 style=\"text-align: center;\"><strong>Wszystkie za jedyne 139 EUR<\/strong><\/h3>\n","protected":false},"excerpt":{"rendered":"<p>NISKOBUD\u017bETOWE ZAKWATEROWANIE DLA OS\u00d3B PODR\u00d3\u017bUJ\u0104CYCH SAMEMU Nie ma lepszego miejsca dla samotnego podr\u00f3\u017cnika ni\u017c hostel. I nie ma lepszej oferty ni\u017c w Amstel House. Komfort przy niskich kosztach, stworzony by \u0142\u0105czy\u0107 ludzi otwartych, kt\u00f3rzy kochaj\u0105 przygody i podr\u00f3\u017ce. Pomi\u0119dzy wieloma naszymi wsp\u00f3lnymi obszarami i wydarzeniami nikt nie czuje si\u0119 samotny. Nasza specjalna oferta &#8222;Podr\u00f3\u017cuj\u0105cy solo [&hellip;]<\/p>\n","protected":false},"author":4,"featured_media":0,"parent":12,"menu_order":5,"comment_status":"closed","ping_status":"closed","template":"page-offer-subpage.php","meta":{"footnotes":""},"class_list":["post-3014","page","type-page","status-publish","hentry"],"acf":[],"yoast_head":"<!-- This site is optimized with the Yoast SEO plugin v20.8 - https:\/\/yoast.com\/wordpress\/plugins\/seo\/ -->\n<title>Podr\u00f3\u017cuj\u0105cy solo w Berlinie | Hostele Oferty Specjalne<\/title>\n<meta name=\"description\" content=\"Zarezerwuj idealn\u0105 ofert\u0119 dla podr\u00f3\u017cnych w Berlinie. Zatrzymaj si\u0119 w bud\u017cecie, w centrum miasta i w najfajniejszym berli\u0144skim hostelu.\" \/>\n<meta name=\"robots\" content=\"index, follow, max-snippet:-1, max-image-preview:large, max-video-preview:-1\" \/>\n<link rel=\"canonical\" href=\"https:\/\/www.amstelhouse.de\/pl\/oferty\/podrozujacy-solo-po-berlinie\/\" \/>\n<meta property=\"og:locale\" content=\"pl_PL\" \/>\n<meta property=\"og:type\" content=\"article\" \/>\n<meta property=\"og:title\" content=\"Podr\u00f3\u017cuj\u0105cy solo w Berlinie | Hostele Oferty Specjalne\" \/>\n<meta property=\"og:description\" content=\"Zarezerwuj idealn\u0105 ofert\u0119 dla podr\u00f3\u017cnych w Berlinie. Zatrzymaj si\u0119 w bud\u017cecie, w centrum miasta i w najfajniejszym berli\u0144skim hostelu.\" \/>\n<meta property=\"og:url\" content=\"https:\/\/www.amstelhouse.de\/pl\/oferty\/podrozujacy-solo-po-berlinie\/\" \/>\n<meta property=\"og:site_name\" content=\"Amstel House (PL)\" \/>\n<meta property=\"article:modified_time\" content=\"2022-07-08T12:12:08+00:00\" \/>\n<script type=\"application\/ld+json\" class=\"yoast-schema-graph\">{\"@context\":\"https:\/\/schema.org\",\"@graph\":[{\"@type\":\"WebPage\",\"@id\":\"https:\/\/www.amstelhouse.de\/pl\/oferty\/podrozujacy-solo-po-berlinie\/\",\"url\":\"https:\/\/www.amstelhouse.de\/pl\/oferty\/podrozujacy-solo-po-berlinie\/\",\"name\":\"Podr\u00f3\u017cuj\u0105cy solo w Berlinie | Hostele Oferty Specjalne\",\"isPartOf\":{\"@id\":\"https:\/\/www.amstelhouse.de\/pl\/#website\"},\"datePublished\":\"2020-01-14T10:43:45+00:00\",\"dateModified\":\"2022-07-08T12:12:08+00:00\",\"description\":\"Zarezerwuj idealn\u0105 ofert\u0119 dla podr\u00f3\u017cnych w Berlinie. Zatrzymaj si\u0119 w bud\u017cecie, w centrum miasta i w najfajniejszym berli\u0144skim hostelu.\",\"breadcrumb\":{\"@id\":\"https:\/\/www.amstelhouse.de\/pl\/oferty\/podrozujacy-solo-po-berlinie\/#breadcrumb\"},\"inLanguage\":\"pl-PL\",\"potentialAction\":[{\"@type\":\"ReadAction\",\"target\":[\"https:\/\/www.amstelhouse.de\/pl\/oferty\/podrozujacy-solo-po-berlinie\/\"]}]},{\"@type\":\"BreadcrumbList\",\"@id\":\"https:\/\/www.amstelhouse.de\/pl\/oferty\/podrozujacy-solo-po-berlinie\/#breadcrumb\",\"itemListElement\":[{\"@type\":\"ListItem\",\"position\":1,\"name\":\"Home\",\"item\":\"https:\/\/www.amstelhouse.de\/pl\/\"},{\"@type\":\"ListItem\",\"position\":2,\"name\":\"Oferty\",\"item\":\"https:\/\/www.amstelhouse.de\/pl\/oferty\/\"},{\"@type\":\"ListItem\",\"position\":3,\"name\":\"PODR\u00d3\u017bUJ\u0104CY SOLO PO BERLINIE\"}]},{\"@type\":\"WebSite\",\"@id\":\"https:\/\/www.amstelhouse.de\/pl\/#website\",\"url\":\"https:\/\/www.amstelhouse.de\/pl\/\",\"name\":\"Amstel House (PL)\",\"description\":\"Just another WordPress site\",\"potentialAction\":[{\"@type\":\"SearchAction\",\"target\":{\"@type\":\"EntryPoint\",\"urlTemplate\":\"https:\/\/www.amstelhouse.de\/pl\/?s={search_term_string}\"},\"query-input\":\"required name=search_term_string\"}],\"inLanguage\":\"pl-PL\"}]}<\/script>\n<!-- \/ Yoast SEO plugin. -->","yoast_head_json":{"title":"Podr\u00f3\u017cuj\u0105cy solo w Berlinie | Hostele Oferty Specjalne","description":"Zarezerwuj idealn\u0105 ofert\u0119 dla podr\u00f3\u017cnych w Berlinie. Zatrzymaj si\u0119 w bud\u017cecie, w centrum miasta i w najfajniejszym berli\u0144skim hostelu.","robots":{"index":"index","follow":"follow","max-snippet":"max-snippet:-1","max-image-preview":"max-image-preview:large","max-video-preview":"max-video-preview:-1"},"canonical":"https:\/\/www.amstelhouse.de\/pl\/oferty\/podrozujacy-solo-po-berlinie\/","og_locale":"pl_PL","og_type":"article","og_title":"Podr\u00f3\u017cuj\u0105cy solo w Berlinie | Hostele Oferty Specjalne","og_description":"Zarezerwuj idealn\u0105 ofert\u0119 dla podr\u00f3\u017cnych w Berlinie. Zatrzymaj si\u0119 w bud\u017cecie, w centrum miasta i w najfajniejszym berli\u0144skim hostelu.","og_url":"https:\/\/www.amstelhouse.de\/pl\/oferty\/podrozujacy-solo-po-berlinie\/","og_site_name":"Amstel House (PL)","article_modified_time":"2022-07-08T12:12:08+00:00","schema":{"@context":"https:\/\/schema.org","@graph":[{"@type":"WebPage","@id":"https:\/\/www.amstelhouse.de\/pl\/oferty\/podrozujacy-solo-po-berlinie\/","url":"https:\/\/www.amstelhouse.de\/pl\/oferty\/podrozujacy-solo-po-berlinie\/","name":"Podr\u00f3\u017cuj\u0105cy solo w Berlinie | Hostele Oferty Specjalne","isPartOf":{"@id":"https:\/\/www.amstelhouse.de\/pl\/#website"},"datePublished":"2020-01-14T10:43:45+00:00","dateModified":"2022-07-08T12:12:08+00:00","description":"Zarezerwuj idealn\u0105 ofert\u0119 dla podr\u00f3\u017cnych w Berlinie. Zatrzymaj si\u0119 w bud\u017cecie, w centrum miasta i w najfajniejszym berli\u0144skim hostelu.","breadcrumb":{"@id":"https:\/\/www.amstelhouse.de\/pl\/oferty\/podrozujacy-solo-po-berlinie\/#breadcrumb"},"inLanguage":"pl-PL","potentialAction":[{"@type":"ReadAction","target":["https:\/\/www.amstelhouse.de\/pl\/oferty\/podrozujacy-solo-po-berlinie\/"]}]},{"@type":"BreadcrumbList","@id":"https:\/\/www.amstelhouse.de\/pl\/oferty\/podrozujacy-solo-po-berlinie\/#breadcrumb","itemListElement":[{"@type":"ListItem","position":1,"name":"Home","item":"https:\/\/www.amstelhouse.de\/pl\/"},{"@type":"ListItem","position":2,"name":"Oferty","item":"https:\/\/www.amstelhouse.de\/pl\/oferty\/"},{"@type":"ListItem","position":3,"name":"PODR\u00d3\u017bUJ\u0104CY SOLO PO BERLINIE"}]},{"@type":"WebSite","@id":"https:\/\/www.amstelhouse.de\/pl\/#website","url":"https:\/\/www.amstelhouse.de\/pl\/","name":"Amstel House (PL)","description":"Just another WordPress site","potentialAction":[{"@type":"SearchAction","target":{"@type":"EntryPoint","urlTemplate":"https:\/\/www.amstelhouse.de\/pl\/?s={search_term_string}"},"query-input":"required name=search_term_string"}],"inLanguage":"pl-PL"}]}},"_links":{"self":[{"href":"https:\/\/www.amstelhouse.de\/pl\/wp-json\/wp\/v2\/pages\/3014"}],"collection":[{"href":"https:\/\/www.amstelhouse.de\/pl\/wp-json\/wp\/v2\/pages"}],"about":[{"href":"https:\/\/www.amstelhouse.de\/pl\/wp-json\/wp\/v2\/types\/page"}],"author":[{"embeddable":true,"href":"https:\/\/www.amstelhouse.de\/pl\/wp-json\/wp\/v2\/users\/4"}],"replies":[{"embeddable":true,"href":"https:\/\/www.amstelhouse.de\/pl\/wp-json\/wp\/v2\/comments?post=3014"}],"version-history":[{"count":6,"href":"https:\/\/www.amstelhouse.de\/pl\/wp-json\/wp\/v2\/pages\/3014\/revisions"}],"predecessor-version":[{"id":3331,"href":"https:\/\/www.amstelhouse.de\/pl\/wp-json\/wp\/v2\/pages\/3014\/revisions\/3331"}],"up":[{"embeddable":true,"href":"https:\/\/www.amstelhouse.de\/pl\/wp-json\/wp\/v2\/pages\/12"}],"wp:attachment":[{"href":"https:\/\/www.amstelhouse.de\/pl\/wp-json\/wp\/v2\/media?parent=3014"}],"curies":[{"name":"wp","href":"https:\/\/api.w.org\/{rel}","templated":true}]}}