{"id":315,"date":"2015-04-09T16:21:26","date_gmt":"2015-04-09T16:21:26","guid":{"rendered":"http:\/\/www.amstelhouse.de\/pl\/?page_id=315"},"modified":"2021-11-26T10:32:47","modified_gmt":"2021-11-26T10:32:47","slug":"berlin-maraton","status":"publish","type":"page","link":"https:\/\/www.amstelhouse.de\/pl\/oferty\/berlin-maraton\/","title":{"rendered":"Berlin Maraton"},"content":{"rendered":"<h2 style=\"text-align: center;\"><strong>ZAKWATERUJ SI\u0118 TANIO ALE BLISKO LINI STARTU MARATONU<\/strong><\/h2>\n<p>Przygotowujesz si\u0119 do biegu? Z naszym BMW Berlin Maraton Special Travel Deal pobyt w pobli\u017cu startu i w promocyjnej cenie.<\/p>\n<ul>\n<li>2 nocedla 2 os\u00f3b w mieszanym Podw\u00f3jny Pok\u00f3j z \u0142\u00f3\u017ckami pi\u0119trowymi, wsp\u00f3ln\u0105 \u0142azienk\u0105<\/li>\n<li>2x 48-godzinna karta Berlin Welcome (AB)<\/li>\n<li>2x \u015bniadaniena osobe<\/li>\n<li>2x All-You-Can-Eat Pasta Buffet<\/li>\n<\/ul>\n<h3 style=\"text-align: center;\"><strong>ZA JEDYNE 219, &#8211; EURO<\/strong><\/h3>\n","protected":false},"excerpt":{"rendered":"<p>ZAKWATERUJ SI\u0118 TANIO ALE BLISKO LINI STARTU MARATONU Przygotowujesz si\u0119 do biegu? Z naszym BMW Berlin Maraton Special Travel Deal pobyt w pobli\u017cu startu i w promocyjnej cenie. 2 nocedla 2 os\u00f3b w mieszanym Podw\u00f3jny Pok\u00f3j z \u0142\u00f3\u017ckami pi\u0119trowymi, wsp\u00f3ln\u0105 \u0142azienk\u0105 2x 48-godzinna karta Berlin Welcome (AB) 2x \u015bniadaniena osobe 2x All-You-Can-Eat Pasta Buffet ZA [&hellip;]<\/p>\n","protected":false},"author":3,"featured_media":0,"parent":12,"menu_order":1,"comment_status":"closed","ping_status":"open","template":"page-offer-subpage.php","meta":{"footnotes":""},"class_list":["post-315","page","type-page","status-publish","hentry"],"acf":[],"yoast_head":"<!-- This site is optimized with the Yoast SEO plugin v20.8 - https:\/\/yoast.com\/wordpress\/plugins\/seo\/ -->\n<title>Maraton Berli\u0144ski noclegi | Hostele Oferty Specjalne<\/title>\n<meta name=\"description\" content=\"P\u0142a\u0107 tanio i b\u0105dz w pobli\u017cu punktu startu Berlin Maraton? Poznaj nasz\u0105 ofert\u0119 na zakwaterowanie w czasie maratonu berli\u0144skiego.\" \/>\n<meta name=\"robots\" content=\"index, follow, max-snippet:-1, max-image-preview:large, max-video-preview:-1\" \/>\n<link rel=\"canonical\" href=\"https:\/\/www.amstelhouse.de\/pl\/oferty\/berlin-maraton\/\" \/>\n<meta property=\"og:locale\" content=\"pl_PL\" \/>\n<meta property=\"og:type\" content=\"article\" \/>\n<meta property=\"og:title\" content=\"Maraton Berli\u0144ski noclegi | Hostele Oferty Specjalne\" \/>\n<meta property=\"og:description\" content=\"P\u0142a\u0107 tanio i b\u0105dz w pobli\u017cu punktu startu Berlin Maraton? Poznaj nasz\u0105 ofert\u0119 na zakwaterowanie w czasie maratonu berli\u0144skiego.\" \/>\n<meta property=\"og:url\" content=\"https:\/\/www.amstelhouse.de\/pl\/oferty\/berlin-maraton\/\" \/>\n<meta property=\"og:site_name\" content=\"Amstel House (PL)\" \/>\n<meta property=\"article:modified_time\" content=\"2021-11-26T10:32:47+00:00\" \/>\n<script type=\"application\/ld+json\" class=\"yoast-schema-graph\">{\"@context\":\"https:\/\/schema.org\",\"@graph\":[{\"@type\":\"WebPage\",\"@id\":\"https:\/\/www.amstelhouse.de\/pl\/oferty\/berlin-maraton\/\",\"url\":\"https:\/\/www.amstelhouse.de\/pl\/oferty\/berlin-maraton\/\",\"name\":\"Maraton Berli\u0144ski noclegi | Hostele Oferty Specjalne\",\"isPartOf\":{\"@id\":\"https:\/\/www.amstelhouse.de\/pl\/#website\"},\"datePublished\":\"2015-04-09T16:21:26+00:00\",\"dateModified\":\"2021-11-26T10:32:47+00:00\",\"description\":\"P\u0142a\u0107 tanio i b\u0105dz w pobli\u017cu punktu startu Berlin Maraton? Poznaj nasz\u0105 ofert\u0119 na zakwaterowanie w czasie maratonu berli\u0144skiego.\",\"breadcrumb\":{\"@id\":\"https:\/\/www.amstelhouse.de\/pl\/oferty\/berlin-maraton\/#breadcrumb\"},\"inLanguage\":\"pl-PL\",\"potentialAction\":[{\"@type\":\"ReadAction\",\"target\":[\"https:\/\/www.amstelhouse.de\/pl\/oferty\/berlin-maraton\/\"]}]},{\"@type\":\"BreadcrumbList\",\"@id\":\"https:\/\/www.amstelhouse.de\/pl\/oferty\/berlin-maraton\/#breadcrumb\",\"itemListElement\":[{\"@type\":\"ListItem\",\"position\":1,\"name\":\"Home\",\"item\":\"https:\/\/www.amstelhouse.de\/pl\/\"},{\"@type\":\"ListItem\",\"position\":2,\"name\":\"Oferty\",\"item\":\"https:\/\/www.amstelhouse.de\/pl\/oferty\/\"},{\"@type\":\"ListItem\",\"position\":3,\"name\":\"Berlin Maraton\"}]},{\"@type\":\"WebSite\",\"@id\":\"https:\/\/www.amstelhouse.de\/pl\/#website\",\"url\":\"https:\/\/www.amstelhouse.de\/pl\/\",\"name\":\"Amstel House (PL)\",\"description\":\"Just another WordPress site\",\"potentialAction\":[{\"@type\":\"SearchAction\",\"target\":{\"@type\":\"EntryPoint\",\"urlTemplate\":\"https:\/\/www.amstelhouse.de\/pl\/?s={search_term_string}\"},\"query-input\":\"required name=search_term_string\"}],\"inLanguage\":\"pl-PL\"}]}<\/script>\n<!-- \/ Yoast SEO plugin. -->","yoast_head_json":{"title":"Maraton Berli\u0144ski noclegi | Hostele Oferty Specjalne","description":"P\u0142a\u0107 tanio i b\u0105dz w pobli\u017cu punktu startu Berlin Maraton? Poznaj nasz\u0105 ofert\u0119 na zakwaterowanie w czasie maratonu berli\u0144skiego.","robots":{"index":"index","follow":"follow","max-snippet":"max-snippet:-1","max-image-preview":"max-image-preview:large","max-video-preview":"max-video-preview:-1"},"canonical":"https:\/\/www.amstelhouse.de\/pl\/oferty\/berlin-maraton\/","og_locale":"pl_PL","og_type":"article","og_title":"Maraton Berli\u0144ski noclegi | Hostele Oferty Specjalne","og_description":"P\u0142a\u0107 tanio i b\u0105dz w pobli\u017cu punktu startu Berlin Maraton? Poznaj nasz\u0105 ofert\u0119 na zakwaterowanie w czasie maratonu berli\u0144skiego.","og_url":"https:\/\/www.amstelhouse.de\/pl\/oferty\/berlin-maraton\/","og_site_name":"Amstel House (PL)","article_modified_time":"2021-11-26T10:32:47+00:00","schema":{"@context":"https:\/\/schema.org","@graph":[{"@type":"WebPage","@id":"https:\/\/www.amstelhouse.de\/pl\/oferty\/berlin-maraton\/","url":"https:\/\/www.amstelhouse.de\/pl\/oferty\/berlin-maraton\/","name":"Maraton Berli\u0144ski noclegi | Hostele Oferty Specjalne","isPartOf":{"@id":"https:\/\/www.amstelhouse.de\/pl\/#website"},"datePublished":"2015-04-09T16:21:26+00:00","dateModified":"2021-11-26T10:32:47+00:00","description":"P\u0142a\u0107 tanio i b\u0105dz w pobli\u017cu punktu startu Berlin Maraton? Poznaj nasz\u0105 ofert\u0119 na zakwaterowanie w czasie maratonu berli\u0144skiego.","breadcrumb":{"@id":"https:\/\/www.amstelhouse.de\/pl\/oferty\/berlin-maraton\/#breadcrumb"},"inLanguage":"pl-PL","potentialAction":[{"@type":"ReadAction","target":["https:\/\/www.amstelhouse.de\/pl\/oferty\/berlin-maraton\/"]}]},{"@type":"BreadcrumbList","@id":"https:\/\/www.amstelhouse.de\/pl\/oferty\/berlin-maraton\/#breadcrumb","itemListElement":[{"@type":"ListItem","position":1,"name":"Home","item":"https:\/\/www.amstelhouse.de\/pl\/"},{"@type":"ListItem","position":2,"name":"Oferty","item":"https:\/\/www.amstelhouse.de\/pl\/oferty\/"},{"@type":"ListItem","position":3,"name":"Berlin Maraton"}]},{"@type":"WebSite","@id":"https:\/\/www.amstelhouse.de\/pl\/#website","url":"https:\/\/www.amstelhouse.de\/pl\/","name":"Amstel House (PL)","description":"Just another WordPress site","potentialAction":[{"@type":"SearchAction","target":{"@type":"EntryPoint","urlTemplate":"https:\/\/www.amstelhouse.de\/pl\/?s={search_term_string}"},"query-input":"required name=search_term_string"}],"inLanguage":"pl-PL"}]}},"_links":{"self":[{"href":"https:\/\/www.amstelhouse.de\/pl\/wp-json\/wp\/v2\/pages\/315"}],"collection":[{"href":"https:\/\/www.amstelhouse.de\/pl\/wp-json\/wp\/v2\/pages"}],"about":[{"href":"https:\/\/www.amstelhouse.de\/pl\/wp-json\/wp\/v2\/types\/page"}],"author":[{"embeddable":true,"href":"https:\/\/www.amstelhouse.de\/pl\/wp-json\/wp\/v2\/users\/3"}],"replies":[{"embeddable":true,"href":"https:\/\/www.amstelhouse.de\/pl\/wp-json\/wp\/v2\/comments?post=315"}],"version-history":[{"count":4,"href":"https:\/\/www.amstelhouse.de\/pl\/wp-json\/wp\/v2\/pages\/315\/revisions"}],"predecessor-version":[{"id":3041,"href":"https:\/\/www.amstelhouse.de\/pl\/wp-json\/wp\/v2\/pages\/315\/revisions\/3041"}],"up":[{"embeddable":true,"href":"https:\/\/www.amstelhouse.de\/pl\/wp-json\/wp\/v2\/pages\/12"}],"wp:attachment":[{"href":"https:\/\/www.amstelhouse.de\/pl\/wp-json\/wp\/v2\/media?parent=315"}],"curies":[{"name":"wp","href":"https:\/\/api.w.org\/{rel}","templated":true}]}}